{"id":102,"date":"2022-06-13T12:03:45","date_gmt":"2022-06-13T17:03:45","guid":{"rendered":"https:\/\/www.ssaver.gob.mx\/administraciondepersonal\/?page_id=102"},"modified":"2022-06-30T14:05:29","modified_gmt":"2022-06-30T19:05:29","slug":"inicio","status":"publish","type":"page","link":"https:\/\/www.ssaver.gob.mx\/administraciondepersonal\/inicio\/","title":{"rendered":"Inicio"},"content":{"rendered":"\n<div class=\"wp-block-siteorigin-panels-layout-block\"><div id=\"pl-102\" class=\"panel-layout\"><div id=\"pg-102-0\" class=\"panel-grid panel-has-style\"><div class=\"siteorigin-panels-stretch panel-row-style panel-row-style-for-102-0\" data-stretch-type=\"full\"><div id=\"pgc-102-0-0\" class=\"panel-grid-cell\"><div id=\"panel-102-0-0-0\" class=\"so-panel widget widget_sow-slider panel-first-child panel-last-child\" data-index=\"0\"><div class=\"so-widget-sow-slider so-widget-sow-slider-default-53fd0f98de19-\"><div class=\"sow-slider-base\"><ul class=\"sow-slider-images\" data-settings=\"{&quot;pagination&quot;:true,&quot;speed&quot;:800,&quot;timeout&quot;:8000,&quot;paused&quot;:false,&quot;pause_on_hover&quot;:false,&quot;swipe&quot;:true,&quot;nav_always_show_desktop&quot;:&quot;&quot;,&quot;nav_always_show_mobile&quot;:&quot;&quot;,&quot;breakpoint&quot;:&quot;780px&quot;,&quot;unmute&quot;:false,&quot;anchor&quot;:null}\">\t\t<li class=\"sow-slider-image  sow-slider-image-cover\" style=\"background-image: url(https:\/\/www.ssaver.gob.mx\/administraciondepersonal\/wp-content\/uploads\/sites\/15\/2022\/06\/PDELFUNCIONARIO.jpg)\">\n\t\t\t\t\t\t\t\t\t<img fetchpriority=\"high\" decoding=\"async\" width=\"1155\" height=\"427\" src=\"https:\/\/www.ssaver.gob.mx\/administraciondepersonal\/wp-content\/uploads\/sites\/15\/2022\/06\/PDELFUNCIONARIO.jpg\" class=\"sow-slider-background-image skip-lazy\" alt=\"\" loading=\"eager\" \/>\t\t\t\t\t\t\t\t<\/li>\n\t\t\t\t<li class=\"sow-slider-image  sow-slider-image-cover\" style=\"background-image: url(https:\/\/www.ssaver.gob.mx\/administraciondepersonal\/wp-content\/uploads\/sites\/15\/2022\/06\/PDELFUNCIONARIO.jpg)\">\n\t\t\t\t\t\t\t\t\t<img fetchpriority=\"high\" decoding=\"async\" width=\"1155\" height=\"427\" src=\"https:\/\/www.ssaver.gob.mx\/administraciondepersonal\/wp-content\/uploads\/sites\/15\/2022\/06\/PDELFUNCIONARIO.jpg\" class=\"sow-slider-background-image skip-lazy\" alt=\"\" loading=\"eager\" \/>\t\t\t\t\t\t\t\t<\/li>\n\t\t<\/ul>\t\t\t\t<ol class=\"sow-slider-pagination\">\n\t\t\t\t\t\t\t\t\t\t\t<li><a href=\"#\" data-goto=\"0\" aria-label=\"mostrar diapositiva 1\"><\/a><\/li>\n\t\t\t\t\t\t\t\t\t\t\t<li><a href=\"#\" data-goto=\"1\" aria-label=\"mostrar diapositiva 2\"><\/a><\/li>\n\t\t\t\t\t\t\t\t\t<\/ol>\n\n\t\t\t\t<div class=\"sow-slide-nav sow-slide-nav-next\">\n\t\t\t\t\t<a href=\"#\" data-goto=\"next\" aria-label=\"diapositiva siguiente\" data-action=\"next\">\n\t\t\t\t\t\t<em class=\"sow-sld-icon-thin-right\"><\/em>\n\t\t\t\t\t<\/a>\n\t\t\t\t<\/div>\n\n\t\t\t\t<div class=\"sow-slide-nav sow-slide-nav-prev\">\n\t\t\t\t\t<a href=\"#\" data-goto=\"previous\" aria-label=\"diapositiva anterior\" data-action=\"prev\">\n\t\t\t\t\t\t<em class=\"sow-sld-icon-thin-left\"><\/em>\n\t\t\t\t\t<\/a>\n\t\t\t\t<\/div>\n\t\t\t\t<\/div><\/div><\/div>            .so-widget-sow-slider-default-53fd0f98de19- .sow-slider-base ul.sow-slider-images .sow-slider-image-wrapper {\n  \n  display: flex;\n  align-items: center;\n}\n.so-widget-sow-slider-default-53fd0f98de19- .sow-slider-base ul.sow-slider-images .sow-slider-image-wrapper .sow-slider-image-foreground-wrapper {\n  margin-right: auto;\n  margin-left: auto;\n}\n.so-widget-sow-slider-default-53fd0f98de19- .sow-slider-base .sow-slider-pagination li a {\n  background: #ffffff;\n}\n.so-widget-sow-slider-default-53fd0f98de19- .sow-slider-base .sow-slide-nav {\n  font-size: 25px;\n}\n.so-widget-sow-slider-default-53fd0f98de19- .sow-slider-base .sow-slide-nav a {\n  color: #ffffff;\n}<\/div><\/div><\/div><\/div><\/div>\n\n\n\n<div class=\"wp-block-siteorigin-panels-layout-block\"><div id=\"pl-102\" class=\"panel-layout\"><div id=\"pg-102-0\" class=\"panel-grid panel-has-style\"><div class=\"siteorigin-panels-stretch panel-row-style panel-row-style-for-102-0\" data-stretch-type=\"full\"><div id=\"pgc-102-0-0\" class=\"panel-grid-cell\"><div id=\"panel-102-0-0-0\" class=\"so-panel widget widget_sow-slider panel-first-child panel-last-child\" data-index=\"0\"><div class=\"so-widget-sow-slider so-widget-sow-slider-default-53fd0f98de19-\"><div class=\"sow-slider-base\"><ul class=\"sow-slider-images\" data-settings=\"{&quot;pagination&quot;:true,&quot;speed&quot;:800,&quot;timeout&quot;:8000,&quot;paused&quot;:false,&quot;pause_on_hover&quot;:false,&quot;swipe&quot;:true,&quot;nav_always_show_desktop&quot;:&quot;&quot;,&quot;nav_always_show_mobile&quot;:&quot;&quot;,&quot;breakpoint&quot;:&quot;780px&quot;,&quot;unmute&quot;:false,&quot;anchor&quot;:null}\" data-anchor-id=\"\">\t\t<li class=\"sow-slider-image  sow-slider-image-cover\" style=\"background-image: url(https:\/\/www.ssaver.gob.mx\/administraciondepersonal\/wp-content\/uploads\/sites\/15\/2022\/06\/BANNER-SITIOS-ADMINPERSONAL.jpg)\">\n\t\t\t\t\t\t\t\t\t<img decoding=\"async\" width=\"1140\" height=\"544\" src=\"https:\/\/www.ssaver.gob.mx\/administraciondepersonal\/wp-content\/uploads\/sites\/15\/2022\/06\/BANNER-SITIOS-ADMINPERSONAL.jpg\" class=\"sow-slider-background-image skip-lazy\" alt=\"\" loading=\"eager\" \/>\t\t\t\t\t\t\t\t<\/li>\n\t\t<\/ul>\t\t\t\t<ol class=\"sow-slider-pagination\">\n\t\t\t\t\t\t\t\t\t\t\t<li><a href=\"#\" data-goto=\"0\" aria-label=\"mostrar diapositiva 1\"><\/a><\/li>\n\t\t\t\t\t\t\t\t\t<\/ol>\n\n\t\t\t\t<div class=\"sow-slide-nav sow-slide-nav-next\">\n\t\t\t\t\t<a href=\"#\" data-goto=\"next\" aria-label=\"diapositiva siguiente\" data-action=\"next\">\n\t\t\t\t\t\t<em class=\"sow-sld-icon-thin-right\"><\/em>\n\t\t\t\t\t<\/a>\n\t\t\t\t<\/div>\n\n\t\t\t\t<div class=\"sow-slide-nav sow-slide-nav-prev\">\n\t\t\t\t\t<a href=\"#\" data-goto=\"previous\" aria-label=\"diapositiva anterior\" data-action=\"prev\">\n\t\t\t\t\t\t<em class=\"sow-sld-icon-thin-left\"><\/em>\n\t\t\t\t\t<\/a>\n\t\t\t\t<\/div>\n\t\t\t\t<\/div><\/div><\/div>            .so-widget-sow-slider-default-53fd0f98de19- .sow-slider-base ul.sow-slider-images .sow-slider-image-wrapper {\n  \n  display: flex;\n  align-items: center;\n}\n.so-widget-sow-slider-default-53fd0f98de19- .sow-slider-base ul.sow-slider-images .sow-slider-image-wrapper .sow-slider-image-foreground-wrapper {\n  margin-right: auto;\n  margin-left: auto;\n}\n.so-widget-sow-slider-default-53fd0f98de19- .sow-slider-base .sow-slider-pagination li a {\n  background: #ffffff;\n}\n.so-widget-sow-slider-default-53fd0f98de19- .sow-slider-base .sow-slide-nav {\n  font-size: 25px;\n}\n.so-widget-sow-slider-default-53fd0f98de19- .sow-slider-base .sow-slide-nav a {\n  color: #ffffff;\n}<\/div><\/div><\/div><div id=\"pg-102-1\" class=\"panel-grid panel-has-style\"><div class=\"siteorigin-panels-stretch panel-row-style panel-row-style-for-102-1\" data-stretch-type=\"full-stretched-padded\"><div id=\"pgc-102-1-0\" class=\"panel-grid-cell\"><div id=\"panel-102-1-0-0\" class=\"so-panel widget widget_sow-headline panel-first-child panel-last-child\" data-index=\"1\"><div class=\"panel-widget-style panel-widget-style-for-102-1-0-0\"><div class=\"so-widget-sow-headline so-widget-sow-headline-default-1550ffe31dd1- so-widget-fittext-wrapper\" data-fit-text-compressor=\"0.85\"><div class=\"sow-headline-container \">\n\t<h3 class='sow-sub-headline'>Realiza los procedimientos administrativos previos a la contrataci\u00f3n del recurso humano, durante su relaci\u00f3n laboral y a la conclusi\u00f3n de la misma, conforme a las necesidades de trabajo y a la normatividad vigente en materia de salud; garantizando la contrataci\u00f3n de personal que re\u00fana el perfil profesional requerido para un adecuado desempe\u00f1o institucional y mejor\u00eda en los Servicios de Salud de Veracruz.<\/h3><\/div><\/div><\/div><\/div>            .so-widget-sow-headline-default-1550ffe31dd1- .sow-headline-container h4.sow-headline {\n  \n  text-align: center;\n  color: #ffffff;\n  line-height: 1.4em;\n  font-size: 5em;\n  margin-top: 0px;\n  margin-bottom: 0px;\n}\n@media (max-width: 780px) {\n  .so-widget-sow-headline-default-1550ffe31dd1- .sow-headline-container h4.sow-headline {\n    text-align: center;\n  }\n}\n.so-widget-sow-headline-default-1550ffe31dd1- .sow-headline-container h4.sow-headline a {\n  color: #ffffff;\n}\n.so-widget-sow-headline-default-1550ffe31dd1- .sow-headline-container h3.sow-sub-headline {\n  \n  text-align: center;\n  color: #ffffff;\n  line-height: 1.4em;\n  font-size: 1.5em;\n  \n  \n}\n@media (max-width: 780px) {\n  .so-widget-sow-headline-default-1550ffe31dd1- .sow-headline-container h3.sow-sub-headline {\n    text-align: center;\n  }\n}\n.so-widget-sow-headline-default-1550ffe31dd1- .sow-headline-container h3.sow-sub-headline a {\n  color: #ffffff;\n}\n.so-widget-sow-headline-default-1550ffe31dd1- .sow-headline-container .decoration {\n  line-height: 0em;\n  text-align: center;\n  margin-top: 20px;\n  margin-bottom: 20px;\n}\n@media (max-width: 780px) {\n  .so-widget-sow-headline-default-1550ffe31dd1- .sow-headline-container .decoration {\n    text-align: center;\n  }\n}\n.so-widget-sow-headline-default-1550ffe31dd1- .sow-headline-container .decoration .decoration-inside {\n  height: 1px;\n  display: inline-block;\n  border-top: 2px none #292929;\n  width: 100%;\n  max-width: 10%;\n}\n.so-widget-sow-headline-default-1550ffe31dd1- .sow-headline-container *:first-child {\n  margin-top: 0 !important;\n}\n.so-widget-sow-headline-default-1550ffe31dd1- .sow-headline-container *:last-child {\n  margin-bottom: 0 !important;\n}<\/div><\/div><\/div><div id=\"pg-102-2\" class=\"panel-grid panel-has-style\"><div class=\"panel-row-style panel-row-style-for-102-2\"><div id=\"pgc-102-2-0\" class=\"panel-grid-cell\"><div id=\"panel-102-2-0-0\" class=\"so-panel widget widget_sow-headline panel-first-child panel-last-child\" data-index=\"2\"><div class=\"panel-widget-style panel-widget-style-for-102-2-0-0\"><div class=\"so-widget-sow-headline so-widget-sow-headline-default-2c21518ff8f4- so-widget-fittext-wrapper\" data-fit-text-compressor=\"0.85\"><div class=\"sow-headline-container \">\n\t<h2 class='sow-headline'>ENLACES A RECURSOS<\/h2>\t\t\t\t\t<div class=\"decoration\">\n\t\t\t\t\t\t<div class=\"decoration-inside\"><\/div>\n\t\t\t\t\t<\/div>\n\t\t\t\t\t<\/div><\/div><\/div><\/div>            .so-widget-sow-headline-default-2c21518ff8f4- .sow-headline-container h2.sow-headline {\n  font-family: Montserrat;\n  font-weight: 600;\n  \n  text-align: center;\n  color: #5b4c0d;\n  line-height: 10px;\n  \n  \n  \n}\n@media (max-width: 780px) {\n  .so-widget-sow-headline-default-2c21518ff8f4- .sow-headline-container h2.sow-headline {\n    text-align: center;\n  }\n}\n.so-widget-sow-headline-default-2c21518ff8f4- .sow-headline-container h2.sow-headline a {\n  color: #5b4c0d;\n}\n.so-widget-sow-headline-default-2c21518ff8f4- .sow-headline-container h2.sow-headline a:hover {\n  color: #54470f;\n}\n.so-widget-sow-headline-default-2c21518ff8f4- .sow-headline-container h3.sow-sub-headline {\n  \n  text-align: center;\n  \n  line-height: 1.4em;\n  \n  \n  \n}\n@media (max-width: 780px) {\n  .so-widget-sow-headline-default-2c21518ff8f4- .sow-headline-container h3.sow-sub-headline {\n    text-align: center;\n  }\n}\n.so-widget-sow-headline-default-2c21518ff8f4- .sow-headline-container .decoration {\n  line-height: 0em;\n  text-align: center;\n  margin-top: 20px;\n  margin-bottom: 20px;\n}\n@media (max-width: 780px) {\n  .so-widget-sow-headline-default-2c21518ff8f4- .sow-headline-container .decoration {\n    text-align: center;\n  }\n}\n.so-widget-sow-headline-default-2c21518ff8f4- .sow-headline-container .decoration .decoration-inside {\n  height: 1px;\n  display: inline-block;\n  border-top: 3px solid #d8bf31;\n  width: 100%;\n  max-width: 400px;\n}\n.so-widget-sow-headline-default-2c21518ff8f4- .sow-headline-container *:first-child {\n  margin-top: 0 !important;\n}\n.so-widget-sow-headline-default-2c21518ff8f4- .sow-headline-container *:last-child {\n  margin-bottom: 0 !important;\n}<\/div><\/div><\/div><div id=\"pg-102-3\" class=\"panel-grid panel-no-style\"><div id=\"pgc-102-3-0\" class=\"panel-grid-cell\"><div id=\"panel-102-3-0-0\" class=\"so-panel widget widget_sow-editor panel-first-child\" data-index=\"3\"><div class=\"so-widget-sow-editor so-widget-sow-editor-base\">\n<div class=\"siteorigin-widget-tinymce textwidget\">\n\t<div class=\"div-contenedor\">\n<p class=\"parrafo-banner\" style=\"text-align: center\"><a href=\"https:\/\/www.ssaver.gob.mx\/administraciondepersonal\/tramites-y-servicios\/\" target=\"_blank\" rel=\"noopener\">Tr\u00e1mites y\/o Servicios<\/a><\/p>\n<\/div>\n<\/div>\n<\/div><\/div><div id=\"panel-102-3-0-1\" class=\"so-panel widget widget_sow-editor panel-last-child\" data-index=\"4\"><div class=\"so-widget-sow-editor so-widget-sow-editor-base\">\n<div class=\"siteorigin-widget-tinymce textwidget\">\n\t<div class=\"div-contenedor\">\n<p class=\"parrafo-banner\" style=\"text-align: center\"><a href=\"https:\/\/www.ssaver.gob.mx\/administraciondepersonal\/disposiciones\/\" target=\"_blank\" rel=\"noopener\">Disposiciones<\/a><\/p>\n<\/div>\n<\/div>\n<\/div><\/div><\/div><div id=\"pgc-102-3-1\" class=\"panel-grid-cell\"><div id=\"panel-102-3-1-0\" class=\"so-panel widget widget_sow-editor panel-first-child\" data-index=\"5\"><div class=\"so-widget-sow-editor so-widget-sow-editor-base\">\n<div class=\"siteorigin-widget-tinymce textwidget\">\n\t<div class=\"div-contenedor\">\n<p class=\"parrafo-banner\" style=\"text-align: center\"><a href=\"https:\/\/www.ssaver.gob.mx\/administraciondepersonal\/manuales\/\" target=\"_blank\" rel=\"noopener\">Manuales<\/a><\/p>\n<\/div>\n<\/div>\n<\/div><\/div><div id=\"panel-102-3-1-1\" class=\"so-panel widget widget_sow-editor panel-last-child\" data-index=\"6\"><div class=\"so-widget-sow-editor so-widget-sow-editor-base\">\n<div class=\"siteorigin-widget-tinymce textwidget\">\n\t<div class=\"div-contenedor\">\n<p class=\"parrafo-banner\" style=\"text-align: center\"><a href=\"https:\/\/www.ssaver.gob.mx\/administraciondepersonal\/comision-central-mixta-de-escalafon\/\" target=\"_blank\" rel=\"noopener\">Comisi\u00f3n Central Mixta de Escalaf\u00f3n<\/a><\/p>\n<\/div>\n<\/div>\n<\/div><\/div><\/div><div id=\"pgc-102-3-2\" class=\"panel-grid-cell\"><div id=\"panel-102-3-2-0\" class=\"so-panel widget widget_sow-editor panel-first-child\" data-index=\"7\"><div class=\"so-widget-sow-editor so-widget-sow-editor-base\">\n<div class=\"siteorigin-widget-tinymce textwidget\">\n\t<div class=\"div-contenedor\">\n<p class=\"parrafo-banner\" style=\"text-align: center\"><a href=\"https:\/\/www.ssaver.gob.mx\/administraciondepersonal\/formatos\/\" target=\"_blank\" rel=\"noopener\">Formatos<\/a><\/p>\n<\/div>\n<\/div>\n<\/div><\/div><div id=\"panel-102-3-2-1\" class=\"so-panel widget widget_sow-editor panel-last-child\" data-index=\"8\"><div class=\"so-widget-sow-editor so-widget-sow-editor-base\">\n<div class=\"siteorigin-widget-tinymce textwidget\">\n\t<div class=\"div-contenedor\">\n<p class=\"parrafo-banner\" style=\"text-align: center\"><a href=\"https:\/\/www.ssaver.gob.mx\/administraciondepersonal\/declaracion-de-situacion-patrimonial\/\" target=\"_blank\" rel=\"noopener\">Declaraci\u00f3n de Situaci\u00f3n Patrimonial<\/a><\/p>\n<\/div>\n<\/div>\n<\/div><\/div><\/div><\/div><div id=\"pg-102-4\" class=\"panel-grid panel-has-style\"><div class=\"panel-row-style panel-row-style-for-102-4\"><div id=\"pgc-102-4-0\" class=\"panel-grid-cell\"><div id=\"panel-102-4-0-0\" class=\"so-panel widget widget_sow-headline panel-first-child\" data-index=\"9\"><div class=\"so-widget-sow-headline so-widget-sow-headline-default-837796a2bbf1- so-widget-fittext-wrapper\" data-fit-text-compressor=\"0.85\"><div class=\"sow-headline-container \">\n\t<h2 class='sow-headline'>EMERGENCIAS<\/h2>\t\t\t\t\t<div class=\"decoration\">\n\t\t\t\t\t\t<div class=\"decoration-inside\"><\/div>\n\t\t\t\t\t<\/div>\n\t\t\t\t\t<\/div><\/div><\/div>            .so-widget-sow-headline-default-837796a2bbf1- .sow-headline-container h2.sow-headline {\n  font-family: Montserrat;\n  font-weight: 600;\n  \n  text-align: center;\n  color: #5b4c0d;\n  line-height: 10px;\n  \n  \n  \n}\n@media (max-width: 780px) {\n  .so-widget-sow-headline-default-837796a2bbf1- .sow-headline-container h2.sow-headline {\n    text-align: center;\n  }\n}\n.so-widget-sow-headline-default-837796a2bbf1- .sow-headline-container h2.sow-headline a {\n  color: #5b4c0d;\n}\n.so-widget-sow-headline-default-837796a2bbf1- .sow-headline-container h2.sow-headline a:hover {\n  color: #54470f;\n}\n.so-widget-sow-headline-default-837796a2bbf1- .sow-headline-container h3.sow-sub-headline {\n  \n  text-align: center;\n  \n  line-height: 1.4em;\n  \n  \n  \n}\n@media (max-width: 780px) {\n  .so-widget-sow-headline-default-837796a2bbf1- .sow-headline-container h3.sow-sub-headline {\n    text-align: center;\n  }\n}\n.so-widget-sow-headline-default-837796a2bbf1- .sow-headline-container .decoration {\n  line-height: 0em;\n  text-align: center;\n  margin-top: 20px;\n  margin-bottom: 20px;\n}\n@media (max-width: 780px) {\n  .so-widget-sow-headline-default-837796a2bbf1- .sow-headline-container .decoration {\n    text-align: center;\n  }\n}\n.so-widget-sow-headline-default-837796a2bbf1- .sow-headline-container .decoration .decoration-inside {\n  height: 1px;\n  display: inline-block;\n  border-top: 3px solid #d8bf31;\n  width: 100%;\n  max-width: 300px;\n}\n.so-widget-sow-headline-default-837796a2bbf1- .sow-headline-container *:first-child {\n  margin-top: 0 !important;\n}\n.so-widget-sow-headline-default-837796a2bbf1- .sow-headline-container *:last-child {\n  margin-bottom: 0 !important;\n}<div id=\"panel-102-4-0-1\" class=\"so-panel widget widget_siteorigin-panels-builder panel-last-child\" data-index=\"10\"><div id=\"pl-w62b207cb953a2\" class=\"panel-layout\"><div id=\"pg-w62b207cb953a2-0\" class=\"panel-grid panel-no-style\"><div id=\"pgc-w62b207cb953a2-0-0\" class=\"panel-grid-cell\"><div id=\"panel-w62b207cb953a2-0-0-0\" class=\"so-panel widget widget_sow-image panel-first-child panel-last-child\" data-index=\"0\"><div class=\"so-widget-sow-image so-widget-sow-image-default-d6014b76747a\">\n\n<div class=\"sow-image-container\">\n\t\t\t<a href=\"http:\/\/www.veracruz.gob.mx\/programadegobierno\/quejas-y-denuncias\/\" target=\"_blank\" rel=\"noopener noreferrer\">\n\t\t\t<img decoding=\"async\" src=\"https:\/\/www.ssaver.gob.mx\/funcionario\/wp-content\/uploads\/sites\/3\/2022\/06\/denuncia.png\" alt=\"\" loading=\"lazy\" class=\"so-widget-image\" \/>\n\t<\/a><\/div>\n\n<\/div><\/div>            .so-widget-sow-image-default-d6014b76747a .sow-image-container {\n  display: flex;\n  align-items: flex-start;\n}\n.so-widget-sow-image-default-d6014b76747a .sow-image-container &gt; a {\n  display: inline-block;\n  \n  max-width: 100%;\n}\n@media screen and (-ms-high-contrast: active), screen and (-ms-high-contrast: none) {\n  .so-widget-sow-image-default-d6014b76747a .sow-image-container &gt; a {\n    display: flex;\n  }\n}\n.so-widget-sow-image-default-d6014b76747a .sow-image-container .so-widget-image {\n  display: block;\n  max-width: 100%;\n  \n  height: auto;\n}<\/div><div id=\"pgc-w62b207cb953a2-0-1\" class=\"panel-grid-cell\"><div id=\"panel-w62b207cb953a2-0-1-0\" class=\"so-panel widget widget_sow-image panel-first-child panel-last-child\" data-index=\"1\"><div class=\"so-widget-sow-image so-widget-sow-image-default-d6014b76747a\">\n\n<div class=\"sow-image-container\">\n\t\t\t<a href=\"https:\/\/www.gob.mx\/911\" target=\"_blank\" rel=\"noopener noreferrer\">\n\t\t\t<img decoding=\"async\" src=\"https:\/\/www.ssaver.gob.mx\/funcionario\/wp-content\/uploads\/sites\/3\/2022\/06\/911.png\" alt=\"\" loading=\"lazy\" class=\"so-widget-image\" \/>\n\t<\/a><\/div>\n\n<\/div><\/div>            .so-widget-sow-image-default-d6014b76747a .sow-image-container {\n  display: flex;\n  align-items: flex-start;\n}\n.so-widget-sow-image-default-d6014b76747a .sow-image-container &gt; a {\n  display: inline-block;\n  \n  max-width: 100%;\n}\n@media screen and (-ms-high-contrast: active), screen and (-ms-high-contrast: none) {\n  .so-widget-sow-image-default-d6014b76747a .sow-image-container &gt; a {\n    display: flex;\n  }\n}\n.so-widget-sow-image-default-d6014b76747a .sow-image-container .so-widget-image {\n  display: block;\n  max-width: 100%;\n  \n  height: auto;\n}<\/div><div id=\"pgc-w62b207cb953a2-0-2\" class=\"panel-grid-cell\"><div id=\"panel-w62b207cb953a2-0-2-0\" class=\"so-panel widget widget_sow-image panel-first-child panel-last-child\" data-index=\"2\"><div class=\"so-widget-sow-image so-widget-sow-image-default-d6014b76747a\">\n\n<div class=\"sow-image-container\">\n\t\t\t<a href=\"https:\/\/www.gob.mx\/911\" target=\"_blank\" rel=\"noopener noreferrer\">\n\t\t\t<img decoding=\"async\" src=\"https:\/\/www.ssaver.gob.mx\/funcionario\/wp-content\/uploads\/sites\/3\/2022\/06\/075.png\" alt=\"\" loading=\"lazy\" class=\"so-widget-image\" \/>\n\t<\/a><\/div>\n\n<\/div><\/div>            .so-widget-sow-image-default-d6014b76747a .sow-image-container {\n  display: flex;\n  align-items: flex-start;\n}\n.so-widget-sow-image-default-d6014b76747a .sow-image-container &gt; a {\n  display: inline-block;\n  \n  max-width: 100%;\n}\n@media screen and (-ms-high-contrast: active), screen and (-ms-high-contrast: none) {\n  .so-widget-sow-image-default-d6014b76747a .sow-image-container &gt; a {\n    display: flex;\n  }\n}\n.so-widget-sow-image-default-d6014b76747a .sow-image-container .so-widget-image {\n  display: block;\n  max-width: 100%;\n  \n  height: auto;\n}<\/div><div id=\"pgc-w62b207cb953a2-0-3\" class=\"panel-grid-cell\"><div id=\"panel-w62b207cb953a2-0-3-0\" class=\"so-panel widget widget_sow-image panel-first-child panel-last-child\" data-index=\"3\"><div class=\"so-widget-sow-image so-widget-sow-image-default-d6014b76747a\">\n\n<div class=\"sow-image-container\">\n\t\t\t<a href=\"http:\/\/www.veracruz.gob.mx\/avgm\/\" target=\"_blank\" rel=\"noopener noreferrer\">\n\t\t\t<img decoding=\"async\" src=\"https:\/\/www.ssaver.gob.mx\/funcionario\/wp-content\/uploads\/sites\/3\/2022\/06\/alerta2.png\" alt=\"\" loading=\"lazy\" class=\"so-widget-image\" \/>\n\t<\/a><\/div>\n\n<\/div><\/div>            .so-widget-sow-image-default-d6014b76747a .sow-image-container {\n  display: flex;\n  align-items: flex-start;\n}\n.so-widget-sow-image-default-d6014b76747a .sow-image-container &gt; a {\n  display: inline-block;\n  \n  max-width: 100%;\n}\n@media screen and (-ms-high-contrast: active), screen and (-ms-high-contrast: none) {\n  .so-widget-sow-image-default-d6014b76747a .sow-image-container &gt; a {\n    display: flex;\n  }\n}\n.so-widget-sow-image-default-d6014b76747a .sow-image-container .so-widget-image {\n  display: block;\n  max-width: 100%;\n  \n  height: auto;\n}<\/div><\/div><\/div>\n\n@import url(https:\/\/www.ssaver.gob.mx\/administraciondepersonal\/wp-content\/plugins\/siteorigin-panels\/css\/front-flex.min.css); #pgc-w62b207cb953a2-0-0 , #pgc-w62b207cb953a2-0-1 , #pgc-w62b207cb953a2-0-2 , #pgc-w62b207cb953a2-0-3 { width:25%;width:calc(25% &#8211; ( 0.75 * 30px ) ) } #pl-w62b207cb953a2 .so-panel { margin-bottom:30px } #pl-w62b207cb953a2 .so-panel:last-of-type { margin-bottom:0px } #pg-w62b207cb953a2-0.panel-has-style &gt; .panel-row-style, #pg-w62b207cb953a2-0.panel-no-style { -webkit-align-items:flex-start;align-items:flex-start } @media (max-width:780px){ #pg-w62b207cb953a2-0.panel-no-style, #pg-w62b207cb953a2-0.panel-has-style &gt; .panel-row-style, #pg-w62b207cb953a2-0 { -webkit-flex-direction:column;-ms-flex-direction:column;flex-direction:column } #pg-w62b207cb953a2-0 &gt; .panel-grid-cell , #pg-w62b207cb953a2-0 &gt; .panel-row-style &gt; .panel-grid-cell { width:100%;margin-right:0 } #pgc-w62b207cb953a2-0-0 , #pgc-w62b207cb953a2-0-1 , #pgc-w62b207cb953a2-0-2 { margin-bottom:30px } #pl-w62b207cb953a2 .panel-grid-cell { padding:0 } #pl-w62b207cb953a2 .panel-grid .panel-grid-cell-empty { display:none } #pl-w62b207cb953a2 .panel-grid .panel-grid-cell-mobile-last { margin-bottom:0px } } <\/div><\/div><\/div><\/div><\/div><\/div>\n","protected":false},"excerpt":{"rendered":"","protected":false},"author":2,"featured_media":0,"parent":0,"menu_order":0,"comment_status":"closed","ping_status":"closed","template":"page-templates\/page-builder.php","meta":{"colormag_page_container_layout":"default_layout","colormag_page_sidebar_layout":"default_layout","footnotes":""},"class_list":["post-102","page","type-page","status-publish","hentry"],"_links":{"self":[{"href":"https:\/\/www.ssaver.gob.mx\/administraciondepersonal\/wp-json\/wp\/v2\/pages\/102","targetHints":{"allow":["GET"]}}],"collection":[{"href":"https:\/\/www.ssaver.gob.mx\/administraciondepersonal\/wp-json\/wp\/v2\/pages"}],"about":[{"href":"https:\/\/www.ssaver.gob.mx\/administraciondepersonal\/wp-json\/wp\/v2\/types\/page"}],"author":[{"embeddable":true,"href":"https:\/\/www.ssaver.gob.mx\/administraciondepersonal\/wp-json\/wp\/v2\/users\/2"}],"replies":[{"embeddable":true,"href":"https:\/\/www.ssaver.gob.mx\/administraciondepersonal\/wp-json\/wp\/v2\/comments?post=102"}],"version-history":[{"count":193,"href":"https:\/\/www.ssaver.gob.mx\/administraciondepersonal\/wp-json\/wp\/v2\/pages\/102\/revisions"}],"predecessor-version":[{"id":541,"href":"https:\/\/www.ssaver.gob.mx\/administraciondepersonal\/wp-json\/wp\/v2\/pages\/102\/revisions\/541"}],"wp:attachment":[{"href":"https:\/\/www.ssaver.gob.mx\/administraciondepersonal\/wp-json\/wp\/v2\/media?parent=102"}],"curies":[{"name":"wp","href":"https:\/\/api.w.org\/{rel}","templated":true}]}}