{"id":1246,"date":"2023-01-25T12:30:21","date_gmt":"2023-01-25T18:30:21","guid":{"rendered":"https:\/\/www.ssaver.gob.mx\/administraciondepersonal\/?page_id=1246"},"modified":"2026-02-20T19:18:14","modified_gmt":"2026-02-21T01:18:14","slug":"otros-formatos","status":"publish","type":"page","link":"https:\/\/www.ssaver.gob.mx\/administraciondepersonal\/formatos\/otros-formatos\/","title":{"rendered":"Formatos Varios"},"content":{"rendered":"\n<hr class=\"wp-block-separator has-text-color has-alpha-channel-opacity has-background is-style-wide\" style=\"background-color:#eae7e2;color:#eae7e2\" \/>\n\n\n\n<p class=\"has-medium-font-size\"><strong>FONDO DE AHORRO CAPITALIZABLE DE LOS TRABAJADORES AL SERVICIO DEL ESTADO<\/strong><\/p>\n\n\n\n<p class=\"has-text-color has-link-color has-medium-font-size wp-elements-16e49635f20469d6dfaadfaff5963eeb\" style=\"color:#7a1737\"><a href=\"https:\/\/www.ssaver.gob.mx\/administraciondepersonal\/wp-content\/uploads\/sites\/15\/2026\/01\/CEDULA-DE-INSCRIPCION-37-2026.docx\" target=\"_blank\" rel=\"noreferrer noopener\"><strong>Cedula FONAC Ciclo 37-2026 <\/strong> (Solo personal nomina <strong>Federal<\/strong>) <strong>Word<\/strong><\/a>    &#8211;    <strong><a href=\"https:\/\/www.ssaver.gob.mx\/administraciondepersonal\/wp-content\/uploads\/sites\/15\/2026\/01\/CEDULA-DE-INSCRIPCION-37-2026.pdf\" target=\"_blank\" rel=\"noreferrer noopener\">PDF<\/a><\/strong><\/p>\n\n\n\n<p class=\"has-text-color has-link-color wp-elements-969c703e28591443949c13086ac0ec50\" style=\"color:#7a1737\"><strong><a href=\"https:\/\/www.ssaver.gob.mx\/administraciondepersonal\/wp-content\/uploads\/sites\/15\/2026\/01\/SOLICITUD-DE-LIQ-ANTIC-2026-1.docx\" target=\"_blank\" rel=\"noreferrer noopener\">LIQUIDACI\u00d3N ANTICIPADA FONAC<\/a><\/strong><\/p>\n\n\n\n<p class=\"has-text-color has-link-color has-medium-font-size wp-elements-41a126cc80fbf60231f41e04af06f084\" style=\"color:#7a1737\"><a href=\"https:\/\/www.ssaver.gob.mx\/administraciondepersonal\/wp-content\/uploads\/sites\/15\/2025\/08\/CEDULA-DE-INSCRIPCION-INDIVIDUAL-Y-DESIGNACION-DE-BENEFICIARIOS-CICLO-37\u00b0.pdf\">C\u00c9DULA DE INSCRIPCI\u00d3N INDIVIDUAL Y DESIGNACI\u00d3N DE BENEFICIARIOS <strong> FEAC CICLO 37 &#8211; 2025<\/strong><\/a> \u2705<\/p>\n\n\n\n<p class=\"has-text-color has-link-color has-medium-font-size wp-elements-5d1598af216ec22b2090f7b8bd1d04de\" style=\"color:#7a1737\"><strong><a href=\"https:\/\/www.ssaver.gob.mx\/administraciondepersonal\/wp-content\/uploads\/sites\/15\/2023\/03\/Formato-Ahorro-Solidario.pdf\">AHORRO SOLIDARIO<\/a><\/strong><\/p>\n\n\n\n<p class=\"has-text-color has-link-color has-medium-font-size wp-elements-b62952b3a468e610773ff304fb0f617b\" style=\"color:#7a1737\"><a href=\"https:\/\/www.ssaver.gob.mx\/administraciondepersonal\/wp-content\/uploads\/sites\/15\/2024\/12\/SOLICITUD-DE-LICENCIAS-SIN-SUELDO_2025.xlsx\"><strong>LICENCIA SIN GOCE DE SUELDO<\/strong> <strong>(LSGS)<\/strong><\/a><\/p>\n\n\n\n<p class=\"has-text-color has-link-color has-medium-font-size wp-elements-849122f7b86ccdf6b215a7f8cc8d7d42\" style=\"color:#7a1737\"><strong><a href=\"https:\/\/www.ssaver.gob.mx\/administraciondepersonal\/wp-content\/uploads\/sites\/15\/2024\/12\/RENUNCIA-VOLUNTARIA.docx\">RENUNCIA VOLUNTARIA<\/a><\/strong><\/p>\n\n\n\n<p class=\"has-text-color has-link-color has-medium-font-size wp-elements-74de5ac4f2d7c194b2b7ddd1befafac8\" style=\"color:#7a1737\"><strong><a href=\"https:\/\/www.ssaver.gob.mx\/administraciondepersonal\/wp-content\/uploads\/sites\/15\/2024\/12\/Renuncia-por-Jubilacion.docx\">RENUNCIA PARA PERSONAL EN PROCESO DE JUBILACI\u00d3N<\/a><\/strong><\/p>\n\n\n\n<p class=\"has-text-color has-link-color has-medium-font-size wp-elements-23fea64cfc8e0e06d12151adc6563c9c\" style=\"color:#7a1737\"><strong><a href=\"https:\/\/www.ssaver.gob.mx\/administraciondepersonal\/wp-content\/uploads\/sites\/15\/2024\/12\/Certificado-Unico-de-No-Adeudo-2024.docx\">CERTIFICADO \u00daNICO DE NO ADEUDO<\/a><\/strong><\/p>\n\n\n\n<p class=\"has-text-color has-link-color has-medium-font-size wp-elements-08c6974f54067df7d6ce0888d47d50ba\" style=\"color:#7a1737\"><strong><a href=\"https:\/\/www.ssaver.gob.mx\/administraciondepersonal\/wp-content\/uploads\/sites\/15\/2023\/07\/DAP-00-Formato-Solicitud-de-Permuta.docx\" target=\"_blank\" rel=\"noreferrer noopener\">FORMATO SOLICITUD DE PERMUTA<\/a><\/strong><\/p>\n\n\n\n<p><\/p>\n","protected":false},"excerpt":{"rendered":"<p>FONDO DE AHORRO CAPITALIZABLE DE LOS TRABAJADORES AL SERVICIO DEL ESTADO Cedula FONAC Ciclo 37-2026 (Solo personal nomina Federal) Word<\/p>\n","protected":false},"author":2,"featured_media":0,"parent":532,"menu_order":2,"comment_status":"closed","ping_status":"closed","template":"","meta":{"colormag_page_container_layout":"default_layout","colormag_page_sidebar_layout":"default_layout","footnotes":""},"class_list":["post-1246","page","type-page","status-publish","hentry"],"_links":{"self":[{"href":"https:\/\/www.ssaver.gob.mx\/administraciondepersonal\/wp-json\/wp\/v2\/pages\/1246","targetHints":{"allow":["GET"]}}],"collection":[{"href":"https:\/\/www.ssaver.gob.mx\/administraciondepersonal\/wp-json\/wp\/v2\/pages"}],"about":[{"href":"https:\/\/www.ssaver.gob.mx\/administraciondepersonal\/wp-json\/wp\/v2\/types\/page"}],"author":[{"embeddable":true,"href":"https:\/\/www.ssaver.gob.mx\/administraciondepersonal\/wp-json\/wp\/v2\/users\/2"}],"replies":[{"embeddable":true,"href":"https:\/\/www.ssaver.gob.mx\/administraciondepersonal\/wp-json\/wp\/v2\/comments?post=1246"}],"version-history":[{"count":51,"href":"https:\/\/www.ssaver.gob.mx\/administraciondepersonal\/wp-json\/wp\/v2\/pages\/1246\/revisions"}],"predecessor-version":[{"id":4773,"href":"https:\/\/www.ssaver.gob.mx\/administraciondepersonal\/wp-json\/wp\/v2\/pages\/1246\/revisions\/4773"}],"up":[{"embeddable":true,"href":"https:\/\/www.ssaver.gob.mx\/administraciondepersonal\/wp-json\/wp\/v2\/pages\/532"}],"wp:attachment":[{"href":"https:\/\/www.ssaver.gob.mx\/administraciondepersonal\/wp-json\/wp\/v2\/media?parent=1246"}],"curies":[{"name":"wp","href":"https:\/\/api.w.org\/{rel}","templated":true}]}}