{"id":10144,"date":"2024-10-30T18:40:20","date_gmt":"2024-10-31T00:40:20","guid":{"rendered":"https:\/\/www.ssaver.gob.mx\/adquisiciones\/?page_id=10144"},"modified":"2026-03-31T11:35:29","modified_gmt":"2026-03-31T17:35:29","slug":"adjudicaciones-estatales-directas-por-excepcion-de-ley-181-200","status":"publish","type":"page","link":"https:\/\/www.ssaver.gob.mx\/adquisiciones\/licitaciones-2024\/adjudicaciones-estatales-directas-por-excepcion-de-ley-2\/adjudicaciones-estatales-directas-por-excepcion-de-ley-181-200\/","title":{"rendered":"Adjudicaciones Estatales Directas por Excepci\u00f3n de Ley 181-200"},"content":{"rendered":"\n<div class=\"wp-block-group is-layout-constrained wp-container-core-group-is-layout-9517baca wp-block-group-is-layout-constrained\">\n<hr class=\"wp-block-separator has-text-color has-alpha-channel-opacity has-background is-style-wide\" style=\"background-color:#d8bf31;color:#d8bf31\" \/>\n\n\n\n<div class=\"wp-block-columns is-layout-flex wp-container-core-columns-is-layout-28f84493 wp-block-columns-is-layout-flex\">\n<div class=\"wp-block-column has-background is-layout-flow wp-block-column-is-layout-flow\" style=\"background-color:#fff4e0;flex-basis:100%\">\n<p class=\"has-text-color has-background has-medium-font-size\" style=\"color:#5b4c0d;background-color:#fff4e0\"><strong><strong><strong>Contratos Adjudicados de acuerdo a la modalida<\/strong><\/strong>d<\/strong><\/p>\n\n\n\n<ul class=\"wp-block-list has-medium-font-size\">\n<li><a href=\"https:\/\/www.ssaver.gob.mx\/adquisiciones\/wp-content\/uploads\/sites\/5\/2024\/10\/SESVER_DA_C-196_2024-AFECTADO-C.pdf\" target=\"_blank\" rel=\"noreferrer noopener\">2024-SESVER_DA_C-196-2024<\/a><br>Adquisici\u00f3n del Rengl\u00f3n Declarado Desierto en la licitaci\u00f3n Simplificada N\u00ba LS-103T00000-025-2024, Relativa a&nbsp;&nbsp; \u00abLa Adquisici\u00f3n de un Sistema de Prevenci\u00f3n, detecci\u00f3n, Investigaci\u00f3n y Respuesta Unificadas, Soluci\u00f3n Basada en la Nube, para el Departamento de Tecnolog\u00edas de la Informaci\u00f3n de Servicios de Salud de Veracruz<\/li>\n<\/ul>\n\n\n\n<ul class=\"wp-block-list has-medium-font-size\">\n<li><a href=\"https:\/\/www.ssaver.gob.mx\/adquisiciones\/wp-content\/uploads\/sites\/5\/2024\/11\/SESVER_DA_C-184_2024-AFECATDO-C.pdf\" target=\"_blank\" rel=\"noreferrer noopener\">2024-SESVER_DA_C-184-2024<\/a><br>Veh\u00edculos&nbsp; Terrestres&nbsp; Destinados&nbsp; a&nbsp; Servicios P\u00fablicos&nbsp; y&nbsp; Operaci\u00f3n&nbsp; de&nbsp; Programas P\u00fablicos,&nbsp; Segunda&nbsp; Vuelta.<\/li>\n<\/ul>\n<\/div>\n<\/div>\n\n\n\n<p><\/p>\n<\/div>\n","protected":false},"excerpt":{"rendered":"<p>Contratos Adjudicados de acuerdo a la modalidad<\/p>\n","protected":false},"author":6,"featured_media":0,"parent":7817,"menu_order":10,"comment_status":"closed","ping_status":"closed","template":"","meta":{"colormag_page_container_layout":"default_layout","colormag_page_sidebar_layout":"default_layout","footnotes":""},"class_list":["post-10144","page","type-page","status-publish","hentry"],"_links":{"self":[{"href":"https:\/\/www.ssaver.gob.mx\/adquisiciones\/wp-json\/wp\/v2\/pages\/10144","targetHints":{"allow":["GET"]}}],"collection":[{"href":"https:\/\/www.ssaver.gob.mx\/adquisiciones\/wp-json\/wp\/v2\/pages"}],"about":[{"href":"https:\/\/www.ssaver.gob.mx\/adquisiciones\/wp-json\/wp\/v2\/types\/page"}],"author":[{"embeddable":true,"href":"https:\/\/www.ssaver.gob.mx\/adquisiciones\/wp-json\/wp\/v2\/users\/6"}],"replies":[{"embeddable":true,"href":"https:\/\/www.ssaver.gob.mx\/adquisiciones\/wp-json\/wp\/v2\/comments?post=10144"}],"version-history":[{"count":4,"href":"https:\/\/www.ssaver.gob.mx\/adquisiciones\/wp-json\/wp\/v2\/pages\/10144\/revisions"}],"predecessor-version":[{"id":12027,"href":"https:\/\/www.ssaver.gob.mx\/adquisiciones\/wp-json\/wp\/v2\/pages\/10144\/revisions\/12027"}],"up":[{"embeddable":true,"href":"https:\/\/www.ssaver.gob.mx\/adquisiciones\/wp-json\/wp\/v2\/pages\/7817"}],"wp:attachment":[{"href":"https:\/\/www.ssaver.gob.mx\/adquisiciones\/wp-json\/wp\/v2\/media?parent=10144"}],"curies":[{"name":"wp","href":"https:\/\/api.w.org\/{rel}","templated":true}]}}