{"id":1020,"date":"2022-06-23T18:38:37","date_gmt":"2022-06-23T23:38:37","guid":{"rendered":"https:\/\/www.ssaver.gob.mx\/adquisiciones\/?page_id=1020"},"modified":"2026-03-27T12:31:03","modified_gmt":"2026-03-27T18:31:03","slug":"licitacion-publica-nacional-lpn-103t00000-001-2022","status":"publish","type":"page","link":"https:\/\/www.ssaver.gob.mx\/adquisiciones\/licitaciones-2022\/licitaciones-publicas-nacionales-2022\/licitacion-publica-nacional-lpn-103t00000-001-2022\/","title":{"rendered":"Licitaci\u00f3n P\u00fablica Nacional LPN-103T00000-001-2022"},"content":{"rendered":"\n<div class=\"wp-block-group is-layout-constrained wp-container-core-group-is-layout-9517baca wp-block-group-is-layout-constrained\">\n<hr class=\"wp-block-separator has-text-color has-alpha-channel-opacity has-background is-style-wide\" style=\"background-color:#d8bf31;color:#d8bf31\" \/>\n\n\n\n<ul style=\"color:#5b4c0d;background-color:#fff4e0\" class=\"wp-block-list has-text-color has-background has-medium-font-size\">\n<li><strong>Relativa a la Adquisici\u00f3n, Instalaci\u00f3n, Puesta en Marcha y Capacitaci\u00f3n al Personal Usuario de Equipamiento para el Hospital General de Perote Perteneciente a SESVER<\/strong>\n<ul class=\"wp-block-list\">\n<li><a href=\"https:\/\/www.ssaver.gob.mx\/adquisiciones\/wp-content\/uploads\/sites\/5\/2022\/06\/Convocatoria-01-2022_0001.pdf\" target=\"_blank\" rel=\"noreferrer noopener\">Convocatoria<\/a><\/li>\n\n\n\n<li><a href=\"https:\/\/www.ssaver.gob.mx\/adquisiciones\/wp-content\/uploads\/sites\/5\/2022\/06\/Bases-y-Anexos-LPN-103T00000-001-2022.pdf\" target=\"_blank\" rel=\"noreferrer noopener\">Bases y Anexos<\/a><\/li>\n\n\n\n<li><a href=\"https:\/\/www.ssaver.gob.mx\/adquisiciones\/wp-content\/uploads\/sites\/5\/2022\/06\/FICHAS-TECNICAS-LPN-103T00000-001-2022-PRIMERA-PARTE.pdf\" target=\"_blank\" rel=\"noreferrer noopener\">Fichas T\u00e9cnicas (Primera Parte)<\/a><\/li>\n\n\n\n<li><a href=\"https:\/\/www.ssaver.gob.mx\/adquisiciones\/wp-content\/uploads\/sites\/5\/2022\/06\/FICHAS-TECNICAS-LPN-103T00000-001-2022-SEGUNDA-PARTE.pdf\" target=\"_blank\" rel=\"noreferrer noopener\">Fichas T\u00e9cnicas (Segunda Parte)<\/a><\/li>\n\n\n\n<li><a href=\"https:\/\/www.ssaver.gob.mx\/adquisiciones\/wp-content\/uploads\/sites\/5\/2022\/06\/FICHAS-TECNICAS-LPN-103T00000-001-2022-TERCERA-PARTE.pdf\" target=\"_blank\" rel=\"noreferrer noopener\">Fichas T\u00e9cnicas (Tercera Parte)<\/a><\/li>\n\n\n\n<li><a href=\"https:\/\/www.ssaver.gob.mx\/adquisiciones\/wp-content\/uploads\/sites\/5\/2022\/06\/FICHAS-TECNICAS-LPN-103T00000-001-2022-CUARTA-PARTE.pdf\" target=\"_blank\" rel=\"noreferrer noopener\">Fichas T\u00e9cnicas (Cuarta Parte)<\/a><\/li>\n\n\n\n<li><a href=\"https:\/\/www.ssaver.gob.mx\/adquisiciones\/wp-content\/uploads\/sites\/5\/2022\/06\/Acta-de-Junta-de-Aclaraciones-LPN-103T00000-001-2022.pdf\" target=\"_blank\" rel=\"noreferrer noopener\">Acta de Junta de Aclaraciones<\/a><\/li>\n\n\n\n<li><a href=\"https:\/\/www.ssaver.gob.mx\/adquisiciones\/wp-content\/uploads\/sites\/5\/2022\/06\/Acta-de-Apertura-de-Propuestas-LPN-103T00000-001-2022.pdf\" target=\"_blank\" rel=\"noreferrer noopener\">Acta de Apertura de Propuestas<\/a><\/li>\n\n\n\n<li><a href=\"https:\/\/www.ssaver.gob.mx\/adquisiciones\/wp-content\/uploads\/sites\/5\/2022\/06\/Dictamen-Tecnico-Economico-Acta-de-Fallo-LPN-113T00000-001-2022.pdf\" target=\"_blank\" rel=\"noreferrer noopener\">Dictamen T\u00e9cnico Econ\u00f3mico (Acta de Fallo)<\/a><\/li>\n\n\n\n<li><a href=\"https:\/\/www.ssaver.gob.mx\/adquisiciones\/wp-content\/uploads\/sites\/5\/2022\/06\/Fe-de-Erratas-al-Acta-de-Resultdo-de-la-Evaluacion-Tecnica-y-Economica-y-Emision-del-Fallo-LPN-103T00000-001-2022.pdf\" target=\"_blank\" rel=\"noreferrer noopener\">Fe de Erratas al Acta del Resultado de la Evaluaci\u00f3n T\u00e9cnica y Econ\u00f3mica y Emisi\u00f3n del Fallo<\/a><\/li>\n\n\n\n<li><a href=\"https:\/\/www.ssaver.gob.mx\/adquisiciones\/wp-content\/uploads\/sites\/5\/2022\/06\/Notificacion-de-Fallo-LPN-103T00000-001-2022.pdf\" target=\"_blank\" rel=\"noreferrer noopener\">Notificaci\u00f3n de Fallo<\/a><\/li>\n\n\n\n<li>Contratos Nos.\u00a0<a href=\"https:\/\/www.ssaver.gob.mx\/adquisiciones\/wp-content\/uploads\/sites\/5\/2022\/07\/SESVER_DA_C-077_2022-AFECTADO-C.pdf\" target=\"_blank\" rel=\"noreferrer noopener\">0077<\/a>,\u00a0<a href=\"https:\/\/www.ssaver.gob.mx\/adquisiciones\/wp-content\/uploads\/sites\/5\/2022\/07\/SESVER_DA_C-078_2022-AFECTADO-C.pdf\" target=\"_blank\" rel=\"noreferrer noopener\">0078<\/a>,\u00a0<a href=\"https:\/\/www.ssaver.gob.mx\/adquisiciones\/wp-content\/uploads\/sites\/5\/2022\/07\/SESVER_DA_C-079_2022-AFECTADO-C.pdf\" target=\"_blank\" rel=\"noreferrer noopener\">0079<\/a>,\u00a0<a href=\"https:\/\/www.ssaver.gob.mx\/adquisiciones\/wp-content\/uploads\/sites\/5\/2022\/07\/SESVER_DA_C-080_2022-AFECTADO-C.pdf\" target=\"_blank\" rel=\"noreferrer noopener\">0080<\/a>,\u00a0<a href=\"https:\/\/www.ssaver.gob.mx\/adquisiciones\/wp-content\/uploads\/sites\/5\/2022\/07\/SESVER_DA_C-081_2022-AFECTADO-C.pdf\" target=\"_blank\" rel=\"noreferrer noopener\">0081<\/a>,<a href=\"https:\/\/www.ssaver.gob.mx\/adquisiciones\/wp-content\/uploads\/sites\/5\/2022\/07\/SESVER_DA_C-082_2022-AFECTADO-C.pdf\" target=\"_blank\" rel=\"noreferrer noopener\">0082<\/a>,\u00a0<a href=\"https:\/\/www.ssaver.gob.mx\/adquisiciones\/wp-content\/uploads\/sites\/5\/2022\/07\/SESVER_DA_C-083_2022-AFECTADO-C.pdf\" target=\"_blank\" rel=\"noreferrer noopener\">0083<\/a>,\u00a0<a href=\"https:\/\/www.ssaver.gob.mx\/adquisiciones\/wp-content\/uploads\/sites\/5\/2022\/07\/SESVER_DA_C-084_2022-AFECTADO-C.pdf\" target=\"_blank\" rel=\"noreferrer noopener\">0084<\/a>,\u00a0<a href=\"https:\/\/www.ssaver.gob.mx\/adquisiciones\/wp-content\/uploads\/sites\/5\/2022\/07\/SESVER_DA_C-085_2022-AFECTADO-C.pdf\" target=\"_blank\" rel=\"noreferrer noopener\">0085<\/a>,\u00a0<a href=\"https:\/\/www.ssaver.gob.mx\/adquisiciones\/wp-content\/uploads\/sites\/5\/2022\/07\/SESVER_DA_C-086_-2022-AFECTADO-C.pdf\" target=\"_blank\" rel=\"noreferrer noopener\">0086<\/a>,\u00a0<a href=\"https:\/\/www.ssaver.gob.mx\/adquisiciones\/wp-content\/uploads\/sites\/5\/2022\/07\/SESVER_DA_C-087_2022-AFECTADO-C.pdf\" target=\"_blank\" rel=\"noreferrer noopener\">0087<\/a>,\u00a0<a href=\"https:\/\/www.ssaver.gob.mx\/adquisiciones\/wp-content\/uploads\/sites\/5\/2022\/07\/SESVER_DA_C-088_2022-AFECTADO-C.pdf\" target=\"_blank\" rel=\"noreferrer noopener\">0088<\/a>,\u00a0<a href=\"https:\/\/www.ssaver.gob.mx\/adquisiciones\/wp-content\/uploads\/sites\/5\/2022\/07\/SESVER_DA_C-089_2022-AFECTADO-C.pdf\" target=\"_blank\" rel=\"noreferrer noopener\">0089<\/a>,\u00a0<a href=\"https:\/\/www.ssaver.gob.mx\/adquisiciones\/wp-content\/uploads\/sites\/5\/2022\/07\/SESVER_DA_C-090_2022-AFECTADO-C.pdf\" target=\"_blank\" rel=\"noreferrer noopener\">0090<\/a>\u00a0y\u00a0<a href=\"https:\/\/www.ssaver.gob.mx\/adquisiciones\/wp-content\/uploads\/sites\/5\/2022\/07\/SESVER_DA_C-091_2022-AFECTADO-C.pdf\" target=\"_blank\" rel=\"noreferrer noopener\">0091<\/a><\/li>\n\n\n\n<li>Pedidos Nos.\u00a0<a href=\"https:\/\/www.ssaver.gob.mx\/adquisiciones\/wp-content\/uploads\/sites\/5\/2022\/07\/SESVER-DA-P-004-2022-AFECTADO-C.pdf\" target=\"_blank\" rel=\"noreferrer noopener\">004<\/a>\u00a0y\u00a0<a href=\"https:\/\/www.ssaver.gob.mx\/adquisiciones\/wp-content\/uploads\/sites\/5\/2022\/07\/SESVER-DA-P-007-2022-AFECTADO-C.pdf\" target=\"_blank\" rel=\"noreferrer noopener\">007<\/a>\u00a0de 2022<\/li>\n<\/ul>\n<\/li>\n<\/ul>\n<\/div>\n","protected":false},"excerpt":{"rendered":"","protected":false},"author":7,"featured_media":0,"parent":441,"menu_order":0,"comment_status":"closed","ping_status":"closed","template":"","meta":{"colormag_page_container_layout":"default_layout","colormag_page_sidebar_layout":"default_layout","footnotes":""},"class_list":["post-1020","page","type-page","status-publish","hentry"],"_links":{"self":[{"href":"https:\/\/www.ssaver.gob.mx\/adquisiciones\/wp-json\/wp\/v2\/pages\/1020","targetHints":{"allow":["GET"]}}],"collection":[{"href":"https:\/\/www.ssaver.gob.mx\/adquisiciones\/wp-json\/wp\/v2\/pages"}],"about":[{"href":"https:\/\/www.ssaver.gob.mx\/adquisiciones\/wp-json\/wp\/v2\/types\/page"}],"author":[{"embeddable":true,"href":"https:\/\/www.ssaver.gob.mx\/adquisiciones\/wp-json\/wp\/v2\/users\/7"}],"replies":[{"embeddable":true,"href":"https:\/\/www.ssaver.gob.mx\/adquisiciones\/wp-json\/wp\/v2\/comments?post=1020"}],"version-history":[{"count":31,"href":"https:\/\/www.ssaver.gob.mx\/adquisiciones\/wp-json\/wp\/v2\/pages\/1020\/revisions"}],"predecessor-version":[{"id":11772,"href":"https:\/\/www.ssaver.gob.mx\/adquisiciones\/wp-json\/wp\/v2\/pages\/1020\/revisions\/11772"}],"up":[{"embeddable":true,"href":"https:\/\/www.ssaver.gob.mx\/adquisiciones\/wp-json\/wp\/v2\/pages\/441"}],"wp:attachment":[{"href":"https:\/\/www.ssaver.gob.mx\/adquisiciones\/wp-json\/wp\/v2\/media?parent=1020"}],"curies":[{"name":"wp","href":"https:\/\/api.w.org\/{rel}","templated":true}]}}