{"id":10210,"date":"2024-11-15T11:04:26","date_gmt":"2024-11-15T17:04:26","guid":{"rendered":"https:\/\/www.ssaver.gob.mx\/adquisiciones\/?page_id=10210"},"modified":"2026-03-31T11:35:49","modified_gmt":"2026-03-31T17:35:49","slug":"adjudicaciones-estatales-directas-por-excepcion-de-ley-201-220","status":"publish","type":"page","link":"https:\/\/www.ssaver.gob.mx\/adquisiciones\/licitaciones-2024\/adjudicaciones-estatales-directas-por-excepcion-de-ley-2\/adjudicaciones-estatales-directas-por-excepcion-de-ley-201-220\/","title":{"rendered":"Adjudicaciones Estatales Directas por Excepci\u00f3n de Ley 201-220"},"content":{"rendered":"\n<div class=\"wp-block-group is-layout-constrained wp-container-core-group-is-layout-9517baca wp-block-group-is-layout-constrained\">\n<hr class=\"wp-block-separator has-text-color has-alpha-channel-opacity has-background is-style-wide\" style=\"background-color:#d8bf31;color:#d8bf31\" \/>\n\n\n\n<div class=\"wp-block-columns is-layout-flex wp-container-core-columns-is-layout-28f84493 wp-block-columns-is-layout-flex\">\n<div class=\"wp-block-column has-background is-layout-flow wp-block-column-is-layout-flow\" style=\"background-color:#fff4e0;flex-basis:100%\">\n<p class=\"has-text-color has-background has-medium-font-size\" style=\"color:#5b4c0d;background-color:#fff4e0\"><strong><strong><strong>Contratos Adjudicados de acuerdo a la modalida<\/strong><\/strong>d<\/strong><\/p>\n\n\n\n<ul class=\"wp-block-list has-medium-font-size\">\n<li><a href=\"https:\/\/www.ssaver.gob.mx\/adquisiciones\/wp-content\/uploads\/sites\/5\/2024\/11\/SESVER_DA_C-206_2024-AFECATDO-C.pdf\" target=\"_blank\" rel=\"noreferrer noopener\">2024-SESVER_DA_C-206-2024<\/a><br>Adquisici\u00f3n&nbsp; de&nbsp; Insumos&nbsp; diversos&nbsp; para&nbsp; la&nbsp; Direcci\u00f3n&nbsp; de&nbsp; Salud Publlca&nbsp; y&nbsp; Coordinaci\u00f3n&nbsp; de Calidad&nbsp; en&nbsp; Salud&nbsp; de&nbsp; SESVER\u00bb.<\/li>\n<\/ul>\n\n\n\n<ul class=\"wp-block-list has-medium-font-size\">\n<li><a href=\"https:\/\/www.ssaver.gob.mx\/adquisiciones\/wp-content\/uploads\/sites\/5\/2024\/11\/SESVER_DA_C-201_2024-AFECATDO-C.pdf\" target=\"_blank\" rel=\"noreferrer noopener\">2024-SESVER_DA_C-201-2024<\/a><br>Adquisici\u00f3n&nbsp; de Medicamento, Material de Curaci\u00f3n y Material de Laboratorio para la&nbsp; Direcci\u00f3n&nbsp; de&nbsp; Salud P\u00fablica<\/li>\n<\/ul>\n<\/div>\n<\/div>\n\n\n\n<p><\/p>\n<\/div>\n","protected":false},"excerpt":{"rendered":"<p>Contratos Adjudicados de acuerdo a la modalidad<\/p>\n","protected":false},"author":6,"featured_media":0,"parent":7817,"menu_order":11,"comment_status":"closed","ping_status":"closed","template":"","meta":{"colormag_page_container_layout":"default_layout","colormag_page_sidebar_layout":"default_layout","footnotes":""},"class_list":["post-10210","page","type-page","status-publish","hentry"],"_links":{"self":[{"href":"https:\/\/www.ssaver.gob.mx\/adquisiciones\/wp-json\/wp\/v2\/pages\/10210","targetHints":{"allow":["GET"]}}],"collection":[{"href":"https:\/\/www.ssaver.gob.mx\/adquisiciones\/wp-json\/wp\/v2\/pages"}],"about":[{"href":"https:\/\/www.ssaver.gob.mx\/adquisiciones\/wp-json\/wp\/v2\/types\/page"}],"author":[{"embeddable":true,"href":"https:\/\/www.ssaver.gob.mx\/adquisiciones\/wp-json\/wp\/v2\/users\/6"}],"replies":[{"embeddable":true,"href":"https:\/\/www.ssaver.gob.mx\/adquisiciones\/wp-json\/wp\/v2\/comments?post=10210"}],"version-history":[{"count":6,"href":"https:\/\/www.ssaver.gob.mx\/adquisiciones\/wp-json\/wp\/v2\/pages\/10210\/revisions"}],"predecessor-version":[{"id":12029,"href":"https:\/\/www.ssaver.gob.mx\/adquisiciones\/wp-json\/wp\/v2\/pages\/10210\/revisions\/12029"}],"up":[{"embeddable":true,"href":"https:\/\/www.ssaver.gob.mx\/adquisiciones\/wp-json\/wp\/v2\/pages\/7817"}],"wp:attachment":[{"href":"https:\/\/www.ssaver.gob.mx\/adquisiciones\/wp-json\/wp\/v2\/media?parent=10210"}],"curies":[{"name":"wp","href":"https:\/\/api.w.org\/{rel}","templated":true}]}}