{"id":10322,"date":"2024-11-20T10:48:39","date_gmt":"2024-11-20T16:48:39","guid":{"rendered":"https:\/\/www.ssaver.gob.mx\/adquisiciones\/?page_id=10322"},"modified":"2026-03-31T11:36:31","modified_gmt":"2026-03-31T17:36:31","slug":"adjudicaciones-estatales-directas-por-excepcion-de-ley-241-260","status":"publish","type":"page","link":"https:\/\/www.ssaver.gob.mx\/adquisiciones\/licitaciones-2024\/adjudicaciones-estatales-directas-por-excepcion-de-ley-2\/adjudicaciones-estatales-directas-por-excepcion-de-ley-241-260\/","title":{"rendered":"Adjudicaciones Estatales Directas por Excepci\u00f3n de Ley 241-260"},"content":{"rendered":"\n<div class=\"wp-block-group is-layout-constrained wp-container-core-group-is-layout-9517baca wp-block-group-is-layout-constrained\">\n<hr class=\"wp-block-separator has-text-color has-alpha-channel-opacity has-background is-style-wide\" style=\"background-color:#d8bf31;color:#d8bf31\" \/>\n\n\n\n<div class=\"wp-block-columns is-layout-flex wp-container-core-columns-is-layout-28f84493 wp-block-columns-is-layout-flex\">\n<div class=\"wp-block-column has-background is-layout-flow wp-block-column-is-layout-flow\" style=\"background-color:#fff4e0;flex-basis:100%\">\n<p class=\"has-text-color has-background has-medium-font-size\" style=\"color:#5b4c0d;background-color:#fff4e0\"><strong><strong><strong>Contratos Adjudicados de acuerdo a la modalida<\/strong><\/strong>d<\/strong><\/p>\n\n\n\n<ul class=\"wp-block-list has-medium-font-size\">\n<li><a href=\"https:\/\/www.ssaver.gob.mx\/adquisiciones\/wp-content\/uploads\/sites\/5\/2025\/02\/SESVER_DA_C-247_2024-AFECTADO-C.pdf\" target=\"_blank\" rel=\"noreferrer noopener\">2024-SESVER_DA_C-247-2024<\/a><br>Adquisici\u00f3n de 341&nbsp; Piezas&nbsp; Del&nbsp; Medicamento&nbsp; Oncol\u00f3gico&nbsp; L\u00ad Asparanginasa.<\/li>\n<\/ul>\n\n\n\n<ul class=\"wp-block-list has-medium-font-size\">\n<li><a href=\"https:\/\/www.ssaver.gob.mx\/adquisiciones\/wp-content\/uploads\/sites\/5\/2025\/02\/SESVER_DA_C-246_2024-AFECTADO-C.pdf\" target=\"_blank\" rel=\"noreferrer noopener\">2024-SESVER_DA_C-246-2024<\/a><br>Servicio&nbsp; de&nbsp; Dispersi\u00f3n&nbsp; para&nbsp; el&nbsp; otorgamiento&nbsp; de la&nbsp; medida&nbsp; de&nbsp; fin&nbsp; de&nbsp; a\u00f1o&nbsp; a&nbsp; trav\u00e9s&nbsp; de&nbsp; Tarjetas&nbsp; Electr\u00f3nicas&nbsp; con&nbsp; Chip&nbsp; al personal&nbsp; de&nbsp; los&nbsp; Servicios&nbsp; de&nbsp; Salud&nbsp; de&nbsp; Veracruz.<\/li>\n<\/ul>\n\n\n\n<ul class=\"wp-block-list has-medium-font-size\">\n<li><a href=\"https:\/\/www.ssaver.gob.mx\/adquisiciones\/wp-content\/uploads\/sites\/5\/2024\/11\/SESVER_DA_C-244_2024-AFECTADO-C.pdf\" target=\"_blank\" rel=\"noreferrer noopener\">2024-SESVER_DA_C-244-2024<\/a><br>Equipo&nbsp; de&nbsp; Administraci\u00f3n,&nbsp; M\u00e9dico&nbsp; y&nbsp; de Laboratorio,&nbsp; as\u00ed&nbsp; como&nbsp; Mantenimiento,&nbsp; Conservaci\u00f3n&nbsp; de&nbsp; Equipo&nbsp; y Maquinaria&nbsp; para&nbsp; el&nbsp; Laboratorio&nbsp; Estatal&nbsp; de&nbsp; Salud&nbsp; P\u00fablica&nbsp; de&nbsp; SESVER.<\/li>\n<\/ul>\n\n\n\n<ul class=\"wp-block-list has-medium-font-size\">\n<li><a href=\"https:\/\/www.ssaver.gob.mx\/adquisiciones\/wp-content\/uploads\/sites\/5\/2024\/11\/SESVER_DA_C-242_2024-AFECTADO-C.pdf\" target=\"_blank\" rel=\"noreferrer noopener\">2024-SESVER_DA_C-242-2024<\/a><br>Adquisici\u00f3n de&nbsp; Equipo&nbsp; de&nbsp; Comunicaci\u00f3n&nbsp; y Telecomunicaci\u00f3n&nbsp; para la Implementaci\u00f3n&nbsp; del&nbsp; Expediente&nbsp; Electr\u00f3nico&nbsp; a&nbsp; Cargo&nbsp; de&nbsp; la Direcci\u00f3n&nbsp; de Planeaci\u00f3n y&nbsp; Desarrollo&nbsp; para los Hospitales de Orizaba y Naranjos.<\/li>\n<\/ul>\n\n\n\n<ul class=\"wp-block-list has-medium-font-size\">\n<li><a href=\"https:\/\/www.ssaver.gob.mx\/adquisiciones\/wp-content\/uploads\/sites\/5\/2024\/11\/SESVER_DA_C-241_2024-AFECTADO-C.pdf\" target=\"_blank\" rel=\"noreferrer noopener\">2024-SESVER_DA_C-241-2024<\/a><br>Adquisici\u00f3n&nbsp; de&nbsp; Equipamiento&nbsp; para el&nbsp; Hospital&nbsp; de&nbsp; 14 Camas&nbsp; en&nbsp; la&nbsp; Localidad&nbsp; y&nbsp; Municipio&nbsp; de&nbsp; Nautla<\/li>\n<\/ul>\n<\/div>\n<\/div>\n\n\n\n<p><\/p>\n<\/div>\n","protected":false},"excerpt":{"rendered":"<p>Contratos Adjudicados de acuerdo a la modalidad<\/p>\n","protected":false},"author":6,"featured_media":0,"parent":7817,"menu_order":13,"comment_status":"closed","ping_status":"closed","template":"","meta":{"colormag_page_container_layout":"default_layout","colormag_page_sidebar_layout":"default_layout","footnotes":""},"class_list":["post-10322","page","type-page","status-publish","hentry"],"_links":{"self":[{"href":"https:\/\/www.ssaver.gob.mx\/adquisiciones\/wp-json\/wp\/v2\/pages\/10322","targetHints":{"allow":["GET"]}}],"collection":[{"href":"https:\/\/www.ssaver.gob.mx\/adquisiciones\/wp-json\/wp\/v2\/pages"}],"about":[{"href":"https:\/\/www.ssaver.gob.mx\/adquisiciones\/wp-json\/wp\/v2\/types\/page"}],"author":[{"embeddable":true,"href":"https:\/\/www.ssaver.gob.mx\/adquisiciones\/wp-json\/wp\/v2\/users\/6"}],"replies":[{"embeddable":true,"href":"https:\/\/www.ssaver.gob.mx\/adquisiciones\/wp-json\/wp\/v2\/comments?post=10322"}],"version-history":[{"count":8,"href":"https:\/\/www.ssaver.gob.mx\/adquisiciones\/wp-json\/wp\/v2\/pages\/10322\/revisions"}],"predecessor-version":[{"id":12031,"href":"https:\/\/www.ssaver.gob.mx\/adquisiciones\/wp-json\/wp\/v2\/pages\/10322\/revisions\/12031"}],"up":[{"embeddable":true,"href":"https:\/\/www.ssaver.gob.mx\/adquisiciones\/wp-json\/wp\/v2\/pages\/7817"}],"wp:attachment":[{"href":"https:\/\/www.ssaver.gob.mx\/adquisiciones\/wp-json\/wp\/v2\/media?parent=10322"}],"curies":[{"name":"wp","href":"https:\/\/api.w.org\/{rel}","templated":true}]}}