{"id":10493,"date":"2025-04-09T20:12:49","date_gmt":"2025-04-10T01:12:49","guid":{"rendered":"https:\/\/www.ssaver.gob.mx\/adquisiciones\/?page_id=10493"},"modified":"2026-03-31T12:19:23","modified_gmt":"2026-03-31T18:19:23","slug":"adjudicacion-directa-federal-2025","status":"publish","type":"page","link":"https:\/\/www.ssaver.gob.mx\/adquisiciones\/licitaciones-2025\/adjudicacion-directa-federal-2025\/","title":{"rendered":"Adjudicaci\u00f3n Directa Federal 2025"},"content":{"rendered":"\n<div class=\"wp-block-group is-layout-constrained wp-container-core-group-is-layout-9517baca wp-block-group-is-layout-constrained\">\n<hr class=\"wp-block-separator has-text-color has-alpha-channel-opacity has-background is-style-wide\" style=\"background-color:#d8bf31;color:#d8bf31\" \/>\n\n\n\n<ul style=\"background-color:#fff4e0\" class=\"wp-block-list has-background\">\n<li><strong><strong><strong>Contratos Adjudicados de acuerdo a la modalidad<\/strong><\/strong><\/strong><a rel=\"noreferrer noopener\" href=\"https:\/\/www.ssaver.gob.mx\/pae\/wp-content\/uploads\/sites\/18\/2022\/07\/2TdR_FASSA_2022.pdf\" target=\"_blank\"><\/a><a rel=\"noreferrer noopener\" href=\"https:\/\/www.ssaver.gob.mx\/adquisiciones\/wp-content\/uploads\/sites\/5\/2022\/08\/Resumen-de-Convocatoria-LA-930010996-E1-2022.pdf\" target=\"_blank\"><\/a>\n\n\n\n\n\n\n\n\n\n\n\n\n\n\n\n\n\n\n\n\n\n\n\n\n\n\n\n\n\n\n\n\n\n\n\n\n\n\n\n\n\n\n\n\n\n\n\n\n\n\n\n\n\n\n\n\n\n\n\n\n\n\n\n\n\n\n\n\n\n\n\n\n\n\n\n\n\n\n\n\n\n\n\n\n\n\n\n\n\n\n\n\n\n\n\n\n\n\n\n\n\n\n\n\n\n\n\n\n\n\n\n\n\n\n\n\n\n\n\n\n\n\n\n\n\n\n\n\n\n\n\n\n\n\n\n\n\n\n\n\n\n\n\n\n\n\n\n\n\n\n\n\n\n\n\n\n\n\n\n\n\n\n\n\n\n\n\n\n\n\n\n\n\n\n\n\n\n\n\n\n\n\n\n\n\n\n\n\n\n\n\n\n\n\n\n\n\n\n\n\n\n\n\n\n\n\n\n\n\n\n\n\n\n\n\n\n\n\n\n\n\n\n\n\n\n\n\n\n\n\n\n\n\n\n\n\n\n\n\n\n<ul class=\"wp-block-list\">\n<li><strong><a href=\"https:\/\/www.ssaver.gob.mx\/adquisiciones\/wp-content\/uploads\/sites\/5\/2026\/03\/C-134-2025-VP_compressed.pdf\" target=\"_blank\" rel=\"noreferrer noopener\">2025-SESVER_DA_C-134-2025<\/a><\/strong><br>Adquisici\u00f3n&nbsp; de&nbsp; Maquinaria&nbsp; y&nbsp; Equipo&nbsp; El\u00e9ctrico&nbsp; y Electr\u00f3nico para&nbsp; el&nbsp; departamento&nbsp; de&nbsp; enfermedades&nbsp; transmitidas&nbsp; por&nbsp; vector perteneciente&nbsp; a&nbsp; la&nbsp; Direcci\u00f3n&nbsp; de Salud&nbsp; P\u00fablica&nbsp; de Servicios&nbsp; de Salud&nbsp; de&nbsp; Veracruz, derivado&nbsp; de la&nbsp; adquisici\u00f3n&nbsp; de bienes&nbsp; e insumos&nbsp; diversos&nbsp; del convenio&nbsp; sanas&nbsp; 2025.<\/li>\n\n\n\n<li><strong><a href=\"https:\/\/www.ssaver.gob.mx\/adquisiciones\/wp-content\/uploads\/sites\/5\/2026\/02\/C-096-2025-VP_compressed.pdf\" target=\"_blank\" rel=\"noreferrer noopener\">2025-SESVER_DA_C-096-2025<\/a><\/strong><br>Contrataci\u00f3n&nbsp; abierta&nbsp; del&nbsp; suministro&nbsp; de&nbsp; pruebas&nbsp; de&nbsp; laboratorio cl\u00ednico&nbsp; para&nbsp; las&nbsp; unidades&nbsp; m\u00e9dicas&nbsp; pertenecientes&nbsp; a&nbsp; Servicios&nbsp; de Salud&nbsp; de Veracruz.(16-Julio-31-Diciembre)<\/li>\n\n\n\n<li><strong><a href=\"https:\/\/www.ssaver.gob.mx\/adquisiciones\/wp-content\/uploads\/sites\/5\/2026\/02\/C-095-2025-VP-OK_compressed.pdf\" target=\"_blank\" rel=\"noreferrer noopener\">2025-SESVER_DA_C-095-2025<\/a><\/strong><br>Contrataci\u00f3n &nbsp;Abierta&nbsp; del&nbsp; Suministro&nbsp; de&nbsp; Material&nbsp; de&nbsp; Osteos\u00edntesis&nbsp; y Endopr\u00f3tesis&nbsp; para&nbsp; Unidades&nbsp; Hospitalarias&nbsp; pertenecientes&nbsp; a&nbsp; Servicios&nbsp; de Salud&nbsp; de Veracruz. (16-Julio-31-Diciembre)<\/li>\n\n\n\n<li><strong><a href=\"https:\/\/www.ssaver.gob.mx\/adquisiciones\/wp-content\/uploads\/sites\/5\/2026\/02\/C-094-2025-VP_compressed.pdf\" target=\"_blank\" rel=\"noreferrer noopener\">2025-SESVER_DA_C-094-2025<\/a><\/strong><br>Contrataci\u00f3n&nbsp; abierta&nbsp; del&nbsp; suministro&nbsp; de&nbsp; insumos&nbsp; de&nbsp; laboratorio de&nbsp; patolog\u00eda&nbsp; y&nbsp; gen\u00e9tica&nbsp; para&nbsp; diversas&nbsp; unidades&nbsp; hospitalarias pertenecientes&nbsp; a Servicios&nbsp; de&nbsp; Salud&nbsp; de Veracruz. (16-Julio-30-Septimebre)<\/li>\n\n\n\n<li><strong><a href=\"https:\/\/www.ssaver.gob.mx\/adquisiciones\/wp-content\/uploads\/sites\/5\/2026\/02\/C-093-2025-VP-OK_compressed.pdf\" target=\"_blank\" rel=\"noreferrer noopener\">2025-SESVER_DA_C-093-2025<\/a><\/strong><br>Contrataci\u00f3n&nbsp; Abierta&nbsp; del&nbsp; Servicio&nbsp; de&nbsp; Anestesia&nbsp; para&nbsp; Diversas Unidades&nbsp; Hospitalarias&nbsp; pertenecientes&nbsp; a&nbsp; Servicios&nbsp; de Salud&nbsp; de Veracruz. (16-Julio-30-Septimebre)<\/li>\n\n\n\n<li><strong><a href=\"https:\/\/www.ssaver.gob.mx\/adquisiciones\/wp-content\/uploads\/sites\/5\/2026\/02\/C-090-2025-VP_compressed.pdf\" target=\"_blank\" rel=\"noreferrer noopener\">2025-SESVER_DA_C-090-2025<\/a><\/strong><br>Contrataci\u00f3n&nbsp; Abierta&nbsp; del&nbsp; Suministro&nbsp; de&nbsp; Pruebas&nbsp; de&nbsp; Bancos&nbsp; de&nbsp; Sangre, Centros&nbsp; de&nbsp; Colecta&nbsp; y Servicios&nbsp; de Transfusi\u00f3n&nbsp; de&nbsp; las&nbsp; Unidades&nbsp; M\u00e9dicas&nbsp; y Centro Estatal&nbsp; de Transfusi\u00f3n&nbsp; Sangu\u00ednea&nbsp; pertenecientes&nbsp; a&nbsp; Servicios&nbsp; de&nbsp; Salud&nbsp; de Veracruz. (16-Julio-31-Diciembre)<\/li>\n\n\n\n<li><strong><a href=\"https:\/\/www.ssaver.gob.mx\/adquisiciones\/wp-content\/uploads\/sites\/5\/2026\/02\/C-085-2025-VP_compressed.pdf\" target=\"_blank\" rel=\"noreferrer noopener\">2025-SESVER_DA_C-085-2025<\/a><\/strong><br>Contrataci\u00f3n&nbsp; Abierta&nbsp; del&nbsp; Servicio&nbsp; de&nbsp; Laparoscopia, Artroscopia&nbsp; y&nbsp; Endoscopia&nbsp; para&nbsp; Diversas&nbsp; Unidades&nbsp; Hospitalarias pertenecientes&nbsp; a Servicios&nbsp; de Salud&nbsp; de&nbsp; Veracruz. (16-Julio-31-Diciembre)<\/li>\n\n\n\n<li><strong><a href=\"https:\/\/www.ssaver.gob.mx\/adquisiciones\/wp-content\/uploads\/sites\/5\/2025\/08\/C-059-2025-JURIDICO-VP_compressed.pdf\" target=\"_blank\" rel=\"noreferrer noopener\">2025-SESVER_DA_C-059-2025<\/a><\/strong><br>Contrataci\u00f3n&nbsp; Abierta&nbsp; del&nbsp; Suministro&nbsp; de&nbsp; Material&nbsp; de Osteos\u00edntesis&nbsp; y Endopr\u00f3tesis&nbsp; para&nbsp; Unidades&nbsp; Hospitalarias&nbsp; Pertenecientes&nbsp; a&nbsp; Servicios&nbsp; de Salud&nbsp; de&nbsp; Veracruz. (16-Abril-30-Junio)<\/li>\n\n\n\n<li><strong><a href=\"https:\/\/www.ssaver.gob.mx\/adquisiciones\/wp-content\/uploads\/sites\/5\/2025\/08\/C-055-2025-JURIDICO-VP_compressed.pdf\" target=\"_blank\" rel=\"noreferrer noopener\">2025-SESVER_DA_C-055-2025<\/a><\/strong><br>Contrataci\u00f3n&nbsp; Abierta&nbsp; del&nbsp; Servicio&nbsp; de&nbsp; Laparoscopia.&nbsp; Artroscopia&nbsp; y Endoscop\u00eda&nbsp; para&nbsp; Diversas&nbsp; Unidades&nbsp; Hospitalarias&nbsp; pertenecientes&nbsp; a&nbsp; Servicios de&nbsp; Salud de Veracruz. (16-Abril-30-Junio)<\/li>\n\n\n\n<li><strong><a href=\"https:\/\/www.ssaver.gob.mx\/adquisiciones\/wp-content\/uploads\/sites\/5\/2025\/08\/C-052-2025-JURIDICO-VP_compressed.pdf\" target=\"_blank\" rel=\"noreferrer noopener\">2025-SESVER_DA_C-052-2025<\/a><\/strong><br>Servicio&nbsp; Subrogado&nbsp; de&nbsp; Limpieza&nbsp; para&nbsp; Diversas Unidades&nbsp; Aplicativas&nbsp; Dependientes&nbsp; de&nbsp; Servicios&nbsp; de&nbsp; Salud&nbsp; de Veracruz. (16-Abril-30-Junio)<\/li>\n\n\n\n<li><strong><a href=\"https:\/\/www.ssaver.gob.mx\/adquisiciones\/wp-content\/uploads\/sites\/5\/2026\/02\/C-051-2025-VP_c.pdf\" target=\"_blank\" rel=\"noreferrer noopener\">2025-SESVER_DA_C-051-2025<\/a><\/strong><br>Contrataci\u00f3n&nbsp; Abierta&nbsp; del Servicio&nbsp; de Anestesia para&nbsp; Diversas&nbsp; Unidades&nbsp; Hospitalarias&nbsp; Pertenecientes&nbsp; a&nbsp; Servicios&nbsp; de Salud&nbsp; de Veracruz. (16-Abril-30-Junio)<\/li>\n\n\n\n<li><strong><a href=\"https:\/\/www.ssaver.gob.mx\/adquisiciones\/wp-content\/uploads\/sites\/5\/2026\/02\/C-049-2025-VP_c.pdf\" target=\"_blank\" rel=\"noreferrer noopener\">2025-SESVER_DA_C-049-2025<\/a><\/strong><br>Contrataci\u00f3n&nbsp; Abierta&nbsp; del Suministro&nbsp; de Insumos&nbsp; de Laboratorio de&nbsp; Patolog\u00eda&nbsp; y&nbsp; Gen\u00e9tica&nbsp; para&nbsp; Diversas&nbsp; Unidades&nbsp; Hospitalarias Pertenecientes&nbsp; a Servicios de Salud&nbsp; de Veracruz. (16-Abril-30-Junio)<\/li>\n\n\n\n<li><strong><a href=\"https:\/\/www.ssaver.gob.mx\/adquisiciones\/wp-content\/uploads\/sites\/5\/2025\/10\/C-048-2025-VP_c.pdf\" target=\"_blank\" rel=\"noreferrer noopener\">2025-SESVER_DA_C-048-2025<\/a><\/strong><br>Contrataci\u00f3n Abierta del Suministro de Pruebas de Laboratorio Cl\u00ednico para las Unidades M\u00e9dicas Pertenecientes a Servicios de Salud de Veracruz. (16-Abril-30-Junio)<\/li>\n\n\n\n<li><strong><a href=\"https:\/\/www.ssaver.gob.mx\/adquisiciones\/wp-content\/uploads\/sites\/5\/2025\/08\/C-045-2025-JURIDICO-VP_compressed.pdf\" target=\"_blank\" rel=\"noreferrer noopener\">2025-SESVER_DA_C-045-2025<\/a><\/strong><br>Contrataci\u00f3n&nbsp; Abierta&nbsp; del&nbsp; Suministro&nbsp; de&nbsp; Pruebas&nbsp; de&nbsp; Bancos&nbsp; de&nbsp; Sangre, Centros&nbsp; de Colecta&nbsp; y Servicios&nbsp; de Transfusi\u00f3n&nbsp; de las&nbsp; Unidades&nbsp; M\u00e9dicas&nbsp; y Centro Estatal&nbsp; de&nbsp; Transfusi\u00f3n&nbsp; Sangu\u00ednea&nbsp; Pertenecientes&nbsp; a&nbsp; Servicios&nbsp; de&nbsp; Salud&nbsp; de Veracruz. (16-Abril-30-Junio)<\/li>\n\n\n\n<li><strong><a href=\"https:\/\/www.ssaver.gob.mx\/adquisiciones\/wp-content\/uploads\/sites\/5\/2025\/08\/C-031-2025-JURIDICO-VP_compressed.pdf\" target=\"_blank\" rel=\"noreferrer noopener\">2025-SESVER_DA_C-031-2025<\/a><\/strong><br>Servicios Especializados para el Procesamiento de 13,700 Pruebas de Tamiz Metab\u00f3lico Neonatal (Clave C810800067), por el Periodo Enero-Abril 2025, para el Programa de Salud Perinatal. (1-Enero-31-Marzo)<\/li>\n\n\n\n<li><strong><a href=\"https:\/\/www.ssaver.gob.mx\/adquisiciones\/wp-content\/uploads\/sites\/5\/2025\/08\/C-026-2025-JURIDICO-VP_compressed.pdf\" target=\"_blank\" rel=\"noreferrer noopener\">2025-SESVER_DA_C-026-2025<\/a><\/strong><br>Suministro de Material de Osteos\u00edntesis y Endopr\u00f3tesis para Unidades Hospitalarias. (1-Enero-31-Marzo)<\/li>\n\n\n\n<li><strong><a href=\"https:\/\/www.ssaver.gob.mx\/adquisiciones\/wp-content\/uploads\/sites\/5\/2025\/08\/C-024-2025-JURIDICO-VP_compressed.pdf\" target=\"_blank\" rel=\"noreferrer noopener\">2025-SESVER_DA_C-024-2025<\/a><\/strong><br>Contrataci\u00f3n&nbsp; Abierta&nbsp; del&nbsp; Suministro&nbsp; de&nbsp; Insumos&nbsp; de Laboratorio&nbsp; de&nbsp; Patolog\u00eda&nbsp; y&nbsp; Gen\u00e9tica&nbsp; para&nbsp; Diversas&nbsp; Unidades Hospitalarias&nbsp; pertenecientes&nbsp; a&nbsp; Servicios&nbsp; de&nbsp; Salud&nbsp; de&nbsp; Veracruz. (1-Enero-31-Marzo)<\/li>\n\n\n\n<li><strong><a href=\"https:\/\/www.ssaver.gob.mx\/adquisiciones\/wp-content\/uploads\/sites\/5\/2025\/08\/C-023-2025-JURIDICO-VP_compressed.pdf\" target=\"_blank\" rel=\"noreferrer noopener\">2025-SESVER_DA_C-023-2025<\/a><\/strong><br>Contrataci\u00f3n&nbsp; Abierta&nbsp; del&nbsp; Servicio&nbsp; de&nbsp; Anestesia&nbsp; &nbsp;para&nbsp; Diversas&nbsp; Unidades&nbsp; Hospitalarias&nbsp; pertenecientes&nbsp; a&nbsp; Servicios&nbsp; de Salud&nbsp; de&nbsp; Veracruz.(1-Enero-31-Marzo)<\/li>\n\n\n\n<li><strong><a href=\"https:\/\/www.ssaver.gob.mx\/adquisiciones\/wp-content\/uploads\/sites\/5\/2025\/08\/C-022-2025-JURIDICO-VP_compressed.pdf\" target=\"_blank\" rel=\"noreferrer noopener\">2025-SESVER_DA_C-022-2025<\/a><\/strong><br>Servicio de Laparoscop\u00eda, Artroscop\u00eda y Endoscop\u00eda para Diversas Unidades Hospitalarias. (1-Enero-31-Marzo)<\/li>\n\n\n\n<li><strong><a href=\"https:\/\/www.ssaver.gob.mx\/adquisiciones\/wp-content\/uploads\/sites\/5\/2025\/08\/C-021-2025-JURIDICO-VP_compressed.pdf\" target=\"_blank\" rel=\"noreferrer noopener\">2025-SESVER_DA_C-021-2025<\/a><\/strong><br>Suministros de Pruebas de Laboratorio Cl\u00ednico para las Unidades M\u00e9dicas Pertenecientes a Servicios de Salud de Veracruz. (1-Enero-31-Marzo)<\/li>\n\n\n\n<li><strong><a href=\"https:\/\/www.ssaver.gob.mx\/adquisiciones\/wp-content\/uploads\/sites\/5\/2025\/08\/C-020-2025-JURIDICO-VP_compressed.pdf\" target=\"_blank\" rel=\"noreferrer noopener\">2025-SESVER_DA_C-020-2025<\/a><\/strong><br>Suministro de Pruebas de Bancos de Sangre, Centros de Colecta y Servicios de Transfusi\u00f3n Para Diversas Unidades Hospitalarias. (1-Enero-31-Marzo) <a href=\"https:\/\/www.ssaver.gob.mx\/adquisiciones\/wp-content\/uploads\/sites\/5\/2022\/08\/Resumen-de-Convocatoria-LA-930010996-E1-2022.pdf\" target=\"_blank\" rel=\"noreferrer noopener\"><\/a><\/li>\n\n\n\n<li><strong><a href=\"https:\/\/www.ssaver.gob.mx\/adquisiciones\/wp-content\/uploads\/sites\/5\/2025\/08\/C-002-2025-JURIDICO-VP_compressed.pdf\" target=\"_blank\" rel=\"noreferrer noopener\">2025-SESVER_DA_C-002-2025<\/a><\/strong><br>Servicio Subrogado de Limpieza a Oficinas Centrales, Jurisdicciones Sanitarias, Hospitales, Laboratorio Estatal de Salud P\u00fablica, Centro Estatal de Transfusi\u00f3n Sangu\u00ednea, Asilos, Hogar del Ni\u00f1o, Capasits y Centros de Salud Dependientes de SESVER. (1-Enero-31-Marzo)<\/li>\n<\/ul>\n<\/li>\n<\/ul>\n\n\n\n<p><\/p>\n<\/div>\n","protected":false},"excerpt":{"rendered":"","protected":false},"author":6,"featured_media":0,"parent":10441,"menu_order":9,"comment_status":"closed","ping_status":"closed","template":"","meta":{"colormag_page_container_layout":"default_layout","colormag_page_sidebar_layout":"default_layout","footnotes":""},"class_list":["post-10493","page","type-page","status-publish","hentry"],"_links":{"self":[{"href":"https:\/\/www.ssaver.gob.mx\/adquisiciones\/wp-json\/wp\/v2\/pages\/10493","targetHints":{"allow":["GET"]}}],"collection":[{"href":"https:\/\/www.ssaver.gob.mx\/adquisiciones\/wp-json\/wp\/v2\/pages"}],"about":[{"href":"https:\/\/www.ssaver.gob.mx\/adquisiciones\/wp-json\/wp\/v2\/types\/page"}],"author":[{"embeddable":true,"href":"https:\/\/www.ssaver.gob.mx\/adquisiciones\/wp-json\/wp\/v2\/users\/6"}],"replies":[{"embeddable":true,"href":"https:\/\/www.ssaver.gob.mx\/adquisiciones\/wp-json\/wp\/v2\/comments?post=10493"}],"version-history":[{"count":43,"href":"https:\/\/www.ssaver.gob.mx\/adquisiciones\/wp-json\/wp\/v2\/pages\/10493\/revisions"}],"predecessor-version":[{"id":12126,"href":"https:\/\/www.ssaver.gob.mx\/adquisiciones\/wp-json\/wp\/v2\/pages\/10493\/revisions\/12126"}],"up":[{"embeddable":true,"href":"https:\/\/www.ssaver.gob.mx\/adquisiciones\/wp-json\/wp\/v2\/pages\/10441"}],"wp:attachment":[{"href":"https:\/\/www.ssaver.gob.mx\/adquisiciones\/wp-json\/wp\/v2\/media?parent=10493"}],"curies":[{"name":"wp","href":"https:\/\/api.w.org\/{rel}","templated":true}]}}