{"id":10633,"date":"2025-05-26T19:37:27","date_gmt":"2025-05-27T01:37:27","guid":{"rendered":"https:\/\/www.ssaver.gob.mx\/adquisiciones\/?page_id=10633"},"modified":"2026-03-31T12:08:34","modified_gmt":"2026-03-31T18:08:34","slug":"invitacion-a-cuando-menos-3-proveedores-ictp-103t00000-001-020-2025","status":"publish","type":"page","link":"https:\/\/www.ssaver.gob.mx\/adquisiciones\/licitaciones-2025\/por-invitacion-a-cuando-menos-3-proveedores-2025\/invitacion-a-cuando-menos-3-proveedores-ictp-103t00000-001-020-2025\/","title":{"rendered":"Invitaci\u00f3n a cuando menos 3 proveedores\u00a0ICTP\u00a0-103T00000 (001-020) 2025"},"content":{"rendered":"\n<div class=\"wp-block-group is-layout-constrained wp-container-core-group-is-layout-9517baca wp-block-group-is-layout-constrained\">\n<hr class=\"wp-block-separator aligncenter has-text-color has-alpha-channel-opacity has-background is-style-wide\" style=\"background-color:#d8bf31;color:#d8bf31\" \/>\n\n\n\n<div class=\"wp-block-columns is-layout-flex wp-container-core-columns-is-layout-28f84493 wp-block-columns-is-layout-flex\">\n<div class=\"wp-block-column has-background is-layout-flow wp-block-column-is-layout-flow\" style=\"background-color:#fff4e0\">\n<ul class=\"wp-block-list has-medium-font-size\">\n<li><\/li>\n<\/ul>\n\n\n\n<ul class=\"wp-block-list has-medium-font-size\">\n<li><a href=\"https:\/\/www.ssaver.gob.mx\/adquisiciones\/licitaciones-2025\/por-invitacion-a-cuando-menos-3-proveedores-2025\/invitacion-a-cuando-menos-3-proveedores-ictp-103t00000-001-020-2025\/invitacion-a-cuando-menos-3-proveedores-ictp-103t00000-020-2025\/\" target=\"_blank\" rel=\"noreferrer noopener\">Invitaci\u00f3n a cuando menos 3 proveedores&nbsp;ICTP&nbsp;-103T00000-020-2025<\/a><br>Adquisici\u00f3n&nbsp; de&nbsp; Vestuario&nbsp; y&nbsp; Equipo&nbsp; de&nbsp; Protecci\u00f3n&nbsp; para personal&nbsp; adscrito&nbsp; al&nbsp; Departamento&nbsp; de&nbsp; Control&nbsp; de Enfermedades&nbsp; Transmitidas&nbsp; por&nbsp; Vector&nbsp; de&nbsp; las&nbsp; 11 Jurisdicciones&nbsp; Sanitarias.<\/li>\n<\/ul>\n\n\n\n<ul class=\"wp-block-list has-medium-font-size\">\n<li><a href=\"https:\/\/www.ssaver.gob.mx\/adquisiciones\/licitaciones-2025\/por-invitacion-a-cuando-menos-3-proveedores-2025\/invitacion-a-cuando-menos-3-proveedores-ictp-103t00000-001-020-2025\/invitacion-a-cuando-menos-3-proveedores-ictp-103t00000-019-2025\/\" target=\"_blank\" rel=\"noreferrer noopener\">Invitaci\u00f3n a cuando menos 3 proveedores&nbsp;ICTP&nbsp;-103T00000-019-2025<\/a><br>Relativa&nbsp; a&nbsp; la&nbsp; contrataci\u00f3n&nbsp; del \u00abServicio&nbsp; de&nbsp; Mantenimiento&nbsp; preventivo&nbsp; y correctivo&nbsp; a&nbsp; los&nbsp; Equipos&nbsp; de&nbsp; la&nbsp; Red&nbsp; de&nbsp; fr\u00edo pertenecientes&nbsp; al&nbsp; programa&nbsp; de&nbsp; Vacunaci\u00f3n Universal&nbsp; de&nbsp; Servicios&nbsp; de&nbsp; Salud&nbsp; de&nbsp; Veracruz\u00bb .<\/li>\n<\/ul>\n\n\n\n<ul class=\"wp-block-list has-medium-font-size\">\n<li><a href=\"https:\/\/www.ssaver.gob.mx\/adquisiciones\/licitaciones-2025\/por-invitacion-a-cuando-menos-3-proveedores-2025\/invitacion-a-cuando-menos-3-proveedores-ictp-103t00000-001-020-2025\/invitacion-a-cuando-menos-3-proveedores-ictp-103t00000-018-2025\/\" target=\"_blank\" rel=\"noreferrer noopener\">Invitaci\u00f3n a cuando menos 3 proveedores&nbsp;ICTP&nbsp;-103T00000-018-2025<\/a><br>Relativa&nbsp; a&nbsp; la&nbsp; Contrataci\u00f3n&nbsp; Abierta&nbsp; del \u00abServicio&nbsp; de&nbsp; Dispersi\u00f3n para&nbsp; el&nbsp; otorgamiento&nbsp; de&nbsp; la&nbsp; medida&nbsp; de&nbsp; Fin&nbsp; de A\u00f1o&nbsp; a trav\u00e9s&nbsp; de&nbsp; Tarjetas&nbsp; Electr\u00f3nicas&nbsp; con&nbsp; Chip\u00bb.<\/li>\n<\/ul>\n\n\n\n<ul class=\"wp-block-list has-medium-font-size\">\n<li><a href=\"https:\/\/www.ssaver.gob.mx\/adquisiciones\/licitaciones-2025\/por-invitacion-a-cuando-menos-3-proveedores-2025\/invitacion-a-cuando-menos-3-proveedores-ictp-103t00000-001-020-2025\/invitacion-a-cuando-menos-3-proveedores-ictp-103t00000-017-2025\/\" target=\"_blank\" rel=\"noreferrer noopener\">Invitaci\u00f3n a cuando menos 3 proveedores&nbsp;ICTP&nbsp;-103T00000-017-2025<\/a><br>Adquisici\u00f3n&nbsp; de&nbsp; Insumos&nbsp; para&nbsp; el&nbsp; Programa&nbsp; M\u00e9dico Amigo,&nbsp; requerido&nbsp; por&nbsp; la&nbsp; Direcci\u00f3n&nbsp; de&nbsp; Atenci\u00f3n M\u00e9dica&nbsp; para&nbsp; los&nbsp; diversos&nbsp; Programas correspondientes&nbsp; a&nbsp; la&nbsp; Subdirecci\u00f3n&nbsp; de Prevenci\u00f3n&nbsp; y&nbsp; Control&nbsp; de&nbsp; Enfermedades&nbsp; de&nbsp; la Direcci\u00f3n&nbsp; de Salud&nbsp; P\u00fablica.<\/li>\n<\/ul>\n\n\n\n<ul class=\"wp-block-list has-medium-font-size\">\n<li><a href=\"https:\/\/www.ssaver.gob.mx\/adquisiciones\/licitaciones-2025\/por-invitacion-a-cuando-menos-3-proveedores-2025\/invitacion-a-cuando-menos-3-proveedores-ictp-103t00000-001-020-2025\/invitacion-a-cuando-menos-3-proveedores-ictp-103t00000-016-2025\/\" target=\"_blank\" rel=\"noreferrer noopener\">Invitaci\u00f3n a cuando menos 3 proveedores&nbsp;ICTP&nbsp;-103T00000-016-2025<\/a><br>Relativa&nbsp; a&nbsp; la&nbsp; contrataci\u00f3n&nbsp; del \u00abServicio&nbsp; Subrogado&nbsp; de&nbsp; Limpieza&nbsp; de&nbsp; Cisternas de&nbsp; la&nbsp; &#8216;Red&nbsp; Hospitalaria&nbsp; de&nbsp; Servicios&nbsp; de&nbsp; Salud de Veracruz\u00bb.<\/li>\n<\/ul>\n\n\n\n<ul class=\"wp-block-list has-medium-font-size\">\n<li><a href=\"https:\/\/www.ssaver.gob.mx\/adquisiciones\/licitaciones-2025\/por-invitacion-a-cuando-menos-3-proveedores-2025\/invitacion-a-cuando-menos-3-proveedores-ictp-103t00000-001-020-2025\/invitacion-a-cuando-menos-3-proveedores-ictp-103t00000-015-2025\/\" target=\"_blank\" rel=\"noreferrer noopener\">Invitaci\u00f3n a cuando menos 3 proveedores&nbsp;ICTP&nbsp;-103T00000-015-2025<\/a><br>Relativa&nbsp; a&nbsp; la&nbsp; Adquisici\u00f3n&nbsp; de&nbsp; \u00abMateriales, Refacciones,&nbsp; Accesorios&nbsp; y&nbsp; Herramientas&nbsp; para realizar&nbsp; mantenimiento&nbsp; preventivo&nbsp; y&nbsp; correctivo en&nbsp; edificios,&nbsp; as\u00ed&nbsp; como&nbsp; a&nbsp; los&nbsp; equipos&nbsp; de&nbsp; aire acondicionado&nbsp; en&nbsp; unidades&nbsp; pertenecientes&nbsp; a SESVER\u00bb.<\/li>\n<\/ul>\n\n\n\n<ul class=\"wp-block-list has-medium-font-size\">\n<li><a href=\"https:\/\/www.ssaver.gob.mx\/adquisiciones\/licitaciones-2025\/por-invitacion-a-cuando-menos-3-proveedores-2025\/invitacion-a-cuando-menos-3-proveedores-ictp-103t00000-001-020-2025\/invitacion-a-cuando-menos-3-proveedores-ictp-103t00000-014-2025\/\" target=\"_blank\" rel=\"noreferrer noopener\">Invitaci\u00f3n a cuando menos 3 proveedores&nbsp;ICTP&nbsp;-103T00000-014-2025<\/a><br>Adquisici\u00f3n&nbsp; de&nbsp; impresiones&nbsp; de&nbsp; documentos&nbsp; oficiales&nbsp; del programa&nbsp; de&nbsp; indicadores&nbsp; de&nbsp; calidad&nbsp; en&nbsp; salud&nbsp; (indicas&nbsp; 11), asi&nbsp; como&nbsp; la&nbsp; impresi\u00f3n&nbsp; de&nbsp; carteles&nbsp; y&nbsp; elaboraci\u00f3n&nbsp; del material&nbsp; para&nbsp; los&nbsp; programas&nbsp; de&nbsp; seguridad&nbsp; del&nbsp; paciente, c\u00f3digos&nbsp; de&nbsp; \u00e9tica,&nbsp; sistema&nbsp; unificado&nbsp; de&nbsp; gesti\u00f3n&nbsp; (SUG),&nbsp; aval ciudadano,&nbsp; modelo&nbsp; de&nbsp; evaluaci\u00f3n&nbsp; del&nbsp; expediente&nbsp; cl\u00ednico integrado&nbsp; y&nbsp; de&nbsp; calidad&nbsp; (MECIC)&nbsp; y&nbsp; del&nbsp; comit\u00e9&nbsp; estatal&nbsp; de calidad&nbsp; en&nbsp; salud&nbsp; (CECAS)&nbsp; para&nbsp; dotar&nbsp; a&nbsp; los&nbsp; gestores&nbsp; (as) de&nbsp; calidad&nbsp; jurisdiccionales&nbsp; en&nbsp; las&nbsp; unidades&nbsp; m\u00e9dicas&nbsp; de primer&nbsp; nivel.<\/li>\n<\/ul>\n\n\n\n<ul class=\"wp-block-list has-medium-font-size\">\n<li><a href=\"https:\/\/www.ssaver.gob.mx\/adquisiciones\/licitaciones-2025\/por-invitacion-a-cuando-menos-3-proveedores-2025\/invitacion-a-cuando-menos-3-proveedores-ictp-103t00000-001-020-2025\/invitacion-a-cuando-menos-3-proveedores-ictp-103t00000-013-2025\/\" target=\"_blank\" rel=\"noreferrer noopener\">Invitaci\u00f3n a cuando menos 3 proveedores&nbsp;ICTP&nbsp;-103T00000-013-2025<\/a><br>Relativa&nbsp; a&nbsp; la \u00abAdquisici\u00f3n&nbsp; de&nbsp; Insumos&nbsp; y&nbsp; Productos&nbsp; de&nbsp; Limpieza&nbsp; para Diversas&nbsp; \u00c1reas&nbsp; pertenecientes&nbsp; a&nbsp; Servicios&nbsp; de&nbsp; Salud de&nbsp; Veracruz\u00bb<\/li>\n<\/ul>\n\n\n\n<ul class=\"wp-block-list has-medium-font-size\">\n<li><a href=\"https:\/\/www.ssaver.gob.mx\/adquisiciones\/licitaciones-2025\/por-invitacion-a-cuando-menos-3-proveedores-2025\/invitacion-a-cuando-menos-3-proveedores-ictp-103t00000-001-020-2025\/invitacion-a-cuando-menos-3-proveedores-ictp-103t00000-012-2025\/\" target=\"_blank\" rel=\"noreferrer noopener\">Invitaci\u00f3n a cuando menos 3 proveedores&nbsp;ICTP&nbsp;-103T00000-012-2025<\/a><br>Relativa&nbsp; a&nbsp; la renovaci\u00f3n&nbsp; de 1500&nbsp; Licencias&nbsp; de \u00abSistema de Prevenci\u00f3n,&nbsp; Detecci\u00f3n,&nbsp; Investigaci\u00f3n&nbsp; y respuesta unificadas,&nbsp; soluci\u00f3n&nbsp; basada&nbsp; en&nbsp; la&nbsp; Nube\u00bb<\/li>\n<\/ul>\n\n\n\n<ul class=\"wp-block-list has-medium-font-size\">\n<li><a href=\"https:\/\/www.ssaver.gob.mx\/adquisiciones\/licitaciones-2025\/por-invitacion-a-cuando-menos-3-proveedores-2025\/invitacion-a-cuando-menos-3-proveedores-ictp-103t00000-001-020-2025\/invitacion-a-cuando-menos-3-proveedores-ictp-103t00000-011-2025\/\" target=\"_blank\" rel=\"noreferrer noopener\">Invitaci\u00f3n a cuando menos 3 proveedores&nbsp;ICTP&nbsp;-103T00000-011-2025<\/a><br>Relativa&nbsp; a&nbsp; la&nbsp; Adquisici\u00f3n&nbsp; de Impresiones&nbsp; de&nbsp; Formatos&nbsp; del&nbsp; Sistema Nacional&nbsp; de&nbsp; Informaci\u00f3n&nbsp; B\u00e1sica&nbsp; en&nbsp; Materia de&nbsp; Salud&nbsp; (SINBA)<\/li>\n<\/ul>\n\n\n\n<ul class=\"wp-block-list has-medium-font-size\">\n<li><a href=\"https:\/\/www.ssaver.gob.mx\/adquisiciones\/licitaciones-2025\/por-invitacion-a-cuando-menos-3-proveedores-2025\/invitacion-a-cuando-menos-3-proveedores-ictp-103t00000-001-020-2025\/invitacion-a-cuando-menos-3-proveedores-ictp-103t00000-010-2025\/\" target=\"_blank\" rel=\"noreferrer noopener\">Invitaci\u00f3n a cuando menos 3 proveedores&nbsp;ICTP&nbsp;-103T00000-010-2025<\/a><br>Relativa&nbsp; a&nbsp; la&nbsp; Contrataci\u00f3n&nbsp; Abierta&nbsp; del \u00abServicio&nbsp; Subrogado&nbsp; de&nbsp; Recolecci\u00f3n,&nbsp; Transporte&nbsp; Externo, Tratamiento&nbsp; y&nbsp; Disposici\u00f3n&nbsp; Final&nbsp; de&nbsp; los&nbsp; Residuos&nbsp; Corrosivo,&nbsp; Reactivo, Explosivos,&nbsp; T\u00f3xico,&nbsp; Inflamable,&nbsp; Biol\u00f3gico&nbsp; (CRETIB).&nbsp; L\u00edquidos&nbsp; Cansados de&nbsp; Rayos&nbsp; X. Soluciones&nbsp; Gastadas&nbsp; de&nbsp; Labora&nbsp; Torio,&nbsp; Placas Radiogr\u00e1ficas&nbsp; usadas,&nbsp; L\u00e1mparas&nbsp; Fluorescentes&nbsp; y&nbsp; de Vapor&nbsp; de Mercurio&nbsp; y&nbsp; Medicamentos&nbsp; Caducos&nbsp; Generados&nbsp; en&nbsp; las&nbsp; Unidades Aplicativas\u00bb<\/li>\n<\/ul>\n\n\n\n<ul class=\"wp-block-list has-medium-font-size\">\n<li><a href=\"https:\/\/www.ssaver.gob.mx\/adquisiciones\/licitaciones-2025\/por-invitacion-a-cuando-menos-3-proveedores-2025\/invitacion-a-cuando-menos-3-proveedores-ictp-103t00000-001-020-2025\/invitacion-a-cuando-menos-3-proveedores-ictp-103t00000-009-2025\/\" target=\"_blank\" rel=\"noreferrer noopener\">Invitaci\u00f3n a cuando menos 3 proveedores&nbsp;ICTP&nbsp;-103T00000-009-2025<\/a><br>Relativa&nbsp; a&nbsp; la&nbsp; Contrataci\u00f3n&nbsp; del \u00abServicio&nbsp; de&nbsp; Sesiones&nbsp; de&nbsp; Radioterapia&nbsp; para Pacientes&nbsp; del&nbsp; Centro&nbsp; Estatal&nbsp; de&nbsp; Cancerolog\u00eda \u00abDr.&nbsp; Miguel&nbsp; Dorantes&nbsp; Mesa\u00bb<\/li>\n<\/ul>\n\n\n\n<ul class=\"wp-block-list has-medium-font-size\">\n<li><a href=\"https:\/\/www.ssaver.gob.mx\/adquisiciones\/licitaciones-2025\/por-invitacion-a-cuando-menos-3-proveedores-2025\/invitacion-a-cuando-menos-3-proveedores-ictp-103t00000-001-020-2025\/invitacion-a-cuando-menos-3-proveedores-ictp-103t00000-008-2025\/\" target=\"_blank\" rel=\"noreferrer noopener\">Invitaci\u00f3n a cuando menos 3 proveedores&nbsp;ICTP&nbsp;-103T00000-008-2025<\/a><br>Relativa&nbsp; a&nbsp; la&nbsp; contrataci\u00f3n&nbsp; Abierta&nbsp; del \u00abServicio&nbsp; Subrogado&nbsp; de&nbsp; Alimentos&nbsp; y&nbsp; Bebidas para&nbsp; Servicios&nbsp; de&nbsp; Servicios&nbsp; de&nbsp; Veracruz\u00bb<\/li>\n<\/ul>\n\n\n\n<ul class=\"wp-block-list has-medium-font-size\">\n<li><a href=\"https:\/\/www.ssaver.gob.mx\/adquisiciones\/licitaciones-2025\/por-invitacion-a-cuando-menos-3-proveedores-2025\/invitacion-a-cuando-menos-3-proveedores-ictp-103t00000-001-020-2025\/invitacion-a-cuando-menos-3-proveedores-ictp-103t00000-007-2025\/\" target=\"_blank\" rel=\"noreferrer noopener\">Invitaci\u00f3n a cuando menos 3 proveedores&nbsp;ICTP&nbsp;-103T00000-007-2025<\/a><br>Relativa&nbsp; a la&nbsp; Contrataci\u00f3n&nbsp; Abierta&nbsp; del \u00abServicio&nbsp; Subrogado&nbsp; de&nbsp; Contrataci\u00f3n&nbsp; de&nbsp; Recolecci\u00f3n,&nbsp; Transporte Externo,&nbsp; Tratamiento&nbsp; y Disposici\u00f3n&nbsp; Final&nbsp; de&nbsp; Residuos&nbsp; Peligrosos Biol\u00f3gico&nbsp; Infecciosos,&nbsp; Recolecci\u00f3n&nbsp; de&nbsp; L\u00edquidos&nbsp; Cansados&nbsp; de&nbsp; Rayos&nbsp; X, Soluciones&nbsp; Gastadas&nbsp; de&nbsp; Laboratorio,&nbsp; Placas&nbsp; Radiogr\u00e1ficas&nbsp; Usadas, L\u00e1mparas&nbsp; Fluorescentes&nbsp; y&nbsp; de&nbsp; Vapor &nbsp;de&nbsp; Mercurio,&nbsp; Medicamentos Caducos&nbsp; y&nbsp; Personal&nbsp; de&nbsp; Recolecci\u00f3n&nbsp; Interna&nbsp; de&nbsp; los&nbsp; Residuos&nbsp; Peligrosos Generados&nbsp; en&nbsp; las&nbsp; Unidades&nbsp; de&nbsp; SESVER\u00bb<\/li>\n<\/ul>\n\n\n\n<ul class=\"wp-block-list has-medium-font-size\">\n<li><a href=\"https:\/\/www.ssaver.gob.mx\/adquisiciones\/licitaciones-2025\/por-invitacion-a-cuando-menos-3-proveedores-2025\/invitacion-a-cuando-menos-3-proveedores-ictp-103t00000-001-020-2025\/invitacion-a-cuando-menos-3-proveedores-ictp-103t00000-006-2025\/\" target=\"_blank\" rel=\"noreferrer noopener\">Invitaci\u00f3n a cuando menos 3 proveedores&nbsp;ICTP&nbsp;-103T00000-006-2025<\/a><br>Relativa a la Contrataci\u00f3n Abierta del \u00abServicio Subrogado de Lavander\u00eda para la Red Hospitalaria de Servicios de Salud de Veracruz, el Cual Comprende el Lavado y Suministro de Ropa\u00bb<\/li>\n<\/ul>\n\n\n\n<ul class=\"wp-block-list has-medium-font-size\">\n<li><a href=\"https:\/\/www.ssaver.gob.mx\/adquisiciones\/licitaciones-2025\/por-invitacion-a-cuando-menos-3-proveedores-2025\/invitacion-a-cuando-menos-3-proveedores-ictp-103t00000-001-020-2025\/invitacion-a-cuando-menos-3-proveedores-ictp-103t00000-005-2025\/\" target=\"_blank\" rel=\"noreferrer noopener\">Invitaci\u00f3n a cuando menos 3 proveedores&nbsp;ICTP&nbsp;-103T00000-005-2025<\/a><br>Relativa a la Contrataci\u00f3n Abierta del \u00abServicio Subrogado de Fotocopiado para Diversas Unidades Aplicativas de Servicios de Salud de Veracruz\u201d<\/li>\n<\/ul>\n\n\n\n<ul class=\"wp-block-list has-medium-font-size\">\n<li><a href=\"https:\/\/www.ssaver.gob.mx\/adquisiciones\/licitaciones-2025\/por-invitacion-a-cuando-menos-3-proveedores-2025\/invitacion-a-cuando-menos-3-proveedores-ictp-103t00000-001-020-2025\/invitacion-a-cuando-menos-3-proveedores-ictp-103t00000-004-2025\/\" target=\"_blank\" rel=\"noreferrer noopener\">Invitaci\u00f3n a cuando menos 3 proveedores&nbsp;ICTP&nbsp;-103T00000-004-2025<\/a><br>Relativa a la Contrataci\u00f3n Abierta del \u00abServicio Subrogado de Agua Purificada para \u00c1reas y Unidades Aplicativas Dependientes de Servicios de Salud de Veracruz\u00bb<\/li>\n<\/ul>\n\n\n\n<ul class=\"wp-block-list has-medium-font-size\">\n<li><a href=\"https:\/\/www.ssaver.gob.mx\/adquisiciones\/licitaciones-2025\/por-invitacion-a-cuando-menos-3-proveedores-2025\/invitacion-a-cuando-menos-3-proveedores-ictp-103t00000-001-020-2025\/invitacion-a-cuando-menos-3-proveedores-ictp-103t00000-003-2025\/\" target=\"_blank\" rel=\"noreferrer noopener\">Invitaci\u00f3n a cuando menos 3 proveedores&nbsp;ICTP&nbsp;-103T00000-003-2025<\/a><br>Relativa&nbsp; a la&nbsp; Adquisici\u00f3n&nbsp; de&nbsp; \u00abRenovaci\u00f3n&nbsp; de Licenciamiento&nbsp; de&nbsp; Firewall\u00bb, Requerido&nbsp; para&nbsp; la Seguridad&nbsp; Inform\u00e1tica&nbsp; de&nbsp; Servicios&nbsp; de&nbsp; Salud&nbsp; de Veracruz\u00bb.<\/li>\n<\/ul>\n\n\n\n<ul class=\"wp-block-list has-medium-font-size\">\n<li><a href=\"https:\/\/www.ssaver.gob.mx\/adquisiciones\/invitacion-a-cuando-menos-3-proveedores-ictp-103t00000-002-2025\/\" target=\"_blank\" rel=\"noreferrer noopener\">Invitaci\u00f3n a cuando menos 3 proveedores&nbsp;ICTP&nbsp;-103T00000-002-2025<\/a><br>Relativa&nbsp; a&nbsp; la&nbsp; Contrataci\u00f3n&nbsp; del \u00abServicio&nbsp; Subrogado&nbsp; de&nbsp; Transporte&nbsp; de Personal&nbsp; para&nbsp; el&nbsp; Laboratorio&nbsp; Estatal&nbsp; de Salud&nbsp; P\u00fablica\u00bb<\/li>\n<\/ul>\n\n\n\n<ul class=\"wp-block-list has-medium-font-size\">\n<li><a href=\"https:\/\/www.ssaver.gob.mx\/adquisiciones\/invitacion-a-cuando-menos-3-proveedores-ictp-103t00000-001-2025\/\" target=\"_blank\" rel=\"noreferrer noopener\">Invitaci\u00f3n a cuando menos 3 proveedores&nbsp;ICTP&nbsp;-103T00000-001-2025<\/a><br>Relativa&nbsp; a la&nbsp; Contrataci\u00f3n&nbsp; Abierta&nbsp; del \u00abServicio&nbsp; Subrogado&nbsp; de&nbsp; Mensajer\u00eda&nbsp; y&nbsp; Paqueter\u00eda Especializada&nbsp; en Oficina&nbsp; Central&nbsp; de&nbsp; Servicios&nbsp; de Salud&nbsp; de Veracruz\u00bb<\/li>\n<\/ul>\n<\/div>\n<\/div>\n\n\n\n<p><\/p>\n<\/div>\n","protected":false},"excerpt":{"rendered":"","protected":false},"author":6,"featured_media":0,"parent":10460,"menu_order":1,"comment_status":"closed","ping_status":"closed","template":"","meta":{"colormag_page_container_layout":"default_layout","colormag_page_sidebar_layout":"default_layout","footnotes":""},"class_list":["post-10633","page","type-page","status-publish","hentry"],"_links":{"self":[{"href":"https:\/\/www.ssaver.gob.mx\/adquisiciones\/wp-json\/wp\/v2\/pages\/10633","targetHints":{"allow":["GET"]}}],"collection":[{"href":"https:\/\/www.ssaver.gob.mx\/adquisiciones\/wp-json\/wp\/v2\/pages"}],"about":[{"href":"https:\/\/www.ssaver.gob.mx\/adquisiciones\/wp-json\/wp\/v2\/types\/page"}],"author":[{"embeddable":true,"href":"https:\/\/www.ssaver.gob.mx\/adquisiciones\/wp-json\/wp\/v2\/users\/6"}],"replies":[{"embeddable":true,"href":"https:\/\/www.ssaver.gob.mx\/adquisiciones\/wp-json\/wp\/v2\/comments?post=10633"}],"version-history":[{"count":21,"href":"https:\/\/www.ssaver.gob.mx\/adquisiciones\/wp-json\/wp\/v2\/pages\/10633\/revisions"}],"predecessor-version":[{"id":12101,"href":"https:\/\/www.ssaver.gob.mx\/adquisiciones\/wp-json\/wp\/v2\/pages\/10633\/revisions\/12101"}],"up":[{"embeddable":true,"href":"https:\/\/www.ssaver.gob.mx\/adquisiciones\/wp-json\/wp\/v2\/pages\/10460"}],"wp:attachment":[{"href":"https:\/\/www.ssaver.gob.mx\/adquisiciones\/wp-json\/wp\/v2\/media?parent=10633"}],"curies":[{"name":"wp","href":"https:\/\/api.w.org\/{rel}","templated":true}]}}