{"id":10665,"date":"2025-07-22T13:22:10","date_gmt":"2025-07-22T19:22:10","guid":{"rendered":"https:\/\/www.ssaver.gob.mx\/adquisiciones\/?page_id=10665"},"modified":"2026-03-31T12:06:18","modified_gmt":"2026-03-31T18:06:18","slug":"adjudicaciones-estatales-directas-por-excepcion-de-ley-061-080-de-2025","status":"publish","type":"page","link":"https:\/\/www.ssaver.gob.mx\/adquisiciones\/licitaciones-2025\/adjudicaciones-estatales-directas-por-excepcion-de-ley-2025\/adjudicaciones-estatales-directas-por-excepcion-de-ley-061-080-de-2025\/","title":{"rendered":"Adjudicaciones Estatales Directas por Excepci\u00f3n de Ley 061-080 de 2025"},"content":{"rendered":"\n<div class=\"wp-block-group is-layout-constrained wp-container-core-group-is-layout-9517baca wp-block-group-is-layout-constrained\">\n<hr class=\"wp-block-separator has-text-color has-alpha-channel-opacity has-background is-style-wide\" style=\"background-color:#d8bf31;color:#d8bf31\" \/>\n\n\n\n<div class=\"wp-block-columns is-layout-flex wp-container-core-columns-is-layout-28f84493 wp-block-columns-is-layout-flex\">\n<div class=\"wp-block-column has-background is-layout-flow wp-block-column-is-layout-flow\" style=\"background-color:#fff4e0;flex-basis:100%\">\n<p class=\"has-text-color has-background has-medium-font-size\" style=\"color:#5b4c0d;background-color:#fff4e0\"><strong><strong><strong>Contratos Adjudicados de acuerdo a la modalida<\/strong><\/strong>d<\/strong><\/p>\n\n\n\n<ul class=\"wp-block-list has-medium-font-size\">\n<li><strong><a href=\"https:\/\/www.ssaver.gob.mx\/adquisiciones\/wp-content\/uploads\/sites\/5\/2026\/02\/C-080-2025-VP_compressed.pdf\" target=\"_blank\" rel=\"noreferrer noopener\">2025-SESVER_DA_C-080-2025<\/a><\/strong><br>P\u00f3liza&nbsp; de&nbsp; Mantenimiento&nbsp; Preventivo&nbsp; y\/o Correctivo&nbsp; de&nbsp; 2 Tom\u00f3grafos&nbsp; de&nbsp; las Siguientes&nbsp; Unidades:&nbsp; Centro&nbsp; Estatal de&nbsp; Cancerolog\u00eda&nbsp; \u00abDr.&nbsp; Miguel&nbsp; Dorantes&nbsp; Mesa\u00bb&nbsp; y&nbsp; Hospital&nbsp; Regional&nbsp; de&nbsp; R\u00edo Blanco.<\/li>\n<\/ul>\n\n\n\n<ul class=\"wp-block-list has-medium-font-size\">\n<li><strong><a href=\"https:\/\/www.ssaver.gob.mx\/adquisiciones\/wp-content\/uploads\/sites\/5\/2026\/02\/C-079-2025-VP_compressed.pdf\" target=\"_blank\" rel=\"noreferrer noopener\">2025-SESVER_DA_C-079-2025<\/a><\/strong><br>Contrataci\u00f3n&nbsp; Abierta&nbsp; del&nbsp; Servicio&nbsp; Subrogado&nbsp; de&nbsp; Suministro&nbsp; de Gases&nbsp; Medicinales&nbsp; para&nbsp; el&nbsp; Laboratorio&nbsp; Estatal&nbsp; de&nbsp; Salud&nbsp; P\u00fablica perteneciente&nbsp; a&nbsp; Servicios&nbsp; de Salud&nbsp; de Veracruz.<\/li>\n<\/ul>\n\n\n\n<ul class=\"wp-block-list has-medium-font-size\">\n<li><strong><a href=\"https:\/\/www.ssaver.gob.mx\/adquisiciones\/wp-content\/uploads\/sites\/5\/2025\/11\/C-077-2025-AFECTADO-C.pdf\" target=\"_blank\" rel=\"noreferrer noopener\">2025-SESVER_DA_C-077-2025<\/a><\/strong><br>Contrataci\u00f3n Abierta del Servicio Subrogado de Recolecci\u00f3n, Transporte Externo, Tratamiento y Disposici\u00f3n Final de Residuos Peligrosos Biol\u00f3gico Infecciosos, Recolecci\u00f3n de L\u00edquidos Cansados de Rayos X, Soluciones Gastadas de Laboratorio, Placas Radiogr\u00e1ficas Usadas, L\u00e1mparas Fluorescentes y de Vapor de Mercurio, Medicamentos Caducos y Personal de Recolecci\u00f3n Interna de los Residuos Peligrosos Generados en las Unidades de SESVER.<\/li>\n<\/ul>\n\n\n\n<ul class=\"wp-block-list has-medium-font-size\">\n<li><strong><a href=\"https:\/\/www.ssaver.gob.mx\/adquisiciones\/wp-content\/uploads\/sites\/5\/2025\/11\/C-076-2025-AFECTADO-C.pdf\" target=\"_blank\" rel=\"noreferrer noopener\">2025-SESVER_DA_C-076-2025<\/a><\/strong><br>Contrataci\u00f3n Abierta del Servicio Subrogado de Combustible, a trav\u00e9s de Monederos Electr\u00f3nicos<\/li>\n<\/ul>\n\n\n\n<ul class=\"wp-block-list has-medium-font-size\">\n<li><strong><a href=\"https:\/\/www.ssaver.gob.mx\/adquisiciones\/wp-content\/uploads\/sites\/5\/2025\/10\/C-075-2025-VP_c.pdf\" target=\"_blank\" rel=\"noreferrer noopener\">2025-SESVER_DA_C-075-2025<\/a><\/strong><br>Contrataci\u00f3n Abierta del Servicio Subrogado de Combustible, a trav\u00e9s de TAGS.<\/li>\n<\/ul>\n\n\n\n<ul class=\"wp-block-list has-medium-font-size\">\n<li><strong><a href=\"https:\/\/www.ssaver.gob.mx\/adquisiciones\/wp-content\/uploads\/sites\/5\/2025\/10\/C-074-2025-VP_c.pdf\" target=\"_blank\" rel=\"noreferrer noopener\">2025-SESVER_DA_C-074-2025<\/a><\/strong><br>Adjudicaci\u00f3n&nbsp; directa&nbsp; derivada&nbsp; del&nbsp; proceso&nbsp; de invitaci\u00f3n&nbsp; a&nbsp; cuando&nbsp; menos&nbsp; tres&nbsp; proveedores&nbsp; N\u00aa&nbsp; ICTP\u00b7103T00000-002-2025. declarada&nbsp; desierta. Servicio Subrogado de Transporte de Personal para el Laboratorio Estatal de Salud P\u00fablica.<\/li>\n<\/ul>\n\n\n\n<ul class=\"wp-block-list has-medium-font-size\">\n<li><strong><a href=\"https:\/\/www.ssaver.gob.mx\/adquisiciones\/wp-content\/uploads\/sites\/5\/2026\/02\/C-073-2025-VP-OK_compressed.pdf\" target=\"_blank\" rel=\"noreferrer noopener\">2025-SESVER_DA_C-073-2025<\/a><\/strong><br>Servicio Subrogado de Vigilancia a Hospitales, Jurisdicciones Sanitarias, Centros de Salud, Almacenes, y Oficinas Centrales de Servicios de Salud de Veracruz, as\u00ed como de los Bienes Muebles e Inmuebles que forman parte de la Estructura, Dependientes de Servicios de Salud de Veracruz.<\/li>\n<\/ul>\n\n\n\n<ul class=\"wp-block-list has-medium-font-size\">\n<li><strong><a href=\"https:\/\/www.ssaver.gob.mx\/adquisiciones\/wp-content\/uploads\/sites\/5\/2026\/02\/C-072-2025-VP_compressed.pdf\" target=\"_blank\" rel=\"noreferrer noopener\">2025-SESVER_DA_C-072-2025<\/a><\/strong><br>Contrataci\u00f3n&nbsp; abierta&nbsp; del&nbsp; Servicio&nbsp; Subrogado&nbsp; de&nbsp; Dosimetr\u00eda&nbsp; para personal&nbsp; ocupacionalmente&nbsp; expuesto&nbsp; a&nbsp; Rayos&nbsp; X&nbsp; en&nbsp; diversas&nbsp; unidades hospitalarias&nbsp; de&nbsp; Servicios&nbsp; de&nbsp; Salud&nbsp; de&nbsp; Veracruz.<\/li>\n<\/ul>\n\n\n\n<ul class=\"wp-block-list has-medium-font-size\">\n<li><strong><a href=\"https:\/\/www.ssaver.gob.mx\/adquisiciones\/wp-content\/uploads\/sites\/5\/2025\/07\/C-068-2025-JURIDICO-VP_compressed.pdf\" target=\"_blank\" rel=\"noreferrer noopener\">2025-SESVER_DA_C-068-2025<\/a><\/strong><br>Materiales&nbsp; para&nbsp; la&nbsp; campa\u00f1a&nbsp; del&nbsp; D\u00eda Mundial&nbsp; de \u00abHigiene&nbsp; de Manos&nbsp; 2025\u00bb.<\/li>\n<\/ul>\n\n\n\n<ul class=\"wp-block-list has-medium-font-size\">\n<li><strong><a href=\"https:\/\/www.ssaver.gob.mx\/adquisiciones\/wp-content\/uploads\/sites\/5\/2025\/07\/C-067-2025-JURIDICO-VP_compressed.pdf\" target=\"_blank\" rel=\"noreferrer noopener\">2025-SESVER_DA_C-067-2025<\/a><\/strong><br>Medicamento&nbsp; Oncol\u00f3gico&nbsp; para&nbsp; el&nbsp; Centro&nbsp; Estatal&nbsp; de Cancerolog\u00eda&nbsp; \u00abDr.&nbsp; Miguel&nbsp; Dorantes&nbsp; Mesa\u00bb<\/li>\n<\/ul>\n\n\n\n<ul class=\"wp-block-list has-medium-font-size\">\n<li><strong><a href=\"https:\/\/www.ssaver.gob.mx\/adquisiciones\/wp-content\/uploads\/sites\/5\/2025\/07\/C-066-2025-JURIDICO-VP_compressed.pdf\" target=\"_blank\" rel=\"noreferrer noopener\">2025-SESVER_DA_C-066-2025<\/a><\/strong><br>Medicamento&nbsp; Oncol\u00f3gico&nbsp; para&nbsp; el&nbsp; Centro&nbsp; Estatal&nbsp; de Cancerolog\u00eda&nbsp; \u00abDr.&nbsp; Miguel&nbsp; Dorantes&nbsp; Mesa\u00bb<\/li>\n<\/ul>\n\n\n\n<ul class=\"wp-block-list has-medium-font-size\">\n<li><strong><a href=\"https:\/\/www.ssaver.gob.mx\/adquisiciones\/wp-content\/uploads\/sites\/5\/2025\/07\/C-065-2025-JURIDICO-VP_compressed.pdf\" target=\"_blank\" rel=\"noreferrer noopener\">2025-SESVER_DA_C-065-2025<\/a><\/strong><br>Medicamento&nbsp; Oncol\u00f3gico&nbsp; para&nbsp; el&nbsp; Centro&nbsp; Estatal&nbsp; de Cancerolog\u00eda&nbsp; \u00abDr.&nbsp; Miguel&nbsp; Dorantes&nbsp; Mesa\u00bb<\/li>\n<\/ul>\n\n\n\n<ul class=\"wp-block-list has-medium-font-size\">\n<li><strong><a href=\"https:\/\/www.ssaver.gob.mx\/adquisiciones\/wp-content\/uploads\/sites\/5\/2025\/07\/C-064-2025-JURIDICO-VP_compressed.pdf\" target=\"_blank\" rel=\"noreferrer noopener\">2025-SESVER_DA_C-064-2025<\/a><\/strong><br>Medicamento&nbsp; Oncol\u00f3gico&nbsp; para&nbsp; el&nbsp; Centro&nbsp; Estatal&nbsp; de Cancerolog\u00eda&nbsp; \u00abDr.&nbsp; Miguel&nbsp; Dorantes&nbsp; Mesa\u00bb<\/li>\n<\/ul>\n\n\n\n<ul class=\"wp-block-list has-medium-font-size\">\n<li><strong><a href=\"https:\/\/www.ssaver.gob.mx\/adquisiciones\/wp-content\/uploads\/sites\/5\/2025\/07\/C-063-2025-JURIDICO-VP_compressed.pdf\" target=\"_blank\" rel=\"noreferrer noopener\">2025-SESVER_DA_C-063-2025<\/a><\/strong><br>Medicamento&nbsp; Oncol\u00f3gico&nbsp; para&nbsp; el&nbsp; Centro&nbsp; Estatal&nbsp; de Cancerolog\u00eda&nbsp; \u00abDr.&nbsp; Miguel&nbsp; Dorantes&nbsp; Mesa\u00bb<\/li>\n<\/ul>\n\n\n\n<ul class=\"wp-block-list has-medium-font-size\">\n<li><strong><a href=\"https:\/\/www.ssaver.gob.mx\/adquisiciones\/wp-content\/uploads\/sites\/5\/2025\/07\/C-062-2025-JURIDICO-VP_compressed.pdf\" target=\"_blank\" rel=\"noreferrer noopener\">2025-SESVER_DA_C-062-2025<\/a><\/strong><br>Medicamento&nbsp; Oncol\u00f3gico&nbsp; para&nbsp; el&nbsp; Centro&nbsp; Estatal&nbsp; de Cancerolog\u00eda&nbsp; \u00abDr.&nbsp; Miguel&nbsp; Dorantes&nbsp; Mesa\u00bb<\/li>\n<\/ul>\n\n\n\n<ul class=\"wp-block-list has-medium-font-size\">\n<li><strong><a href=\"https:\/\/www.ssaver.gob.mx\/adquisiciones\/wp-content\/uploads\/sites\/5\/2025\/07\/C-061-2025-JURIDICO-VP_compressed.pdf\" target=\"_blank\" rel=\"noreferrer noopener\">2025-SESVER_DA_C-061-2025<\/a><\/strong><br>Medicamento&nbsp; Oncol\u00f3gico&nbsp; para&nbsp; el&nbsp; Centro&nbsp; Estatal&nbsp; de Cancerolog\u00eda&nbsp; \u00abDr.&nbsp; Miguel&nbsp; Dorantes&nbsp; Mesa\u00bb<\/li>\n<\/ul>\n<\/div>\n<\/div>\n\n\n\n<p><\/p>\n<\/div>\n","protected":false},"excerpt":{"rendered":"<p>Contratos Adjudicados de acuerdo a la modalidad<\/p>\n","protected":false},"author":6,"featured_media":0,"parent":10532,"menu_order":4,"comment_status":"closed","ping_status":"closed","template":"","meta":{"colormag_page_container_layout":"default_layout","colormag_page_sidebar_layout":"default_layout","footnotes":""},"class_list":["post-10665","page","type-page","status-publish","hentry"],"_links":{"self":[{"href":"https:\/\/www.ssaver.gob.mx\/adquisiciones\/wp-json\/wp\/v2\/pages\/10665","targetHints":{"allow":["GET"]}}],"collection":[{"href":"https:\/\/www.ssaver.gob.mx\/adquisiciones\/wp-json\/wp\/v2\/pages"}],"about":[{"href":"https:\/\/www.ssaver.gob.mx\/adquisiciones\/wp-json\/wp\/v2\/types\/page"}],"author":[{"embeddable":true,"href":"https:\/\/www.ssaver.gob.mx\/adquisiciones\/wp-json\/wp\/v2\/users\/6"}],"replies":[{"embeddable":true,"href":"https:\/\/www.ssaver.gob.mx\/adquisiciones\/wp-json\/wp\/v2\/comments?post=10665"}],"version-history":[{"count":25,"href":"https:\/\/www.ssaver.gob.mx\/adquisiciones\/wp-json\/wp\/v2\/pages\/10665\/revisions"}],"predecessor-version":[{"id":12095,"href":"https:\/\/www.ssaver.gob.mx\/adquisiciones\/wp-json\/wp\/v2\/pages\/10665\/revisions\/12095"}],"up":[{"embeddable":true,"href":"https:\/\/www.ssaver.gob.mx\/adquisiciones\/wp-json\/wp\/v2\/pages\/10532"}],"wp:attachment":[{"href":"https:\/\/www.ssaver.gob.mx\/adquisiciones\/wp-json\/wp\/v2\/media?parent=10665"}],"curies":[{"name":"wp","href":"https:\/\/api.w.org\/{rel}","templated":true}]}}