{"id":10766,"date":"2025-07-11T14:44:58","date_gmt":"2025-07-11T20:44:58","guid":{"rendered":"https:\/\/www.ssaver.gob.mx\/adquisiciones\/?page_id=10766"},"modified":"2026-03-31T12:10:45","modified_gmt":"2026-03-31T18:10:45","slug":"invitacion-a-cuando-menos-3-proveedores-ictp-103t00000-007-2025","status":"publish","type":"page","link":"https:\/\/www.ssaver.gob.mx\/adquisiciones\/licitaciones-2025\/por-invitacion-a-cuando-menos-3-proveedores-2025\/invitacion-a-cuando-menos-3-proveedores-ictp-103t00000-001-020-2025\/invitacion-a-cuando-menos-3-proveedores-ictp-103t00000-007-2025\/","title":{"rendered":"Invitaci\u00f3n a cuando menos 3 proveedores\u00a0ICTP\u00a0-103T00000-007-2025"},"content":{"rendered":"\n<div class=\"wp-block-group is-layout-constrained wp-container-core-group-is-layout-9517baca wp-block-group-is-layout-constrained\">\n<hr class=\"wp-block-separator aligncenter has-text-color has-alpha-channel-opacity has-background is-style-wide\" style=\"background-color:#d8bf31;color:#d8bf31\" \/>\n\n\n\n<ul style=\"background-color:#fff4e0\" class=\"wp-block-list has-background\">\n<li><strong>Relativa&nbsp; a la&nbsp; Contrataci\u00f3n&nbsp; Abierta&nbsp; del \u00abServicio&nbsp; Subrogado&nbsp; de&nbsp; Contrataci\u00f3n&nbsp; de&nbsp; Recolecci\u00f3n,&nbsp; Transporte Externo,&nbsp; Tratamiento&nbsp; y Disposici\u00f3n&nbsp; Final&nbsp; de&nbsp; Residuos&nbsp; Peligrosos Biol\u00f3gico&nbsp; Infecciosos,&nbsp; Recolecci\u00f3n&nbsp; de&nbsp; L\u00edquidos&nbsp; Cansados&nbsp; de&nbsp; Rayos&nbsp; X, Soluciones&nbsp; Gastadas&nbsp; de&nbsp; Laboratorio,&nbsp; Placas&nbsp; Radiogr\u00e1ficas&nbsp; Usadas, L\u00e1mparas&nbsp; Fluorescentes&nbsp; y&nbsp; de&nbsp; Vapor &nbsp;de&nbsp; Mercurio,&nbsp; Medicamentos Caducos&nbsp; y&nbsp; Personal&nbsp; de&nbsp; Recolecci\u00f3n&nbsp; Interna&nbsp; de&nbsp; los&nbsp; Residuos&nbsp; Peligrosos Generados&nbsp; en&nbsp; las&nbsp; Unidades&nbsp; de&nbsp; SESVER\u00bb<\/strong><\/li>\n<\/ul>\n\n\n\n<ul style=\"color:#5b4c0d;background-color:#fff4e0\" class=\"wp-block-list has-text-color has-background has-medium-font-size\">\n<li><a href=\"https:\/\/www.ssaver.gob.mx\/adquisiciones\/wp-content\/uploads\/sites\/5\/2025\/07\/Oficios-de-invitacion-ICTP-103T00000-007-2025_compressed.pdf\" target=\"_blank\" rel=\"noreferrer noopener\">Oficios de Invitaci\u00f3n<\/a><\/li>\n\n\n\n<li><a href=\"https:\/\/www.ssaver.gob.mx\/adquisiciones\/wp-content\/uploads\/sites\/5\/2025\/07\/BASES-Y-ANEXOS-ICTP-103T00000-007-2025_compressed.pdf\" target=\"_blank\" rel=\"noreferrer noopener\">Bases y Anexos<\/a><\/li>\n\n\n\n<li><a href=\"https:\/\/www.ssaver.gob.mx\/adquisiciones\/wp-content\/uploads\/sites\/5\/2025\/07\/Acta-de-apertura-de-proposiciones-ICTP-103T00000-007-2025_compressed.pdf\" target=\"_blank\" rel=\"noreferrer noopener\">Acta de apertura de proposiciones<\/a><\/li>\n<\/ul>\n\n\n\n<p><\/p>\n<\/div>\n","protected":false},"excerpt":{"rendered":"","protected":false},"author":6,"featured_media":0,"parent":10633,"menu_order":7,"comment_status":"closed","ping_status":"closed","template":"","meta":{"colormag_page_container_layout":"default_layout","colormag_page_sidebar_layout":"default_layout","footnotes":""},"class_list":["post-10766","page","type-page","status-publish","hentry"],"_links":{"self":[{"href":"https:\/\/www.ssaver.gob.mx\/adquisiciones\/wp-json\/wp\/v2\/pages\/10766","targetHints":{"allow":["GET"]}}],"collection":[{"href":"https:\/\/www.ssaver.gob.mx\/adquisiciones\/wp-json\/wp\/v2\/pages"}],"about":[{"href":"https:\/\/www.ssaver.gob.mx\/adquisiciones\/wp-json\/wp\/v2\/types\/page"}],"author":[{"embeddable":true,"href":"https:\/\/www.ssaver.gob.mx\/adquisiciones\/wp-json\/wp\/v2\/users\/6"}],"replies":[{"embeddable":true,"href":"https:\/\/www.ssaver.gob.mx\/adquisiciones\/wp-json\/wp\/v2\/comments?post=10766"}],"version-history":[{"count":2,"href":"https:\/\/www.ssaver.gob.mx\/adquisiciones\/wp-json\/wp\/v2\/pages\/10766\/revisions"}],"predecessor-version":[{"id":12108,"href":"https:\/\/www.ssaver.gob.mx\/adquisiciones\/wp-json\/wp\/v2\/pages\/10766\/revisions\/12108"}],"up":[{"embeddable":true,"href":"https:\/\/www.ssaver.gob.mx\/adquisiciones\/wp-json\/wp\/v2\/pages\/10633"}],"wp:attachment":[{"href":"https:\/\/www.ssaver.gob.mx\/adquisiciones\/wp-json\/wp\/v2\/media?parent=10766"}],"curies":[{"name":"wp","href":"https:\/\/api.w.org\/{rel}","templated":true}]}}