{"id":10927,"date":"2025-08-13T13:24:51","date_gmt":"2025-08-13T19:24:51","guid":{"rendered":"https:\/\/www.ssaver.gob.mx\/adquisiciones\/?page_id=10927"},"modified":"2026-03-31T12:11:57","modified_gmt":"2026-03-31T18:11:57","slug":"invitacion-a-cuando-menos-3-proveedores-ictp-103t00000-011-2025","status":"publish","type":"page","link":"https:\/\/www.ssaver.gob.mx\/adquisiciones\/licitaciones-2025\/por-invitacion-a-cuando-menos-3-proveedores-2025\/invitacion-a-cuando-menos-3-proveedores-ictp-103t00000-001-020-2025\/invitacion-a-cuando-menos-3-proveedores-ictp-103t00000-011-2025\/","title":{"rendered":"Invitaci\u00f3n a cuando menos 3 proveedores\u00a0ICTP\u00a0-103T00000-011-2025"},"content":{"rendered":"\n<div class=\"wp-block-group is-layout-constrained wp-container-core-group-is-layout-9517baca wp-block-group-is-layout-constrained\">\n<hr class=\"wp-block-separator aligncenter has-text-color has-alpha-channel-opacity has-background is-style-wide\" style=\"background-color:#d8bf31;color:#d8bf31\" \/>\n\n\n\n<ul style=\"background-color:#fff4e0\" class=\"wp-block-list has-background\">\n<li><strong>Relativa&nbsp; a&nbsp; la&nbsp; Adquisici\u00f3n&nbsp; de Impresiones&nbsp; de&nbsp; Formatos&nbsp; del&nbsp; Sistema Nacional&nbsp; de&nbsp; Informaci\u00f3n&nbsp; B\u00e1sica&nbsp; en&nbsp; Materia de&nbsp; Salud&nbsp; (SINBA)<\/strong><\/li>\n<\/ul>\n\n\n\n<ul style=\"color:#5b4c0d;background-color:#fff4e0\" class=\"wp-block-list has-text-color has-background has-medium-font-size\">\n<li><a href=\"https:\/\/www.ssaver.gob.mx\/adquisiciones\/wp-content\/uploads\/sites\/5\/2025\/08\/Oficios-de-invitacion-ICTP-103T00000-011-2025_compressed.pdf\" target=\"_blank\" rel=\"noreferrer noopener\">Oficios de Invitaci\u00f3n<\/a><\/li>\n\n\n\n<li><a href=\"https:\/\/www.ssaver.gob.mx\/adquisiciones\/wp-content\/uploads\/sites\/5\/2025\/08\/BASES-Y-ANEXOS-ICTP-103T00000-011-2025_compressed.pdf\" target=\"_blank\" rel=\"noreferrer noopener\">Bases y Anexos<\/a><\/li>\n\n\n\n<li><a href=\"https:\/\/www.ssaver.gob.mx\/adquisiciones\/wp-content\/uploads\/sites\/5\/2025\/08\/Acta-de-apertura-de-proposiciones-ICTP-103T00000-011-2025_compressed.pdf\" target=\"_blank\" rel=\"noreferrer noopener\">Acta de apertura de proposiciones<\/a><\/li>\n<\/ul>\n\n\n\n<p><\/p>\n<\/div>\n","protected":false},"excerpt":{"rendered":"","protected":false},"author":6,"featured_media":0,"parent":10633,"menu_order":11,"comment_status":"closed","ping_status":"closed","template":"","meta":{"colormag_page_container_layout":"default_layout","colormag_page_sidebar_layout":"default_layout","footnotes":""},"class_list":["post-10927","page","type-page","status-publish","hentry"],"_links":{"self":[{"href":"https:\/\/www.ssaver.gob.mx\/adquisiciones\/wp-json\/wp\/v2\/pages\/10927","targetHints":{"allow":["GET"]}}],"collection":[{"href":"https:\/\/www.ssaver.gob.mx\/adquisiciones\/wp-json\/wp\/v2\/pages"}],"about":[{"href":"https:\/\/www.ssaver.gob.mx\/adquisiciones\/wp-json\/wp\/v2\/types\/page"}],"author":[{"embeddable":true,"href":"https:\/\/www.ssaver.gob.mx\/adquisiciones\/wp-json\/wp\/v2\/users\/6"}],"replies":[{"embeddable":true,"href":"https:\/\/www.ssaver.gob.mx\/adquisiciones\/wp-json\/wp\/v2\/comments?post=10927"}],"version-history":[{"count":5,"href":"https:\/\/www.ssaver.gob.mx\/adquisiciones\/wp-json\/wp\/v2\/pages\/10927\/revisions"}],"predecessor-version":[{"id":12112,"href":"https:\/\/www.ssaver.gob.mx\/adquisiciones\/wp-json\/wp\/v2\/pages\/10927\/revisions\/12112"}],"up":[{"embeddable":true,"href":"https:\/\/www.ssaver.gob.mx\/adquisiciones\/wp-json\/wp\/v2\/pages\/10633"}],"wp:attachment":[{"href":"https:\/\/www.ssaver.gob.mx\/adquisiciones\/wp-json\/wp\/v2\/media?parent=10927"}],"curies":[{"name":"wp","href":"https:\/\/api.w.org\/{rel}","templated":true}]}}