{"id":10977,"date":"2025-08-18T10:55:39","date_gmt":"2025-08-18T16:55:39","guid":{"rendered":"https:\/\/www.ssaver.gob.mx\/adquisiciones\/?page_id=10977"},"modified":"2026-03-31T12:05:58","modified_gmt":"2026-03-31T18:05:58","slug":"adjudicaciones-estatales-directas-por-excepcion-de-ley-041-060-de-2025","status":"publish","type":"page","link":"https:\/\/www.ssaver.gob.mx\/adquisiciones\/licitaciones-2025\/adjudicaciones-estatales-directas-por-excepcion-de-ley-2025\/adjudicaciones-estatales-directas-por-excepcion-de-ley-041-060-de-2025\/","title":{"rendered":"Adjudicaciones Estatales Directas por Excepci\u00f3n de Ley 041-060 de 2025"},"content":{"rendered":"\n<div class=\"wp-block-group is-layout-constrained wp-container-core-group-is-layout-9517baca wp-block-group-is-layout-constrained\">\n<hr class=\"wp-block-separator has-text-color has-alpha-channel-opacity has-background is-style-wide\" style=\"background-color:#d8bf31;color:#d8bf31\" \/>\n\n\n\n<div class=\"wp-block-columns is-layout-flex wp-container-core-columns-is-layout-28f84493 wp-block-columns-is-layout-flex\">\n<div class=\"wp-block-column has-background is-layout-flow wp-block-column-is-layout-flow\" style=\"background-color:#fff4e0;flex-basis:100%\">\n<p class=\"has-text-color has-background has-medium-font-size\" style=\"color:#5b4c0d;background-color:#fff4e0\"><strong><strong><strong>Contratos Adjudicados de acuerdo a la modalida<\/strong><\/strong>d<\/strong><\/p>\n\n\n\n<ul class=\"wp-block-list has-medium-font-size\">\n<li><strong><a href=\"https:\/\/www.ssaver.gob.mx\/adquisiciones\/wp-content\/uploads\/sites\/5\/2025\/10\/C-057-2025-VP_c.pdf\" target=\"_blank\" rel=\"noreferrer noopener\">2025-SESVER_DA_C-057-2025<\/a><\/strong><br>Adquisici\u00f3n de Reactivos con Equipo en Comodato para la Realizaci\u00f3n de Pruebas para la Vigilancia Epidemiol\u00f3gica para el Proceso Anal\u00edtico Correspondiente a los Programas Estatales de Control de Vectores, VIH SIDA E ITS, Tuberculosis, Tosferina, Rub\u00e9ola, Sarampi\u00f3n, Rotavirus, Rabia, Leptospirosis y Brucelosis.<\/li>\n<\/ul>\n\n\n\n<ul class=\"wp-block-list has-medium-font-size\">\n<li><strong><a href=\"https:\/\/www.ssaver.gob.mx\/adquisiciones\/wp-content\/uploads\/sites\/5\/2025\/08\/C-056-2025-JURIDICO-VP_compressed.pdf\" target=\"_blank\" rel=\"noreferrer noopener\">2025-SESVER_DA_C-056-2025<\/a><\/strong><br>Contrataci\u00f3n&nbsp; Abierta&nbsp; del&nbsp; Servicio&nbsp; de&nbsp; Hemodinamia&nbsp; para&nbsp; Diversas Unidades&nbsp; Hospitalarias&nbsp; Pertenecientes&nbsp; a Servicios&nbsp; de Salud de Veracruz.<\/li>\n<\/ul>\n\n\n\n<ul class=\"wp-block-list has-medium-font-size\">\n<li><strong><a href=\"https:\/\/www.ssaver.gob.mx\/adquisiciones\/wp-content\/uploads\/sites\/5\/2026\/02\/C-054-2025-JURIDICO-VP_compressed.pdf\" target=\"_blank\" rel=\"noreferrer noopener\">2025-SESVER_DA_C-054-2025<\/a><\/strong><br>Servicio&nbsp; de&nbsp; Fletes&nbsp; y&nbsp; Maniobras,&nbsp; Carga&nbsp; y Descarga de&nbsp; Insumos&nbsp; M\u00e9dicos.<\/li>\n<\/ul>\n\n\n\n<ul class=\"wp-block-list has-medium-font-size\">\n<li><strong><a href=\"https:\/\/www.ssaver.gob.mx\/adquisiciones\/wp-content\/uploads\/sites\/5\/2026\/02\/C-053-2025-VP-OK_compressed.pdf\" target=\"_blank\" rel=\"noreferrer noopener\">2025-SESVER_DA_C-053-2025<\/a><\/strong><br>Servicio&nbsp; Subrogado&nbsp; de&nbsp; Vigilancia&nbsp; a&nbsp; Hospitales, Jurisdicciones Sanitarias, Centros de Salud, Almacenes, y&nbsp; Oficinas&nbsp; Centrales de Servicios&nbsp; de Salud &nbsp;de Veracruz, as\u00ed como de los&nbsp; Bienes Muebles e Inmuebles que forman&nbsp; parte&nbsp; de&nbsp; la&nbsp; Estructura&nbsp; dependientes&nbsp; de&nbsp; Servicios&nbsp; de&nbsp; Salud&nbsp; de Veracruz.<\/li>\n<\/ul>\n\n\n\n<ul class=\"wp-block-list has-medium-font-size\">\n<li><strong><a href=\"https:\/\/www.ssaver.gob.mx\/adquisiciones\/wp-content\/uploads\/sites\/5\/2025\/10\/C-050-2025-VP_c.pdf\" target=\"_blank\" rel=\"noreferrer noopener\">2025-SESVER_DA_C-050-2025<\/a><\/strong><br>Contrataci\u00f3n Abierta del Servicio Subrogado de Agua Purificada para \u00c1reas y Unidades Aplicativas Dependientes de Servicios de Salud de Veracruz.<\/li>\n<\/ul>\n\n\n\n<ul class=\"wp-block-list has-medium-font-size\">\n<li><strong><a href=\"https:\/\/www.ssaver.gob.mx\/adquisiciones\/wp-content\/uploads\/sites\/5\/2026\/02\/C-046-2025-VP_c.pdf\" target=\"_blank\" rel=\"noreferrer noopener\">2025-SESVER_DA_C-046-2025<\/a><\/strong><br>Contrataci\u00f3n Abierta del Servicio Subrogado de Recolecci\u00f3n, Transporte Externo, Tratamiento y Disposici\u00f3n Final de Residuos Peligrosos Biol\u00f3gico Infecciosos, Recolecci\u00f3n de L\u00edquidos Cansados de Rayos X, Soluciones Gastadas de Laboratorio, Placas Radiogr\u00e1ficas Usadas, L\u00e1mparas Fluorescentes y de Vapor de Mercurio, Medicamentos Caducos y Personal de Recolecci\u00f3n Interna de los Residuos Peligrosos Generados en las Unidades de SESVER.<\/li>\n<\/ul>\n\n\n\n<ul class=\"wp-block-list has-medium-font-size\">\n<li><strong><a href=\"https:\/\/www.ssaver.gob.mx\/adquisiciones\/wp-content\/uploads\/sites\/5\/2026\/02\/C-044-2025-VP_c.pdf\" target=\"_blank\" rel=\"noreferrer noopener\">2025-SESVER_DA_C-044-2025<\/a><\/strong><br>Contrataci\u00f3n Abierta del Suministro de Insumos para el Servicio de Terapia de Cierre Asistido por Vac\u00edo<\/li>\n<\/ul>\n\n\n\n<ul class=\"wp-block-list has-medium-font-size\">\n<li><strong><a href=\"https:\/\/www.ssaver.gob.mx\/adquisiciones\/wp-content\/uploads\/sites\/5\/2026\/02\/C-043-2025-VP_c.pdf\" target=\"_blank\" rel=\"noreferrer noopener\">2025-SESVER_DA_C-043-2025<\/a><\/strong><br>Contrataci\u00f3n Abierta del Servicio Subrogado de Lavander\u00eda para la Red Hospitalaria de Servicios de Salud de Veracruz, el cual comprende el Lavado y Suministro de Ropa.<\/li>\n<\/ul>\n\n\n\n<ul class=\"wp-block-list has-medium-font-size\">\n<li><strong><a href=\"https:\/\/www.ssaver.gob.mx\/adquisiciones\/wp-content\/uploads\/sites\/5\/2026\/02\/C-042-2025-JURIDICO_VP_compressed.pdf\" target=\"_blank\" rel=\"noreferrer noopener\">2025-SESVER_DA_C-042-2025<\/a><\/strong><br>Contrataci\u00f3n&nbsp; abierta&nbsp; del&nbsp; Servicio&nbsp; Subrogado&nbsp; de&nbsp; Fotocopiado&nbsp; para diversas&nbsp; unidades&nbsp; aplicativas&nbsp; de&nbsp; Servicios&nbsp; de&nbsp; Salud&nbsp; de&nbsp; Veracruz.<\/li>\n<\/ul>\n\n\n\n<ul class=\"wp-block-list has-medium-font-size\">\n<li><strong><a href=\"https:\/\/www.ssaver.gob.mx\/adquisiciones\/wp-content\/uploads\/sites\/5\/2025\/08\/C-041-2025-JURIDICO-VP_compressed.pdf\" target=\"_blank\" rel=\"noreferrer noopener\">2025-SESVER_DA_C-041-2025<\/a><\/strong><br>Contrataci\u00f3n&nbsp; Abierta&nbsp; del&nbsp; Servicio&nbsp; Subrogado&nbsp; de&nbsp; Alimentos&nbsp; y Bebidas&nbsp; para&nbsp; Servicios&nbsp; de&nbsp; Salud&nbsp; de&nbsp; Veracruz.<\/li>\n<\/ul>\n<\/div>\n<\/div>\n\n\n\n<p><\/p>\n<\/div>\n","protected":false},"excerpt":{"rendered":"<p>Contratos Adjudicados de acuerdo a la modalidad<\/p>\n","protected":false},"author":6,"featured_media":0,"parent":10532,"menu_order":3,"comment_status":"closed","ping_status":"closed","template":"","meta":{"colormag_page_container_layout":"default_layout","colormag_page_sidebar_layout":"default_layout","footnotes":""},"class_list":["post-10977","page","type-page","status-publish","hentry"],"_links":{"self":[{"href":"https:\/\/www.ssaver.gob.mx\/adquisiciones\/wp-json\/wp\/v2\/pages\/10977","targetHints":{"allow":["GET"]}}],"collection":[{"href":"https:\/\/www.ssaver.gob.mx\/adquisiciones\/wp-json\/wp\/v2\/pages"}],"about":[{"href":"https:\/\/www.ssaver.gob.mx\/adquisiciones\/wp-json\/wp\/v2\/types\/page"}],"author":[{"embeddable":true,"href":"https:\/\/www.ssaver.gob.mx\/adquisiciones\/wp-json\/wp\/v2\/users\/6"}],"replies":[{"embeddable":true,"href":"https:\/\/www.ssaver.gob.mx\/adquisiciones\/wp-json\/wp\/v2\/comments?post=10977"}],"version-history":[{"count":17,"href":"https:\/\/www.ssaver.gob.mx\/adquisiciones\/wp-json\/wp\/v2\/pages\/10977\/revisions"}],"predecessor-version":[{"id":12094,"href":"https:\/\/www.ssaver.gob.mx\/adquisiciones\/wp-json\/wp\/v2\/pages\/10977\/revisions\/12094"}],"up":[{"embeddable":true,"href":"https:\/\/www.ssaver.gob.mx\/adquisiciones\/wp-json\/wp\/v2\/pages\/10532"}],"wp:attachment":[{"href":"https:\/\/www.ssaver.gob.mx\/adquisiciones\/wp-json\/wp\/v2\/media?parent=10977"}],"curies":[{"name":"wp","href":"https:\/\/api.w.org\/{rel}","templated":true}]}}