{"id":11039,"date":"2025-10-14T18:20:38","date_gmt":"2025-10-15T00:20:38","guid":{"rendered":"https:\/\/www.ssaver.gob.mx\/adquisiciones\/?page_id=11039"},"modified":"2026-03-31T12:06:41","modified_gmt":"2026-03-31T18:06:41","slug":"adjudicaciones-estatales-directas-por-excepcion-de-ley-081-100-de-2025","status":"publish","type":"page","link":"https:\/\/www.ssaver.gob.mx\/adquisiciones\/licitaciones-2025\/adjudicaciones-estatales-directas-por-excepcion-de-ley-2025\/adjudicaciones-estatales-directas-por-excepcion-de-ley-081-100-de-2025\/","title":{"rendered":"Adjudicaciones Estatales Directas por Excepci\u00f3n de Ley 081-100 de 2025"},"content":{"rendered":"\n<div class=\"wp-block-group is-layout-constrained wp-container-core-group-is-layout-9517baca wp-block-group-is-layout-constrained\">\n<hr class=\"wp-block-separator has-text-color has-alpha-channel-opacity has-background is-style-wide\" style=\"background-color:#d8bf31;color:#d8bf31\" \/>\n\n\n\n<div class=\"wp-block-columns is-layout-flex wp-container-core-columns-is-layout-28f84493 wp-block-columns-is-layout-flex\">\n<div class=\"wp-block-column has-background is-layout-flow wp-block-column-is-layout-flow\" style=\"background-color:#fff4e0;flex-basis:100%\">\n<p class=\"has-text-color has-background has-medium-font-size\" style=\"color:#5b4c0d;background-color:#fff4e0\"><strong><strong><strong>Contratos Adjudicados de acuerdo a la modalida<\/strong><\/strong>d<\/strong><\/p>\n\n\n\n<ul class=\"wp-block-list has-medium-font-size\">\n<li><strong><a href=\"https:\/\/www.ssaver.gob.mx\/adquisiciones\/wp-content\/uploads\/sites\/5\/2026\/02\/C-100-2025-VP_compressed.pdf\" target=\"_blank\" rel=\"noreferrer noopener\">2025-SESVER_DA_C-100-2025<\/a><\/strong><br>Adquisici\u00f3n&nbsp; de&nbsp; Impresiones&nbsp; de&nbsp; formatos&nbsp; del&nbsp; Sistema Nacional&nbsp; de&nbsp; Informaci\u00f3n&nbsp; B\u00e1sica en Materia&nbsp; de&nbsp; Salud&nbsp; (SINBA).<\/li>\n<\/ul>\n\n\n\n<ul class=\"wp-block-list has-medium-font-size\">\n<li><strong><a href=\"https:\/\/www.ssaver.gob.mx\/adquisiciones\/wp-content\/uploads\/sites\/5\/2026\/02\/C-099-2025-VP_compressed.pdf\" target=\"_blank\" rel=\"noreferrer noopener\">2025-SESVER_DA_C-099-2025<\/a><\/strong><br>Adquisici\u00f3n&nbsp; de&nbsp; vacuna&nbsp; antirr\u00e1bica&nbsp; canina&nbsp; y&nbsp; felina.<\/li>\n<\/ul>\n\n\n\n<ul class=\"wp-block-list has-medium-font-size\">\n<li><strong><a href=\"https:\/\/www.ssaver.gob.mx\/adquisiciones\/wp-content\/uploads\/sites\/5\/2026\/02\/C-098-2025-VP_compressed.pdf\" target=\"_blank\" rel=\"noreferrer noopener\">2025-SESVER_DA_C-098-2025<\/a><\/strong><br>Servicio&nbsp; Subrogado&nbsp; de&nbsp; recarga&nbsp; de&nbsp; extintores para&nbsp; Servicios&nbsp; de Salud de Veracruz<\/li>\n<\/ul>\n\n\n\n<ul class=\"wp-block-list has-medium-font-size\">\n<li><strong><a href=\"https:\/\/www.ssaver.gob.mx\/adquisiciones\/wp-content\/uploads\/sites\/5\/2026\/02\/C-092-2025-VP_compressed.pdf\" target=\"_blank\" rel=\"noreferrer noopener\">2025-SESVER_DA_C-092-2025<\/a><\/strong><br>Servicio&nbsp; de&nbsp; Arrendamiento&nbsp; de&nbsp; equipo&nbsp; para&nbsp; las \u00e1reas&nbsp; de&nbsp; Imagenolog\u00eda&nbsp; para&nbsp; las&nbsp; Unidades&nbsp; Hospitalarias&nbsp; de&nbsp; SESVER.<\/li>\n<\/ul>\n\n\n\n<ul class=\"wp-block-list has-medium-font-size\">\n<li><strong><a href=\"https:\/\/www.ssaver.gob.mx\/adquisiciones\/wp-content\/uploads\/sites\/5\/2026\/02\/C-091-2025-VP-OK_compressed.pdf\" target=\"_blank\" rel=\"noreferrer noopener\">2025-SESVER_DA_C-091-2025<\/a><\/strong><br>Servicio&nbsp; de Arrendamiento&nbsp; de Equipo&nbsp; para&nbsp; las, \u00c1reas&nbsp; de&nbsp; Imagenologia&nbsp; para&nbsp; las Unidades&nbsp; Hospitalarias&nbsp; de SESVER.<\/li>\n<\/ul>\n\n\n\n<ul class=\"wp-block-list has-medium-font-size\">\n<li><strong><a href=\"https:\/\/www.ssaver.gob.mx\/adquisiciones\/wp-content\/uploads\/sites\/5\/2026\/02\/C-089-2025-VP_compressed.pdf\" target=\"_blank\" rel=\"noreferrer noopener\">2025-SESVER_DA_C-089-2025<\/a><\/strong><br>Contrataci\u00f3n&nbsp; Abierta&nbsp; del&nbsp; Suministro&nbsp; de&nbsp; Insumos&nbsp; para&nbsp; el&nbsp; Servicio&nbsp; de -Terapia&nbsp; de Cierre&nbsp; Asistido&nbsp; por Vac\u00edo.<\/li>\n<\/ul>\n\n\n\n<ul class=\"wp-block-list has-medium-font-size\">\n<li><strong><a href=\"https:\/\/www.ssaver.gob.mx\/adquisiciones\/wp-content\/uploads\/sites\/5\/2026\/02\/C-087-2025-VP_compressed.pdf\" target=\"_blank\" rel=\"noreferrer noopener\">2025-SESVER_DA_C-087-2025<\/a><\/strong><br>Contrataci\u00f3n&nbsp; abierta del&nbsp; servicio subrogado&nbsp; de lavander\u00eda&nbsp; para la Red Hospitalaria de servicios de Salud&nbsp; de&nbsp; Veracruz.&nbsp; el&nbsp; cual&nbsp; comprende&nbsp; el lavado&nbsp; y suministro&nbsp; de ropa, directa&nbsp; derivada&nbsp; del&nbsp; procedimiento&nbsp; de Invitaci\u00f3n&nbsp; a Cuando&nbsp; Menos&nbsp; Tres&nbsp; Proveedores&nbsp; N\u00ba ICTP\u00b7 103T00000-006-2025<\/li>\n<\/ul>\n\n\n\n<ul class=\"wp-block-list has-medium-font-size\">\n<li><strong><a href=\"https:\/\/www.ssaver.gob.mx\/adquisiciones\/wp-content\/uploads\/sites\/5\/2026\/02\/C-086-2025-VP_compressed.pdf\">2025-SESVER_DA_C-086-2025<\/a><\/strong><br>Contrataci\u00f3n&nbsp; Abierta&nbsp; del&nbsp; Servicio&nbsp; de&nbsp; Hemodinamia&nbsp; para&nbsp; Diversas Unidades&nbsp; Hospitalarias&nbsp; pertenecientes&nbsp; a Servicios&nbsp; de Salud&nbsp; de&nbsp; Veracruz.<\/li>\n<\/ul>\n\n\n\n<ul class=\"wp-block-list has-medium-font-size\">\n<li><strong><a href=\"https:\/\/www.ssaver.gob.mx\/adquisiciones\/wp-content\/uploads\/sites\/5\/2025\/10\/C-084-2025-VP_c.pdf\" target=\"_blank\" rel=\"noreferrer noopener\">2025-SESVER_DA_C-084-2025<\/a><\/strong><br>Adquisici\u00f3n de \u00bb Renovaci\u00f3n de Licenciamiento de Firewall\u00bb.<\/li>\n<\/ul>\n\n\n\n<ul class=\"wp-block-list has-medium-font-size\">\n<li><strong><a href=\"https:\/\/www.ssaver.gob.mx\/adquisiciones\/wp-content\/uploads\/sites\/5\/2025\/10\/C-081-2025-VP_c.pdf\" target=\"_blank\" rel=\"noreferrer noopener\">2025-SESVER_DA_C-081-2025<\/a><\/strong><br>Servicio&nbsp; Subrogado&nbsp; de&nbsp; Limpieza&nbsp; para&nbsp; Diversas Unidades&nbsp; Aplicativas&nbsp; dependientes&nbsp; de&nbsp; Servicios&nbsp; de&nbsp; Salud&nbsp; de Veracruz.<\/li>\n<\/ul>\n<\/div>\n<\/div>\n\n\n\n<p><\/p>\n<\/div>\n","protected":false},"excerpt":{"rendered":"<p>Contratos Adjudicados de acuerdo a la modalidad<\/p>\n","protected":false},"author":6,"featured_media":0,"parent":10532,"menu_order":5,"comment_status":"closed","ping_status":"closed","template":"","meta":{"colormag_page_container_layout":"default_layout","colormag_page_sidebar_layout":"default_layout","footnotes":""},"class_list":["post-11039","page","type-page","status-publish","hentry"],"_links":{"self":[{"href":"https:\/\/www.ssaver.gob.mx\/adquisiciones\/wp-json\/wp\/v2\/pages\/11039","targetHints":{"allow":["GET"]}}],"collection":[{"href":"https:\/\/www.ssaver.gob.mx\/adquisiciones\/wp-json\/wp\/v2\/pages"}],"about":[{"href":"https:\/\/www.ssaver.gob.mx\/adquisiciones\/wp-json\/wp\/v2\/types\/page"}],"author":[{"embeddable":true,"href":"https:\/\/www.ssaver.gob.mx\/adquisiciones\/wp-json\/wp\/v2\/users\/6"}],"replies":[{"embeddable":true,"href":"https:\/\/www.ssaver.gob.mx\/adquisiciones\/wp-json\/wp\/v2\/comments?post=11039"}],"version-history":[{"count":15,"href":"https:\/\/www.ssaver.gob.mx\/adquisiciones\/wp-json\/wp\/v2\/pages\/11039\/revisions"}],"predecessor-version":[{"id":12096,"href":"https:\/\/www.ssaver.gob.mx\/adquisiciones\/wp-json\/wp\/v2\/pages\/11039\/revisions\/12096"}],"up":[{"embeddable":true,"href":"https:\/\/www.ssaver.gob.mx\/adquisiciones\/wp-json\/wp\/v2\/pages\/10532"}],"wp:attachment":[{"href":"https:\/\/www.ssaver.gob.mx\/adquisiciones\/wp-json\/wp\/v2\/media?parent=11039"}],"curies":[{"name":"wp","href":"https:\/\/api.w.org\/{rel}","templated":true}]}}