{"id":11224,"date":"2026-01-20T18:52:26","date_gmt":"2026-01-21T00:52:26","guid":{"rendered":"https:\/\/www.ssaver.gob.mx\/adquisiciones\/?page_id=11224"},"modified":"2026-03-31T12:07:13","modified_gmt":"2026-03-31T18:07:13","slug":"adjudicaciones-estatales-directas-por-excepcion-de-ley-101-120-de-2025","status":"publish","type":"page","link":"https:\/\/www.ssaver.gob.mx\/adquisiciones\/licitaciones-2025\/adjudicaciones-estatales-directas-por-excepcion-de-ley-2025\/adjudicaciones-estatales-directas-por-excepcion-de-ley-101-120-de-2025\/","title":{"rendered":"Adjudicaciones Estatales Directas por Excepci\u00f3n de Ley 101-120 de 2025"},"content":{"rendered":"\n<div class=\"wp-block-group is-layout-constrained wp-container-core-group-is-layout-9517baca wp-block-group-is-layout-constrained\">\n<hr class=\"wp-block-separator has-text-color has-alpha-channel-opacity has-background is-style-wide\" style=\"background-color:#d8bf31;color:#d8bf31\" \/>\n\n\n\n<div class=\"wp-block-columns is-layout-flex wp-container-core-columns-is-layout-28f84493 wp-block-columns-is-layout-flex\">\n<div class=\"wp-block-column has-background is-layout-flow wp-block-column-is-layout-flow\" style=\"background-color:#fff4e0;flex-basis:100%\">\n<p class=\"has-text-color has-background has-medium-font-size\" style=\"color:#5b4c0d;background-color:#fff4e0\"><strong><strong><strong>Contratos Adjudicados de acuerdo a la modalida<\/strong><\/strong>d<\/strong><\/p>\n\n\n\n<ul class=\"wp-block-list has-medium-font-size\">\n<li><strong><a href=\"https:\/\/www.ssaver.gob.mx\/adquisiciones\/wp-content\/uploads\/sites\/5\/2026\/03\/C-120-2025-VP_compressed.pdf\" target=\"_blank\" rel=\"noreferrer noopener\">2025-SESVER_DA_C-120-2025<\/a><\/strong><br>\u00abAdquisici\u00f3n&nbsp; de 516&nbsp; Medallas&nbsp; con&nbsp; Estuche&nbsp; para las personas&nbsp; trabajadoras&nbsp; de Servicios&nbsp; de Salud&nbsp; de Veracruz,&nbsp; Relativa&nbsp; al \u00abPremio&nbsp; de Antig\u00fcedad&nbsp; 2025\u00bb.<\/li>\n<\/ul>\n\n\n\n<ul class=\"wp-block-list has-medium-font-size\">\n<li><strong><a href=\"https:\/\/www.ssaver.gob.mx\/adquisiciones\/wp-content\/uploads\/sites\/5\/2026\/02\/C-114-2025-VP_compressed.pdf\" target=\"_blank\" rel=\"noreferrer noopener\">2025-SESVER_DA_C-114-2025<\/a><\/strong><br>Contrataci\u00f3n&nbsp; abierta&nbsp; del&nbsp; Servicio&nbsp; integral&nbsp; de&nbsp; Estancia&nbsp; para&nbsp; el&nbsp; personal-que&nbsp; participa en&nbsp; la atenci\u00f3n&nbsp; de&nbsp; la zona&nbsp; de&nbsp; desastre&nbsp; por&nbsp; la&nbsp; ocurrencia&nbsp; de&nbsp; lluvia&nbsp; severa,&nbsp; inundaci\u00f3n pluvial e inundaci\u00f3n fluvial en el Estado de Veracruz.<\/li>\n<\/ul>\n\n\n\n<ul class=\"wp-block-list has-medium-font-size\">\n<li><strong><a href=\"https:\/\/www.ssaver.gob.mx\/adquisiciones\/wp-content\/uploads\/sites\/5\/2026\/02\/C-112-2025-VP_compressed.pdf\" target=\"_blank\" rel=\"noreferrer noopener\">2025-SESVER_DA_C-112-2025<\/a><\/strong><br>Adquisici\u00f3n de Materiales, Accesorios,&nbsp; Equipo&nbsp; y&nbsp; Suministros&nbsp; M\u00e9dicos&nbsp; y&nbsp; de Laboratorio&nbsp; para&nbsp; el&nbsp; Programa de&nbsp; Enfermedades Transmitidas &nbsp;por&nbsp; Vector,&nbsp; perteneciente&nbsp; a&nbsp; la &nbsp;Direcci\u00f3n&nbsp; de&nbsp; Salud&nbsp; Publica.<\/li>\n<\/ul>\n\n\n\n<ul class=\"wp-block-list has-medium-font-size\">\n<li><strong><a href=\"https:\/\/www.ssaver.gob.mx\/adquisiciones\/wp-content\/uploads\/sites\/5\/2026\/02\/C-110-2025-VP_compressed.pdf\" target=\"_blank\" rel=\"noreferrer noopener\">2025-SESVER_DA_C-110-2025<\/a><\/strong><br>Adquisici\u00f3n&nbsp; de&nbsp; Licencias&nbsp; de&nbsp; software&nbsp; ADOBE&nbsp; CREATIVE&nbsp; CLOUD,&nbsp; para&nbsp; el Departamento&nbsp; de Fomento&nbsp; Sanitario&nbsp; y Publicidad.<\/li>\n<\/ul>\n\n\n\n<ul class=\"wp-block-list has-medium-font-size\">\n<li><strong><a href=\"https:\/\/www.ssaver.gob.mx\/adquisiciones\/wp-content\/uploads\/sites\/5\/2026\/03\/C-104-2025-VP_compressed.pdf\" target=\"_blank\" rel=\"noreferrer noopener\">2025-SESVER_DA_C-104-2025<\/a><\/strong><br>Adquisici\u00f3n de Equipo M\u00e9dico y de Laboratorio para el Programa de Prevenci\u00f3n y Control de Enfermedades Transmitidas por Vector perteneciente a la Direcci\u00f3n de Salud P\u00fablica.<\/li>\n<\/ul>\n\n\n\n<ul class=\"wp-block-list has-medium-font-size\">\n<li><strong><a href=\"https:\/\/www.ssaver.gob.mx\/adquisiciones\/wp-content\/uploads\/sites\/5\/2026\/02\/C-103-2025-VP-OK_compressed.pdf\" target=\"_blank\" rel=\"noreferrer noopener\">2025-SESVER_DA_C-103-2025<\/a><\/strong><br>Servicio&nbsp; Subrogado&nbsp; de Vigilancia&nbsp; a&nbsp; Diversas Unidades&nbsp; Aplicativas&nbsp; Adscritas&nbsp; a&nbsp; Servicios&nbsp; de Salud&nbsp; de&nbsp; Veracruz.<\/li>\n<\/ul>\n\n\n\n<ul class=\"wp-block-list has-medium-font-size\">\n<li><strong><a href=\"https:\/\/www.ssaver.gob.mx\/adquisiciones\/wp-content\/uploads\/sites\/5\/2026\/02\/C-102-2025-VP_compressed.pdf\" target=\"_blank\" rel=\"noreferrer noopener\">2025-SESVER_DA_C-102-2025<\/a><\/strong><br>Contrato&nbsp; de Adhesi\u00f3n&nbsp; al&nbsp; Contrato&nbsp; Abierto&nbsp; No.&nbsp; 027&nbsp; Para&nbsp; El Suministro&nbsp; de&nbsp; Combustible&nbsp; para&nbsp; Diversas&nbsp; Dependencias&nbsp; y Entidades&nbsp; del Poder Ejecutivo&nbsp; del Estado&nbsp; de Veracruz.<\/li>\n<\/ul>\n\n\n\n<ul class=\"wp-block-list has-medium-font-size\">\n<li><strong><a href=\"https:\/\/www.ssaver.gob.mx\/adquisiciones\/wp-content\/uploads\/sites\/5\/2026\/02\/C-101-2025-VP_compressed.pdf\" target=\"_blank\" rel=\"noreferrer noopener\">2025-SESVER_DA_C-101-2025<\/a><\/strong><br>Contrato &nbsp;de&nbsp; Adhesi\u00f3n&nbsp; al&nbsp; Contrato&nbsp; Abierto&nbsp; No.&nbsp; 028&nbsp; Para&nbsp; El Suministro&nbsp; de&nbsp; Combustible&nbsp; para&nbsp; Diversas&nbsp; Dependencias&nbsp; y Entidades&nbsp; del&nbsp; Poder&nbsp; Ejecutivo&nbsp; del&nbsp; Estado&nbsp; de Veracruz.<\/li>\n<\/ul>\n<\/div>\n<\/div>\n\n\n\n<p><\/p>\n<\/div>\n","protected":false},"excerpt":{"rendered":"<p>Contratos Adjudicados de acuerdo a la modalidad<\/p>\n","protected":false},"author":6,"featured_media":0,"parent":10532,"menu_order":6,"comment_status":"closed","ping_status":"closed","template":"","meta":{"colormag_page_container_layout":"default_layout","colormag_page_sidebar_layout":"default_layout","footnotes":""},"class_list":["post-11224","page","type-page","status-publish","hentry"],"_links":{"self":[{"href":"https:\/\/www.ssaver.gob.mx\/adquisiciones\/wp-json\/wp\/v2\/pages\/11224","targetHints":{"allow":["GET"]}}],"collection":[{"href":"https:\/\/www.ssaver.gob.mx\/adquisiciones\/wp-json\/wp\/v2\/pages"}],"about":[{"href":"https:\/\/www.ssaver.gob.mx\/adquisiciones\/wp-json\/wp\/v2\/types\/page"}],"author":[{"embeddable":true,"href":"https:\/\/www.ssaver.gob.mx\/adquisiciones\/wp-json\/wp\/v2\/users\/6"}],"replies":[{"embeddable":true,"href":"https:\/\/www.ssaver.gob.mx\/adquisiciones\/wp-json\/wp\/v2\/comments?post=11224"}],"version-history":[{"count":14,"href":"https:\/\/www.ssaver.gob.mx\/adquisiciones\/wp-json\/wp\/v2\/pages\/11224\/revisions"}],"predecessor-version":[{"id":12097,"href":"https:\/\/www.ssaver.gob.mx\/adquisiciones\/wp-json\/wp\/v2\/pages\/11224\/revisions\/12097"}],"up":[{"embeddable":true,"href":"https:\/\/www.ssaver.gob.mx\/adquisiciones\/wp-json\/wp\/v2\/pages\/10532"}],"wp:attachment":[{"href":"https:\/\/www.ssaver.gob.mx\/adquisiciones\/wp-json\/wp\/v2\/media?parent=11224"}],"curies":[{"name":"wp","href":"https:\/\/api.w.org\/{rel}","templated":true}]}}