{"id":11232,"date":"2025-11-26T12:16:27","date_gmt":"2025-11-26T18:16:27","guid":{"rendered":"https:\/\/www.ssaver.gob.mx\/adquisiciones\/?page_id=11232"},"modified":"2026-03-31T12:12:55","modified_gmt":"2026-03-31T18:12:55","slug":"invitacion-a-cuando-menos-3-proveedores-ictp-103t00000-014-2025","status":"publish","type":"page","link":"https:\/\/www.ssaver.gob.mx\/adquisiciones\/licitaciones-2025\/por-invitacion-a-cuando-menos-3-proveedores-2025\/invitacion-a-cuando-menos-3-proveedores-ictp-103t00000-001-020-2025\/invitacion-a-cuando-menos-3-proveedores-ictp-103t00000-014-2025\/","title":{"rendered":"Invitaci\u00f3n a cuando menos 3 proveedores\u00a0ICTP\u00a0-103T00000-014-2025"},"content":{"rendered":"\n<div class=\"wp-block-group is-layout-constrained wp-container-core-group-is-layout-9517baca wp-block-group-is-layout-constrained\">\n<hr class=\"wp-block-separator aligncenter has-text-color has-alpha-channel-opacity has-background is-style-wide\" style=\"background-color:#d8bf31;color:#d8bf31\" \/>\n\n\n\n<ul style=\"background-color:#fff4e0\" class=\"wp-block-list has-background\">\n<li><strong>Adquisici\u00f3n&nbsp; de&nbsp; impresiones&nbsp; de&nbsp; documentos&nbsp; oficiales&nbsp; del programa&nbsp; de&nbsp; indicadores&nbsp; de&nbsp; calidad&nbsp; en&nbsp; salud&nbsp; (indicas&nbsp; 11), asi&nbsp; como&nbsp; la&nbsp; impresi\u00f3n&nbsp; de&nbsp; carteles&nbsp; y&nbsp; elaboraci\u00f3n&nbsp; del material&nbsp; para&nbsp; los&nbsp; programas&nbsp; de&nbsp; seguridad&nbsp; del&nbsp; paciente, c\u00f3digos&nbsp; de&nbsp; \u00e9tica,&nbsp; sistema&nbsp; unificado&nbsp; de&nbsp; gesti\u00f3n&nbsp; (SUG),&nbsp; aval ciudadano,&nbsp; modelo&nbsp; de&nbsp; evaluaci\u00f3n&nbsp; del&nbsp; expediente&nbsp; cl\u00ednico integrado&nbsp; y&nbsp; de&nbsp; calidad&nbsp; (MECIC)&nbsp; y&nbsp; del&nbsp; comit\u00e9&nbsp; estatal&nbsp; de calidad&nbsp; en&nbsp; salud&nbsp; (CECAS)&nbsp; para&nbsp; dotar&nbsp; a&nbsp; los&nbsp; gestores&nbsp; (as) de&nbsp; calidad&nbsp; jurisdiccionales&nbsp; en&nbsp; las&nbsp; unidades&nbsp; m\u00e9dicas&nbsp; de primer&nbsp; nivel.<\/strong><\/li>\n<\/ul>\n\n\n\n<ul style=\"color:#5b4c0d;background-color:#fff4e0\" class=\"wp-block-list has-text-color has-background has-medium-font-size\">\n<li><a href=\"https:\/\/www.ssaver.gob.mx\/adquisiciones\/wp-content\/uploads\/sites\/5\/2025\/11\/Oficios-de-invitacion-ICTP-103T00000-014-2025_compressed.pdf\" target=\"_blank\" rel=\"noreferrer noopener\">Oficios de Invitaci\u00f3n<\/a><\/li>\n\n\n\n<li><a href=\"https:\/\/www.ssaver.gob.mx\/adquisiciones\/wp-content\/uploads\/sites\/5\/2025\/11\/BASES-Y-ANEXOS-ICTP-103T00000-014-2025_compressed.pdf\" target=\"_blank\" rel=\"noreferrer noopener\">Bases y Anexos<\/a><\/li>\n\n\n\n<li><a href=\"https:\/\/www.ssaver.gob.mx\/adquisiciones\/wp-content\/uploads\/sites\/5\/2025\/11\/Acta-de-apertura-de-proposiciones-ICTP-103T00000-014-2025_compressed.pdf\" target=\"_blank\" rel=\"noreferrer noopener\">Acta de apertura de proposiciones<\/a><\/li>\n\n\n\n<li><a href=\"https:\/\/www.ssaver.gob.mx\/adquisiciones\/wp-content\/uploads\/sites\/5\/2025\/12\/Dictamen-tecnico-economico-Acta-de-fallo-ICTP-103T00000-014-2025_compressed.pdf\" target=\"_blank\" rel=\"noreferrer noopener\">Dictamen t\u00e9cnico-econ\u00f3mico (Acta de fallo)<\/a><\/li>\n\n\n\n<li><a href=\"https:\/\/www.ssaver.gob.mx\/adquisiciones\/wp-content\/uploads\/sites\/5\/2026\/03\/C-118-2025-VP_compressed.pdf\" target=\"_blank\" rel=\"noreferrer noopener\">Contrato No. 118 de 2025<\/a><\/li>\n<\/ul>\n\n\n\n<p><\/p>\n<\/div>\n","protected":false},"excerpt":{"rendered":"","protected":false},"author":6,"featured_media":0,"parent":10633,"menu_order":14,"comment_status":"closed","ping_status":"closed","template":"","meta":{"colormag_page_container_layout":"default_layout","colormag_page_sidebar_layout":"default_layout","footnotes":""},"class_list":["post-11232","page","type-page","status-publish","hentry"],"_links":{"self":[{"href":"https:\/\/www.ssaver.gob.mx\/adquisiciones\/wp-json\/wp\/v2\/pages\/11232","targetHints":{"allow":["GET"]}}],"collection":[{"href":"https:\/\/www.ssaver.gob.mx\/adquisiciones\/wp-json\/wp\/v2\/pages"}],"about":[{"href":"https:\/\/www.ssaver.gob.mx\/adquisiciones\/wp-json\/wp\/v2\/types\/page"}],"author":[{"embeddable":true,"href":"https:\/\/www.ssaver.gob.mx\/adquisiciones\/wp-json\/wp\/v2\/users\/6"}],"replies":[{"embeddable":true,"href":"https:\/\/www.ssaver.gob.mx\/adquisiciones\/wp-json\/wp\/v2\/comments?post=11232"}],"version-history":[{"count":9,"href":"https:\/\/www.ssaver.gob.mx\/adquisiciones\/wp-json\/wp\/v2\/pages\/11232\/revisions"}],"predecessor-version":[{"id":12115,"href":"https:\/\/www.ssaver.gob.mx\/adquisiciones\/wp-json\/wp\/v2\/pages\/11232\/revisions\/12115"}],"up":[{"embeddable":true,"href":"https:\/\/www.ssaver.gob.mx\/adquisiciones\/wp-json\/wp\/v2\/pages\/10633"}],"wp:attachment":[{"href":"https:\/\/www.ssaver.gob.mx\/adquisiciones\/wp-json\/wp\/v2\/media?parent=11232"}],"curies":[{"name":"wp","href":"https:\/\/api.w.org\/{rel}","templated":true}]}}