{"id":11297,"date":"2025-12-09T11:30:33","date_gmt":"2025-12-09T17:30:33","guid":{"rendered":"https:\/\/www.ssaver.gob.mx\/adquisiciones\/?page_id=11297"},"modified":"2026-03-31T12:16:44","modified_gmt":"2026-03-31T18:16:44","slug":"invitacion-a-cuando-menos-3-proveedores-ictp-103t00000-017-2025","status":"publish","type":"page","link":"https:\/\/www.ssaver.gob.mx\/adquisiciones\/licitaciones-2025\/por-invitacion-a-cuando-menos-3-proveedores-2025\/invitacion-a-cuando-menos-3-proveedores-ictp-103t00000-001-020-2025\/invitacion-a-cuando-menos-3-proveedores-ictp-103t00000-017-2025\/","title":{"rendered":"Invitaci\u00f3n a cuando menos 3 proveedores\u00a0ICTP\u00a0-103T00000-017-2025"},"content":{"rendered":"\n<div class=\"wp-block-group is-layout-constrained wp-container-core-group-is-layout-9517baca wp-block-group-is-layout-constrained\">\n<hr class=\"wp-block-separator aligncenter has-text-color has-alpha-channel-opacity has-background is-style-wide\" style=\"background-color:#d8bf31;color:#d8bf31\" \/>\n\n\n\n<ul style=\"background-color:#fff4e0\" class=\"wp-block-list has-background\">\n<li><strong>Adquisici\u00f3n&nbsp; de&nbsp; Insumos&nbsp; para&nbsp; el&nbsp; Programa&nbsp; M\u00e9dico Amigo,&nbsp; requerido&nbsp; por&nbsp; la&nbsp; Direcci\u00f3n&nbsp; de&nbsp; Atenci\u00f3n M\u00e9dica&nbsp; para&nbsp; los&nbsp; diversos&nbsp; Programas correspondientes&nbsp; a&nbsp; la&nbsp; Subdirecci\u00f3n&nbsp; de Prevenci\u00f3n&nbsp; y&nbsp; Control&nbsp; de&nbsp; Enfermedades&nbsp; de&nbsp; la Direcci\u00f3n&nbsp; de Salud&nbsp; P\u00fablica.<\/strong><\/li>\n<\/ul>\n\n\n\n<ul style=\"color:#5b4c0d;background-color:#fff4e0\" class=\"wp-block-list has-text-color has-background has-medium-font-size\">\n<li><a href=\"https:\/\/www.ssaver.gob.mx\/adquisiciones\/wp-content\/uploads\/sites\/5\/2025\/12\/Oficios-de-invitacion-ICTP-103T00000-017-2025_compressed.pdf\" target=\"_blank\" rel=\"noreferrer noopener\">Oficios de Invitaci\u00f3n<\/a><\/li>\n\n\n\n<li><a href=\"https:\/\/www.ssaver.gob.mx\/adquisiciones\/wp-content\/uploads\/sites\/5\/2025\/12\/BASES-Y-ANEXOS-ICTP-103T00000-017-2025_compressed.pdf\" target=\"_blank\" rel=\"noreferrer noopener\">Bases y Anexos<\/a><\/li>\n\n\n\n<li><a href=\"https:\/\/www.ssaver.gob.mx\/adquisiciones\/wp-content\/uploads\/sites\/5\/2025\/12\/Acta-de-apertura-de-proposiciones-ICTP-103T00000-017-2025_compressed.pdf\" target=\"_blank\" rel=\"noreferrer noopener\">Acta de apertura de proposiciones<\/a><\/li>\n\n\n\n<li><a href=\"https:\/\/www.ssaver.gob.mx\/adquisiciones\/wp-content\/uploads\/sites\/5\/2025\/12\/Dictamen-tecnico-economico-Acta-de-fallo-ICTP-103T00000-017-2025_compressed.pdf\" target=\"_blank\" rel=\"noreferrer noopener\">Dictamen t\u00e9cnico-econ\u00f3mico (Acta de fallo)<\/a><\/li>\n\n\n\n<li>Contratos Nos. <a href=\"https:\/\/www.ssaver.gob.mx\/adquisiciones\/wp-content\/uploads\/sites\/5\/2026\/03\/C-123-2025-VP_compressed.pdf\" target=\"_blank\" rel=\"noreferrer noopener\">123<\/a>, <a href=\"https:\/\/www.ssaver.gob.mx\/adquisiciones\/wp-content\/uploads\/sites\/5\/2026\/03\/C-125-2025-VP_compressed.pdf\" target=\"_blank\" rel=\"noreferrer noopener\">125<\/a>, <a href=\"https:\/\/www.ssaver.gob.mx\/adquisiciones\/wp-content\/uploads\/sites\/5\/2026\/03\/C-126-2025-VP_compressed.pdf\" target=\"_blank\" rel=\"noreferrer noopener\">126<\/a>, <a href=\"https:\/\/www.ssaver.gob.mx\/adquisiciones\/wp-content\/uploads\/sites\/5\/2026\/03\/C-127-2025-VP_compressed.pdf\">127<\/a> y <a href=\"https:\/\/www.ssaver.gob.mx\/adquisiciones\/wp-content\/uploads\/sites\/5\/2026\/03\/C-128-2025-VP_compressed.pdf\" target=\"_blank\" rel=\"noreferrer noopener\">128<\/a> de 2025<\/li>\n<\/ul>\n\n\n\n<p><\/p>\n<\/div>\n","protected":false},"excerpt":{"rendered":"","protected":false},"author":6,"featured_media":0,"parent":10633,"menu_order":16,"comment_status":"closed","ping_status":"closed","template":"","meta":{"colormag_page_container_layout":"default_layout","colormag_page_sidebar_layout":"default_layout","footnotes":""},"class_list":["post-11297","page","type-page","status-publish","hentry"],"_links":{"self":[{"href":"https:\/\/www.ssaver.gob.mx\/adquisiciones\/wp-json\/wp\/v2\/pages\/11297","targetHints":{"allow":["GET"]}}],"collection":[{"href":"https:\/\/www.ssaver.gob.mx\/adquisiciones\/wp-json\/wp\/v2\/pages"}],"about":[{"href":"https:\/\/www.ssaver.gob.mx\/adquisiciones\/wp-json\/wp\/v2\/types\/page"}],"author":[{"embeddable":true,"href":"https:\/\/www.ssaver.gob.mx\/adquisiciones\/wp-json\/wp\/v2\/users\/6"}],"replies":[{"embeddable":true,"href":"https:\/\/www.ssaver.gob.mx\/adquisiciones\/wp-json\/wp\/v2\/comments?post=11297"}],"version-history":[{"count":5,"href":"https:\/\/www.ssaver.gob.mx\/adquisiciones\/wp-json\/wp\/v2\/pages\/11297\/revisions"}],"predecessor-version":[{"id":12118,"href":"https:\/\/www.ssaver.gob.mx\/adquisiciones\/wp-json\/wp\/v2\/pages\/11297\/revisions\/12118"}],"up":[{"embeddable":true,"href":"https:\/\/www.ssaver.gob.mx\/adquisiciones\/wp-json\/wp\/v2\/pages\/10633"}],"wp:attachment":[{"href":"https:\/\/www.ssaver.gob.mx\/adquisiciones\/wp-json\/wp\/v2\/media?parent=11297"}],"curies":[{"name":"wp","href":"https:\/\/api.w.org\/{rel}","templated":true}]}}