{"id":1149,"date":"2022-07-06T17:49:24","date_gmt":"2022-07-06T22:49:24","guid":{"rendered":"https:\/\/www.ssaver.gob.mx\/adquisiciones\/?page_id=1149"},"modified":"2026-03-27T12:05:34","modified_gmt":"2026-03-27T18:05:34","slug":"licitacion-simplificada-ls-103t00000-020-2022","status":"publish","type":"page","link":"https:\/\/www.ssaver.gob.mx\/adquisiciones\/licitaciones-2022\/licitaciones-simplificadas-2022\/001-020\/licitacion-simplificada-ls-103t00000-020-2022\/","title":{"rendered":"Licitaci\u00f3n Simplificada LS-103T00000-020-2022"},"content":{"rendered":"\n<div class=\"wp-block-group is-layout-constrained wp-container-core-group-is-layout-9517baca wp-block-group-is-layout-constrained\">\n<hr class=\"wp-block-separator has-text-color has-alpha-channel-opacity has-background is-style-wide\" style=\"background-color:#d8bf31;color:#d8bf31\" \/>\n\n\n\n<ul style=\"color:#5b4c0d;background-color:#fff4e0\" class=\"wp-block-list has-text-color has-background has-medium-font-size\">\n<li><strong>Relativa a la Adquisici\u00f3n de Term\u00f3metros y Ox\u00edmetros de Pulso para la Direcci\u00f3n de Atenci\u00f3n M\u00e9dica<\/strong>\n<ul class=\"wp-block-list\">\n<li><a href=\"https:\/\/www.ssaver.gob.mx\/adquisiciones\/wp-content\/uploads\/sites\/5\/2022\/07\/Oficios-de-invitacion-LS-103T00000-020-2022.pdf\" target=\"_blank\" rel=\"noreferrer noopener\">Oficios de Invitaci\u00f3n<\/a><\/li>\n\n\n\n<li><a href=\"https:\/\/www.ssaver.gob.mx\/adquisiciones\/wp-content\/uploads\/sites\/5\/2022\/07\/Bases-de-Participacion-y-Anexos-LS-103T00000-020-2022.pdf\" target=\"_blank\" rel=\"noreferrer noopener\">Bases y Anexos<\/a><\/li>\n\n\n\n<li><a href=\"https:\/\/www.ssaver.gob.mx\/adquisiciones\/wp-content\/uploads\/sites\/5\/2022\/07\/Reprogramacion-de-Fechas-de-Invitacion-LS-103T00000-020-2022.pdf\" target=\"_blank\" rel=\"noreferrer noopener\">Reprogramaci\u00f3n de Fechas de Invitaci\u00f3n<\/a><\/li>\n\n\n\n<li><a href=\"https:\/\/www.ssaver.gob.mx\/adquisiciones\/wp-content\/uploads\/sites\/5\/2022\/07\/Proposiciones-Tecnicas-y-Economicas-LS-103T00000-020-2022.pdf\" target=\"_blank\" rel=\"noreferrer noopener\">Acta de Apertura de Proposiciones<\/a><\/li>\n\n\n\n<li><a href=\"https:\/\/www.ssaver.gob.mx\/adquisiciones\/wp-content\/uploads\/sites\/5\/2022\/07\/Dictamen-Tecnico-y-Economico-Acta-de-Fallo-LS-103T00000-020-2022.pdf\" target=\"_blank\" rel=\"noreferrer noopener\">Dictamen T\u00e9cnico y Econ\u00f3mico (Acta de Fallo)<\/a><\/li>\n\n\n\n<li><a href=\"https:\/\/www.ssaver.gob.mx\/adquisiciones\/wp-content\/uploads\/sites\/5\/2022\/07\/Notificacion-de-Fallo-LS-103T00000-020-2022.pdf\" target=\"_blank\" rel=\"noreferrer noopener\">Notificaci\u00f3n de Fallo<\/a><\/li>\n\n\n\n<li>Contratos No.\u00a0<a href=\"https:\/\/www.ssaver.gob.mx\/adquisiciones\/wp-content\/uploads\/sites\/5\/2022\/08\/SESVER_DA_C-151_2022-AFECTADO-C.pdf\" target=\"_blank\" rel=\"noreferrer noopener\">151<\/a>\u00a0y\u00a0<a href=\"https:\/\/www.ssaver.gob.mx\/adquisiciones\/wp-content\/uploads\/sites\/5\/2022\/08\/SESVER_DA_C-152_2022-AFECTADO-C.pdf\" target=\"_blank\" rel=\"noreferrer noopener\">152<\/a>\u00a0de 2022<\/li>\n<\/ul>\n<\/li>\n<\/ul>\n<\/div>\n","protected":false},"excerpt":{"rendered":"","protected":false},"author":7,"featured_media":0,"parent":3696,"menu_order":20,"comment_status":"closed","ping_status":"closed","template":"","meta":{"colormag_page_container_layout":"default_layout","colormag_page_sidebar_layout":"default_layout","footnotes":""},"class_list":["post-1149","page","type-page","status-publish","hentry"],"_links":{"self":[{"href":"https:\/\/www.ssaver.gob.mx\/adquisiciones\/wp-json\/wp\/v2\/pages\/1149","targetHints":{"allow":["GET"]}}],"collection":[{"href":"https:\/\/www.ssaver.gob.mx\/adquisiciones\/wp-json\/wp\/v2\/pages"}],"about":[{"href":"https:\/\/www.ssaver.gob.mx\/adquisiciones\/wp-json\/wp\/v2\/types\/page"}],"author":[{"embeddable":true,"href":"https:\/\/www.ssaver.gob.mx\/adquisiciones\/wp-json\/wp\/v2\/users\/7"}],"replies":[{"embeddable":true,"href":"https:\/\/www.ssaver.gob.mx\/adquisiciones\/wp-json\/wp\/v2\/comments?post=1149"}],"version-history":[{"count":11,"href":"https:\/\/www.ssaver.gob.mx\/adquisiciones\/wp-json\/wp\/v2\/pages\/1149\/revisions"}],"predecessor-version":[{"id":11717,"href":"https:\/\/www.ssaver.gob.mx\/adquisiciones\/wp-json\/wp\/v2\/pages\/1149\/revisions\/11717"}],"up":[{"embeddable":true,"href":"https:\/\/www.ssaver.gob.mx\/adquisiciones\/wp-json\/wp\/v2\/pages\/3696"}],"wp:attachment":[{"href":"https:\/\/www.ssaver.gob.mx\/adquisiciones\/wp-json\/wp\/v2\/media?parent=1149"}],"curies":[{"name":"wp","href":"https:\/\/api.w.org\/{rel}","templated":true}]}}