{"id":11635,"date":"2026-03-13T12:42:39","date_gmt":"2026-03-13T18:42:39","guid":{"rendered":"https:\/\/www.ssaver.gob.mx\/adquisiciones\/?page_id=11635"},"modified":"2026-03-31T12:07:43","modified_gmt":"2026-03-31T18:07:43","slug":"adjudicaciones-estatales-directas-por-excepcion-de-ley-121-140-de-2025","status":"publish","type":"page","link":"https:\/\/www.ssaver.gob.mx\/adquisiciones\/licitaciones-2025\/adjudicaciones-estatales-directas-por-excepcion-de-ley-2025\/adjudicaciones-estatales-directas-por-excepcion-de-ley-121-140-de-2025\/","title":{"rendered":"Adjudicaciones Estatales Directas por Excepci\u00f3n de Ley 121-140 de 2025"},"content":{"rendered":"\n<div class=\"wp-block-group is-layout-constrained wp-container-core-group-is-layout-9517baca wp-block-group-is-layout-constrained\">\n<hr class=\"wp-block-separator has-text-color has-alpha-channel-opacity has-background is-style-wide\" style=\"background-color:#d8bf31;color:#d8bf31\" \/>\n\n\n\n<div class=\"wp-block-columns is-layout-flex wp-container-core-columns-is-layout-28f84493 wp-block-columns-is-layout-flex\">\n<div class=\"wp-block-column has-background is-layout-flow wp-block-column-is-layout-flow\" style=\"background-color:#fff4e0;flex-basis:100%\">\n<p class=\"has-text-color has-background has-medium-font-size\" style=\"color:#5b4c0d;background-color:#fff4e0\"><strong><strong><strong>Contratos Adjudicados de acuerdo a la modalida<\/strong><\/strong>d<\/strong><\/p>\n\n\n\n<ul class=\"wp-block-list has-medium-font-size\">\n<li><strong><a href=\"https:\/\/www.ssaver.gob.mx\/adquisiciones\/wp-content\/uploads\/sites\/5\/2026\/03\/C-132-2025-VP_compressed.pdf\" target=\"_blank\" rel=\"noreferrer noopener\">2025-SESVER_DA_C-132-2025<\/a><\/strong><br>Contrato&nbsp; de&nbsp; adhesi\u00f3n&nbsp; al&nbsp; contrato&nbsp; de&nbsp; adquisici\u00f3n&nbsp; de material&nbsp; el\u00e9ctrico&nbsp; y&nbsp; electr\u00f3nico,&nbsp; para&nbsp; diversas dependencias&nbsp; y&nbsp; entidades&nbsp; del&nbsp; poder&nbsp; ejecutivo&nbsp; del&nbsp; estado de&nbsp; Veracruz,&nbsp; que&nbsp; celebran&nbsp; por&nbsp; una&nbsp; parte&nbsp; el&nbsp; Gobierno&nbsp; del Estado&nbsp; de&nbsp; Veracruz&nbsp; de&nbsp; Ignacio&nbsp; de&nbsp; la&nbsp; llave,&nbsp; a&nbsp; trav\u00e9s&nbsp; del organismo&nbsp; p\u00fablico&nbsp; descentralizado&nbsp; Servicios&nbsp; de &nbsp;Salud&nbsp; de Veracruz.<\/li>\n<\/ul>\n\n\n\n<ul class=\"wp-block-list has-medium-font-size\">\n<li><strong><a href=\"https:\/\/www.ssaver.gob.mx\/adquisiciones\/wp-content\/uploads\/sites\/5\/2026\/03\/C-131-2025-VP_compressed.pdf\" target=\"_blank\" rel=\"noreferrer noopener\">2025-SESVER_DA_C-131-2025<\/a><\/strong><br>Contrato&nbsp; de&nbsp; adhesi\u00f3n&nbsp; al&nbsp; Contrato&nbsp; No.&nbsp; 13P-006&nbsp; de adquisici\u00f3n&nbsp; de&nbsp; pinturas,&nbsp; herramientas&nbsp; y&nbsp; accesorios&nbsp; para pintar&nbsp; que&nbsp; celebran&nbsp; por&nbsp; una&nbsp; parte&nbsp; el&nbsp; gobierno&nbsp; del&nbsp; estado de Veracruz&nbsp; de&nbsp; Ignacio&nbsp; de&nbsp; la&nbsp; llave,&nbsp; a&nbsp; trav\u00e9s&nbsp; del&nbsp; organismo p\u00fablico&nbsp; descentralizado&nbsp; Servicios&nbsp; de&nbsp; Salud&nbsp; de&nbsp; Veracruz.<\/li>\n<\/ul>\n\n\n\n<ul class=\"wp-block-list has-medium-font-size\">\n<li><strong><a href=\"https:\/\/www.ssaver.gob.mx\/adquisiciones\/wp-content\/uploads\/sites\/5\/2026\/03\/C-130-2025-VP_compressed.pdf\" target=\"_blank\" rel=\"noreferrer noopener\">2025-SESVER_DA_C-130-2025<\/a><\/strong><br>Contrato&nbsp; de&nbsp; adhesi\u00f3n&nbsp; al&nbsp; Contrato&nbsp; No.&nbsp; 13P-006&nbsp; de adquisici\u00f3n&nbsp; de&nbsp; pinturas,&nbsp; herramientas&nbsp; y&nbsp; accesorios&nbsp; para pintar&nbsp; que&nbsp; celebran&nbsp; por&nbsp; una&nbsp; parte&nbsp; el&nbsp; gobierno&nbsp; del&nbsp; estado de Veracruz&nbsp; de&nbsp; Ignacio&nbsp; de&nbsp; la&nbsp; llave,&nbsp; a&nbsp; trav\u00e9s&nbsp; del&nbsp; organismo p\u00fablico&nbsp; descentralizado&nbsp; Servicios&nbsp; de&nbsp; Salud&nbsp; de&nbsp; Veracruz.<\/li>\n<\/ul>\n<\/div>\n<\/div>\n\n\n\n<p><\/p>\n<\/div>\n","protected":false},"excerpt":{"rendered":"<p>Contratos Adjudicados de acuerdo a la modalidad<\/p>\n","protected":false},"author":6,"featured_media":0,"parent":10532,"menu_order":7,"comment_status":"closed","ping_status":"closed","template":"","meta":{"colormag_page_container_layout":"default_layout","colormag_page_sidebar_layout":"default_layout","footnotes":""},"class_list":["post-11635","page","type-page","status-publish","hentry"],"_links":{"self":[{"href":"https:\/\/www.ssaver.gob.mx\/adquisiciones\/wp-json\/wp\/v2\/pages\/11635","targetHints":{"allow":["GET"]}}],"collection":[{"href":"https:\/\/www.ssaver.gob.mx\/adquisiciones\/wp-json\/wp\/v2\/pages"}],"about":[{"href":"https:\/\/www.ssaver.gob.mx\/adquisiciones\/wp-json\/wp\/v2\/types\/page"}],"author":[{"embeddable":true,"href":"https:\/\/www.ssaver.gob.mx\/adquisiciones\/wp-json\/wp\/v2\/users\/6"}],"replies":[{"embeddable":true,"href":"https:\/\/www.ssaver.gob.mx\/adquisiciones\/wp-json\/wp\/v2\/comments?post=11635"}],"version-history":[{"count":4,"href":"https:\/\/www.ssaver.gob.mx\/adquisiciones\/wp-json\/wp\/v2\/pages\/11635\/revisions"}],"predecessor-version":[{"id":12098,"href":"https:\/\/www.ssaver.gob.mx\/adquisiciones\/wp-json\/wp\/v2\/pages\/11635\/revisions\/12098"}],"up":[{"embeddable":true,"href":"https:\/\/www.ssaver.gob.mx\/adquisiciones\/wp-json\/wp\/v2\/pages\/10532"}],"wp:attachment":[{"href":"https:\/\/www.ssaver.gob.mx\/adquisiciones\/wp-json\/wp\/v2\/media?parent=11635"}],"curies":[{"name":"wp","href":"https:\/\/api.w.org\/{rel}","templated":true}]}}