{"id":11645,"date":"2026-03-13T13:42:37","date_gmt":"2026-03-13T19:42:37","guid":{"rendered":"https:\/\/www.ssaver.gob.mx\/adquisiciones\/?page_id=11645"},"modified":"2026-03-31T12:07:58","modified_gmt":"2026-03-31T18:07:58","slug":"adjudicaciones-estatales-directas-por-excepcion-de-ley-121-140-de-2025-2","status":"publish","type":"page","link":"https:\/\/www.ssaver.gob.mx\/adquisiciones\/licitaciones-2025\/adjudicaciones-estatales-directas-por-excepcion-de-ley-2025\/adjudicaciones-estatales-directas-por-excepcion-de-ley-121-140-de-2025-2\/","title":{"rendered":"Adjudicaciones Estatales Directas por Excepci\u00f3n de Ley 141-160 de 2025"},"content":{"rendered":"\n<div class=\"wp-block-group is-layout-constrained wp-container-core-group-is-layout-9517baca wp-block-group-is-layout-constrained\">\n<hr class=\"wp-block-separator has-text-color has-alpha-channel-opacity has-background is-style-wide\" style=\"background-color:#d8bf31;color:#d8bf31\" \/>\n\n\n\n<div class=\"wp-block-columns is-layout-flex wp-container-core-columns-is-layout-28f84493 wp-block-columns-is-layout-flex\">\n<div class=\"wp-block-column has-background is-layout-flow wp-block-column-is-layout-flow\" style=\"background-color:#fff4e0;flex-basis:100%\">\n<p class=\"has-text-color has-background has-medium-font-size\" style=\"color:#5b4c0d;background-color:#fff4e0\"><strong><strong><strong>Contratos Adjudicados de acuerdo a la modalida<\/strong><\/strong>d<\/strong><\/p>\n\n\n\n<ul class=\"wp-block-list has-medium-font-size\">\n<li><strong><a href=\"https:\/\/www.ssaver.gob.mx\/adquisiciones\/wp-content\/uploads\/sites\/5\/2026\/03\/C-153-2025-VP_compressed.pdf\" target=\"_blank\" rel=\"noreferrer noopener\">2025-SESVER_DA_C-153-2025<\/a><\/strong><br>Servicio Especializado de Asesor\u00eda Integral en Seguridad y Protecci\u00f3n Radiol\u00f3gica de Instalaciones M\u00e9dicas que emplean Radiaci\u00f3n ionizante en el Centro Estatal de Cancerolog\u00eda Dr. Miguel Dorantes Mesa.<\/li>\n<\/ul>\n\n\n\n<ul class=\"wp-block-list has-medium-font-size\">\n<li><strong><a href=\"https:\/\/www.ssaver.gob.mx\/adquisiciones\/wp-content\/uploads\/sites\/5\/2026\/03\/C-152-2025-VP_compressed.pdf\" target=\"_blank\" rel=\"noreferrer noopener\">2025-SESVER_DA_C-152-2025<\/a><\/strong><br>Servicio&nbsp; de&nbsp; Mantenimiento&nbsp; Preventivo&nbsp; de Equipos&nbsp; y Calibraci\u00f3n&nbsp; de&nbsp; instrumentos&nbsp; de&nbsp; medici\u00f3n pertenecientes&nbsp; al&nbsp; Almac\u00e9n Estatal&nbsp; D.<\/li>\n<\/ul>\n<\/div>\n<\/div>\n\n\n\n<p><\/p>\n<\/div>\n","protected":false},"excerpt":{"rendered":"<p>Contratos Adjudicados de acuerdo a la modalidad<\/p>\n","protected":false},"author":6,"featured_media":0,"parent":10532,"menu_order":8,"comment_status":"closed","ping_status":"closed","template":"","meta":{"colormag_page_container_layout":"default_layout","colormag_page_sidebar_layout":"default_layout","footnotes":""},"class_list":["post-11645","page","type-page","status-publish","hentry"],"_links":{"self":[{"href":"https:\/\/www.ssaver.gob.mx\/adquisiciones\/wp-json\/wp\/v2\/pages\/11645","targetHints":{"allow":["GET"]}}],"collection":[{"href":"https:\/\/www.ssaver.gob.mx\/adquisiciones\/wp-json\/wp\/v2\/pages"}],"about":[{"href":"https:\/\/www.ssaver.gob.mx\/adquisiciones\/wp-json\/wp\/v2\/types\/page"}],"author":[{"embeddable":true,"href":"https:\/\/www.ssaver.gob.mx\/adquisiciones\/wp-json\/wp\/v2\/users\/6"}],"replies":[{"embeddable":true,"href":"https:\/\/www.ssaver.gob.mx\/adquisiciones\/wp-json\/wp\/v2\/comments?post=11645"}],"version-history":[{"count":4,"href":"https:\/\/www.ssaver.gob.mx\/adquisiciones\/wp-json\/wp\/v2\/pages\/11645\/revisions"}],"predecessor-version":[{"id":12099,"href":"https:\/\/www.ssaver.gob.mx\/adquisiciones\/wp-json\/wp\/v2\/pages\/11645\/revisions\/12099"}],"up":[{"embeddable":true,"href":"https:\/\/www.ssaver.gob.mx\/adquisiciones\/wp-json\/wp\/v2\/pages\/10532"}],"wp:attachment":[{"href":"https:\/\/www.ssaver.gob.mx\/adquisiciones\/wp-json\/wp\/v2\/media?parent=11645"}],"curies":[{"name":"wp","href":"https:\/\/api.w.org\/{rel}","templated":true}]}}