{"id":12290,"date":"2026-04-01T14:21:47","date_gmt":"2026-04-01T20:21:47","guid":{"rendered":"https:\/\/www.ssaver.gob.mx\/adquisiciones\/?page_id=12290"},"modified":"2026-04-24T18:22:46","modified_gmt":"2026-04-25T00:22:46","slug":"adjudicaciones-estatales-directas-por-excepcion-de-ley-001-020-de-2026","status":"publish","type":"page","link":"https:\/\/www.ssaver.gob.mx\/adquisiciones\/licitaciones-2026\/adjudicaciones-estatales-directas-por-excepcion-de-ley-2026\/adjudicaciones-estatales-directas-por-excepcion-de-ley-001-020-de-2026\/","title":{"rendered":"Adjudicaciones Estatales Directas por Excepci\u00f3n de Ley 001-020 de 2026"},"content":{"rendered":"\n<div class=\"wp-block-group is-layout-constrained wp-container-core-group-is-layout-9517baca wp-block-group-is-layout-constrained\">\n<hr class=\"wp-block-separator has-text-color has-alpha-channel-opacity has-background is-style-wide\" style=\"background-color:#d8bf31;color:#d8bf31\" \/>\n\n\n\n<div class=\"wp-block-columns is-layout-flex wp-container-core-columns-is-layout-28f84493 wp-block-columns-is-layout-flex\">\n<div class=\"wp-block-column has-background is-layout-flow wp-block-column-is-layout-flow\" style=\"background-color:#fff4e0;flex-basis:100%\">\n<p class=\"has-text-color has-background has-medium-font-size\" style=\"color:#5b4c0d;background-color:#fff4e0\"><strong><strong><strong>Contratos Adjudicados de acuerdo a la modalida<\/strong><\/strong>d<\/strong><\/p>\n\n\n\n<ul class=\"wp-block-list has-medium-font-size\">\n<li><strong><a href=\"https:\/\/www.ssaver.gob.mx\/adquisiciones\/wp-content\/uploads\/sites\/5\/2026\/04\/C-020-2026-VP_compressed.pdf\" target=\"_blank\" rel=\"noreferrer noopener\">2026-SESVER_DA_C-020-2026<\/a><\/strong><br>P\u00f3liza de Mantenimiento Preventivo y\/o Correctivo de 2 Tom\u00f3grafos&nbsp; de&nbsp; las&nbsp; Unidades&nbsp; Hospitalarias&nbsp; del&nbsp; Centro Estatal&nbsp; de&nbsp; Cancerolog\u00eda&nbsp; &#8216;Dr.&nbsp; Miguel&nbsp; Dorantes&nbsp; Mesa\u00bb&nbsp; y&nbsp; el&nbsp; Hospital Regional&nbsp; de&nbsp; Rio Blanco.<\/li>\n<\/ul>\n\n\n\n<ul class=\"wp-block-list has-medium-font-size\">\n<li><strong><a href=\"https:\/\/www.ssaver.gob.mx\/adquisiciones\/wp-content\/uploads\/sites\/5\/2026\/04\/C-015-2026-VP_compressed.pdf\" target=\"_blank\" rel=\"noreferrer noopener\">2026-SESVER_DA_C-015-2026<\/a><\/strong><br>Servicio&nbsp; Subrogado&nbsp; de&nbsp; Mensajer\u00eda&nbsp; y&nbsp; Paqueter\u00eda Especializada&nbsp; en&nbsp; Oficina Central&nbsp; de&nbsp; Servicios&nbsp; de&nbsp; Salud&nbsp; de&nbsp; Veracruz.<\/li>\n<\/ul>\n\n\n\n<ul class=\"wp-block-list has-medium-font-size\">\n<li><strong><a href=\"https:\/\/www.ssaver.gob.mx\/adquisiciones\/wp-content\/uploads\/sites\/5\/2026\/03\/C-014-2026-VP_compressed.pdf\" target=\"_blank\" rel=\"noreferrer noopener\">2026-SESVER_DA_C-014-2026<\/a><\/strong><br>Servicio&nbsp; Subrogado&nbsp; de Vigilancia&nbsp; a&nbsp; diversas Unidades&nbsp; Aplicativas&nbsp; adscritas&nbsp; a&nbsp; Servicios&nbsp; de&nbsp; Salud&nbsp; de&nbsp; Veracruz.<\/li>\n<\/ul>\n\n\n\n<ul class=\"wp-block-list has-medium-font-size\">\n<li><strong><a href=\"https:\/\/www.ssaver.gob.mx\/adquisiciones\/wp-content\/uploads\/sites\/5\/2026\/04\/C-013-2026-VP_compressed.pdf\" target=\"_blank\" rel=\"noreferrer noopener\">2026-SESVER_DA_C-013-2026<\/a><\/strong><br>Servicio Subrogado de Transporte de Personal para el Laboratorio Estatal de Salud P\u00fablica.<\/li>\n<\/ul>\n\n\n\n<ul class=\"wp-block-list has-medium-font-size\">\n<li><strong><a href=\"https:\/\/www.ssaver.gob.mx\/adquisiciones\/wp-content\/uploads\/sites\/5\/2026\/04\/C-012-2026-VP_compressed.pdf\" target=\"_blank\" rel=\"noreferrer noopener\">2026-SESVER_DA_C-012-2026<\/a><\/strong><br>Contrataci\u00f3n&nbsp; Abierta&nbsp; del&nbsp; Servicio&nbsp; Subrogado&nbsp; de&nbsp; Recolecci\u00f3n, Transporte&nbsp; Externo, &nbsp;Tratamiento &nbsp;y&nbsp; Disposici\u00f3n&nbsp; Final&nbsp; de&nbsp; Residuos Peligrosos&nbsp; Biol\u00f3gico&nbsp; Infecciosos,&nbsp; Recolecci\u00f3n&nbsp; de&nbsp; L\u00edquidos&nbsp; Cansados&nbsp; de Rayos&nbsp; X,&nbsp; Soluciones&nbsp; Gastadas&nbsp; de&nbsp; Laboratorio,&nbsp; Placas&nbsp; Radiogr\u00e1ficas Usadas,&nbsp; L\u00e1mparas&nbsp; Fluorescentes&nbsp; y&nbsp; de&nbsp; Vapor&nbsp; de&nbsp; Mercurio,&nbsp; Medicamentos Caducos&nbsp; y&nbsp; Personal&nbsp; de&nbsp; Recolecci\u00f3n&nbsp; Interna&nbsp; de&nbsp; los&nbsp; Residuos&nbsp; Peligrosos Generados&nbsp; en&nbsp; las&nbsp; Unidades&nbsp; de&nbsp; SESVER.<\/li>\n<\/ul>\n\n\n\n<ul class=\"wp-block-list has-medium-font-size\">\n<li><strong><a href=\"https:\/\/www.ssaver.gob.mx\/adquisiciones\/wp-content\/uploads\/sites\/5\/2026\/04\/C-010-2026-VP_compressed.pdf\" target=\"_blank\" rel=\"noreferrer noopener\">2026-SESVER_DA_C-010-2026<\/a><\/strong><br>Servicio&nbsp; Subrogado&nbsp; de&nbsp; Suministro&nbsp; de&nbsp; Gases&nbsp; Especiales&nbsp; para&nbsp; el Laboratorio&nbsp; Estatal&nbsp; de&nbsp; Salud&nbsp; P\u00fablica &nbsp;perteneciente&nbsp; a&nbsp; Servicios&nbsp; de&nbsp; Salud de Veracruz.<\/li>\n<\/ul>\n\n\n\n<ul class=\"wp-block-list has-medium-font-size\">\n<li><strong><a href=\"https:\/\/www.ssaver.gob.mx\/adquisiciones\/wp-content\/uploads\/sites\/5\/2026\/04\/C-009-2026-VP_compressed.pdf\" target=\"_blank\" rel=\"noreferrer noopener\">2026-SESVER_DA_C-009-2026<\/a><\/strong><br>Contrataci\u00f3n&nbsp; Abierta&nbsp; del&nbsp; Servicio&nbsp; Subrogado&nbsp; de&nbsp; Fotocopiado&nbsp; para Diversas&nbsp; Unidades&nbsp; Aplicativas&nbsp; de&nbsp; Servicios&nbsp; de Salud&nbsp; de Veracruz.<\/li>\n<\/ul>\n\n\n\n<ul class=\"wp-block-list has-medium-font-size\">\n<li><strong><a href=\"https:\/\/www.ssaver.gob.mx\/adquisiciones\/wp-content\/uploads\/sites\/5\/2026\/04\/C-008-2026-VP_compressed.pdf\" target=\"_blank\" rel=\"noreferrer noopener\">2026-SESVER_DA_C-008-2026<\/a><\/strong><br>Contrataci\u00f3n&nbsp; Abierta&nbsp; del&nbsp; Servicio&nbsp; Subrogado&nbsp; de&nbsp; Alimentos&nbsp; y&nbsp; Bebidas&nbsp; para Servicios&nbsp; de Salud&nbsp; de Veracruz.<\/li>\n<\/ul>\n\n\n\n<ul class=\"wp-block-list has-medium-font-size\">\n<li><strong><a href=\"https:\/\/www.ssaver.gob.mx\/adquisiciones\/wp-content\/uploads\/sites\/5\/2026\/04\/C-007-2026-VP_compressed.pdf\" target=\"_blank\" rel=\"noreferrer noopener\">2026-SESVER_DA_C-007-2026<\/a><\/strong><br>Servicio&nbsp; Subrogado&nbsp; de&nbsp; Agua&nbsp; Purificada&nbsp; para&nbsp; \u00c1reas&nbsp; y&nbsp; Unidades Aplicativas&nbsp; dependientes&nbsp; de&nbsp; Servicios&nbsp; de&nbsp; Salud&nbsp; de Veracruz.<\/li>\n<\/ul>\n<\/div>\n<\/div>\n\n\n\n<p><\/p>\n<\/div>\n\n\n\n<p><\/p>\n","protected":false},"excerpt":{"rendered":"<p>Contratos Adjudicados de acuerdo a la modalidad<\/p>\n","protected":false},"author":6,"featured_media":0,"parent":12294,"menu_order":1,"comment_status":"closed","ping_status":"closed","template":"","meta":{"colormag_page_container_layout":"default_layout","colormag_page_sidebar_layout":"default_layout","footnotes":""},"class_list":["post-12290","page","type-page","status-publish","hentry"],"_links":{"self":[{"href":"https:\/\/www.ssaver.gob.mx\/adquisiciones\/wp-json\/wp\/v2\/pages\/12290","targetHints":{"allow":["GET"]}}],"collection":[{"href":"https:\/\/www.ssaver.gob.mx\/adquisiciones\/wp-json\/wp\/v2\/pages"}],"about":[{"href":"https:\/\/www.ssaver.gob.mx\/adquisiciones\/wp-json\/wp\/v2\/types\/page"}],"author":[{"embeddable":true,"href":"https:\/\/www.ssaver.gob.mx\/adquisiciones\/wp-json\/wp\/v2\/users\/6"}],"replies":[{"embeddable":true,"href":"https:\/\/www.ssaver.gob.mx\/adquisiciones\/wp-json\/wp\/v2\/comments?post=12290"}],"version-history":[{"count":10,"href":"https:\/\/www.ssaver.gob.mx\/adquisiciones\/wp-json\/wp\/v2\/pages\/12290\/revisions"}],"predecessor-version":[{"id":12450,"href":"https:\/\/www.ssaver.gob.mx\/adquisiciones\/wp-json\/wp\/v2\/pages\/12290\/revisions\/12450"}],"up":[{"embeddable":true,"href":"https:\/\/www.ssaver.gob.mx\/adquisiciones\/wp-json\/wp\/v2\/pages\/12294"}],"wp:attachment":[{"href":"https:\/\/www.ssaver.gob.mx\/adquisiciones\/wp-json\/wp\/v2\/media?parent=12290"}],"curies":[{"name":"wp","href":"https:\/\/api.w.org\/{rel}","templated":true}]}}