{"id":12363,"date":"2026-04-08T14:46:02","date_gmt":"2026-04-08T20:46:02","guid":{"rendered":"https:\/\/www.ssaver.gob.mx\/adquisiciones\/?page_id=12363"},"modified":"2026-04-14T09:51:20","modified_gmt":"2026-04-14T15:51:20","slug":"invitacion-a-cuando-menos-3-proveedores-ictp-103t00000-002-2026","status":"publish","type":"page","link":"https:\/\/www.ssaver.gob.mx\/adquisiciones\/licitaciones-2026\/por-invitacion-a-cuando-menos-3-proveedores-2026\/invitacion-a-cuando-menos-3-proveedores-ictp-103t00000-001-020-2026\/invitacion-a-cuando-menos-3-proveedores-ictp-103t00000-002-2026\/","title":{"rendered":"Invitaci\u00f3n a cuando menos 3 proveedores\u00a0ICTP\u00a0-103T00000-002-2026"},"content":{"rendered":"\n<div class=\"wp-block-group is-layout-constrained wp-container-core-group-is-layout-9517baca wp-block-group-is-layout-constrained\">\n<hr class=\"wp-block-separator aligncenter has-text-color has-alpha-channel-opacity has-background is-style-wide\" style=\"background-color:#d8bf31;color:#d8bf31\" \/>\n\n\n\n<ul style=\"background-color:#fff4e0\" class=\"wp-block-list has-background\">\n<li><strong>Relativa&nbsp; a la Contrataci\u00f3n&nbsp; Abierta&nbsp; del \u00abServicio&nbsp; Subrogado&nbsp; de Recolecci\u00f3n, Transporte&nbsp; Externo, Tratamiento&nbsp; y&nbsp; Disposici\u00f3n&nbsp; Final&nbsp; de&nbsp; Residuos&nbsp; Peligrosos Biol\u00f3gico&nbsp; Infecciosos.&nbsp; Recolecci\u00f3n&nbsp; de&nbsp; L\u00edquidos&nbsp; Cansados&nbsp; de Rayos&nbsp; X, Soluciones&nbsp; Gastadas&nbsp; de Laboratorio,&nbsp; Placas Radiogr\u00e1ficas&nbsp; Usadas.&nbsp; L\u00e1mparas&nbsp; Fluorescentes&nbsp; y de Vapor de&nbsp; Mercurio,&nbsp; Medicamentos&nbsp; Caducos&nbsp; y&nbsp; Personal&nbsp; de Recolecci\u00f3n&nbsp; Interna&nbsp; de los&nbsp; Residuos&nbsp; Peligrosos Generados en&nbsp; las&nbsp; Unidades&nbsp; de SESVER\u00bb.<\/strong><\/li>\n<\/ul>\n\n\n\n<ul style=\"color:#5b4c0d;background-color:#fff4e0\" class=\"wp-block-list has-text-color has-background has-medium-font-size\">\n<li><a href=\"https:\/\/www.ssaver.gob.mx\/adquisiciones\/wp-content\/uploads\/sites\/5\/2026\/04\/Oficios-de-invitacion-ICTP-103T00000-002-2026_compressed.pdf\" target=\"_blank\" rel=\"noreferrer noopener\">Oficios de Invitaci\u00f3n<\/a><\/li>\n\n\n\n<li><a href=\"https:\/\/www.ssaver.gob.mx\/adquisiciones\/wp-content\/uploads\/sites\/5\/2026\/04\/BASES-Y-AEXOS-ICTP-103T00000-002-2026_compressed.pdf\" target=\"_blank\" rel=\"noreferrer noopener\">Bases y Anexos<\/a><\/li>\n\n\n\n<li><a href=\"https:\/\/www.ssaver.gob.mx\/adquisiciones\/wp-content\/uploads\/sites\/5\/2026\/04\/Acta-de-apertura-de-proposiciones-ICTP-103T00000-02-2026-ok.pdf\" target=\"_blank\" rel=\"noreferrer noopener\">Acta de apertura de proposiciones<\/a><\/li>\n<\/ul>\n\n\n\n<p><\/p>\n<\/div>\n\n\n\n<p><\/p>\n","protected":false},"excerpt":{"rendered":"","protected":false},"author":6,"featured_media":0,"parent":12322,"menu_order":3,"comment_status":"closed","ping_status":"closed","template":"","meta":{"colormag_page_container_layout":"default_layout","colormag_page_sidebar_layout":"default_layout","footnotes":""},"class_list":["post-12363","page","type-page","status-publish","hentry"],"_links":{"self":[{"href":"https:\/\/www.ssaver.gob.mx\/adquisiciones\/wp-json\/wp\/v2\/pages\/12363","targetHints":{"allow":["GET"]}}],"collection":[{"href":"https:\/\/www.ssaver.gob.mx\/adquisiciones\/wp-json\/wp\/v2\/pages"}],"about":[{"href":"https:\/\/www.ssaver.gob.mx\/adquisiciones\/wp-json\/wp\/v2\/types\/page"}],"author":[{"embeddable":true,"href":"https:\/\/www.ssaver.gob.mx\/adquisiciones\/wp-json\/wp\/v2\/users\/6"}],"replies":[{"embeddable":true,"href":"https:\/\/www.ssaver.gob.mx\/adquisiciones\/wp-json\/wp\/v2\/comments?post=12363"}],"version-history":[{"count":4,"href":"https:\/\/www.ssaver.gob.mx\/adquisiciones\/wp-json\/wp\/v2\/pages\/12363\/revisions"}],"predecessor-version":[{"id":12408,"href":"https:\/\/www.ssaver.gob.mx\/adquisiciones\/wp-json\/wp\/v2\/pages\/12363\/revisions\/12408"}],"up":[{"embeddable":true,"href":"https:\/\/www.ssaver.gob.mx\/adquisiciones\/wp-json\/wp\/v2\/pages\/12322"}],"wp:attachment":[{"href":"https:\/\/www.ssaver.gob.mx\/adquisiciones\/wp-json\/wp\/v2\/media?parent=12363"}],"curies":[{"name":"wp","href":"https:\/\/api.w.org\/{rel}","templated":true}]}}