{"id":1449,"date":"2022-07-15T11:45:08","date_gmt":"2022-07-15T16:45:08","guid":{"rendered":"https:\/\/www.ssaver.gob.mx\/adquisiciones\/?page_id=1449"},"modified":"2026-03-27T11:48:07","modified_gmt":"2026-03-27T17:48:07","slug":"adjudicaciones-directas-por-monto","status":"publish","type":"page","link":"https:\/\/www.ssaver.gob.mx\/adquisiciones\/licitaciones-2022\/adjudicaciones-directas-por-monto\/","title":{"rendered":"Adjudicaciones directas por monto 2022"},"content":{"rendered":"\n<div class=\"wp-block-group is-layout-constrained wp-container-core-group-is-layout-9517baca wp-block-group-is-layout-constrained\">\n<hr class=\"wp-block-separator has-text-color has-alpha-channel-opacity has-background is-style-wide\" style=\"background-color:#d8bf31;color:#d8bf31\" \/>\n\n\n\n<div class=\"wp-block-columns is-layout-flex wp-container-core-columns-is-layout-28f84493 wp-block-columns-is-layout-flex\">\n<div class=\"wp-block-column has-background is-layout-flow wp-block-column-is-layout-flow\" style=\"background-color:#fff4e0;flex-basis:100%\">\n<ul class=\"wp-block-list\">\n<li><a href=\"https:\/\/www.ssaver.gob.mx\/adquisiciones\/wp-content\/uploads\/sites\/5\/2023\/02\/SESVER_DA_P-051_2022-AFECTADO_compressed.pdf\" target=\"_blank\" rel=\"noreferrer noopener\">2022-SESVER-DA-P-51-2022<\/a><a rel=\"noreferrer noopener\" href=\"https:\/\/www.ssaver.gob.mx\/adquisiciones\/wp-content\/uploads\/sites\/5\/2023\/02\/SESVER_DA_P-050_2022-AFECTADO_compressed.pdf\" target=\"_blank\"><br><\/a>COMPRA-VENTA DE ARTICULOS DE PAPELERIA<br><\/li>\n\n\n\n<li><a href=\"https:\/\/www.ssaver.gob.mx\/adquisiciones\/wp-content\/uploads\/sites\/5\/2023\/02\/SESVER_DA_P-050_2022-AFECTADO_compressed.pdf\" target=\"_blank\" rel=\"noreferrer noopener\">2022-SESVER-DA-P-50-2022<br><\/a>COMPRA-VENTA DE ARTICULOS DE PAPELERIA<br><\/li>\n<\/ul>\n\n\n\n<ul class=\"wp-block-list\">\n<li><a href=\"https:\/\/www.ssaver.gob.mx\/adquisiciones\/wp-content\/uploads\/sites\/5\/2023\/02\/SESVER_DA_P-049_2022-AFECTADO_compressed.pdf\" target=\"_blank\" rel=\"noreferrer noopener\">2022-SESVER-DA-P-049-2022<br><\/a>COMPRA-VENTA DE ARTICULOS DE PAPELERIA<br><\/li>\n\n\n\n<li><a href=\"https:\/\/www.ssaver.gob.mx\/adquisiciones\/wp-content\/uploads\/sites\/5\/2023\/02\/SESVER_DA_P-048_2022-AFECTADO_compressed.pdf\" target=\"_blank\" rel=\"noreferrer noopener\">2022-SESVER-DA-P-048-2022<\/a><a rel=\"noreferrer noopener\" href=\"https:\/\/www.ssaver.gob.mx\/adquisiciones\/wp-content\/uploads\/sites\/5\/2023\/01\/SESVER_DA_P-026_2022-AFECTADO_opt.pdf\" data-type=\"URL\" data-id=\"https:\/\/www.ssaver.gob.mx\/adquisiciones\/wp-content\/uploads\/sites\/5\/2023\/01\/SESVER_DA_P-022_2022-AFECTADO_opt.pdf\" target=\"_blank\"><br><\/a>COMPRA-VENTA DE ARTICULOS DE PAPELERIA<\/li>\n<\/ul>\n\n\n\n<p><\/p>\n\n\n\n<ul class=\"wp-block-list\">\n<li><a rel=\"noreferrer noopener\" href=\"https:\/\/www.ssaver.gob.mx\/adquisiciones\/wp-content\/uploads\/sites\/5\/2023\/01\/SESVER_DA_P-047_2022-AFECTADO_compressed.pdf\" target=\"_blank\">2022-SESVER-DA-P-047-2022<\/a><a rel=\"noreferrer noopener\" href=\"https:\/\/www.ssaver.gob.mx\/adquisiciones\/wp-content\/uploads\/sites\/5\/2023\/01\/SESVER_DA_P-026_2022-AFECTADO_opt.pdf\" data-type=\"URL\" data-id=\"https:\/\/www.ssaver.gob.mx\/adquisiciones\/wp-content\/uploads\/sites\/5\/2023\/01\/SESVER_DA_P-022_2022-AFECTADO_opt.pdf\" target=\"_blank\"><br><\/a>Compra-venta de software de administraci\u00f3n de contenidos digitales para 50 usuarios.<br><br><\/li>\n\n\n\n<li><a rel=\"noreferrer noopener\" href=\"https:\/\/www.ssaver.gob.mx\/adquisiciones\/wp-content\/uploads\/sites\/5\/2023\/02\/SESVER_DA_P-046_2022-AFECTADO_compressed.pdf\" target=\"_blank\">2022-SESVER-DA-P-046-2022<\/a><a rel=\"noreferrer noopener\" href=\"https:\/\/www.ssaver.gob.mx\/adquisiciones\/wp-content\/uploads\/sites\/5\/2023\/02\/SESVER_DA_P-045_2022-AFECTADO_compressed.pdf\" target=\"_blank\"><br><\/a>Compra-venta de accesorios e insumos inform\u00e1ticos<br><br><\/li>\n\n\n\n<li><a href=\"https:\/\/www.ssaver.gob.mx\/adquisiciones\/wp-content\/uploads\/sites\/5\/2023\/02\/SESVER_DA_P-045_2022-AFECTADO_compressed.pdf\" target=\"_blank\" rel=\"noreferrer noopener\">2022-SESVER-DA-P-045-2022<br><\/a>Compra-venta de suministros para traslado de insumos y bienes de ovitrampas<br><br><\/li>\n\n\n\n<li><a rel=\"noreferrer noopener\" href=\"https:\/\/www.ssaver.gob.mx\/adquisiciones\/wp-content\/uploads\/sites\/5\/2023\/01\/SESVER_DA_P-044_2022-AFECTADO_compressed.pdf\" target=\"_blank\">2022-SESVER-DA-P-044-2022<\/a><a rel=\"noreferrer noopener\" href=\"https:\/\/www.ssaver.gob.mx\/adquisiciones\/wp-content\/uploads\/sites\/5\/2023\/01\/SESVER_DA_P-026_2022-AFECTADO_opt.pdf\" data-type=\"URL\" data-id=\"https:\/\/www.ssaver.gob.mx\/adquisiciones\/wp-content\/uploads\/sites\/5\/2023\/01\/SESVER_DA_P-022_2022-AFECTADO_opt.pdf\" target=\"_blank\"><br><\/a>Prestaci\u00f3n de servicio de impresi\u00f3n y elaboraci\u00f3n de tarjetas flyer y carteles.<br><br><\/li>\n\n\n\n<li><a rel=\"noreferrer noopener\" href=\"https:\/\/www.ssaver.gob.mx\/adquisiciones\/wp-content\/uploads\/sites\/5\/2023\/01\/SESVER_DA_P-043_2022-AFECTADO_compressed.pdf\" target=\"_blank\">2022-SESVER-DA-P-043-2022<\/a><a rel=\"noreferrer noopener\" href=\"https:\/\/www.ssaver.gob.mx\/adquisiciones\/wp-content\/uploads\/sites\/5\/2023\/01\/SESVER_DA_P-026_2022-AFECTADO_opt.pdf\" data-type=\"URL\" data-id=\"https:\/\/www.ssaver.gob.mx\/adquisiciones\/wp-content\/uploads\/sites\/5\/2023\/01\/SESVER_DA_P-022_2022-AFECTADO_opt.pdf\" target=\"_blank\"><br><\/a>Compra-Venta de Mochila<br><br><\/li>\n\n\n\n<li><a rel=\"noreferrer noopener\" href=\"https:\/\/www.ssaver.gob.mx\/adquisiciones\/wp-content\/uploads\/sites\/5\/2023\/01\/SESVER_DA_P-041_2022-AFECTADO_compressed.pdf\" target=\"_blank\">2022-SESVER-DA-P-041-2022<\/a><a rel=\"noreferrer noopener\" href=\"https:\/\/www.ssaver.gob.mx\/adquisiciones\/wp-content\/uploads\/sites\/5\/2023\/01\/SESVER_DA_P-026_2022-AFECTADO_opt.pdf\" data-type=\"URL\" data-id=\"https:\/\/www.ssaver.gob.mx\/adquisiciones\/wp-content\/uploads\/sites\/5\/2023\/01\/SESVER_DA_P-022_2022-AFECTADO_opt.pdf\" target=\"_blank\"><br><\/a>Adquisici\u00f3n de diversos bienes e insumos para la operaci\u00f3n del Consejo de Investigaci\u00f3n Cient\u00edfica de Servicios de Salud de Veracruz.<br><br><\/li>\n\n\n\n<li><a href=\"https:\/\/www.ssaver.gob.mx\/adquisiciones\/wp-content\/uploads\/sites\/5\/2023\/01\/SESVER_DA_P-040_2022-AFECTADO_compressed.pdf\" target=\"_blank\" rel=\"noreferrer noopener\">2022-SESVER-DA-P-040-2022<\/a><a rel=\"noreferrer noopener\" href=\"https:\/\/www.ssaver.gob.mx\/adquisiciones\/wp-content\/uploads\/sites\/5\/2023\/01\/SESVER_DA_P-026_2022-AFECTADO_opt.pdf\" data-type=\"URL\" data-id=\"https:\/\/www.ssaver.gob.mx\/adquisiciones\/wp-content\/uploads\/sites\/5\/2023\/01\/SESVER_DA_P-022_2022-AFECTADO_opt.pdf\" target=\"_blank\"><br><\/a>Compra-venta de folder tama\u00f1o oficio para la Subdirecci\u00f3n de Recursos Humanos.<br><br><\/li>\n\n\n\n<li><a rel=\"noreferrer noopener\" href=\"https:\/\/www.ssaver.gob.mx\/adquisiciones\/wp-content\/uploads\/sites\/5\/2023\/01\/SESVER_DA_P-038_2022-AFECTADO_opt.pdf\" target=\"_blank\">2022-SESVER-DA-P-038-2022<\/a><a rel=\"noreferrer noopener\" href=\"https:\/\/www.ssaver.gob.mx\/adquisiciones\/wp-content\/uploads\/sites\/5\/2023\/01\/SESVER_DA_P-026_2022-AFECTADO_opt.pdf\" data-type=\"URL\" data-id=\"https:\/\/www.ssaver.gob.mx\/adquisiciones\/wp-content\/uploads\/sites\/5\/2023\/01\/SESVER_DA_P-022_2022-AFECTADO_opt.pdf\" target=\"_blank\"><br><\/a>Compra-venta de 500 gu\u00edas prepagadas econ\u00f3micas y 170 gu\u00edas expres para la Direcci\u00f3n de Protecci\u00f3n contra Riesgos Sanitarios.<br><br><\/li>\n\n\n\n<li><a rel=\"noreferrer noopener\" href=\"https:\/\/www.ssaver.gob.mx\/adquisiciones\/wp-content\/uploads\/sites\/5\/2023\/01\/SESVER_DA_P-034_2022-AFECTADO_opt.pdf\" target=\"_blank\">2022-SESVER-DA-P-034-2022<\/a><a rel=\"noreferrer noopener\" href=\"https:\/\/www.ssaver.gob.mx\/adquisiciones\/wp-content\/uploads\/sites\/5\/2023\/01\/SESVER_DA_P-026_2022-AFECTADO_opt.pdf\" data-type=\"URL\" data-id=\"https:\/\/www.ssaver.gob.mx\/adquisiciones\/wp-content\/uploads\/sites\/5\/2023\/01\/SESVER_DA_P-022_2022-AFECTADO_opt.pdf\" target=\"_blank\"><br><\/a>Compra-venta de dos pantallas de 43 pulgadas para la sala de juntas de la Direcci\u00f3n General de Servicios de Salud de Veracruz.<br><br><\/li>\n\n\n\n<li><a rel=\"noreferrer noopener\" href=\"https:\/\/www.ssaver.gob.mx\/adquisiciones\/wp-content\/uploads\/sites\/5\/2022\/11\/SESVER_DA_P-033_2022-C.pdf\" target=\"_blank\">2022-SESVER-DA-P-033-2022<\/a><a rel=\"noreferrer noopener\" href=\"https:\/\/www.ssaver.gob.mx\/adquisiciones\/wp-content\/uploads\/sites\/5\/2023\/01\/SESVER_DA_P-026_2022-AFECTADO_opt.pdf\" data-type=\"URL\" data-id=\"https:\/\/www.ssaver.gob.mx\/adquisiciones\/wp-content\/uploads\/sites\/5\/2023\/01\/SESVER_DA_P-022_2022-AFECTADO_opt.pdf\" target=\"_blank\"><br><\/a>Bienes e insumos diversos para la Direcci\u00f3n de Salud P\u00fablica.<br><br><\/li>\n\n\n\n<li><a rel=\"noreferrer noopener\" href=\"https:\/\/www.ssaver.gob.mx\/adquisiciones\/wp-content\/uploads\/sites\/5\/2023\/01\/SESVER_DA_P-031_2022-AFECTADO_opt.pdf\" data-type=\"URL\" data-id=\"https:\/\/www.ssaver.gob.mx\/adquisiciones\/wp-content\/uploads\/sites\/5\/2023\/01\/SESVER_DA_P-022_2022-AFECTADO_opt.pdf\" target=\"_blank\">2022-SESVER-DA-P-031-2022<\/a><a rel=\"noreferrer noopener\" href=\"https:\/\/www.ssaver.gob.mx\/adquisiciones\/wp-content\/uploads\/sites\/5\/2023\/01\/SESVER_DA_P-026_2022-AFECTADO_opt.pdf\" data-type=\"URL\" data-id=\"https:\/\/www.ssaver.gob.mx\/adquisiciones\/wp-content\/uploads\/sites\/5\/2023\/01\/SESVER_DA_P-022_2022-AFECTADO_opt.pdf\" target=\"_blank\"><br><\/a>Compra-Venta de 4, Esas de Picnic Plegables para El Hospital De Perote<br><br><\/li>\n\n\n\n<li><a rel=\"noreferrer noopener\" href=\"https:\/\/www.ssaver.gob.mx\/adquisiciones\/wp-content\/uploads\/sites\/5\/2023\/01\/SESVER_DA_P-030_2022-AFECTADO_opt.pdf\" data-type=\"URL\" data-id=\"https:\/\/www.ssaver.gob.mx\/adquisiciones\/wp-content\/uploads\/sites\/5\/2023\/01\/SESVER_DA_P-022_2022-AFECTADO_opt.pdf\" target=\"_blank\">2022-SESVER-DA-P-030-2022<\/a><a rel=\"noreferrer noopener\" href=\"https:\/\/www.ssaver.gob.mx\/adquisiciones\/wp-content\/uploads\/sites\/5\/2023\/01\/SESVER_DA_P-026_2022-AFECTADO_opt.pdf\" data-type=\"URL\" data-id=\"https:\/\/www.ssaver.gob.mx\/adquisiciones\/wp-content\/uploads\/sites\/5\/2023\/01\/SESVER_DA_P-022_2022-AFECTADO_opt.pdf\" target=\"_blank\"><br><\/a>Compra-venta de medicamento para las unidades de primer nivel en proceso de acreditaci\u00f3n y reacreditaci\u00f3n.<br><br><\/li>\n\n\n\n<li><a rel=\"noreferrer noopener\" href=\"https:\/\/www.ssaver.gob.mx\/adquisiciones\/wp-content\/uploads\/sites\/5\/2023\/01\/SESVER_DA_P-029_2022-AFECTADO_opt.pdf\" data-type=\"URL\" data-id=\"https:\/\/www.ssaver.gob.mx\/adquisiciones\/wp-content\/uploads\/sites\/5\/2023\/01\/SESVER_DA_P-022_2022-AFECTADO_opt.pdf\" target=\"_blank\">2022-SESVER-DA-P-029-2022<\/a><a rel=\"noreferrer noopener\" href=\"https:\/\/www.ssaver.gob.mx\/adquisiciones\/wp-content\/uploads\/sites\/5\/2023\/01\/SESVER_DA_P-026_2022-AFECTADO_opt.pdf\" data-type=\"URL\" data-id=\"https:\/\/www.ssaver.gob.mx\/adquisiciones\/wp-content\/uploads\/sites\/5\/2023\/01\/SESVER_DA_P-022_2022-AFECTADO_opt.pdf\" target=\"_blank\"><br><\/a>Compra-venta de overol.<br><\/li>\n\n\n\n<li><a rel=\"noreferrer noopener\" href=\"https:\/\/www.ssaver.gob.mx\/adquisiciones\/wp-content\/uploads\/sites\/5\/2023\/02\/SESVER_DA_P-028_2022-AFECTADO_compressed.pdf\" target=\"_blank\">2022-SESVER-DA-P-028-2022<\/a><a rel=\"noreferrer noopener\" href=\"https:\/\/www.ssaver.gob.mx\/adquisiciones\/wp-content\/uploads\/sites\/5\/2023\/01\/SESVER_DA_P-026_2022-AFECTADO_opt.pdf\" data-type=\"URL\" data-id=\"https:\/\/www.ssaver.gob.mx\/adquisiciones\/wp-content\/uploads\/sites\/5\/2023\/01\/SESVER_DA_P-022_2022-AFECTADO_opt.pdf\" target=\"_blank\"><br><\/a>Compra-venta de pl\u00e1sticos.<br><br><\/li>\n\n\n\n<li><a rel=\"noreferrer noopener\" href=\"https:\/\/www.ssaver.gob.mx\/adquisiciones\/wp-content\/uploads\/sites\/5\/2023\/01\/SESVER_DA_P-027_2022-AFECTADO_opt.pdf\" data-type=\"URL\" data-id=\"https:\/\/www.ssaver.gob.mx\/adquisiciones\/wp-content\/uploads\/sites\/5\/2023\/01\/SESVER_DA_P-022_2022-AFECTADO_opt.pdf\" target=\"_blank\">2022-SESVER-DA-P-027-2022<\/a><a rel=\"noreferrer noopener\" href=\"https:\/\/www.ssaver.gob.mx\/adquisiciones\/wp-content\/uploads\/sites\/5\/2023\/01\/SESVER_DA_P-026_2022-AFECTADO_opt.pdf\" data-type=\"URL\" data-id=\"https:\/\/www.ssaver.gob.mx\/adquisiciones\/wp-content\/uploads\/sites\/5\/2023\/01\/SESVER_DA_P-022_2022-AFECTADO_opt.pdf\" target=\"_blank\"><br><\/a>Compra-venta de material de curaci\u00f3n para la atenci\u00f3n de pacientes de oncolog\u00eda.<br><br><\/li>\n\n\n\n<li><a rel=\"noreferrer noopener\" href=\"https:\/\/www.ssaver.gob.mx\/adquisiciones\/wp-content\/uploads\/sites\/5\/2023\/01\/SESVER_DA_P-026_2022-AFECTADO_opt.pdf\" data-type=\"URL\" data-id=\"https:\/\/www.ssaver.gob.mx\/adquisiciones\/wp-content\/uploads\/sites\/5\/2023\/01\/SESVER_DA_P-022_2022-AFECTADO_opt.pdf\" target=\"_blank\">2022-SESVER-DA-P-026-2022<br><\/a>Compra-venta de medicamento para la atenci\u00f3n de pacientes de oncolog\u00eda.<br><br><\/li>\n\n\n\n<li><a rel=\"noreferrer noopener\" href=\"https:\/\/www.ssaver.gob.mx\/adquisiciones\/wp-content\/uploads\/sites\/5\/2023\/01\/SESVER_DA_P-025_2022-AFECTADO_opt.pdf\" data-type=\"URL\" data-id=\"https:\/\/www.ssaver.gob.mx\/adquisiciones\/wp-content\/uploads\/sites\/5\/2023\/01\/SESVER_DA_P-022_2022-AFECTADO_opt.pdf\" target=\"_blank\">2022-SESVER-DA-P-025-2022<br><\/a>Compra-venta de material de curaci\u00f3n para la atenci\u00f3n de pacientes de oncolog\u00eda.<br><br><\/li>\n\n\n\n<li><a rel=\"noreferrer noopener\" href=\"https:\/\/www.ssaver.gob.mx\/adquisiciones\/wp-content\/uploads\/sites\/5\/2023\/01\/SESVER_DA_P-024_2022-AFECTADO_opt.pdf\" data-type=\"URL\" data-id=\"https:\/\/www.ssaver.gob.mx\/adquisiciones\/wp-content\/uploads\/sites\/5\/2023\/01\/SESVER_DA_P-022_2022-AFECTADO_opt.pdf\" target=\"_blank\">2022-SESVER-DA-P-024-2022<br><\/a>Compra-venta de material de curaci\u00f3n para la atenci\u00f3n de pacientes de oncolog\u00eda.<br><br><\/li>\n\n\n\n<li><a rel=\"noreferrer noopener\" href=\"https:\/\/www.ssaver.gob.mx\/adquisiciones\/wp-content\/uploads\/sites\/5\/2022\/11\/SESVER_DA_P-023_2022-C.pdf\" data-type=\"URL\" data-id=\"https:\/\/www.ssaver.gob.mx\/adquisiciones\/wp-content\/uploads\/sites\/5\/2023\/01\/SESVER_DA_P-022_2022-AFECTADO_opt.pdf\" target=\"_blank\">2022-SESVER-DA-P-023-2022<br><\/a>Adquisici\u00f3n de productos qu\u00edmicos, materiales, accesorios y suministros de laboratorio para la Direcci\u00f3n de Salud P\u00fablica, 2022.<br><br><\/li>\n\n\n\n<li><a rel=\"noreferrer noopener\" href=\"https:\/\/www.ssaver.gob.mx\/adquisiciones\/wp-content\/uploads\/sites\/5\/2023\/01\/SESVER_DA_P-022_2022-AFECTADO_opt.pdf\" data-type=\"URL\" data-id=\"https:\/\/www.ssaver.gob.mx\/adquisiciones\/wp-content\/uploads\/sites\/5\/2023\/01\/SESVER_DA_P-022_2022-AFECTADO_opt.pdf\" target=\"_blank\">2022-SESVER-DA-P-022-2022<br><\/a>Compra-Venta De Material De Curaci\u00f3n.<br><br><\/li>\n\n\n\n<li><a rel=\"noreferrer noopener\" href=\"https:\/\/www.ssaver.gob.mx\/adquisiciones\/wp-content\/uploads\/sites\/5\/2023\/01\/SESVER_DA_P-021_2022-AFECTADO_opt.pdf\" target=\"_blank\">2022-SESVER-DA-P-021-2022<br><\/a>Compra-Venta De Medicamento.<br><br><\/li>\n\n\n\n<li><a rel=\"noreferrer noopener\" href=\"https:\/\/www.ssaver.gob.mx\/adquisiciones\/wp-content\/uploads\/sites\/5\/2023\/01\/SESVER_DA_P-019_2022-AFECTADO_opt.pdf\" target=\"_blank\">2022-SESVER-DA-P-019-2022<br><\/a>Adquisici\u00f3n de diversos bienes e insumos del Ramo 12 (convenio AFASPE).<br><br><\/li>\n\n\n\n<li><a rel=\"noreferrer noopener\" href=\"https:\/\/www.ssaver.gob.mx\/adquisiciones\/wp-content\/uploads\/sites\/5\/2023\/01\/SESVER_DA_P-018_2022-AFECTADO-C.pdf\" target=\"_blank\">2022-SESVER-DA-P-018-2022<\/a><br>Servicio de Lavander\u00eda, Limpieza, Higiene<\/li>\n<\/ul>\n\n\n\n<ul class=\"wp-block-list\">\n<li><a rel=\"noreferrer noopener\" href=\"https:\/\/www.ssaver.gob.mx\/adquisiciones\/wp-content\/uploads\/sites\/5\/2022\/10\/SESVER_DA_P-017_2022-AFECTADO-C.pdf\" target=\"_blank\">2022-SESVER-DA-P-017-2022<\/a><br>Adquisici\u00f3n&nbsp; de&nbsp; Materiales&nbsp; y&nbsp; \u00datiles&nbsp; de&nbsp; Oficina&nbsp; para&nbsp; la&nbsp; Comisi\u00f3n Estatal&nbsp; Contra&nbsp; las&nbsp; Adicciones<\/li>\n<\/ul>\n\n\n\n<ul class=\"wp-block-list\">\n<li><a href=\"https:\/\/www.ssaver.gob.mx\/adquisiciones\/wp-content\/uploads\/sites\/5\/2022\/09\/SESVER_DA_P-016_2022-AFECTADO-C.pdf\" target=\"_blank\" rel=\"noreferrer noopener\">2022-SESVER-DA-P-016-2022<\/a><br>Adquisici\u00f3n&nbsp; de&nbsp; Equipo&nbsp; M\u00e9dico&nbsp; y de&nbsp; Laboratorio&nbsp; para&nbsp; el&nbsp; Hospital General&nbsp; de&nbsp; Perote.<\/li>\n<\/ul>\n\n\n\n<ul class=\"wp-block-list\">\n<li><a href=\"https:\/\/www.ssaver.gob.mx\/adquisiciones\/wp-content\/uploads\/sites\/5\/2022\/09\/SESVER-DA-P-015-2022-AFECTADO-C.pdf\" target=\"_blank\" rel=\"noreferrer noopener\">2022-SESVER-DA-P-015-2022<\/a><br>Materiales y \u00fatiles para el procesamiento en Equipos y Bienes Inform\u00e1ticos<\/li>\n<\/ul>\n\n\n\n<ul class=\"wp-block-list\">\n<li><a href=\"https:\/\/www.ssaver.gob.mx\/adquisiciones\/wp-content\/uploads\/sites\/5\/2022\/09\/SESVER-DA-P-014-2022-AFECTADO-C.pdf\" target=\"_blank\" rel=\"noreferrer noopener\">2022-SESVER-DA-P-014-2022<\/a><br>Arrendamiento de Activos Intangibles (Licencias de Software).<\/li>\n<\/ul>\n\n\n\n<ul class=\"wp-block-list\">\n<li><a rel=\"noreferrer noopener\" href=\"https:\/\/www.ssaver.gob.mx\/adquisiciones\/wp-content\/uploads\/sites\/5\/2022\/07\/SESVER-DA-P-013-2022-AFECTADO-C.pdf\" target=\"_blank\">2022-SESVER_DA_P-013_2022<\/a><br>Compra &#8211; Venta de Licenciamiento de Software (Adobe Creative Cloud) para la Direcci\u00f3n de Salud P\u00fablica.<\/li>\n<\/ul>\n\n\n\n<ul class=\"wp-block-list\">\n<li><a rel=\"noreferrer noopener\" href=\"https:\/\/www.ssaver.gob.mx\/adquisiciones\/wp-content\/uploads\/sites\/5\/2022\/07\/SESVER-DA-P-012-2022-AFECTADO-C.pdf\" target=\"_blank\">2022-SESVER_DA_P-012_2022<\/a><br>Compra &#8211; Venta de 3 Licencias de Autocad LT 2022 para la Coordinaci\u00f3n de Calidad en Salud.<\/li>\n<\/ul>\n\n\n\n<ul class=\"wp-block-list\">\n<li><a rel=\"noreferrer noopener\" href=\"https:\/\/www.ssaver.gob.mx\/adquisiciones\/wp-content\/uploads\/sites\/5\/2022\/07\/SESVER-DA-P-011-2022-AFECTADO-C.pdf\" target=\"_blank\">2022-SESVER_DA_P-011_2022<\/a><br>Compra &#8211; Venta de Sellos que Celebran por una Parte el Organismo P\u00fablico Descentralizado Servicios de Salud de Veracruz.<\/li>\n<\/ul>\n\n\n\n<ul class=\"wp-block-list\">\n<li><a rel=\"noreferrer noopener\" href=\"https:\/\/www.ssaver.gob.mx\/adquisiciones\/wp-content\/uploads\/sites\/5\/2022\/07\/SESVER-DA-P-010-2022-AFECTADO-C.pdf\" target=\"_blank\">2022-SESVER_DA_P-010_2022<\/a><br>Compra &#8211; Venta de Medicamento para la Gran Feria de la Salud en la Regi\u00f3n Olmeca.<\/li>\n<\/ul>\n\n\n\n<ul class=\"wp-block-list\">\n<li><a rel=\"noreferrer noopener\" href=\"https:\/\/www.ssaver.gob.mx\/adquisiciones\/wp-content\/uploads\/sites\/5\/2022\/07\/SESVER-DA-P-008-2022-AFECTADO-C.pdf\" target=\"_blank\">2022-SESVER_DA_P-008_2022<\/a><br>Servicio&nbsp; Subrogado&nbsp; de&nbsp; Fumigaci\u00f3n&nbsp; para&nbsp; Centros de Salud en Proceso de Acreditaci\u00f3n y Reacreditaci\u00f3n.<\/li>\n<\/ul>\n\n\n\n<ul class=\"wp-block-list\">\n<li><a rel=\"noreferrer noopener\" href=\"https:\/\/www.ssaver.gob.mx\/adquisiciones\/wp-content\/uploads\/sites\/5\/2022\/07\/SESVER-DA-P-006-2022-AFECTADO-C.pdf\" target=\"_blank\">2022-SESVER_DA_P-006_2022<\/a><br>Servicios de Apoyo Administrativo, Traducci\u00f3n, Fotocopiado e Impresi\u00f3n.<\/li>\n<\/ul>\n\n\n\n<ul class=\"wp-block-list\">\n<li><a rel=\"noreferrer noopener\" href=\"https:\/\/www.ssaver.gob.mx\/adquisiciones\/wp-content\/uploads\/sites\/5\/2022\/07\/SESVER-DA-P-005-2022-AFECTADO-C.pdf\" target=\"_blank\">2022-SESVER_DA_P-005_2022<\/a><br>Servicios de Apoyo Administrativo, Traducci\u00f3n, Fotocopiado e Impresi\u00f3n.<\/li>\n<\/ul>\n\n\n\n<ul class=\"wp-block-list\">\n<li><a rel=\"noreferrer noopener\" href=\"https:\/\/www.ssaver.gob.mx\/adquisiciones\/wp-content\/uploads\/sites\/5\/2022\/07\/SESVER_DA_P-003_2022-AFECTADO-C.pdf\" target=\"_blank\">2022-SESVER_DA_P-003_2022<\/a><br>Materiales y \u00datiles para el Procesamiento en Equipos y Bienes Inform\u00e1ticos.<\/li>\n<\/ul>\n\n\n\n<ul class=\"wp-block-list\">\n<li><a rel=\"noreferrer noopener\" href=\"https:\/\/www.ssaver.gob.mx\/adquisiciones\/wp-content\/uploads\/sites\/5\/2022\/07\/SESVER_DA_P-002_2022-AFECTADO-C.pdf\" target=\"_blank\">2022-SESVER_DA_P-002_2022<\/a><br>Compra \u2013 Venta de \u00abMedicamento y material de Curaci\u00f3n\u00bb.<\/li>\n<\/ul>\n\n\n\n<ul class=\"wp-block-list\">\n<li><a rel=\"noreferrer noopener\" href=\"https:\/\/www.ssaver.gob.mx\/adquisiciones\/wp-content\/uploads\/sites\/5\/2022\/07\/SESVER_DA_P-001_2022-AFECTADO-C.pdf\" target=\"_blank\">2022-SESVER_DA_P-001_2022<\/a><br>Servicios de Apoyo Administrativo, Traducci\u00f3n, Fotocopiado e Impresi\u00f3n.<\/li>\n<\/ul>\n<\/div>\n<\/div>\n<\/div>\n","protected":false},"excerpt":{"rendered":"","protected":false},"author":6,"featured_media":0,"parent":419,"menu_order":2,"comment_status":"closed","ping_status":"closed","template":"","meta":{"colormag_page_container_layout":"default_layout","colormag_page_sidebar_layout":"default_layout","footnotes":""},"class_list":["post-1449","page","type-page","status-publish","hentry"],"_links":{"self":[{"href":"https:\/\/www.ssaver.gob.mx\/adquisiciones\/wp-json\/wp\/v2\/pages\/1449","targetHints":{"allow":["GET"]}}],"collection":[{"href":"https:\/\/www.ssaver.gob.mx\/adquisiciones\/wp-json\/wp\/v2\/pages"}],"about":[{"href":"https:\/\/www.ssaver.gob.mx\/adquisiciones\/wp-json\/wp\/v2\/types\/page"}],"author":[{"embeddable":true,"href":"https:\/\/www.ssaver.gob.mx\/adquisiciones\/wp-json\/wp\/v2\/users\/6"}],"replies":[{"embeddable":true,"href":"https:\/\/www.ssaver.gob.mx\/adquisiciones\/wp-json\/wp\/v2\/comments?post=1449"}],"version-history":[{"count":99,"href":"https:\/\/www.ssaver.gob.mx\/adquisiciones\/wp-json\/wp\/v2\/pages\/1449\/revisions"}],"predecessor-version":[{"id":11685,"href":"https:\/\/www.ssaver.gob.mx\/adquisiciones\/wp-json\/wp\/v2\/pages\/1449\/revisions\/11685"}],"up":[{"embeddable":true,"href":"https:\/\/www.ssaver.gob.mx\/adquisiciones\/wp-json\/wp\/v2\/pages\/419"}],"wp:attachment":[{"href":"https:\/\/www.ssaver.gob.mx\/adquisiciones\/wp-json\/wp\/v2\/media?parent=1449"}],"curies":[{"name":"wp","href":"https:\/\/api.w.org\/{rel}","templated":true}]}}