{"id":1706,"date":"2022-08-22T09:31:23","date_gmt":"2022-08-22T14:31:23","guid":{"rendered":"https:\/\/www.ssaver.gob.mx\/adquisiciones\/?page_id=1706"},"modified":"2026-03-27T12:36:55","modified_gmt":"2026-03-27T18:36:55","slug":"licitacion-publica-nacional-lpn-103t00000-015-2022","status":"publish","type":"page","link":"https:\/\/www.ssaver.gob.mx\/adquisiciones\/licitaciones-2022\/licitaciones-publicas-nacionales-2022\/licitacion-publica-nacional-lpn-103t00000-015-2022\/","title":{"rendered":"Licitaci\u00f3n P\u00fablica Nacional LPN-103T00000-015-2022"},"content":{"rendered":"\n<div class=\"wp-block-group is-layout-constrained wp-container-core-group-is-layout-c20bdf96 wp-block-group-is-layout-constrained\">\n<hr class=\"wp-block-separator has-text-color has-alpha-channel-opacity has-background is-style-wide\" style=\"background-color:#d8bf31;color:#d8bf31\" \/>\n\n\n\n<ul style=\"color:#5b4c0d;background-color:#fff4e0\" class=\"wp-block-list has-text-color has-background has-medium-font-size\">\n<li><strong>Relativa a la Adquisici\u00f3n de Medicamentos y Material de Curaci\u00f3n<\/strong>\n<ul class=\"wp-block-list\">\n<li><a href=\"https:\/\/www.ssaver.gob.mx\/adquisiciones\/wp-content\/uploads\/sites\/5\/2022\/08\/Convocatoria-15-2022_0001.pdf\" target=\"_blank\" rel=\"noreferrer noopener\">Convocatoria<\/a><\/li>\n\n\n\n<li><a href=\"https:\/\/www.ssaver.gob.mx\/adquisiciones\/wp-content\/uploads\/sites\/5\/2022\/08\/Bases-y-Anexos-LPN-103T00000-015-2022.pdf\" target=\"_blank\" rel=\"noreferrer noopener\">Bases y Anexos<\/a><\/li>\n\n\n\n<li><a href=\"https:\/\/www.ssaver.gob.mx\/adquisiciones\/wp-content\/uploads\/sites\/5\/2022\/08\/Acta-de-junta-de-aclaraciones-LPN-103T00000-015-2022.pdf\" target=\"_blank\" rel=\"noreferrer noopener\">Acta de Junta de Aclaraciones<\/a><\/li>\n\n\n\n<li><a href=\"https:\/\/www.ssaver.gob.mx\/adquisiciones\/wp-content\/uploads\/sites\/5\/2022\/09\/Acta-de-apertura-de-proposiciones-LPN-103T00000-015-2022_compressed.pdf\">Acta de apertura de proposiciones<\/a><\/li>\n\n\n\n<li><a href=\"https:\/\/www.ssaver.gob.mx\/adquisiciones\/wp-content\/uploads\/sites\/5\/2022\/09\/Acta-de-diferimiento-de-la-evaluacion-tecnica-y-economica-y-emision-del-fallo-LPN-103T00000-015-2022_0001.pdf\" target=\"_blank\" rel=\"noreferrer noopener\">Acta de diferimiento de la evaluaci\u00f3n t\u00e9cnica y econ\u00f3mica y emisi\u00f3n del fallo<\/a><\/li>\n\n\n\n<li><a href=\"https:\/\/www.ssaver.gob.mx\/adquisiciones\/wp-content\/uploads\/sites\/5\/2022\/10\/Dictamen-tecnico-economico-Acta-de-fallo-LPN-103T00000-015-2022_0001_compressed.pdf\" target=\"_blank\" rel=\"noreferrer noopener\">Dictamen t\u00e9cnico-econ\u00f3mico (Acta de fallo)<\/a><\/li>\n\n\n\n<li><a href=\"https:\/\/www.ssaver.gob.mx\/adquisiciones\/wp-content\/uploads\/sites\/5\/2022\/10\/Fe-de-erratas-al-acta-de-resultado-de-la-evaluacion-tecnica-economica-del-fallo-LPN-103T00000-015-2022_0001_compressed.pdf\" target=\"_blank\" rel=\"noreferrer noopener\">Fe de erratas al acta de resultado de la evaluaci\u00f3n t\u00e9cnica econ\u00f3mica del fallo<\/a><\/li>\n\n\n\n<li><a href=\"https:\/\/www.ssaver.gob.mx\/adquisiciones\/wp-content\/uploads\/sites\/5\/2022\/10\/Notificacion-de-fallo-LPN-103T00000-015-2022_0001.pdf\" target=\"_blank\" rel=\"noreferrer noopener\">Notificaci\u00f3n de fallo<\/a><\/li>\n\n\n\n<li>Contratos Nos.\u00a0<a href=\"https:\/\/www.ssaver.gob.mx\/adquisiciones\/wp-content\/uploads\/sites\/5\/2022\/11\/SESVER_DA_C-192_2022-C.pdf\" target=\"_blank\" rel=\"noreferrer noopener\">192<\/a>,\u00a0<a href=\"https:\/\/www.ssaver.gob.mx\/adquisiciones\/wp-content\/uploads\/sites\/5\/2022\/11\/SESVER_DA_C-193_2022-C.pdf\" target=\"_blank\" rel=\"noreferrer noopener\">193<\/a>,\u00a0<a href=\"https:\/\/www.ssaver.gob.mx\/adquisiciones\/wp-content\/uploads\/sites\/5\/2022\/11\/SESVER_DA_C-194_2022-C.pdf\" target=\"_blank\" rel=\"noreferrer noopener\">194<\/a>,\u00a0<a href=\"https:\/\/www.ssaver.gob.mx\/adquisiciones\/wp-content\/uploads\/sites\/5\/2022\/11\/SESVER_DA_C-195_2022-C.pdf\" target=\"_blank\" rel=\"noreferrer noopener\">195<\/a>,\u00a0<a href=\"https:\/\/www.ssaver.gob.mx\/adquisiciones\/wp-content\/uploads\/sites\/5\/2022\/11\/SESVER_DA_C-196_2022-C.pdf\" target=\"_blank\" rel=\"noreferrer noopener\">196<\/a>,\u00a0<a href=\"https:\/\/www.ssaver.gob.mx\/adquisiciones\/wp-content\/uploads\/sites\/5\/2022\/11\/SESVER_DA_C-197_2022-C.pdf\" target=\"_blank\" rel=\"noreferrer noopener\">197<\/a>\u00a0de 2022<\/li>\n\n\n\n<li>Pedidos Nos.\u00a0<a href=\"https:\/\/www.ssaver.gob.mx\/adquisiciones\/wp-content\/uploads\/sites\/5\/2022\/11\/SESVER_DA_P-020_2022-AFECTADO-C.pdf\" target=\"_blank\" rel=\"noreferrer noopener\">20<\/a>,\u00a0<a href=\"https:\/\/www.ssaver.gob.mx\/adquisiciones\/wp-content\/uploads\/sites\/5\/2022\/11\/SESVER_DA_P-022_2022-C.pdf\" target=\"_blank\" rel=\"noreferrer noopener\">22<\/a>\u00a0de 2022<\/li>\n<\/ul>\n<\/li>\n<\/ul>\n<\/div>\n","protected":false},"excerpt":{"rendered":"","protected":false},"author":7,"featured_media":0,"parent":441,"menu_order":0,"comment_status":"closed","ping_status":"closed","template":"","meta":{"colormag_page_container_layout":"default_layout","colormag_page_sidebar_layout":"default_layout","footnotes":""},"class_list":["post-1706","page","type-page","status-publish","hentry"],"_links":{"self":[{"href":"https:\/\/www.ssaver.gob.mx\/adquisiciones\/wp-json\/wp\/v2\/pages\/1706","targetHints":{"allow":["GET"]}}],"collection":[{"href":"https:\/\/www.ssaver.gob.mx\/adquisiciones\/wp-json\/wp\/v2\/pages"}],"about":[{"href":"https:\/\/www.ssaver.gob.mx\/adquisiciones\/wp-json\/wp\/v2\/types\/page"}],"author":[{"embeddable":true,"href":"https:\/\/www.ssaver.gob.mx\/adquisiciones\/wp-json\/wp\/v2\/users\/7"}],"replies":[{"embeddable":true,"href":"https:\/\/www.ssaver.gob.mx\/adquisiciones\/wp-json\/wp\/v2\/comments?post=1706"}],"version-history":[{"count":26,"href":"https:\/\/www.ssaver.gob.mx\/adquisiciones\/wp-json\/wp\/v2\/pages\/1706\/revisions"}],"predecessor-version":[{"id":11786,"href":"https:\/\/www.ssaver.gob.mx\/adquisiciones\/wp-json\/wp\/v2\/pages\/1706\/revisions\/11786"}],"up":[{"embeddable":true,"href":"https:\/\/www.ssaver.gob.mx\/adquisiciones\/wp-json\/wp\/v2\/pages\/441"}],"wp:attachment":[{"href":"https:\/\/www.ssaver.gob.mx\/adquisiciones\/wp-json\/wp\/v2\/media?parent=1706"}],"curies":[{"name":"wp","href":"https:\/\/api.w.org\/{rel}","templated":true}]}}