{"id":1868,"date":"2022-09-09T14:55:34","date_gmt":"2022-09-09T19:55:34","guid":{"rendered":"https:\/\/www.ssaver.gob.mx\/adquisiciones\/?page_id=1868"},"modified":"2026-04-01T10:46:09","modified_gmt":"2026-04-01T16:46:09","slug":"adjudicacion-directa-federal","status":"publish","type":"page","link":"https:\/\/www.ssaver.gob.mx\/adquisiciones\/licitaciones-2022\/adjudicacion-directa-federal\/","title":{"rendered":"Adjudicaci\u00f3n Directa Federal 2022"},"content":{"rendered":"\n<div class=\"wp-block-group is-layout-constrained wp-container-core-group-is-layout-dbb229ec wp-block-group-is-layout-constrained\">\n<hr class=\"wp-block-separator has-text-color has-alpha-channel-opacity has-background is-style-wide\" style=\"background-color:#d8bf31;color:#d8bf31\" \/>\n\n\n\n<ul style=\"color:#5b4c0d;background-color:#fff4e0\" class=\"wp-block-list has-text-color has-background\">\n<li><strong><strong><strong>Contratos Adjudicados de acuerdo a la modalidad<\/strong><\/strong><\/strong><a rel=\"noreferrer noopener\" href=\"https:\/\/www.ssaver.gob.mx\/pae\/wp-content\/uploads\/sites\/18\/2022\/07\/2TdR_FASSA_2022.pdf\" target=\"_blank\"><\/a><a rel=\"noreferrer noopener\" href=\"https:\/\/www.ssaver.gob.mx\/adquisiciones\/wp-content\/uploads\/sites\/5\/2022\/08\/Resumen-de-Convocatoria-LA-930010996-E1-2022.pdf\" target=\"_blank\"><\/a>\n\n\n\n\n\n\n\n\n\n\n\n\n\n\n\n\n\n\n\n\n\n\n\n\n\n\n\n\n\n\n\n\n\n\n\n\n<ul class=\"wp-block-list\">\n<li><strong><a href=\"https:\/\/www.ssaver.gob.mx\/adquisiciones\/wp-content\/uploads\/sites\/5\/2023\/02\/SESVER_DA_C-385_2022-AFECTADO_compressed.pdf\" target=\"_blank\" rel=\"noreferrer noopener\">2022-SESVER-DA-C-385-2022<\/a><\/strong><a rel=\"noreferrer noopener\" href=\"https:\/\/www.ssaver.gob.mx\/adquisiciones\/wp-content\/uploads\/sites\/5\/2023\/01\/SESVER_DA_C-310_2022-AFECTADO_opt.pdf\" target=\"_blank\"><br><\/a>Adquisici\u00f3n de diversos bienes e insumos derivado del convenio COFEPRIS-CETR-VER.30\/2022<\/li>\n\n\n\n<li><strong><a href=\"https:\/\/www.ssaver.gob.mx\/adquisiciones\/wp-content\/uploads\/sites\/5\/2023\/02\/C-384_2022_C.pdf\" target=\"_blank\" rel=\"noreferrer noopener\">2022-SESVER-DA-C-384-2022<\/a><\/strong><a rel=\"noreferrer noopener\" href=\"https:\/\/www.ssaver.gob.mx\/adquisiciones\/wp-content\/uploads\/sites\/5\/2023\/01\/SESVER_DA_C-310_2022-AFECTADO_opt.pdf\" target=\"_blank\"><br><\/a>Adquisici\u00f3n de diversos bienes e insumos derivado del convenio COFEPRIS-CETR-VER.30\/2022<\/li>\n\n\n\n<li><strong><a href=\"https:\/\/www.ssaver.gob.mx\/adquisiciones\/wp-content\/uploads\/sites\/5\/2023\/02\/SESVER_DA_C-383_2022-AFECTADO_compressed.pdf\" target=\"_blank\" rel=\"noreferrer noopener\">2022-SESVER-DA-C-383-2022<\/a><\/strong><a rel=\"noreferrer noopener\" href=\"https:\/\/www.ssaver.gob.mx\/adquisiciones\/wp-content\/uploads\/sites\/5\/2023\/01\/SESVER_DA_C-310_2022-AFECTADO_opt.pdf\" target=\"_blank\"><br><\/a>Adquisici\u00f3n de diversos bienes e insumos derivado del convenio COFEPRIS-CETR-VER.30\/2022<\/li>\n\n\n\n<li><strong><a href=\"https:\/\/www.ssaver.gob.mx\/adquisiciones\/wp-content\/uploads\/sites\/5\/2023\/02\/SESVER_DA_C-371_2022-AFECTADO_compressed.pdf\" target=\"_blank\" rel=\"noreferrer noopener\">2022-SESVER-DA-C-371-2022<\/a><\/strong><a rel=\"noreferrer noopener\" href=\"https:\/\/www.ssaver.gob.mx\/adquisiciones\/wp-content\/uploads\/sites\/5\/2023\/01\/SESVER_DA_C-310_2022-AFECTADO_opt.pdf\" target=\"_blank\"><br><\/a>Servicio de mantenimiento de equipos de emisiones otoacusticas disfuncionales en los hospitales del Estado de Veracruz<\/li>\n<\/ul>\n\n\n\n<ul class=\"wp-block-list\">\n<li><strong><a rel=\"noreferrer noopener\" href=\"https:\/\/www.ssaver.gob.mx\/adquisiciones\/wp-content\/uploads\/sites\/5\/2023\/02\/SESVER_DA_C-366_2022-AFECTADO_opt.pdf\" target=\"_blank\">2022-SESVER-DA-C-366-2022<\/a><\/strong><a rel=\"noreferrer noopener\" href=\"https:\/\/www.ssaver.gob.mx\/adquisiciones\/wp-content\/uploads\/sites\/5\/2023\/01\/SESVER_DA_C-310_2022-AFECTADO_opt.pdf\" target=\"_blank\"><br><\/a>Adjudicaci\u00f3n directa por excepci\u00f3n de ley derivada de los renglones desiertos de la IA-930010996-E8-2022 relativa a la Adquisici\u00f3n de Adquisici\u00f3n de diversos bienes e insumos del ramo 12 (convenio AFASPE)<\/li>\n\n\n\n<li><a rel=\"noreferrer noopener\" href=\"https:\/\/www.ssaver.gob.mx\/adquisiciones\/wp-content\/uploads\/sites\/5\/2023\/01\/SESVER_DA_P-042_2022-AFECTADO_compressed.pdf\" target=\"_blank\"><strong>2022-SESVER-DA-P-042-2022<\/strong><\/a><a rel=\"noreferrer noopener\" href=\"https:\/\/www.ssaver.gob.mx\/adquisiciones\/wp-content\/uploads\/sites\/5\/2023\/01\/SESVER_DA_P-026_2022-AFECTADO_opt.pdf\" target=\"_blank\"><br><\/a>Adquisici\u00f3n de 25 cajas con 10 sobres de 100 gramos c\/u de piriproxifen 0.5% para el control del mosco transmisor del dengue, zika, chikungunya, para los Servicios de Salud de Veracruz.<\/li>\n\n\n\n<li><strong><a rel=\"noreferrer noopener\" href=\"https:\/\/www.ssaver.gob.mx\/adquisiciones\/wp-content\/uploads\/sites\/5\/2023\/02\/SESVER_DA_C-342_2022-AFECTADO_opt.pdf\" target=\"_blank\">2022-SESVER-DA-C-342-2022<\/a><\/strong><a rel=\"noreferrer noopener\" href=\"https:\/\/www.ssaver.gob.mx\/adquisiciones\/wp-content\/uploads\/sites\/5\/2023\/01\/SESVER_DA_C-310_2022-AFECTADO_opt.pdf\" target=\"_blank\"><br><\/a>Adquisici\u00f3n de 10 cajas con 24 botes de 500 gramos c\/u de larvicida bacillus thuringiensis var. Israelensis 37.4%; y 80 cajas c\/20 bolsas resellables con 5 sobres de 125 gr. Cada sobre de bendiocarb al 80% para el control del mosco transmisor del dengue, zika y chikungunya, para los Servicios de Salud de Veracruz.<\/li>\n\n\n\n<li><strong><a rel=\"noreferrer noopener\" href=\"https:\/\/www.ssaver.gob.mx\/adquisiciones\/wp-content\/uploads\/sites\/5\/2023\/02\/SESVER_DA_C-341_2022-AFECTADO_opt.pdf\" target=\"_blank\">2022-SESVER-DA-C-341-2022<\/a><\/strong><a rel=\"noreferrer noopener\" href=\"https:\/\/www.ssaver.gob.mx\/adquisiciones\/wp-content\/uploads\/sites\/5\/2023\/01\/SESVER_DA_C-310_2022-AFECTADO_opt.pdf\" target=\"_blank\"><br><\/a>Adquisici\u00f3n de 1,300 sacos de 15 kilogramos de insecticida de acci\u00f3n larvicida temephos 1% granulado 15 tambos de 208 litros de clorpirifos etil al 13.624% y 123 bidones de 20 litros c\/u de malation al 41.31% para el control de mosco transmisor del dengue, zika y chikunguya, para los Servicios de Salud de Veracruz.<\/li>\n\n\n\n<li><strong><a rel=\"noreferrer noopener\" href=\"https:\/\/www.ssaver.gob.mx\/adquisiciones\/wp-content\/uploads\/sites\/5\/2023\/01\/SESVER_DA_C-318_2022-AFECTADO_opt.pdf\" target=\"_blank\">2022-SESVER-DA-C-318-2022<\/a><\/strong><a rel=\"noreferrer noopener\" href=\"https:\/\/www.ssaver.gob.mx\/adquisiciones\/wp-content\/uploads\/sites\/5\/2023\/01\/SESVER_DA_C-310_2022-AFECTADO_opt.pdf\" target=\"_blank\"><br><\/a>Difusi\u00f3n de mensajes sobre programas y actividades gubernamentales<\/li>\n\n\n\n<li><strong><a rel=\"noreferrer noopener\" href=\"https:\/\/www.ssaver.gob.mx\/adquisiciones\/wp-content\/uploads\/sites\/5\/2023\/02\/SESVER_DA_C-311_2022-AFECTADO_compressed.pdf\" target=\"_blank\">2022-SESVER-DA-C-311-2022<\/a><\/strong><a rel=\"noreferrer noopener\" href=\"https:\/\/www.ssaver.gob.mx\/adquisiciones\/wp-content\/uploads\/sites\/5\/2023\/01\/SESVER_DA_C-310_2022-AFECTADO_opt.pdf\" target=\"_blank\"><br><\/a>Servicio especializado de mantenimiento correctivo a 74 ambulancias de Servicios de Salud de Veracruz<\/li>\n<\/ul>\n\n\n\n<ul class=\"wp-block-list\">\n<li><a rel=\"noreferrer noopener\" href=\"https:\/\/www.ssaver.gob.mx\/adquisiciones\/wp-content\/uploads\/sites\/5\/2023\/01\/SESVER_DA_C-310_2022-AFECTADO_opt.pdf\" target=\"_blank\"><strong>2022-SESVER-DA-C-310-2022<\/strong><br><\/a>Servicio especializado de mantenimiento correctivo a 74 ambulancias de servicios de Salud de Veracruz.<\/li>\n\n\n\n<li><a href=\"https:\/\/www.ssaver.gob.mx\/adquisiciones\/wp-content\/uploads\/sites\/5\/2023\/01\/SESVER_DA_C-309_2022-AFECTADO_opt.pdf\" target=\"_blank\" rel=\"noreferrer noopener\"><strong>2022-SESVER-DA-C-309-2022<\/strong><br><\/a>Servicio especializado de mantenimiento correctivo a 74 ambulancias de servicios de Salud de Veracruz.<\/li>\n\n\n\n<li><strong><a href=\"https:\/\/www.ssaver.gob.mx\/adquisiciones\/wp-content\/uploads\/sites\/5\/2023\/09\/SESVER_DA_C-308_2022-C.pdf\" target=\"_blank\" rel=\"noreferrer noopener\">2022-SESVER-DA-C-308-2022<\/a><\/strong><br>Contrataci\u00f3n abierta del servicio de mantenimiento correctivo a las unidades m\u00e9dicas m\u00f3viles pertenecientes al programa de fortalecimiento a la atenci\u00f3n m\u00e9dica (PFAM) de Servicios de Salud de Veracruz<\/li>\n\n\n\n<li><strong><a rel=\"noreferrer noopener\" href=\"https:\/\/www.ssaver.gob.mx\/adquisiciones\/wp-content\/uploads\/sites\/5\/2022\/12\/SESVER_DA_C-276_2022-AFECTADO-C.pdf\" target=\"_blank\">2022-SESVER-DA-C-276-2022<\/a><\/strong><br>Adquisici\u00f3n&nbsp; de&nbsp; Licencias&nbsp; de&nbsp; usos&nbsp; de&nbsp; Programas&nbsp; de&nbsp; C\u00f3mputo&nbsp; y su&nbsp; actualizaci\u00f3n&nbsp; para el&nbsp; M\u00f3dulo&nbsp; de Telemedicina.<\/li>\n<\/ul>\n\n\n\n<ul class=\"wp-block-list\">\n<li><a href=\"https:\/\/www.ssaver.gob.mx\/adquisiciones\/wp-content\/uploads\/sites\/5\/2022\/09\/SESVER_DA_C-168_2022-AFECTADO-C.pdf\"><strong>2022-SESVER-DA-C-168-2022<\/strong><\/a> <br>Adquisici\u00f3n&nbsp; de Vestuario y Uniformes<\/li>\n\n\n\n<li><a rel=\"noreferrer noopener\" href=\"https:\/\/www.ssaver.gob.mx\/adquisiciones\/wp-content\/uploads\/sites\/5\/2022\/08\/Resumen-de-Convocatoria-LA-930010996-E1-2022.pdf\" target=\"_blank\"><\/a><a href=\"https:\/\/www.ssaver.gob.mx\/adquisiciones\/wp-content\/uploads\/sites\/5\/2022\/09\/SESVER-DA-C-149-2022-AFECTADO-C.pdf\"><strong>2022-SESVER-DA-C-149-2022<\/strong><\/a> <br>Servicio de Suministro de Gasolina y Diesel Mediante Tarjetas Electronicas con Chip para Servicios de Salud de Veracruz <\/li>\n<\/ul>\n<\/li>\n<\/ul>\n<\/div>\n","protected":false},"excerpt":{"rendered":"","protected":false},"author":6,"featured_media":0,"parent":419,"menu_order":9,"comment_status":"closed","ping_status":"closed","template":"","meta":{"colormag_page_container_layout":"default_layout","colormag_page_sidebar_layout":"default_layout","footnotes":""},"class_list":["post-1868","page","type-page","status-publish","hentry"],"_links":{"self":[{"href":"https:\/\/www.ssaver.gob.mx\/adquisiciones\/wp-json\/wp\/v2\/pages\/1868","targetHints":{"allow":["GET"]}}],"collection":[{"href":"https:\/\/www.ssaver.gob.mx\/adquisiciones\/wp-json\/wp\/v2\/pages"}],"about":[{"href":"https:\/\/www.ssaver.gob.mx\/adquisiciones\/wp-json\/wp\/v2\/types\/page"}],"author":[{"embeddable":true,"href":"https:\/\/www.ssaver.gob.mx\/adquisiciones\/wp-json\/wp\/v2\/users\/6"}],"replies":[{"embeddable":true,"href":"https:\/\/www.ssaver.gob.mx\/adquisiciones\/wp-json\/wp\/v2\/comments?post=1868"}],"version-history":[{"count":31,"href":"https:\/\/www.ssaver.gob.mx\/adquisiciones\/wp-json\/wp\/v2\/pages\/1868\/revisions"}],"predecessor-version":[{"id":12185,"href":"https:\/\/www.ssaver.gob.mx\/adquisiciones\/wp-json\/wp\/v2\/pages\/1868\/revisions\/12185"}],"up":[{"embeddable":true,"href":"https:\/\/www.ssaver.gob.mx\/adquisiciones\/wp-json\/wp\/v2\/pages\/419"}],"wp:attachment":[{"href":"https:\/\/www.ssaver.gob.mx\/adquisiciones\/wp-json\/wp\/v2\/media?parent=1868"}],"curies":[{"name":"wp","href":"https:\/\/api.w.org\/{rel}","templated":true}]}}