{"id":1891,"date":"2022-09-22T09:34:04","date_gmt":"2022-09-22T14:34:04","guid":{"rendered":"https:\/\/www.ssaver.gob.mx\/adquisiciones\/?page_id=1891"},"modified":"2026-03-27T12:37:59","modified_gmt":"2026-03-27T18:37:59","slug":"licitacion-publica-nacional-no-lpn-103t00000-017-2022","status":"publish","type":"page","link":"https:\/\/www.ssaver.gob.mx\/adquisiciones\/licitaciones-2022\/licitaciones-publicas-nacionales-2022\/licitacion-publica-nacional-no-lpn-103t00000-017-2022\/","title":{"rendered":"Licitaci\u00f3n P\u00fablica Nacional LPN-103T00000-017-2022"},"content":{"rendered":"\n<div class=\"wp-block-group is-layout-constrained wp-container-core-group-is-layout-9517baca wp-block-group-is-layout-constrained\">\n<hr class=\"wp-block-separator has-text-color has-alpha-channel-opacity has-background is-style-wide\" style=\"background-color:#d8bf31;color:#d8bf31\" \/>\n\n\n\n<ul style=\"color:#5b4c0d;background-color:#fff4e0\" class=\"wp-block-list has-text-color has-background has-medium-font-size\">\n<li><strong>Relativa a la Adquisici\u00f3n de Reactivos con Equipo en Comodato para la realizaci\u00f3n de Pruebas para la Vigilancia Epidemiol\u00f3gica EFE\u2019S, detecci\u00f3n y Control de Enfermedades de pacientes con VIH\/SIDA y otras ITS, Enfermedades Transmitidas por Vector y realizaci\u00f3n de Cultivos y Estudios de Farmacosensibilidad de Mycobacterium Tuberculosis<\/strong>\n<ul class=\"wp-block-list\">\n<li><a href=\"https:\/\/www.ssaver.gob.mx\/adquisiciones\/wp-content\/uploads\/sites\/5\/2022\/09\/CONVOCATORIA-No.-17.pdf\">Convocatoria<\/a><\/li>\n\n\n\n<li><a href=\"https:\/\/www.ssaver.gob.mx\/adquisiciones\/wp-content\/uploads\/sites\/5\/2022\/09\/BASES-Y-ANEXOS-LPN-103T00000-017-2022_0001_compressed.pdf\">Bases y Anexos<\/a><\/li>\n\n\n\n<li><a href=\"https:\/\/www.ssaver.gob.mx\/adquisiciones\/wp-content\/uploads\/sites\/5\/2022\/09\/Acta-de-junta-de-aclaraciones-LPN-103T00000-017-2022_0001.pdf\" target=\"_blank\" rel=\"noreferrer noopener\">Acta de junta de aclaraciones<\/a><\/li>\n\n\n\n<li><a href=\"https:\/\/www.ssaver.gob.mx\/adquisiciones\/wp-content\/uploads\/sites\/5\/2022\/10\/Acta-de-apertura-de-proposiciones-LPN-103T00000-017-2022_compressed.pdf\" target=\"_blank\" rel=\"noreferrer noopener\">Acta de apertura de proposiciones<\/a><\/li>\n\n\n\n<li><a href=\"https:\/\/www.ssaver.gob.mx\/adquisiciones\/wp-content\/uploads\/sites\/5\/2022\/10\/Dictamen-tecnico-economico-Acta-de-fallo-LPN-103T00000-017-2022_compressed.pdf\" target=\"_blank\" rel=\"noreferrer noopener\">Dictamen t\u00e9cnico-econ\u00f3mico (Acta de fallo)<\/a><\/li>\n\n\n\n<li><a href=\"https:\/\/www.ssaver.gob.mx\/adquisiciones\/wp-content\/uploads\/sites\/5\/2022\/10\/Notificacion-de-fallo-LPN-103T00000-017-2022.pdf\" target=\"_blank\" rel=\"noreferrer noopener\">Notificaci\u00f3n de Fallo<\/a><\/li>\n\n\n\n<li><a href=\"https:\/\/www.ssaver.gob.mx\/adquisiciones\/wp-content\/uploads\/sites\/5\/2022\/11\/SESVER_DA_C-233_2022-C.pdf\" target=\"_blank\" rel=\"noreferrer noopener\">Contrato No. 233 de 2022<\/a><\/li>\n<\/ul>\n<\/li>\n<\/ul>\n<\/div>\n","protected":false},"excerpt":{"rendered":"","protected":false},"author":6,"featured_media":0,"parent":441,"menu_order":17,"comment_status":"closed","ping_status":"closed","template":"","meta":{"colormag_page_container_layout":"default_layout","colormag_page_sidebar_layout":"default_layout","footnotes":""},"class_list":["post-1891","page","type-page","status-publish","hentry"],"_links":{"self":[{"href":"https:\/\/www.ssaver.gob.mx\/adquisiciones\/wp-json\/wp\/v2\/pages\/1891","targetHints":{"allow":["GET"]}}],"collection":[{"href":"https:\/\/www.ssaver.gob.mx\/adquisiciones\/wp-json\/wp\/v2\/pages"}],"about":[{"href":"https:\/\/www.ssaver.gob.mx\/adquisiciones\/wp-json\/wp\/v2\/types\/page"}],"author":[{"embeddable":true,"href":"https:\/\/www.ssaver.gob.mx\/adquisiciones\/wp-json\/wp\/v2\/users\/6"}],"replies":[{"embeddable":true,"href":"https:\/\/www.ssaver.gob.mx\/adquisiciones\/wp-json\/wp\/v2\/comments?post=1891"}],"version-history":[{"count":21,"href":"https:\/\/www.ssaver.gob.mx\/adquisiciones\/wp-json\/wp\/v2\/pages\/1891\/revisions"}],"predecessor-version":[{"id":11788,"href":"https:\/\/www.ssaver.gob.mx\/adquisiciones\/wp-json\/wp\/v2\/pages\/1891\/revisions\/11788"}],"up":[{"embeddable":true,"href":"https:\/\/www.ssaver.gob.mx\/adquisiciones\/wp-json\/wp\/v2\/pages\/441"}],"wp:attachment":[{"href":"https:\/\/www.ssaver.gob.mx\/adquisiciones\/wp-json\/wp\/v2\/media?parent=1891"}],"curies":[{"name":"wp","href":"https:\/\/api.w.org\/{rel}","templated":true}]}}