{"id":2268,"date":"2022-10-24T21:46:33","date_gmt":"2022-10-25T02:46:33","guid":{"rendered":"https:\/\/www.ssaver.gob.mx\/adquisiciones\/?page_id=2268"},"modified":"2026-03-31T12:20:48","modified_gmt":"2026-03-31T18:20:48","slug":"licitaciones-publicas-estatales-2022","status":"publish","type":"page","link":"https:\/\/www.ssaver.gob.mx\/adquisiciones\/licitaciones-publicas-estatales-2022\/","title":{"rendered":"Licitaciones P\u00fablicas Estatales 2022"},"content":{"rendered":"\n<div class=\"wp-block-group is-layout-constrained wp-container-core-group-is-layout-9517baca wp-block-group-is-layout-constrained\">\n<hr class=\"wp-block-separator has-text-color has-alpha-channel-opacity has-background is-style-wide\" style=\"background-color:#d8bf31;color:#d8bf31\" \/>\n\n\n\n<ul style=\"color:#5b4c0d;background-color:#fff4e0\" class=\"wp-block-list has-text-color has-background has-medium-font-size\">\n<li><strong><strong><strong><a href=\"https:\/\/www.ssaver.gob.mx\/adquisiciones\/licitaciones-publicas-estatales-2022\/licitacion-publica-estatal-lpn-103t00000-001-2022\/\" target=\"_blank\" rel=\"noreferrer noopener\">Licitaci\u00f3n Publica Estatal LPE-103T00000-001-2022<\/a><\/strong><\/strong><\/strong> <br>Relativa a la Adquisici\u00f3n de Licencias, Materiales, Bienes y Servicios Inform\u00e1ticos para la Direcci\u00f3n de Planeaci\u00f3n y Desarrollo de Servicios de Salud de Veracruz<\/li>\n<\/ul>\n<\/div>\n","protected":false},"excerpt":{"rendered":"","protected":false},"author":6,"featured_media":0,"parent":0,"menu_order":0,"comment_status":"closed","ping_status":"closed","template":"","meta":{"colormag_page_container_layout":"default_layout","colormag_page_sidebar_layout":"default_layout","footnotes":""},"class_list":["post-2268","page","type-page","status-publish","hentry"],"_links":{"self":[{"href":"https:\/\/www.ssaver.gob.mx\/adquisiciones\/wp-json\/wp\/v2\/pages\/2268","targetHints":{"allow":["GET"]}}],"collection":[{"href":"https:\/\/www.ssaver.gob.mx\/adquisiciones\/wp-json\/wp\/v2\/pages"}],"about":[{"href":"https:\/\/www.ssaver.gob.mx\/adquisiciones\/wp-json\/wp\/v2\/types\/page"}],"author":[{"embeddable":true,"href":"https:\/\/www.ssaver.gob.mx\/adquisiciones\/wp-json\/wp\/v2\/users\/6"}],"replies":[{"embeddable":true,"href":"https:\/\/www.ssaver.gob.mx\/adquisiciones\/wp-json\/wp\/v2\/comments?post=2268"}],"version-history":[{"count":11,"href":"https:\/\/www.ssaver.gob.mx\/adquisiciones\/wp-json\/wp\/v2\/pages\/2268\/revisions"}],"predecessor-version":[{"id":12131,"href":"https:\/\/www.ssaver.gob.mx\/adquisiciones\/wp-json\/wp\/v2\/pages\/2268\/revisions\/12131"}],"wp:attachment":[{"href":"https:\/\/www.ssaver.gob.mx\/adquisiciones\/wp-json\/wp\/v2\/media?parent=2268"}],"curies":[{"name":"wp","href":"https:\/\/api.w.org\/{rel}","templated":true}]}}