{"id":2633,"date":"2022-11-16T18:55:54","date_gmt":"2022-11-17T00:55:54","guid":{"rendered":"https:\/\/www.ssaver.gob.mx\/adquisiciones\/?page_id=2633"},"modified":"2026-04-01T10:32:42","modified_gmt":"2026-04-01T16:32:42","slug":"licitacion-publica-nacional-lpn-103t00000-024-2022","status":"publish","type":"page","link":"https:\/\/www.ssaver.gob.mx\/adquisiciones\/licitaciones-2022\/licitaciones-publicas-nacionales-2022\/licitacion-publica-nacional-lpn-103t00000-024-2022\/","title":{"rendered":"Licitaci\u00f3n P\u00fablica Nacional LPN-103T00000-024-2022"},"content":{"rendered":"\n<div class=\"wp-block-group is-layout-constrained wp-container-core-group-is-layout-9517baca wp-block-group-is-layout-constrained\">\n<hr class=\"wp-block-separator has-text-color has-alpha-channel-opacity has-background is-style-wide\" style=\"background-color:#d8bf31;color:#d8bf31\" \/>\n\n\n\n<ul style=\"color:#5b4c0d;background-color:#fff4e0\" class=\"wp-block-list has-text-color has-background\">\n<li><strong><strong><strong><strong><strong><strong><strong><strong>Relativa a la Adquisici\u00f3n de Bienes Inform\u00e1ticos y Equipo de Administraci\u00f3n para Unidades Hospitalarias y Jurisdicciones Sanitarias dependientes de la Direcci\u00f3n de Atenci\u00f3n Medica de Servicios de Salud de Veracruz<\/strong><\/strong><\/strong><\/strong><\/strong><\/strong><\/strong><\/strong>\n<ul class=\"wp-block-list\">\n<li><a rel=\"noreferrer noopener\" href=\"https:\/\/www.ssaver.gob.mx\/adquisiciones\/wp-content\/uploads\/sites\/5\/2022\/11\/CONVOCATORIA-No.-24.pdf\" target=\"_blank\">Convocatoria<\/a><\/li>\n\n\n\n<li><a rel=\"noreferrer noopener\" href=\"https:\/\/www.ssaver.gob.mx\/adquisiciones\/wp-content\/uploads\/sites\/5\/2022\/11\/BASES-Y-ANEXOS-LPN-103T00000-024-2022_compressed.pdf\" target=\"_blank\">Bases y anexos de convocatoria<\/a><\/li>\n\n\n\n<li><a rel=\"noreferrer noopener\" href=\"https:\/\/www.ssaver.gob.mx\/adquisiciones\/wp-content\/uploads\/sites\/5\/2022\/11\/Acta-de-junta-de-aclaraciones-LPN-103T00000-024-2022_0001_compressed.pdf\" target=\"_blank\">Acta de junta de aclaraciones<\/a><\/li>\n\n\n\n<li><a rel=\"noreferrer noopener\" href=\"https:\/\/www.ssaver.gob.mx\/adquisiciones\/wp-content\/uploads\/sites\/5\/2022\/11\/Acta-de-apertura-de-proposiciones-LS-103T00000-024-2022_0001_compressed.pdf\" target=\"_blank\">Acta de apertura de proposiciones<\/a><\/li>\n\n\n\n<li><a rel=\"noreferrer noopener\" href=\"https:\/\/www.ssaver.gob.mx\/adquisiciones\/wp-content\/uploads\/sites\/5\/2022\/12\/Cambio-de-lugar-del-Dictamen-tecnico-economio-Fallo-LPN-103T00000-024-2022.pdf\" target=\"_blank\">Cambio de lugar del Dictamen tecnico-economio (Fallo)<\/a><\/li>\n\n\n\n<li><a rel=\"noreferrer noopener\" href=\"https:\/\/www.ssaver.gob.mx\/adquisiciones\/wp-content\/uploads\/sites\/5\/2022\/12\/Dictamen-tecnico-economico-Acta-de-fallo-LPN-103T00000-024-2022_0001_compressed.pdf\" target=\"_blank\">Dictamen t\u00e9cnico-econ\u00f3mico (Acta de fallo)<\/a><\/li>\n\n\n\n<li>Contratos Nos. <a rel=\"noreferrer noopener\" href=\"https:\/\/www.ssaver.gob.mx\/adquisiciones\/wp-content\/uploads\/sites\/5\/2022\/12\/SESVER_DA_C-285_2022-AFECTADO-C.pdf\" target=\"_blank\">285<\/a>, <a rel=\"noreferrer noopener\" href=\"https:\/\/www.ssaver.gob.mx\/adquisiciones\/wp-content\/uploads\/sites\/5\/2022\/12\/SESVER_DA_C-286_2022-AFECTADO-C.pdf\" target=\"_blank\">286<\/a>, <a rel=\"noreferrer noopener\" href=\"https:\/\/www.ssaver.gob.mx\/adquisiciones\/wp-content\/uploads\/sites\/5\/2022\/12\/SESVER_DA_C-287_2022-AFECTADO-C.pdf\" target=\"_blank\">287<\/a> y <a href=\"https:\/\/www.ssaver.gob.mx\/adquisiciones\/wp-content\/uploads\/sites\/5\/2022\/12\/SESVER_DA_C-288_2022-AFECTADO-C.pdf\" target=\"_blank\" rel=\"noreferrer noopener\">288<\/a> de 2022<\/li>\n<\/ul>\n<\/li>\n<\/ul>\n<\/div>\n","protected":false},"excerpt":{"rendered":"","protected":false},"author":6,"featured_media":0,"parent":441,"menu_order":24,"comment_status":"closed","ping_status":"closed","template":"","meta":{"colormag_page_container_layout":"default_layout","colormag_page_sidebar_layout":"default_layout","footnotes":""},"class_list":["post-2633","page","type-page","status-publish","hentry"],"_links":{"self":[{"href":"https:\/\/www.ssaver.gob.mx\/adquisiciones\/wp-json\/wp\/v2\/pages\/2633","targetHints":{"allow":["GET"]}}],"collection":[{"href":"https:\/\/www.ssaver.gob.mx\/adquisiciones\/wp-json\/wp\/v2\/pages"}],"about":[{"href":"https:\/\/www.ssaver.gob.mx\/adquisiciones\/wp-json\/wp\/v2\/types\/page"}],"author":[{"embeddable":true,"href":"https:\/\/www.ssaver.gob.mx\/adquisiciones\/wp-json\/wp\/v2\/users\/6"}],"replies":[{"embeddable":true,"href":"https:\/\/www.ssaver.gob.mx\/adquisiciones\/wp-json\/wp\/v2\/comments?post=2633"}],"version-history":[{"count":16,"href":"https:\/\/www.ssaver.gob.mx\/adquisiciones\/wp-json\/wp\/v2\/pages\/2633\/revisions"}],"predecessor-version":[{"id":12167,"href":"https:\/\/www.ssaver.gob.mx\/adquisiciones\/wp-json\/wp\/v2\/pages\/2633\/revisions\/12167"}],"up":[{"embeddable":true,"href":"https:\/\/www.ssaver.gob.mx\/adquisiciones\/wp-json\/wp\/v2\/pages\/441"}],"wp:attachment":[{"href":"https:\/\/www.ssaver.gob.mx\/adquisiciones\/wp-json\/wp\/v2\/media?parent=2633"}],"curies":[{"name":"wp","href":"https:\/\/api.w.org\/{rel}","templated":true}]}}