{"id":2948,"date":"2022-11-24T12:08:02","date_gmt":"2022-11-24T18:08:02","guid":{"rendered":"https:\/\/www.ssaver.gob.mx\/adquisiciones\/?page_id=2948"},"modified":"2026-04-01T10:34:51","modified_gmt":"2026-04-01T16:34:51","slug":"2948-2","status":"publish","type":"page","link":"https:\/\/www.ssaver.gob.mx\/adquisiciones\/licitaciones-2022\/licitaciones-publicas-nacionales-2022\/2948-2\/","title":{"rendered":"Licitaci\u00f3n Publica Nacional LPN-103T00000-025-2022"},"content":{"rendered":"\n<div class=\"wp-block-group is-layout-constrained wp-container-core-group-is-layout-9517baca wp-block-group-is-layout-constrained\">\n<ul style=\"color:#5b4c0d;background-color:#fff4e0\" class=\"wp-block-list has-text-color has-background\">\n<li><span><b>Relativa&nbsp; a&nbsp; la&nbsp; adquisici\u00f3n&nbsp; de \u00ab<\/b><\/span><strong><strong><strong><strong><strong><strong><strong><strong><strong>Veh\u00edculos&nbsp; Terrestres Destinados&nbsp; a Servicios&nbsp; P\u00fablicos&nbsp; y&nbsp; Operaci\u00f3n&nbsp; de Programas P\u00fablicos\u00bb<\/strong><\/strong><\/strong><\/strong><\/strong><\/strong><\/strong><\/strong><\/strong>\n<ul class=\"wp-block-list\">\n<li><a rel=\"noreferrer noopener\" href=\"https:\/\/www.ssaver.gob.mx\/adquisiciones\/wp-content\/uploads\/sites\/5\/2022\/11\/CONVOCATORIA-No.-25.pdf\" target=\"_blank\">Convocatoria<\/a><\/li>\n\n\n\n<li><a rel=\"noreferrer noopener\" href=\"https:\/\/www.ssaver.gob.mx\/adquisiciones\/wp-content\/uploads\/sites\/5\/2022\/11\/BASES-Y-ANEXOS-LPN-103T00000-025-2022_0001_compressed.pdf\" target=\"_blank\">Bases y anexos de convocatoria<\/a><\/li>\n\n\n\n<li><a rel=\"noreferrer noopener\" href=\"https:\/\/www.ssaver.gob.mx\/adquisiciones\/wp-content\/uploads\/sites\/5\/2022\/11\/Acta-de-junta-de-aclaraciones-LPN-103T00000-025-2022_0001_compressed.pdf\" target=\"_blank\">Acta de junta de aclaraciones<\/a><\/li>\n\n\n\n<li><a rel=\"noreferrer noopener\" href=\"https:\/\/www.ssaver.gob.mx\/adquisiciones\/wp-content\/uploads\/sites\/5\/2022\/12\/Acta-de-apertura-de-proposiciones-LPN-103T00000-025-2022_0001_compressed.pdf\" target=\"_blank\">Acta de apertura de proposiciones<\/a><\/li>\n\n\n\n<li><a href=\"https:\/\/www.ssaver.gob.mx\/adquisiciones\/wp-content\/uploads\/sites\/5\/2022\/12\/FE-DE-ERRATAS-AL-ACTA-DE-JUNTA-DE-PRESENTACION-Y-APERTURA-DE-PROPUESTAS-TECNICA-Y-ECONOMICAS-LPN-103T00000-025-2022_compressed.pdf\" target=\"_blank\" rel=\"noreferrer noopener\">Fe de Erratas al Acta de Junta de Presentaci\u00f3n y Apertura de Propuestas T\u00e9cnica y Econ\u00f3micas<\/a><\/li>\n\n\n\n<li><a rel=\"noreferrer noopener\" href=\"https:\/\/www.ssaver.gob.mx\/adquisiciones\/wp-content\/uploads\/sites\/5\/2022\/12\/Acta-de-diferimiento-de-la-evaluacion-tecnica-economica-y-emision-del-fallo-LPN-103T00000-025-2022_compressed.pdf\" target=\"_blank\">Acta de diferimiento de la evaluaci\u00f3n t\u00e9cnica econ\u00f3mica y emisi\u00f3n del fallo.<\/a><\/li>\n\n\n\n<li><a rel=\"noreferrer noopener\" href=\"https:\/\/www.ssaver.gob.mx\/adquisiciones\/wp-content\/uploads\/sites\/5\/2022\/12\/Dictamen-tecnico-economico-Acta-de-fallo-LPN-103T00000-025-2022_compressed.pdf\" target=\"_blank\">Dictamen t\u00e9cnico-econ\u00f3mico (Acta de fallo) <\/a><\/li>\n\n\n\n<li><a rel=\"noreferrer noopener\" href=\"https:\/\/www.ssaver.gob.mx\/adquisiciones\/wp-content\/uploads\/sites\/5\/2023\/01\/Fallo_FirmadoLPN_103T00000-015-2022.pdf\" target=\"_blank\">Notificaci\u00f3n de Fallo<\/a><\/li>\n\n\n\n<li>Contrato No. <a href=\"https:\/\/www.ssaver.gob.mx\/adquisiciones\/wp-content\/uploads\/sites\/5\/2023\/01\/SESVER_DA_C-302_2022-AFECTADO_opt.pdf\" target=\"_blank\" rel=\"noreferrer noopener\">302<\/a> y <a rel=\"noreferrer noopener\" href=\"https:\/\/www.ssaver.gob.mx\/adquisiciones\/wp-content\/uploads\/sites\/5\/2023\/01\/SESVER_DA_C-303_2022-AFECTADO_opt.pdf\" target=\"_blank\">303 <\/a>de 2022<\/li>\n<\/ul>\n<\/li>\n<\/ul>\n\n\n\n<p><\/p>\n<\/div>\n","protected":false},"excerpt":{"rendered":"","protected":false},"author":6,"featured_media":0,"parent":441,"menu_order":25,"comment_status":"closed","ping_status":"closed","template":"","meta":{"colormag_page_container_layout":"default_layout","colormag_page_sidebar_layout":"default_layout","footnotes":""},"class_list":["post-2948","page","type-page","status-publish","hentry"],"_links":{"self":[{"href":"https:\/\/www.ssaver.gob.mx\/adquisiciones\/wp-json\/wp\/v2\/pages\/2948","targetHints":{"allow":["GET"]}}],"collection":[{"href":"https:\/\/www.ssaver.gob.mx\/adquisiciones\/wp-json\/wp\/v2\/pages"}],"about":[{"href":"https:\/\/www.ssaver.gob.mx\/adquisiciones\/wp-json\/wp\/v2\/types\/page"}],"author":[{"embeddable":true,"href":"https:\/\/www.ssaver.gob.mx\/adquisiciones\/wp-json\/wp\/v2\/users\/6"}],"replies":[{"embeddable":true,"href":"https:\/\/www.ssaver.gob.mx\/adquisiciones\/wp-json\/wp\/v2\/comments?post=2948"}],"version-history":[{"count":20,"href":"https:\/\/www.ssaver.gob.mx\/adquisiciones\/wp-json\/wp\/v2\/pages\/2948\/revisions"}],"predecessor-version":[{"id":12168,"href":"https:\/\/www.ssaver.gob.mx\/adquisiciones\/wp-json\/wp\/v2\/pages\/2948\/revisions\/12168"}],"up":[{"embeddable":true,"href":"https:\/\/www.ssaver.gob.mx\/adquisiciones\/wp-json\/wp\/v2\/pages\/441"}],"wp:attachment":[{"href":"https:\/\/www.ssaver.gob.mx\/adquisiciones\/wp-json\/wp\/v2\/media?parent=2948"}],"curies":[{"name":"wp","href":"https:\/\/api.w.org\/{rel}","templated":true}]}}