{"id":3438,"date":"2022-12-15T10:31:26","date_gmt":"2022-12-15T16:31:26","guid":{"rendered":"https:\/\/www.ssaver.gob.mx\/adquisiciones\/?page_id=3438"},"modified":"2026-03-31T09:53:55","modified_gmt":"2026-03-31T15:53:55","slug":"licitaciones-invitacion-a-cuando-menos-tres-proveedores","status":"publish","type":"page","link":"https:\/\/www.ssaver.gob.mx\/adquisiciones\/licitaciones-2022\/licitaciones-invitacion-a-cuando-menos-tres-proveedores\/","title":{"rendered":"Licitaciones invitaci\u00f3n a cuando menos tres proveedores 2022"},"content":{"rendered":"\n<div class=\"wp-block-group is-layout-constrained wp-container-core-group-is-layout-9517baca wp-block-group-is-layout-constrained\">\n<hr class=\"wp-block-separator has-text-color has-alpha-channel-opacity has-background is-style-wide\" style=\"background-color:#d8bf31;color:#d8bf31\" \/>\n\n\n\n<div class=\"wp-block-columns is-layout-flex wp-container-core-columns-is-layout-28f84493 wp-block-columns-is-layout-flex\">\n<div class=\"wp-block-column has-background is-layout-flow wp-block-column-is-layout-flow\" style=\"background-color:#fff4e0\">\n<ul class=\"wp-block-list has-medium-font-size\">\n<li><a href=\"https:\/\/www.ssaver.gob.mx\/adquisiciones\/licitaciones-2022\/licitaciones-invitacion-a-cuando-menos-tres-proveedores\/licitacion-invitacion-a-cuando-menos-tres-proveedores-ia-930010996-e15-2022\/\" target=\"_blank\" rel=\"noreferrer noopener\"><strong>Licitaci\u00f3n invitaci\u00f3n a cuando menos tres proveedores IA-930010996-E15-2022<\/strong> <\/a><br>Relativa a la Contrataci\u00f3n de \u201cServicios Integrales\u201d para el Mantenimiento de la Red de Frio de Servicios de Salud de Veracruz<\/li>\n<\/ul>\n\n\n\n<ul class=\"wp-block-list has-medium-font-size\">\n<li><a href=\"https:\/\/www.ssaver.gob.mx\/adquisiciones\/licitaciones-2022\/licitaciones-invitacion-a-cuando-menos-tres-proveedores\/licitacion-invitacion-a-cuando-menos-tres-proveedores-ia-930010996-e14-2022\/\" target=\"_blank\" rel=\"noreferrer noopener\"><strong>Licitaci\u00f3n invitaci\u00f3n a cuando menos tres proveedores IA-930010996-E14-2022<\/strong> <\/a><br>Relativa a la Contrataci\u00f3n del Servicio de Mantenimiento a 51 Unidades Aplicativas que requieren Dictamen de Verificaci\u00f3n de Instalaciones El\u00e9ctricas para la Contrataci\u00f3n ante C.F.E. por aumento de Carga de Energ\u00eda El\u00e9ctrica<\/li>\n<\/ul>\n\n\n\n<ul class=\"wp-block-list has-medium-font-size\">\n<li><a href=\"https:\/\/www.ssaver.gob.mx\/adquisiciones\/licitaciones-2022\/licitaciones-invitacion-a-cuando-menos-tres-proveedores\/licitacion-invitacion-a-cuando-menos-tres-proveedores-ia-930010996-e13-2022\/\" target=\"_blank\" rel=\"noreferrer noopener\"><strong>Licitaci\u00f3n invitaci\u00f3n a cuando menos tres proveedores IA-930010996-E13-2022<\/strong> <\/a><br>Relativa al Servicio de Mantenimiento a Equipos Electromedicos y Electromecanicos, de Unidades Aplicativas pertenecientes a SESVER<\/li>\n<\/ul>\n\n\n\n<ul class=\"wp-block-list has-medium-font-size\">\n<li><strong><a href=\"https:\/\/www.ssaver.gob.mx\/adquisiciones\/licitaciones-2022\/licitaciones-invitacion-a-cuando-menos-tres-proveedores\/licitacion-invitacion-a-cuando-menos-tres-proveedores-ia-930010996-e12-2022\/\" target=\"_blank\" rel=\"noreferrer noopener\">Licitaci\u00f3n invitaci\u00f3n a cuando menos tres proveedores IA-930010996-E12-2022<\/a><\/strong> <br>Relativa a la Adquisici\u00f3n de Papeler\u00eda para las Unidades Hospitalarias de Servicios de Salud de Veracruz<\/li>\n<\/ul>\n\n\n\n<ul class=\"wp-block-list has-medium-font-size\">\n<li><a href=\"https:\/\/www.ssaver.gob.mx\/adquisiciones\/licitaciones-2022\/licitaciones-invitacion-a-cuando-menos-tres-proveedores\/licitacion-invitacion-a-cuando-menos-tres-proveedores-ia-930010996-e11-2022\/\" target=\"_blank\" rel=\"noreferrer noopener\"><strong>Licitaci\u00f3n invitaci\u00f3n a cuando menos tres proveedores IA-930010996-E11-2022<\/strong> <\/a><br>Relativa a la Adquisici\u00f3n de productos de Limpieza para Unidades Aplicativas de Servicios de Salud de Veracruz<\/li>\n<\/ul>\n\n\n\n<ul class=\"wp-block-list has-medium-font-size\">\n<li><a href=\"https:\/\/www.ssaver.gob.mx\/adquisiciones\/licitaciones-2022\/licitaciones-invitacion-a-cuando-menos-tres-proveedores\/licitacion-invitacion-a-cuando-menos-tres-proveedores-ia-930010996-e10-2022\/\" target=\"_blank\" rel=\"noreferrer noopener\"><strong>Licitaci\u00f3n invitaci\u00f3n a cuando menos tres proveedores IA-930010996-E10-2022<\/strong> <\/a><br>Relativa a la Adquisici\u00f3n de Consumibles para Monitores de Signos Vitales de las Unidades Hospitalarias de la Red de Servicios de SESVER<\/li>\n<\/ul>\n\n\n\n<ul class=\"wp-block-list has-medium-font-size\">\n<li><strong><a href=\"https:\/\/www.ssaver.gob.mx\/adquisiciones\/licitaciones-2022\/licitaciones-invitacion-a-cuando-menos-tres-proveedores\/licitacion-invitacion-a-cuando-menos-tres-proveedores-ia-930010996-e9-2022\/\" target=\"_blank\" rel=\"noreferrer noopener\">Licitaci\u00f3n invitaci\u00f3n a cuando menos tres proveedores IA-930010996-E9-2022<\/a><\/strong> <br>Relativa a la Adquisici\u00f3n de Consumibles para Ventiladores Volum\u00e9tricos de las Unidades Hospitalarias de la Red de Servicios de SESVER<\/li>\n<\/ul>\n\n\n\n<ul class=\"wp-block-list has-medium-font-size\">\n<li><a rel=\"noreferrer noopener\" href=\"https:\/\/www.ssaver.gob.mx\/adquisiciones\/licitaciones-2022\/licitaciones-invitacion-a-cuando-menos-tres-proveedores\/licitacion-invitacion-a-cuando-menos-tres-proveedores-ia-930010996-e8-2022\/\" target=\"_blank\"><strong>Licitaci\u00f3n invitaci\u00f3n a cuando menos tres proveedores IA-930010996-E8-2022<\/strong> <\/a><br>Relativa a la Adquisici\u00f3n de Diversos Bienes e Insumos del Ramo 12 (Convenio AFASPE 2022), Renglones Desiertos de la Licitaci\u00f3n P\u00fablica Nacional Presencial No. LA-930010996-E5-2022<\/li>\n<\/ul>\n\n\n\n<ul class=\"wp-block-list has-medium-font-size\">\n<li><strong><strong><strong><strong><strong><a href=\"https:\/\/www.ssaver.gob.mx\/adquisiciones\/licitaciones-2022\/licitaciones-invitacion-a-cuando-menos-tres-proveedores\/licitacion-invitacion-a-cuando-menos-tres-proveedores-ia-930010996-e7-2022\/\" target=\"_blank\" rel=\"noreferrer noopener\"><strong><strong><strong>Licitaci\u00f3n invitaci\u00f3n a cuando menos tres proveedores IA-930010996-E7-2022<\/strong><\/strong><\/strong> <\/a><\/strong><\/strong><\/strong><\/strong><\/strong><br>Relativa a la Adquisici\u00f3n de Bienes Inform\u00e1ticos e Impresi\u00f3n y Elaboraci\u00f3n de Material Informativo (Convenio AFASPE 2022)<\/li>\n<\/ul>\n<\/div>\n<\/div>\n<\/div>\n","protected":false},"excerpt":{"rendered":"","protected":false},"author":6,"featured_media":0,"parent":419,"menu_order":8,"comment_status":"closed","ping_status":"closed","template":"","meta":{"colormag_page_container_layout":"default_layout","colormag_page_sidebar_layout":"default_layout","footnotes":""},"class_list":["post-3438","page","type-page","status-publish","hentry"],"_links":{"self":[{"href":"https:\/\/www.ssaver.gob.mx\/adquisiciones\/wp-json\/wp\/v2\/pages\/3438","targetHints":{"allow":["GET"]}}],"collection":[{"href":"https:\/\/www.ssaver.gob.mx\/adquisiciones\/wp-json\/wp\/v2\/pages"}],"about":[{"href":"https:\/\/www.ssaver.gob.mx\/adquisiciones\/wp-json\/wp\/v2\/types\/page"}],"author":[{"embeddable":true,"href":"https:\/\/www.ssaver.gob.mx\/adquisiciones\/wp-json\/wp\/v2\/users\/6"}],"replies":[{"embeddable":true,"href":"https:\/\/www.ssaver.gob.mx\/adquisiciones\/wp-json\/wp\/v2\/comments?post=3438"}],"version-history":[{"count":21,"href":"https:\/\/www.ssaver.gob.mx\/adquisiciones\/wp-json\/wp\/v2\/pages\/3438\/revisions"}],"predecessor-version":[{"id":11812,"href":"https:\/\/www.ssaver.gob.mx\/adquisiciones\/wp-json\/wp\/v2\/pages\/3438\/revisions\/11812"}],"up":[{"embeddable":true,"href":"https:\/\/www.ssaver.gob.mx\/adquisiciones\/wp-json\/wp\/v2\/pages\/419"}],"wp:attachment":[{"href":"https:\/\/www.ssaver.gob.mx\/adquisiciones\/wp-json\/wp\/v2\/media?parent=3438"}],"curies":[{"name":"wp","href":"https:\/\/api.w.org\/{rel}","templated":true}]}}