{"id":3444,"date":"2022-12-15T11:49:24","date_gmt":"2022-12-15T17:49:24","guid":{"rendered":"https:\/\/www.ssaver.gob.mx\/adquisiciones\/?page_id=3444"},"modified":"2026-04-01T10:38:22","modified_gmt":"2026-04-01T16:38:22","slug":"licitacion-invitacion-a-cuando-menos-tres-proveedores-ia-930010996-e8-2022","status":"publish","type":"page","link":"https:\/\/www.ssaver.gob.mx\/adquisiciones\/licitaciones-2022\/licitaciones-invitacion-a-cuando-menos-tres-proveedores\/licitacion-invitacion-a-cuando-menos-tres-proveedores-ia-930010996-e8-2022\/","title":{"rendered":"Licitaci\u00f3n invitaci\u00f3n a cuando menos tres proveedores IA-930010996-E8-2022"},"content":{"rendered":"\n<div class=\"wp-block-group is-layout-constrained wp-container-core-group-is-layout-9517baca wp-block-group-is-layout-constrained\">\n<ul style=\"color:#5b4c0d;background-color:#fff4e0\" class=\"wp-block-list has-text-color has-background\">\n<li><strong>Relativa a la Adquisici\u00f3n de Diversos Bienes e Insumos del Ramo 12 (Convenio AFASPE 2022), Renglones Desiertos de la Licitaci\u00f3n P\u00fablica Nacional Presencial No. LA-930010996-E5-2022<\/strong>\n<ul class=\"wp-block-list\">\n<li><a href=\"https:\/\/www.ssaver.gob.mx\/adquisiciones\/wp-content\/uploads\/sites\/5\/2022\/12\/Oficios-de-invitacion-IA-930010996-E8-2022_0001.pdf\" target=\"_blank\" rel=\"noreferrer noopener\">Oficios de invitaci\u00f3n<\/a><\/li>\n\n\n\n<li><a rel=\"noreferrer noopener\" href=\"https:\/\/www.ssaver.gob.mx\/adquisiciones\/wp-content\/uploads\/sites\/5\/2022\/08\/Resumen-de-Convocatoria-LA-930010996-E1-2022.pdf\" target=\"_blank\"><\/a><a href=\"https:\/\/www.ssaver.gob.mx\/adquisiciones\/wp-content\/uploads\/sites\/5\/2022\/12\/Convocatoria-IA-930010996-E8-2022_compressed-BASES.pdf\" target=\"_blank\" rel=\"noreferrer noopener\">Convocatoria (BASES)<\/a><\/li>\n\n\n\n<li><a href=\"https:\/\/www.ssaver.gob.mx\/adquisiciones\/wp-content\/uploads\/sites\/5\/2022\/12\/Convocatoria-IA-930010996-E8-2022_compressed-ANEXOS.pdf\" target=\"_blank\" rel=\"noreferrer noopener\">Anexos<\/a><\/li>\n\n\n\n<li><a rel=\"noreferrer noopener\" href=\"https:\/\/www.ssaver.gob.mx\/adquisiciones\/wp-content\/uploads\/sites\/5\/2022\/12\/Convocatoria-IA-930010996-E8-2022_compressed-FICHAS-TECNICAS.pdf\" target=\"_blank\">Fichas T\u00e9cnicas<\/a><\/li>\n\n\n\n<li><a rel=\"noreferrer noopener\" href=\"https:\/\/www.ssaver.gob.mx\/adquisiciones\/wp-content\/uploads\/sites\/5\/2022\/12\/Acta-de-apertura-de-proposiciones-IA-930010996-E8-2022_0001_compressed.pdf\" target=\"_blank\">Acta de apertura de proposiciones<\/a><\/li>\n\n\n\n<li><a rel=\"noreferrer noopener\" href=\"https:\/\/www.ssaver.gob.mx\/adquisiciones\/wp-content\/uploads\/sites\/5\/2022\/12\/Dictamen-tecnico-economico-Acta-de-fallo-IA-930010996-E8-2022_0001_compressed.pdf\" target=\"_blank\">Dictamen t\u00e9cnico-econ\u00f3mico (Acta de fallo)<\/a><\/li>\n\n\n\n<li>Contrato No. <a rel=\"noreferrer noopener\" href=\"https:\/\/www.ssaver.gob.mx\/adquisiciones\/wp-content\/uploads\/sites\/5\/2023\/01\/SESVER_DA_C-317_2022-AFECTADO_compressed.pdf\" target=\"_blank\">317 <\/a>de 2022<\/li>\n<\/ul>\n<\/li>\n<\/ul>\n<\/div>\n","protected":false},"excerpt":{"rendered":"","protected":false},"author":6,"featured_media":0,"parent":3438,"menu_order":8,"comment_status":"closed","ping_status":"closed","template":"","meta":{"colormag_page_container_layout":"default_layout","colormag_page_sidebar_layout":"default_layout","footnotes":""},"class_list":["post-3444","page","type-page","status-publish","hentry"],"_links":{"self":[{"href":"https:\/\/www.ssaver.gob.mx\/adquisiciones\/wp-json\/wp\/v2\/pages\/3444","targetHints":{"allow":["GET"]}}],"collection":[{"href":"https:\/\/www.ssaver.gob.mx\/adquisiciones\/wp-json\/wp\/v2\/pages"}],"about":[{"href":"https:\/\/www.ssaver.gob.mx\/adquisiciones\/wp-json\/wp\/v2\/types\/page"}],"author":[{"embeddable":true,"href":"https:\/\/www.ssaver.gob.mx\/adquisiciones\/wp-json\/wp\/v2\/users\/6"}],"replies":[{"embeddable":true,"href":"https:\/\/www.ssaver.gob.mx\/adquisiciones\/wp-json\/wp\/v2\/comments?post=3444"}],"version-history":[{"count":15,"href":"https:\/\/www.ssaver.gob.mx\/adquisiciones\/wp-json\/wp\/v2\/pages\/3444\/revisions"}],"predecessor-version":[{"id":12174,"href":"https:\/\/www.ssaver.gob.mx\/adquisiciones\/wp-json\/wp\/v2\/pages\/3444\/revisions\/12174"}],"up":[{"embeddable":true,"href":"https:\/\/www.ssaver.gob.mx\/adquisiciones\/wp-json\/wp\/v2\/pages\/3438"}],"wp:attachment":[{"href":"https:\/\/www.ssaver.gob.mx\/adquisiciones\/wp-json\/wp\/v2\/media?parent=3444"}],"curies":[{"name":"wp","href":"https:\/\/api.w.org\/{rel}","templated":true}]}}