{"id":3696,"date":"2022-06-20T14:43:05","date_gmt":"2022-06-20T19:43:05","guid":{"rendered":"https:\/\/www.ssaver.gob.mx\/adquisiciones\/?page_id=3696"},"modified":"2026-03-27T11:56:10","modified_gmt":"2026-03-27T17:56:10","slug":"001-020","status":"publish","type":"page","link":"https:\/\/www.ssaver.gob.mx\/adquisiciones\/licitaciones-2022\/licitaciones-simplificadas-2022\/001-020\/","title":{"rendered":"Licitaciones Simplificadas 2022 001-020"},"content":{"rendered":"\n<div class=\"wp-block-group is-layout-constrained wp-container-core-group-is-layout-9517baca wp-block-group-is-layout-constrained\">\n<hr class=\"wp-block-separator has-text-color has-alpha-channel-opacity has-background is-style-wide\" style=\"background-color:#d8bf31;color:#d8bf31\" \/>\n\n\n\n<div class=\"wp-block-columns is-layout-flex wp-container-core-columns-is-layout-28f84493 wp-block-columns-is-layout-flex\">\n<div class=\"wp-block-column has-background is-layout-flow wp-block-column-is-layout-flow\" style=\"background-color:#fff4e0\">\n<ul class=\"wp-block-list has-medium-font-size\">\n<li><a rel=\"noreferrer noopener\" href=\"https:\/\/www.ssaver.gob.mx\/adquisiciones\/licitaciones-2022\/licitaciones-simplificadas-2022\/licitacion-simplificada-ls-103t00000-020-2022\/\" target=\"_blank\">Licitaci\u00f3n Simplificada LS-103T00000-020-2022<\/a><br>Relativa a la Adquisici\u00f3n de Term\u00f3metros y Ox\u00edmetros de Pulso para la Direcci\u00f3n de Atenci\u00f3n M\u00e9dica.<\/li>\n<\/ul>\n\n\n\n<ul class=\"wp-block-list has-medium-font-size\">\n<li><a rel=\"noreferrer noopener\" href=\"https:\/\/www.ssaver.gob.mx\/adquisiciones\/licitaciones-2022\/licitaciones-simplificadas-2022\/licitacion-simplificada-ls-103t00000-019-2022\/\" target=\"_blank\">Licitaci\u00f3n Simplificada LS-103T00000-019-2022<\/a><br>Relativa a la Adquisici\u00f3n de Material de Curaci\u00f3n para el Programa de Salud Bucal.<\/li>\n<\/ul>\n\n\n\n<ul class=\"wp-block-list has-medium-font-size\">\n<li><a rel=\"noreferrer noopener\" href=\"https:\/\/www.ssaver.gob.mx\/adquisiciones\/licitaciones-2022\/licitaciones-simplificadas-2022\/licitacion-simplificada-ls-103t00000-018-2022\/\" target=\"_blank\">Licitaci\u00f3n Simplificada LS-103T00000-018-2022<\/a><br>Relativa a la Adquisici\u00f3n de Formater\u00eda SINBA-SIS 2022 para el Departamento de Bioestad\u00edstica.<\/li>\n<\/ul>\n\n\n\n<ul class=\"wp-block-list has-medium-font-size\">\n<li><a rel=\"noreferrer noopener\" href=\"https:\/\/www.ssaver.gob.mx\/adquisiciones\/licitaciones-2022\/licitaciones-simplificadas-2022\/licitacion-simplificada-ls-103t00000-017-2022\/\" target=\"_blank\">Licitaci\u00f3n Simplificada LS-103T00000-017-2022<\/a><br>Relativa a la Adquisici\u00f3n de 30 Kits con Equipos en Comodato para Esterilizaci\u00f3n en Plasma en el Hospital de Alta Especialidad de Veracruz, Centro de Alta Especialidad Dr. Rafael Lucio y Hospital Regional de Poza Rica de Hidalgo Pertenecientes a Servicios de Salud de Veracruz.<\/li>\n<\/ul>\n\n\n\n<ul class=\"wp-block-list has-medium-font-size\">\n<li><a rel=\"noreferrer noopener\" href=\"https:\/\/www.ssaver.gob.mx\/adquisiciones\/licitacion-publica-simplificada-ls-103t00000-016-2022\/\" target=\"_blank\">Licitaci\u00f3n Simplificada LS-103T00000-016-2022<\/a><br>Relativa a la Adquisici\u00f3n de 105 Balones Postparto Bakri.<\/li>\n<\/ul>\n\n\n\n<ul class=\"wp-block-list has-medium-font-size\">\n<li><a rel=\"noreferrer noopener\" href=\"https:\/\/www.ssaver.gob.mx\/adquisiciones\/licitacion-publica-simplificada-ls-103t00000-015-2022\/\" target=\"_blank\">Licitaci\u00f3n Simplificada LS-103T00000-015-2022<\/a> <br>Relativa a la Adquisici\u00f3n, Instalaci\u00f3n, Puesta en Marcha y Capacitaci\u00f3n al Personal Usuario de un Desfibrilador Monitor Marcapaso Port\u00e1til para el Centro Regulador de Urgencias M\u00e9dicas (CRUM).<\/li>\n<\/ul>\n\n\n\n<ul class=\"wp-block-list has-medium-font-size\">\n<li><a rel=\"noreferrer noopener\" href=\"https:\/\/www.ssaver.gob.mx\/adquisiciones\/licitacion-publica-simplificada-ls-103t00000-014-2022\/\" target=\"_blank\">Licitaci\u00f3n Simplificada LS-103T00000-014-2022<\/a><br>Relativa a la Contrataci\u00f3n del Servicio de Limpieza de Cisternas de la Red Hospitalaria de Servicios de Salud de Veracruz, Segunda Vuelta.<\/li>\n<\/ul>\n\n\n\n<ul class=\"wp-block-list has-medium-font-size\">\n<li><a rel=\"noreferrer noopener\" href=\"https:\/\/www.ssaver.gob.mx\/adquisiciones\/licitacion-publica-simplificada-ls-103t00000-013-2022\/\" target=\"_blank\">Licitaci\u00f3n Simplificada LS-103T00000-013-2022<\/a><br>Relativa a la Adquisici\u00f3n de Materiales para el Mantenimiento a Equipos de Aire Acondicionado para Unidades Aplicativas Pertenecientes a Servicios de Salud de Veracruz.<\/li>\n<\/ul>\n\n\n\n<ul class=\"wp-block-list has-medium-font-size\">\n<li><a rel=\"noreferrer noopener\" href=\"https:\/\/www.ssaver.gob.mx\/adquisiciones\/licitacion-publica-simplificada-ls-103t00000-012-2022\/\" target=\"_blank\">Licitaci\u00f3n Simplificada LS-103T00000-012-2022<\/a> <br>Relativa a la Adquisici\u00f3n de Materiales para el Mantenimiento de 110 Unidades M\u00e9dicas de Primer Nivel y para el Mantenimiento de Pintura a Mobiliario de 33 Unidades de Segundo Nivel en Proceso de Reacreditaci\u00f3n 2022.<\/li>\n<\/ul>\n\n\n\n<ul class=\"wp-block-list has-medium-font-size\">\n<li><a rel=\"noreferrer noopener\" href=\"https:\/\/www.ssaver.gob.mx\/adquisiciones\/licitacion-simplificada-ls-103t00000-011-2022\/\" target=\"_blank\">Licitaci\u00f3n Simplificada LS-103T00000-011-2022<\/a><br>Relativa a la Adquisici\u00f3n de hojas de Seguridad con logos para el Departamento de Adquisiciones.<\/li>\n<\/ul>\n\n\n\n<ul class=\"wp-block-list has-medium-font-size\">\n<li><a rel=\"noreferrer noopener\" href=\"https:\/\/www.ssaver.gob.mx\/adquisiciones\/licitaciones-2022\/licitaciones-simplificadas-2022\/licitacion-simplificada-ls-103t00000-010-2022\/\" target=\"_blank\">Licitaci\u00f3n Simplificada LS-103T00000-010-2022<\/a> <br>Relativa a la Contrataci\u00f3n del Servicio de Limpieza de Cisternas de la Red Hospitalaria de Servicios de Salud de Veracruz.<\/li>\n<\/ul>\n\n\n\n<ul class=\"wp-block-list has-medium-font-size\">\n<li><a rel=\"noreferrer noopener\" href=\"https:\/\/www.ssaver.gob.mx\/adquisiciones\/licitaciones-2022\/licitaciones-simplificadas-2022\/licitacion-simplificada-ls-103t00000-009-2022\/\" target=\"_blank\">Licitaci\u00f3n Simplificada LS-103T00000-009-2022<\/a><br>Relativa a la Adquisici\u00f3n de Licenciamiento de Seguridad de la Red de SESVER.<\/li>\n<\/ul>\n\n\n\n<ul class=\"wp-block-list has-medium-font-size\">\n<li><a rel=\"noreferrer noopener\" href=\"https:\/\/www.ssaver.gob.mx\/adquisiciones\/licitaciones-2022\/licitaciones-simplificadas-2022\/licitacion-simplificada-ls-103t00000-008-2022\/\" target=\"_blank\">Licitaci\u00f3n Simplificada LS-103T00000-008-2022<\/a><br>Relativa a la Contrataci\u00f3n del Servicio de Mantenimiento a Equipos Electrom\u00e9dicos y Electromec\u00e1nicos para Unidades Aplicativas de SESVER 2022.<\/li>\n<\/ul>\n\n\n\n<ul class=\"wp-block-list has-medium-font-size\">\n<li><a rel=\"noreferrer noopener\" href=\"https:\/\/www.ssaver.gob.mx\/adquisiciones\/licitacion-simplificada-ls-103t00000-007-2022\/\" target=\"_blank\">Licitaci\u00f3n Simplificada LS-103T00000-007-2022<\/a><br>Relativa a la Contrataci\u00f3n Abierta del Servicio Subrogado de Agua Purificada a Oficinas Centrales, Subdirecci\u00f3n de Ense\u00f1anza, Investigaci\u00f3n y Capacitaci\u00f3n, \u00d3rgano Interno de Control, Plaza Macuilt\u00e9petl, Administraci\u00f3n del Patrimonio de la Beneficencia P\u00fablica (PBP), Departamento de Vigilancia Epidemiol\u00f3gica, Comisi\u00f3n Estatal contra las Adicciones, Almac\u00e9n \u00abA\u00bb, Almac\u00e9n \u00abB\u00bb, Instituto Veracruzano de Salud Mental \u00abDr. Rafael Velasco Fern\u00e1ndez\u00bb, Centro Estatal de Cancerolog\u00eda \u00abDr. Miguel Dorantes Mesa\u00bb (CECAN) y Centro de Atenci\u00f3n Infantil (CAI), Dependientes de Servicios de Salud de Veracruz.<\/li>\n<\/ul>\n\n\n\n<ul class=\"wp-block-list has-medium-font-size\">\n<li><a rel=\"noreferrer noopener\" href=\"https:\/\/www.ssaver.gob.mx\/adquisiciones\/licitaciones-2022\/licitaciones-simplificadas-2022\/licitacion-simplificada-ls-103t00000-006-2022\/\" target=\"_blank\">Licitaci\u00f3n Simplificada LS-103T00000-006-2022<\/a><br>Relativa a la Contrataci\u00f3n del Servicio Especializado de Mensajer\u00eda y Paqueter\u00eda para las Diversas \u00c1reas de Oficina Central de SESVER.<\/li>\n<\/ul>\n\n\n\n<ul class=\"wp-block-list has-medium-font-size\">\n<li><a rel=\"noreferrer noopener\" href=\"https:\/\/www.ssaver.gob.mx\/adquisiciones\/licitaciones-2022\/licitaciones-simplificadas-2022\/licitacion-simplificada-ls-103t00000-005-2022\/\" target=\"_blank\">Licitaci\u00f3n Simplificada LS-103T00000-005-2022<\/a> <br>Relativa a la Contrataci\u00f3n del Servicio Subrogado de Transporte de Personal para el Laboratorio Estatal de Salud P\u00fablica.<\/li>\n<\/ul>\n\n\n\n<ul class=\"wp-block-list has-medium-font-size\">\n<li><a rel=\"noreferrer noopener\" href=\"https:\/\/www.ssaver.gob.mx\/adquisiciones\/licitaciones-2022\/licitaciones-simplificadas-2022\/licitacion-simplificada-ls-103t00000-004-2022\/\" target=\"_blank\">Licitaci\u00f3n Simplificada LS-103T00000-004-2022<\/a><br>Relativa a la Contrataci\u00f3n del Servicio Subrogado de Fotocopiado para la Red Hospitalaria de Servicios de Salud de Veracruz.<\/li>\n<\/ul>\n\n\n\n<ul class=\"wp-block-list has-medium-font-size\">\n<li><a rel=\"noreferrer noopener\" href=\"https:\/\/www.ssaver.gob.mx\/adquisiciones\/licitaciones-2022\/licitaciones-simplificadas-2022\/licitacion-simplificada-ls-103t00000-003-2022\/\" target=\"_blank\">Licitaci\u00f3n Simplificada LS-103T00000-003-2022<\/a><br>Relativa a la Contrataci\u00f3n del Servicio Subrogado de Fumigaci\u00f3n para la Red Hospitalaria, Oficinas Centrales, Unidades Administrativas y Jurisdicciones Sanitarias de SESVER.<\/li>\n<\/ul>\n\n\n\n<ul class=\"wp-block-list has-medium-font-size\">\n<li><a rel=\"noreferrer noopener\" href=\"https:\/\/www.ssaver.gob.mx\/adquisiciones\/licitaciones-2022\/licitaciones-simplificadas-2022\/licitacion-simplificada-ls-103t00000-002-2022\/\" target=\"_blank\">Licitaci\u00f3n Simplificada LS-103T00000-002-2022<\/a><br>Relativa al Servicio de Recarga de Extintores para Servicios de Salud de Veracruz.<\/li>\n<\/ul>\n\n\n\n<ul class=\"wp-block-list has-medium-font-size\">\n<li><a rel=\"noreferrer noopener\" href=\"https:\/\/www.ssaver.gob.mx\/adquisiciones\/licitaciones-2022\/licitaciones-simplificadas-2022\/licitacion-simplificada-ls-103t00000-001-2022\/\" target=\"_blank\">Licitaci\u00f3n Simplificada LS-103T00000-001-2022<\/a><br>Relativa a la Adquisici\u00f3n de Materiales y \u00datiles de Oficina y Bienes e Insumos Inform\u00e1ticos.<\/li>\n<\/ul>\n<\/div>\n<\/div>\n<\/div>\n","protected":false},"excerpt":{"rendered":"","protected":false},"author":2,"featured_media":0,"parent":488,"menu_order":1,"comment_status":"closed","ping_status":"closed","template":"","meta":{"colormag_page_container_layout":"default_layout","colormag_page_sidebar_layout":"default_layout","footnotes":""},"class_list":["post-3696","page","type-page","status-publish","hentry"],"_links":{"self":[{"href":"https:\/\/www.ssaver.gob.mx\/adquisiciones\/wp-json\/wp\/v2\/pages\/3696","targetHints":{"allow":["GET"]}}],"collection":[{"href":"https:\/\/www.ssaver.gob.mx\/adquisiciones\/wp-json\/wp\/v2\/pages"}],"about":[{"href":"https:\/\/www.ssaver.gob.mx\/adquisiciones\/wp-json\/wp\/v2\/types\/page"}],"author":[{"embeddable":true,"href":"https:\/\/www.ssaver.gob.mx\/adquisiciones\/wp-json\/wp\/v2\/users\/2"}],"replies":[{"embeddable":true,"href":"https:\/\/www.ssaver.gob.mx\/adquisiciones\/wp-json\/wp\/v2\/comments?post=3696"}],"version-history":[{"count":3,"href":"https:\/\/www.ssaver.gob.mx\/adquisiciones\/wp-json\/wp\/v2\/pages\/3696\/revisions"}],"predecessor-version":[{"id":11697,"href":"https:\/\/www.ssaver.gob.mx\/adquisiciones\/wp-json\/wp\/v2\/pages\/3696\/revisions\/11697"}],"up":[{"embeddable":true,"href":"https:\/\/www.ssaver.gob.mx\/adquisiciones\/wp-json\/wp\/v2\/pages\/488"}],"wp:attachment":[{"href":"https:\/\/www.ssaver.gob.mx\/adquisiciones\/wp-json\/wp\/v2\/media?parent=3696"}],"curies":[{"name":"wp","href":"https:\/\/api.w.org\/{rel}","templated":true}]}}