{"id":3801,"date":"2022-12-23T12:20:42","date_gmt":"2022-12-23T18:20:42","guid":{"rendered":"https:\/\/www.ssaver.gob.mx\/adquisiciones\/?page_id=3801"},"modified":"2026-03-27T12:25:53","modified_gmt":"2026-03-27T18:25:53","slug":"licitaciones-simplificadas-2022-061-080","status":"publish","type":"page","link":"https:\/\/www.ssaver.gob.mx\/adquisiciones\/licitaciones-2022\/licitaciones-simplificadas-2022\/licitaciones-simplificadas-2022-061-080\/","title":{"rendered":"Licitaciones Simplificadas 2022 061-065"},"content":{"rendered":"\n<div class=\"wp-block-group is-layout-constrained wp-container-core-group-is-layout-9517baca wp-block-group-is-layout-constrained\">\n<hr class=\"wp-block-separator has-text-color has-alpha-channel-opacity has-background is-style-wide\" style=\"background-color:#d8bf31;color:#d8bf31\" \/>\n\n\n\n<div class=\"wp-block-columns is-layout-flex wp-container-core-columns-is-layout-28f84493 wp-block-columns-is-layout-flex\">\n<div class=\"wp-block-column has-background is-layout-flow wp-block-column-is-layout-flow\" style=\"background-color:#fff4e0\">\n<ul class=\"wp-block-list has-medium-font-size\">\n<li><a href=\"https:\/\/www.ssaver.gob.mx\/adquisiciones\/licitaciones-2022\/licitaciones-simplificadas-2022\/licitaciones-simplificadas-2022-061-080\/licitacion-simplificada-ls-103t00000-065-2022\/\" target=\"_blank\" rel=\"noreferrer noopener\">Licitaci\u00f3n Simplificada LS-103T00000-065-2022<\/a><br>Relativa&nbsp; a&nbsp; la \u00bbAdquisici\u00f3n&nbsp; de Tres&nbsp; Camiones&nbsp; Tipo&nbsp; Chasis&nbsp; con Caja Refrigerada&nbsp; para&nbsp; el Departamento&nbsp; de Almacenaje&nbsp; y Distribuci\u00f3n\u00bb<\/li>\n<\/ul>\n\n\n\n<ul class=\"wp-block-list has-medium-font-size\">\n<li><a href=\"https:\/\/www.ssaver.gob.mx\/adquisiciones\/licitaciones-2022\/licitaciones-simplificadas-2022\/licitaciones-simplificadas-2022-061-080\/licitacion-simplificada-ls-103t00000-064-2022\/\" target=\"_blank\" rel=\"noreferrer noopener\">Licitaci\u00f3n Simplificada LS-103T00000-064-2022<\/a><br>Relativa&nbsp; a&nbsp; la Adquisici\u00f3n&nbsp; de&nbsp; Bienes&nbsp; e Insumos&nbsp; Inform\u00e1ticos ,&nbsp; para&nbsp; la&nbsp; Direcci\u00f3n&nbsp; de Protecci\u00f3n&nbsp; Contra&nbsp; Riesgos&nbsp; Sanitarios&nbsp; de Servicios&nbsp; de&nbsp; Salud&nbsp; de&nbsp; Veracruz<\/li>\n<\/ul>\n\n\n\n<ul class=\"wp-block-list has-medium-font-size\">\n<li><a href=\"https:\/\/www.ssaver.gob.mx\/adquisiciones\/licitaciones-2022\/licitaciones-simplificadas-2022\/licitaciones-simplificadas-2022-061-080\/licitacion-simplificada-ls-103t00000-063-2022\/\" target=\"_blank\" rel=\"noreferrer noopener\">Licitaci\u00f3n Simplificada LS-103T00000-063-2022<\/a><br>Relativa&nbsp; a&nbsp; la&nbsp; Adquisici\u00f3n, Instalaci\u00f3n, Configuraci\u00f3n&nbsp; y&nbsp; puesta&nbsp; a&nbsp; punto&nbsp; de Servidores&nbsp; para&nbsp; el&nbsp; Departamento&nbsp; de Tecnolog\u00edas&nbsp; de&nbsp; la Informaci\u00f3n<\/li>\n<\/ul>\n\n\n\n<ul class=\"wp-block-list has-medium-font-size\">\n<li><a href=\"https:\/\/www.ssaver.gob.mx\/adquisiciones\/licitaciones-2022\/licitaciones-simplificadas-2022\/licitaciones-simplificadas-2022-061-080\/licitacion-simplificada-ls-103t00000-062-2022\/\" target=\"_blank\" rel=\"noreferrer noopener\">Licitaci\u00f3n Simplificada LS-103T00000-062-2022<\/a><br>\u00abImpresi\u00f3n&nbsp; de&nbsp; Manuales&nbsp; T\u00e9cnicos&nbsp; para Auxiliares&nbsp; de&nbsp; Salud&nbsp; Comunitaria&nbsp; y&nbsp; Porta Diplomas&nbsp; para&nbsp; la&nbsp; Direcci\u00f3n&nbsp; de&nbsp; Atenci\u00f3n&nbsp; Medica\u00bb<\/li>\n<\/ul>\n\n\n\n<ul class=\"wp-block-list has-medium-font-size\">\n<li><a rel=\"noreferrer noopener\" href=\"https:\/\/www.ssaver.gob.mx\/adquisiciones\/licitaciones-2022\/licitaciones-simplificadas-2022\/licitaciones-simplificadas-2022-061-080\/licitacion-simplificada-ls-103t00000-061-2022\/\" target=\"_blank\">Licitaci\u00f3n Simplificada LS-103T00000-061-2022<\/a><br>Relativa&nbsp; a&nbsp; la Adquisici\u00f3n&nbsp; de&nbsp; Implementos&nbsp; de&nbsp; Trabajo&nbsp; para&nbsp; la Subdirecci\u00f3n&nbsp; de&nbsp; Atenci\u00f3n&nbsp; del&nbsp; Primer&nbsp; Nivel,&nbsp; el&nbsp; Centro&nbsp; de Regulaci\u00f3n&nbsp; de&nbsp; Urgencias&nbsp; Medicas&nbsp; (CRUM)&nbsp; pertenecientes&nbsp; a la&nbsp; Direcci\u00f3n&nbsp; de&nbsp; Atenci\u00f3n&nbsp; Medica&nbsp; y&nbsp; para&nbsp; la&nbsp; Coordinaci\u00f3n de&nbsp; Calidad&nbsp; en&nbsp; Salud.<\/li>\n<\/ul>\n<\/div>\n<\/div>\n<\/div>\n","protected":false},"excerpt":{"rendered":"","protected":false},"author":6,"featured_media":0,"parent":488,"menu_order":4,"comment_status":"closed","ping_status":"closed","template":"","meta":{"colormag_page_container_layout":"default_layout","colormag_page_sidebar_layout":"default_layout","footnotes":""},"class_list":["post-3801","page","type-page","status-publish","hentry"],"_links":{"self":[{"href":"https:\/\/www.ssaver.gob.mx\/adquisiciones\/wp-json\/wp\/v2\/pages\/3801","targetHints":{"allow":["GET"]}}],"collection":[{"href":"https:\/\/www.ssaver.gob.mx\/adquisiciones\/wp-json\/wp\/v2\/pages"}],"about":[{"href":"https:\/\/www.ssaver.gob.mx\/adquisiciones\/wp-json\/wp\/v2\/types\/page"}],"author":[{"embeddable":true,"href":"https:\/\/www.ssaver.gob.mx\/adquisiciones\/wp-json\/wp\/v2\/users\/6"}],"replies":[{"embeddable":true,"href":"https:\/\/www.ssaver.gob.mx\/adquisiciones\/wp-json\/wp\/v2\/comments?post=3801"}],"version-history":[{"count":12,"href":"https:\/\/www.ssaver.gob.mx\/adquisiciones\/wp-json\/wp\/v2\/pages\/3801\/revisions"}],"predecessor-version":[{"id":11762,"href":"https:\/\/www.ssaver.gob.mx\/adquisiciones\/wp-json\/wp\/v2\/pages\/3801\/revisions\/11762"}],"up":[{"embeddable":true,"href":"https:\/\/www.ssaver.gob.mx\/adquisiciones\/wp-json\/wp\/v2\/pages\/488"}],"wp:attachment":[{"href":"https:\/\/www.ssaver.gob.mx\/adquisiciones\/wp-json\/wp\/v2\/media?parent=3801"}],"curies":[{"name":"wp","href":"https:\/\/api.w.org\/{rel}","templated":true}]}}