{"id":4069,"date":"2023-01-02T14:25:36","date_gmt":"2023-01-02T20:25:36","guid":{"rendered":"https:\/\/www.ssaver.gob.mx\/adquisiciones\/?page_id=4069"},"modified":"2026-04-01T10:24:40","modified_gmt":"2026-04-01T16:24:40","slug":"licitacion-simplificada-ls-103t00000-064-2022","status":"publish","type":"page","link":"https:\/\/www.ssaver.gob.mx\/adquisiciones\/licitaciones-2022\/licitaciones-simplificadas-2022\/licitaciones-simplificadas-2022-061-080\/licitacion-simplificada-ls-103t00000-064-2022\/","title":{"rendered":"Licitacion Simplificada LS-103T00000-064-2022"},"content":{"rendered":"\n<div class=\"wp-block-group is-layout-constrained wp-container-core-group-is-layout-9517baca wp-block-group-is-layout-constrained\">\n<hr class=\"wp-block-separator has-text-color has-alpha-channel-opacity has-background is-style-wide\" style=\"background-color:#d8bf31;color:#d8bf31\" \/>\n\n\n\n<ul style=\"color:#5b4c0d;background-color:#fff4e0\" class=\"wp-block-list has-text-color has-background\">\n<li><strong><strong><strong><strong><strong><strong><strong><strong><strong><strong>Relativa&nbsp; a&nbsp; la Adquisici\u00f3n&nbsp; de&nbsp; Bienes&nbsp; e Insumos&nbsp; Inform\u00e1ticos ,&nbsp; para&nbsp; la&nbsp; Direcci\u00f3n&nbsp; de Protecci\u00f3n&nbsp; Contra&nbsp; Riesgos&nbsp; Sanitarios&nbsp; de Servicios&nbsp; de&nbsp; Salud&nbsp; de&nbsp; Veracruz<\/strong><\/strong><\/strong><\/strong><\/strong><\/strong><\/strong><\/strong><\/strong><\/strong>\n<ul class=\"wp-block-list\">\n<li><a href=\"https:\/\/www.ssaver.gob.mx\/adquisiciones\/wp-content\/uploads\/sites\/5\/2023\/01\/Oficios-de-Invitacion-a-LS-103T00000-064-2022_compressed.pdf\" target=\"_blank\" rel=\"noreferrer noopener\">Oficios de Invitaci\u00f3n<\/a><\/li>\n\n\n\n<li><a href=\"https:\/\/www.ssaver.gob.mx\/adquisiciones\/wp-content\/uploads\/sites\/5\/2023\/01\/BASES-Y-ANEXOS-LS-103T00000-064-2022_compressed.pdf\" target=\"_blank\" rel=\"noreferrer noopener\">Bases y Anexos<\/a><\/li>\n\n\n\n<li><a href=\"https:\/\/www.ssaver.gob.mx\/adquisiciones\/wp-content\/uploads\/sites\/5\/2023\/01\/Acta-de-Apertura-de-Propuestas-Tecnicas-y-Economicas-LS-103T00000-064-2022_compressed.pdf\" target=\"_blank\" rel=\"noreferrer noopener\">Acta de Apertura de Proposiciones<\/a><\/li>\n\n\n\n<li><a rel=\"noreferrer noopener\" href=\"https:\/\/www.ssaver.gob.mx\/adquisiciones\/wp-content\/uploads\/sites\/5\/2023\/01\/Dictamen-tecnico-economico-Acta-de-Fallo-LS-103T00000-064-2022_compressed.pdf\" target=\"_blank\">Dictamen t\u00e9cnico-econ\u00f3mico (Acta de fallo)<\/a><\/li>\n\n\n\n<li><a rel=\"noreferrer noopener\" href=\"https:\/\/www.ssaver.gob.mx\/adquisiciones\/wp-content\/uploads\/sites\/5\/2023\/01\/Fe-de-Erratas-LS-103T00000-064-2022.pdf\" target=\"_blank\">F\u00e9&nbsp; de&nbsp; erratas&nbsp; al&nbsp; acta&nbsp; de&nbsp; la&nbsp; junta&nbsp; de&nbsp; Presentaci\u00f3n&nbsp; y&nbsp; Apertura&nbsp; de&nbsp; Proposiciones T\u00e9cnicas&nbsp; y&nbsp; Econ\u00f3micas&nbsp; y&nbsp; el acta&nbsp; del&nbsp; resultado&nbsp; de&nbsp; la&nbsp; Evaluaci\u00f3n&nbsp; T\u00e9cnica&nbsp; y&nbsp; Econ\u00f3mica y&nbsp; Emisi\u00f3n&nbsp; del&nbsp; Fallo<\/a><\/li>\n\n\n\n<li><a href=\"https:\/\/www.ssaver.gob.mx\/adquisiciones\/wp-content\/uploads\/sites\/5\/2023\/01\/SESVER_DA_C-367_2022-AFECTADO_compressed.pdf\" target=\"_blank\" rel=\"noreferrer noopener\">Contrato No. 367 de 2022<\/a><\/li>\n<\/ul>\n<\/li>\n<\/ul>\n\n\n\n<p><\/p>\n<\/div>\n","protected":false},"excerpt":{"rendered":"","protected":false},"author":6,"featured_media":0,"parent":3801,"menu_order":4,"comment_status":"closed","ping_status":"closed","template":"","meta":{"colormag_page_container_layout":"default_layout","colormag_page_sidebar_layout":"default_layout","footnotes":""},"class_list":["post-4069","page","type-page","status-publish","hentry"],"_links":{"self":[{"href":"https:\/\/www.ssaver.gob.mx\/adquisiciones\/wp-json\/wp\/v2\/pages\/4069","targetHints":{"allow":["GET"]}}],"collection":[{"href":"https:\/\/www.ssaver.gob.mx\/adquisiciones\/wp-json\/wp\/v2\/pages"}],"about":[{"href":"https:\/\/www.ssaver.gob.mx\/adquisiciones\/wp-json\/wp\/v2\/types\/page"}],"author":[{"embeddable":true,"href":"https:\/\/www.ssaver.gob.mx\/adquisiciones\/wp-json\/wp\/v2\/users\/6"}],"replies":[{"embeddable":true,"href":"https:\/\/www.ssaver.gob.mx\/adquisiciones\/wp-json\/wp\/v2\/comments?post=4069"}],"version-history":[{"count":12,"href":"https:\/\/www.ssaver.gob.mx\/adquisiciones\/wp-json\/wp\/v2\/pages\/4069\/revisions"}],"predecessor-version":[{"id":12161,"href":"https:\/\/www.ssaver.gob.mx\/adquisiciones\/wp-json\/wp\/v2\/pages\/4069\/revisions\/12161"}],"up":[{"embeddable":true,"href":"https:\/\/www.ssaver.gob.mx\/adquisiciones\/wp-json\/wp\/v2\/pages\/3801"}],"wp:attachment":[{"href":"https:\/\/www.ssaver.gob.mx\/adquisiciones\/wp-json\/wp\/v2\/media?parent=4069"}],"curies":[{"name":"wp","href":"https:\/\/api.w.org\/{rel}","templated":true}]}}