{"id":430,"date":"2022-06-15T17:27:02","date_gmt":"2022-06-15T22:27:02","guid":{"rendered":"https:\/\/www.ssaver.gob.mx\/adquisiciones\/?page_id=430"},"modified":"2022-06-17T10:19:12","modified_gmt":"2022-06-17T15:19:12","slug":"licitaciones-2021","status":"publish","type":"page","link":"https:\/\/www.ssaver.gob.mx\/adquisiciones\/licitaciones-2021\/","title":{"rendered":"Licitaciones 2021"},"content":{"rendered":"\n<div class=\"wp-block-siteorigin-panels-layout-block\"><div id=\"pl-430\"  class=\"panel-layout\" ><div id=\"pg-430-0\"  class=\"panel-grid panel-no-style\" ><div id=\"pgc-430-0-0\"  class=\"panel-grid-cell\" ><div id=\"panel-430-0-0-0\" class=\"so-panel widget widget_sow-editor panel-first-child panel-last-child\" data-index=\"0\" ><div\n\t\t\t\n\t\t\tclass=\"so-widget-sow-editor so-widget-sow-editor-base\"\n\t\t\t\n\t\t><h3 class=\"widget-title\">Licitaciones 2022<\/h3>\n<div class=\"siteorigin-widget-tinymce textwidget\">\n\t<div id=\"panel-gb6668-626c49e179c64-0-0-0\" class=\"so-panel widget widget_sow-editor panel-first-child\" data-index=\"0\">\n<div class=\"panel-widget-style panel-widget-style-for-gb6668-626c49e179c64-0-0-0\">\n<div class=\"so-widget-sow-editor so-widget-sow-editor-base\">\n<div class=\"siteorigin-widget-tinymce textwidget\">\n<h2><strong>Licitaciones 2021<\/strong><\/h2>\n<\/div>\n<\/div>\n<\/div>\n<\/div>\n<div id=\"panel-gb6668-626c49e179c64-0-0-1\" class=\"so-panel widget widget_sow-editor panel-last-child\" data-index=\"1\">\n<div class=\"panel-widget-style panel-widget-style-for-gb6668-626c49e179c64-0-0-1\">\n<div class=\"so-widget-sow-editor so-widget-sow-editor-base\">\n<div class=\"siteorigin-widget-tinymce textwidget\">\n<h4>\u00a0 \u00a0 \u00a0 Licitaciones de Adquisiciones<\/h4>\n<ul>\n<li>Manual de Organizaci\u00f3n y Funcionamiento del Subcomit\u00e9 de Adquisiciones, Arrendamientos, Servicios y Enajenaci\u00f3n de Bienes Muebles de Servicios de Salud de Veracruz 2021<\/li>\n<li>Programa Anual de Adquisiciones 2021<\/li>\n<\/ul>\n<div class=\"su-table su-table-responsive su-table-alternate\">\n<p>&nbsp;<\/p>\n<table width=\"1484\">\n<tbody>\n<tr>\n<td>\n<h4>Procedimientos con recurso de aplicaci\u00f3n<\/h4>\n<h4>estatal<\/h4>\n<\/td>\n<td>\n<h4>Procedimientos con recurso de aplicaci\u00f3n<\/h4>\n<h4>federal<\/h4>\n<\/td>\n<\/tr>\n<tr>\n<td>Directas por Monto<\/p>\n<p>Directas por Excepci\u00f3n de Ley<\/p>\n<\/td>\n<td>Directas<\/td>\n<\/tr>\n<tr>\n<td>Enajenaciones<\/td>\n<td>Enajenaciones<\/td>\n<\/tr>\n<tr>\n<td>Simplificadas<\/td>\n<td>Por invitaci\u00f3n de cuando menos 3 proveedores<\/td>\n<\/tr>\n<tr>\n<td>P\u00fablicas<\/td>\n<td>P\u00fablica Nacional<\/p>\n<p>P\u00fablica Internacional<\/p>\n<\/td>\n<\/tr>\n<\/tbody>\n<\/table>\n<p>&nbsp;<\/p>\n<\/div>\n<ul>\n<li>Texto pendiente de actualizaci\u00f3n<\/li>\n<li>Art\u00edculo 15 de la Ley 875 de Transparencia y Acceso a la Informaci\u00f3n P\u00fablica<\/li>\n<\/ul>\n<\/div>\n<\/div>\n<\/div>\n<\/div>\n<\/div>\n<\/div><\/div><\/div><\/div><\/div><\/div>\n","protected":false},"excerpt":{"rendered":"","protected":false},"author":2,"featured_media":0,"parent":0,"menu_order":1,"comment_status":"closed","ping_status":"closed","template":"","meta":{"colormag_page_container_layout":"default_layout","colormag_page_sidebar_layout":"default_layout","footnotes":""},"class_list":["post-430","page","type-page","status-publish","hentry"],"_links":{"self":[{"href":"https:\/\/www.ssaver.gob.mx\/adquisiciones\/wp-json\/wp\/v2\/pages\/430","targetHints":{"allow":["GET"]}}],"collection":[{"href":"https:\/\/www.ssaver.gob.mx\/adquisiciones\/wp-json\/wp\/v2\/pages"}],"about":[{"href":"https:\/\/www.ssaver.gob.mx\/adquisiciones\/wp-json\/wp\/v2\/types\/page"}],"author":[{"embeddable":true,"href":"https:\/\/www.ssaver.gob.mx\/adquisiciones\/wp-json\/wp\/v2\/users\/2"}],"replies":[{"embeddable":true,"href":"https:\/\/www.ssaver.gob.mx\/adquisiciones\/wp-json\/wp\/v2\/comments?post=430"}],"version-history":[{"count":2,"href":"https:\/\/www.ssaver.gob.mx\/adquisiciones\/wp-json\/wp\/v2\/pages\/430\/revisions"}],"predecessor-version":[{"id":432,"href":"https:\/\/www.ssaver.gob.mx\/adquisiciones\/wp-json\/wp\/v2\/pages\/430\/revisions\/432"}],"wp:attachment":[{"href":"https:\/\/www.ssaver.gob.mx\/adquisiciones\/wp-json\/wp\/v2\/media?parent=430"}],"curies":[{"name":"wp","href":"https:\/\/api.w.org\/{rel}","templated":true}]}}