{"id":441,"date":"2022-06-15T18:10:18","date_gmt":"2022-06-15T23:10:18","guid":{"rendered":"https:\/\/www.ssaver.gob.mx\/adquisiciones\/?page_id=441"},"modified":"2026-03-27T12:30:35","modified_gmt":"2026-03-27T18:30:35","slug":"licitaciones-publicas-nacionales-2022","status":"publish","type":"page","link":"https:\/\/www.ssaver.gob.mx\/adquisiciones\/licitaciones-2022\/licitaciones-publicas-nacionales-2022\/","title":{"rendered":"Licitaciones P\u00fablicas Nacionales 2022"},"content":{"rendered":"\n<div class=\"wp-block-group is-layout-constrained wp-container-core-group-is-layout-9517baca wp-block-group-is-layout-constrained\">\n<hr class=\"wp-block-separator has-text-color has-alpha-channel-opacity has-background is-style-wide\" style=\"background-color:#d8bf31;color:#d8bf31\" \/>\n\n\n\n<div class=\"wp-block-columns is-layout-flex wp-container-core-columns-is-layout-28f84493 wp-block-columns-is-layout-flex\">\n<div class=\"wp-block-column has-background is-layout-flow wp-block-column-is-layout-flow\" style=\"background-color:#fff4e0\">\n<ul style=\"color:#5b4c0d;background-color:#fff4e0\" class=\"wp-block-list has-text-color has-background has-medium-font-size\">\n<li><a href=\"https:\/\/www.ssaver.gob.mx\/adquisiciones\/licitaciones-2022\/licitaciones-publicas-nacionales-2022\/licitacion-publica-nacional-lpn-103t00000-028-2022\/\" target=\"_blank\" rel=\"noreferrer noopener\">Licitaci\u00f3n P\u00fablica Nacional LPN-103T00000-028-2022<\/a><br>Relativa\u00a0 a\u00a0 la\u00a0 Adquisici\u00f3n\u00a0 de\u00a0 Diversos\u00a0 Bienes\u00a0 e\u00a0 Insumos Inform\u00e1ticos\u00a0 para\u00a0 el\u00a0 Departamento\u00a0 de\u00a0 Tecnolog\u00edas\u00a0 de\u00a0 la Informaci\u00f3n\u00a0 de\u00a0 Servicios\u00a0 de\u00a0 Salud\u00a0 de\u00a0 Veracruz,\u00a0 Segunda Convocatoria<\/li>\n<\/ul>\n\n\n\n<ul style=\"color:#5b4c0d;background-color:#fff4e0\" class=\"wp-block-list has-text-color has-background has-medium-font-size\">\n<li><a href=\"https:\/\/www.ssaver.gob.mx\/adquisiciones\/licitaciones-2022\/licitaciones-publicas-nacionales-2022\/licitacion-publica-nacional-lpn-103t00000-027-2022\/\" target=\"_blank\" rel=\"noreferrer noopener\">Licitaci\u00f3n P\u00fablica Nacional LPN-103T00000-027-2022<\/a><br>Adquisici\u00f3n\u00a0 de\u00a0 Equipo\u00a0 M\u00e9dico\u00a0 y\u00a0 Mobiliario,\u00a0 para\u00a0 el\u00a0 Fortalecimiento de\u00a0 las\u00a0 \u00c1reas\u00a0 de\u00a0 Consulta\u00a0 Especializada,\u00a0 Hospitalizaci\u00f3n, Imagenolog\u00eda,\u00a0 Quir\u00f3fano,\u00a0 Oftalmolog\u00eda,\u00a0 Patolog\u00eda\u00a0 y\u00a0 Farmacia\u00a0 de las\u00a0 Unidades\u00a0 Hospitalarias\u00a0 pertenecientes\u00a0 a\u00a0 Servicios\u00a0 de\u00a0 Salud\u00a0 de Veracruz.<\/li>\n<\/ul>\n\n\n\n<ul style=\"color:#5b4c0d;background-color:#fff4e0\" class=\"wp-block-list has-text-color has-background has-medium-font-size\">\n<li><a href=\"https:\/\/www.ssaver.gob.mx\/adquisiciones\/licitaciones-2022\/licitaciones-publicas-nacionales-2022\/licitacion-publica-nacional-lpn-103t00000-026-2022\/\" target=\"_blank\" rel=\"noreferrer noopener\">Licitaci\u00f3n P\u00fablica Nacional LPN-103T00000-026-2022<\/a><br>Relativa a la Adquisici\u00f3n de Equipo e Instrumental M\u00e9dico para las \u00c1reas de Gineco-Obstetricia de las Unidades Hospitalarias, pertenecientes a Servicios de Salud de Veracruz, con Recurso FISE 2022.<\/li>\n<\/ul>\n\n\n\n<ul style=\"color:#5b4c0d;background-color:#fff4e0\" class=\"wp-block-list has-text-color has-background has-medium-font-size\">\n<li><a href=\"https:\/\/www.ssaver.gob.mx\/adquisiciones\/licitaciones-2022\/licitaciones-publicas-nacionales-2022\/2948-2\/\" target=\"_blank\" rel=\"noreferrer noopener\">Licitaci\u00f3n P\u00fablica Nacional LPN-103T00000-025-2022<\/a><br>Relativa\u00a0 a\u00a0 la\u00a0 adquisici\u00f3n\u00a0 de \u00abVehiculos\u00a0 Terrestres Destinados\u00a0 a Servicios\u00a0 P\u00fablicos\u00a0 y\u00a0 Operaci\u00f3n\u00a0 de Programas P\u00fablicos\u00bb.<\/li>\n<\/ul>\n\n\n\n<ul style=\"color:#5b4c0d;background-color:#fff4e0\" class=\"wp-block-list has-text-color has-background has-medium-font-size\">\n<li><a href=\"https:\/\/www.ssaver.gob.mx\/adquisiciones\/licitaciones-2022\/licitaciones-publicas-nacionales-2022\/licitacion-publica-nacional-lpn-103t00000-024-2022\/\" target=\"_blank\" rel=\"noreferrer noopener\">Licitaci\u00f3n P\u00fablica Nacional LPN-103T00000-024-2022<\/a> <br>Relativa\u00a0 a\u00a0 la Adquisici\u00f3n\u00a0 de\u00a0 Bienes\u00a0 Inform\u00e1ticos\u00a0 y\u00a0 Equipo\u00a0 de Administraci\u00f3n\u00a0 para\u00a0 Unidades\u00a0 Hospitalarias\u00a0 y Jurisdicciones Sanitarias\u00a0 dependientes\u00a0 de\u00a0 la\u00a0 Direcci\u00f3n\u00a0 de\u00a0 Atenci\u00f3n\u00a0 Medica de\u00a0 Servicios\u00a0 de\u00a0 Salud\u00a0 de Veracruz.<\/li>\n<\/ul>\n\n\n\n<ul style=\"color:#5b4c0d;background-color:#fff4e0\" class=\"wp-block-list has-text-color has-background has-medium-font-size\">\n<li><a href=\"https:\/\/www.ssaver.gob.mx\/adquisiciones\/licitaciones-2022\/licitaciones-publicas-nacionales-2022\/licitacion-publica-nacional-lpn-103t00000-023-2022\/\" target=\"_blank\" rel=\"noreferrer noopener\">Licitaci\u00f3n P\u00fablica Nacional LPN-103T00000-023-2022<\/a> <br>Relativa a la Adquisici\u00f3n de \u201cProductos Qu\u00edmicos, Materiales, Accesorios y Suministros de Laboratorio para la Direcci\u00f3n de Salud P\u00fablica 2022\u201d,Segunda Convocatoria.<\/li>\n<\/ul>\n\n\n\n<ul style=\"color:#5b4c0d;background-color:#fff4e0\" class=\"wp-block-list has-text-color has-background has-medium-font-size\">\n<li><a href=\"https:\/\/www.ssaver.gob.mx\/adquisiciones\/licitaciones-2022\/licitaciones-publicas-nacionales-2022\/licitacion-publica-nacional-lpn-103t00000-022-2022\/\" target=\"_blank\" rel=\"noreferrer noopener\">Licitaci\u00f3n P\u00fablica Nacional LPN-103T00000-022-2022<\/a> <br>Relativa a la Adquisici\u00f3n de \u201cMedicamento y Material de Curaci\u00f3n\u201d, Segunda Convocatoria.<\/li>\n<\/ul>\n\n\n\n<ul style=\"color:#5b4c0d;background-color:#fff4e0\" class=\"wp-block-list has-text-color has-background has-medium-font-size\">\n<li><a href=\"https:\/\/www.ssaver.gob.mx\/adquisiciones\/licitaciones-2022\/licitaciones-publicas-nacionales-2022\/licitacion-publica-nacional-lpn-103t00000-021-2022\/\" target=\"_blank\" rel=\"noreferrer noopener\">Licitaci\u00f3n Publica Nacional LPN-103T00000-021-2022<\/a> <br>Relativa a la adquisici\u00f3n de Diversos Bienes e Insumos Inform\u00e1ticos para el Departamento de Tecnolog\u00edas\u00a0 de la Informaci\u00f3n de Servicios de Salud de Veracruz.<\/li>\n<\/ul>\n\n\n\n<ul style=\"color:#5b4c0d;background-color:#fff4e0\" class=\"wp-block-list has-text-color has-background has-medium-font-size\">\n<li><a href=\"https:\/\/www.ssaver.gob.mx\/adquisiciones\/licitaciones-2022\/licitaciones-publicas-nacionales-2022\/licitacion-publica-nacional-lpn-103t00000-020-2022\/\" target=\"_blank\" rel=\"noreferrer noopener\">Licitaci\u00f3n P\u00fablica Nacional LPN-103T00000-020-2022<\/a><br>Relativa\u00a0 a\u00a0 la\u00a0 Adquisici\u00f3n,\u00a0 Instalaci\u00f3n,\u00a0 Puesta\u00a0 en\u00a0 Marcha\u00a0 y Capacitaci\u00f3n\u00a0 de 70\u00a0 Carros\u00a0 Rojos\u00a0 con\u00a0 Desfibrilador\u00a0 Monitor\u00a0 de Onda\u00a0 Bif\u00e1sica\u00a0 con\u00a0 Marcapasos,\u00a0 para\u00a0 las\u00a0 Unidades\u00a0 Hospitalarias que\u00a0 ser\u00e1n\u00a0 Sometidas\u00a0 al\u00a0 proceso\u00a0 de Acreditaci\u00f3n\u00a0 de\u00a0 Servicios.<\/li>\n<\/ul>\n\n\n\n<ul style=\"color:#5b4c0d;background-color:#fff4e0\" class=\"wp-block-list has-text-color has-background has-medium-font-size\">\n<li><a href=\"https:\/\/www.ssaver.gob.mx\/adquisiciones\/licitaciones-2022\/licitaciones-publicas-nacionales-2022\/licitacion-publica-nacional-lpn-103t00000-019-2022\/\" target=\"_blank\" rel=\"noreferrer noopener\">Licitaci\u00f3n P\u00fablica Nacional LPN-103T00000-019-2022<\/a><br>Relativa\u00a0 al\u00a0 Mantenimiento\u00a0 de\u00a0 Equipos Electrom\u00e9dicos\u00a0 y\u00a0 Electromec\u00e1nicos\u00a0 de\u00a0 las\u00a0 Unidades\u00a0 Hospitalarias\u00a0 para\u00a0 el Proceso\u00a0 de\u00a0 Acreditaci\u00f3n\u00a0 2022,\u00a0 del Centro\u00a0 de alta\u00a0 Especialidad\u00a0 \u201cRafael\u00a0 Lucio\u201d, Centro\u00a0 Estatal\u00a0 de\u00a0 Cancerolog\u00eda\u00a0 \u00abDr.\u00a0 Miguel\u00a0 Dorantes\u00a0 Mesa\u201d,\u00a0 Hospital\u00a0 de\u00a0 Alta Especialidad\u00a0 de\u00a0 Veracruz,\u00a0 Hospital\u00a0 de\u00a0 Salud\u00a0 Mental\u00a0 de\u00a0 Orizaba,\u00a0 Hospital Regional\u00a0 de\u00a0 Coatzacoalcos,\u00a0 Hospital\u00a0 Regional\u00a0 de\u00a0 Poza\u00a0 Rica,\u00a0 Hospital Regional\u00a0 de\u00a0 Rio\u00a0 Blanco,\u00a0 Hospital\u00a0 Regional\u00a0 de\u00a0 Xalapa\u00a0 \u00abDr.\u00a0 Luis\u00a0 F.\u00a0 Nach\u00f3n\u00bb, pertenecientes\u00a0 a\u00a0 Servicios\u00a0 de\u00a0 Salud\u00a0 de\u00a0 Veracruz.<\/li>\n<\/ul>\n\n\n\n<ul style=\"color:#5b4c0d;background-color:#fff4e0\" class=\"wp-block-list has-text-color has-background has-medium-font-size\">\n<li><a href=\"https:\/\/www.ssaver.gob.mx\/adquisiciones\/licitaciones-2022\/licitaciones-publicas-nacionales-2022\/licitacion-publica-nacional-lpn-103t00000-018-2022\/\" target=\"_blank\" rel=\"noreferrer noopener\">Licitaci\u00f3n P\u00fablica Nacional LPN-103T00000-018-2022<\/a><br>Relativa\u00a0 a la Adquisici\u00f3n de Bienes e Insumos Diversos para la Direcci\u00f3n de Salud P\u00fablica.<\/li>\n<\/ul>\n\n\n\n<ul style=\"color:#5b4c0d;background-color:#fff4e0\" class=\"wp-block-list has-text-color has-background has-medium-font-size\">\n<li><a href=\"https:\/\/www.ssaver.gob.mx\/adquisiciones\/licitaciones-2022\/licitaciones-publicas-nacionales-2022\/licitacion-publica-nacional-no-lpn-103t00000-017-2022\/\" target=\"_blank\" rel=\"noreferrer noopener\">Licitaci\u00f3n P\u00fablica Nacional LPN-103T00000-017-2022<\/a><br>Relativa\u00a0 a la Adquisici\u00f3n\u00a0 de\u00a0 Reactivos\u00a0 con\u00a0 Equipo\u00a0 en\u00a0 Comodato para\u00a0 la\u00a0 realizaci\u00f3n\u00a0 de\u00a0 Pruebas\u00a0 para\u00a0 la\u00a0 Vigilancia Epidemiol\u00f3gica\u00a0 EFE&#8217;S,\u00a0 detecci\u00f3n\u00a0 y Control de Enfermedades\u00a0 de\u00a0 pacientes\u00a0 con\u00a0 VIH\/SIDA\u00a0 y otras ITS,\u00a0 Enfermedades\u00a0 Transmitidas\u00a0 por\u00a0 Vector\u00a0 y realizaci\u00f3n\u00a0 de\u00a0 Cultivos\u00a0 y\u00a0 Estudios\u00a0 de Farmacosensibilidad\u00a0 de\u00a0 Mycobacterium Tuberculosis.<\/li>\n<\/ul>\n\n\n\n<ul style=\"color:#5b4c0d;background-color:#fff4e0\" class=\"wp-block-list has-text-color has-background has-medium-font-size\">\n<li><a href=\"https:\/\/www.ssaver.gob.mx\/adquisiciones\/licitacion-publica-nacional-lpn-103t00000-016-2022\/\" target=\"_blank\" rel=\"noreferrer noopener\">Licitaci\u00f3n P\u00fablica Nacional LPN-103T00000-016-2022<\/a> <br>Relativa a la Adquisici\u00f3n de Productos Qu\u00edmicos, Materiales, Accesorios y Suministros de Laboratorio para la Direcci\u00f3n de Salud P\u00fablica 2022.<\/li>\n<\/ul>\n\n\n\n<ul style=\"color:#5b4c0d;background-color:#fff4e0\" class=\"wp-block-list has-text-color has-background has-medium-font-size\">\n<li><a href=\"https:\/\/www.ssaver.gob.mx\/adquisiciones\/licitacion-publica-nacional-lpn-103t00000-015-2022\/\" target=\"_blank\" rel=\"noreferrer noopener\">Licitaci\u00f3n P\u00fablica Nacional LPN-103T00000-015-2022<\/a><br>Relativa a la Adquisici\u00f3n de Medicamentos y Material de Curaci\u00f3n.<\/li>\n<\/ul>\n\n\n\n<ul style=\"color:#5b4c0d;background-color:#fff4e0\" class=\"wp-block-list has-text-color has-background has-medium-font-size\">\n<li><a href=\"https:\/\/www.ssaver.gob.mx\/adquisiciones\/licitacion-publica-nacional-lpn-103t00000-014-2022\/\" target=\"_blank\" rel=\"noreferrer noopener\">Licitaci\u00f3n P\u00fablica Nacional LPN-103T00000-014-2022<\/a><br>Relativa a la Contrataci\u00f3n del Mantenimiento de Equipos Electrom\u00e9dicos y Electromec\u00e1nicos de las Unidades Hospitalarias Pertenecientes a Servicios de Salud de Veracruz.<\/li>\n<\/ul>\n\n\n\n<ul style=\"color:#5b4c0d;background-color:#fff4e0\" class=\"wp-block-list has-text-color has-background has-medium-font-size\">\n<li><a href=\"https:\/\/www.ssaver.gob.mx\/adquisiciones\/licitacion-publica-nacional-lpn-103t00000-013-2022\/\" target=\"_blank\" rel=\"noreferrer noopener\">Licitaci\u00f3n P\u00fablica Nacional LPN-103T00000-013-2022<\/a><br>Relativa a la Adquisici\u00f3n, Instalaci\u00f3n, Puesta en Marcha y Capacitaci\u00f3n al Personal Usuario de Equipamiento para el Hospital General de Perote perteneciente a SESVER, Segunda Convocatoria.<\/li>\n<\/ul>\n\n\n\n<ul style=\"color:#5b4c0d;background-color:#fff4e0\" class=\"wp-block-list has-text-color has-background has-medium-font-size\">\n<li><a href=\"https:\/\/www.ssaver.gob.mx\/adquisiciones\/licitaciones-2022\/licitaciones-publicas-nacionales-2022\/licitacion-publica-nacional-lpn-103t00000-012-2022\/\" target=\"_blank\" rel=\"noreferrer noopener\">Licitaci\u00f3n P\u00fablica Nacional LPN-103T00000-012-2022<\/a><br>Relativa a la Contrataci\u00f3n del Servicio de Suministro de Material de Osteos\u00edntesis y Endopr\u00f3tesis para las Unidades Hospitalarias Dependientes de SESVER.<\/li>\n<\/ul>\n\n\n\n<ul style=\"color:#5b4c0d;background-color:#fff4e0\" class=\"wp-block-list has-text-color has-background has-medium-font-size\">\n<li><a href=\"https:\/\/www.ssaver.gob.mx\/adquisiciones\/licitaciones-2022\/licitaciones-publicas-nacionales-2022\/licitacion-publica-nacional-lpn-103t00000-011-2022\/\" target=\"_blank\" rel=\"noreferrer noopener\">Licitaci\u00f3n P\u00fablica Nacional LPN-103T00000-011-2022<\/a><br>Relativa a la Contrataci\u00f3n Abierta del Servicio de Laparoscop\u00eda, Endoscop\u00eda y Artroscop\u00eda para Diversas Unidades Hospitalarias Pertenecientes a Servicios de Salud de Veracruz.<\/li>\n<\/ul>\n\n\n\n<ul style=\"color:#5b4c0d;background-color:#fff4e0\" class=\"wp-block-list has-text-color has-background has-medium-font-size\">\n<li><a href=\"https:\/\/www.ssaver.gob.mx\/adquisiciones\/licitaciones-2022\/licitaciones-publicas-nacionales-2022\/licitacion-publica-nacional-lpn-103t00000-010-2022\/\" target=\"_blank\" rel=\"noreferrer noopener\">Licitaci\u00f3n P\u00fablica Nacional LPN-103T00000-010-2022<\/a><br>Relativa a la Contrataci\u00f3n Abierta del Servicio de Anestesia para las Unidades Hospitalarias Pertenecientes a Servicios de Salud de Veracruz.<\/li>\n<\/ul>\n\n\n\n<ul style=\"color:#5b4c0d;background-color:#fff4e0\" class=\"wp-block-list has-text-color has-background has-medium-font-size\">\n<li><a href=\"https:\/\/www.ssaver.gob.mx\/adquisiciones\/licitaciones-2022\/licitaciones-publicas-nacionales-2022\/licitacion-publica-nacional-lpn-103t00000-009-2022\/\" target=\"_blank\" rel=\"noreferrer noopener\">Licitaci\u00f3n P\u00fablica Nacional LPN-103T00000-009-2022<\/a><br>Relativa a la Contrataci\u00f3n Abierta del Servicio Integral de Hemodi\u00e1lisis para Hospitales Pertenecientes a los Servicios de Salud de Veracruz.<\/li>\n<\/ul>\n\n\n\n<ul style=\"color:#5b4c0d;background-color:#fff4e0\" class=\"wp-block-list has-text-color has-background has-medium-font-size\">\n<li><a href=\"https:\/\/www.ssaver.gob.mx\/adquisiciones\/licitaciones-2022\/licitaciones-publicas-nacionales-2022\/licitacion-publica-nacional-lpn-103t00000-008-2022\/\" target=\"_blank\" rel=\"noreferrer noopener\">Licitaci\u00f3n P\u00fablica Nacional LPN-103T00000-008-2022<\/a><br>Relativa a la Contrataci\u00f3n Abierta del Suministro de Pruebas de Bancos de Sangre, Puestos de Sangrado y Servicios de Transfusi\u00f3n de las Unidades M\u00e9dicas y Centro Estatal de Transfusi\u00f3n Sanguinea Pertenecientes a los Servicios de Salud de Veracruz.<\/li>\n<\/ul>\n\n\n\n<ul style=\"color:#5b4c0d;background-color:#fff4e0\" class=\"wp-block-list has-text-color has-background has-medium-font-size\">\n<li><a href=\"https:\/\/www.ssaver.gob.mx\/adquisiciones\/licitaciones-2022\/licitaciones-publicas-nacionales-2022\/licitacion-publica-nacional-lpn-103t00000-007-2022\/\" target=\"_blank\" rel=\"noreferrer noopener\">Licitaci\u00f3n P\u00fablica Nacional LPN-103T00000-007-2022<\/a><br>Relativa a la Contrataci\u00f3n del Servicio de Arrendamiento de Equipo para las \u00c1reas de Imagenolog\u00eda de las Unidades Hospitalarias de SESVER.<\/li>\n<\/ul>\n\n\n\n<ul style=\"color:#5b4c0d;background-color:#fff4e0\" class=\"wp-block-list has-text-color has-background has-medium-font-size\">\n<li><a href=\"https:\/\/www.ssaver.gob.mx\/adquisiciones\/licitaciones-2022\/licitaciones-publicas-nacionales-2022\/licitacion-publica-nacional-lpn-103t00000-006-2022\/\" target=\"_blank\" rel=\"noreferrer noopener\">Licitaci\u00f3n P\u00fablica Nacional LPN-103T00000-006-2022<\/a><br>Relativa a la Contrataci\u00f3n Abierta del Suministro de Pruebas de Laboratorio Cl\u00ednico para las Unidades M\u00e9dicas Pertenecientes a Servicios de Salud de Veracruz.<\/li>\n<\/ul>\n\n\n\n<ul style=\"color:#5b4c0d;background-color:#fff4e0\" class=\"wp-block-list has-text-color has-background has-medium-font-size\">\n<li><a href=\"https:\/\/www.ssaver.gob.mx\/adquisiciones\/licitaciones-2022\/licitaciones-publicas-nacionales-2022\/licitacion-publica-nacional-lpn-103t00000-005-2022\/\" target=\"_blank\" rel=\"noreferrer noopener\">Licitaci\u00f3n P\u00fablica Nacional LPN-103T00000-005-2022<\/a><br>Relativa a la Contrataci\u00f3n del Servicio Subrogado de Lavander\u00eda para la Red Hospitalaria de Servicios de Salud de Veracruz, el cual Comprende el Lavado y Suministro de Ropa.<\/li>\n<\/ul>\n\n\n\n<ul style=\"color:#5b4c0d;background-color:#fff4e0\" class=\"wp-block-list has-text-color has-background has-medium-font-size\">\n<li><a href=\"https:\/\/www.ssaver.gob.mx\/adquisiciones\/licitaciones-2022\/licitaciones-publicas-nacionales-2022\/licitacion-publica-nacional-lpn-103t00000-004-2022\/\" target=\"_blank\" rel=\"noreferrer noopener\">Licitaci\u00f3n P\u00fablica Nacional LPN-103T00000-004-2022<\/a><br>Relativa a la Contrataci\u00f3n del Servicio Subrogado de: Limpieza a Oficinas Centrales, Jurisdicciones Sanitarias, Hospitales, Laboratorio Estatal de Salud P\u00fablica, Centro Estatal de Transfusi\u00f3n Sangu\u00ednea, Asilos, Hogar del Ni\u00f1o, Capasits y Centros de Salud Dependientes de SESVER.<\/li>\n<\/ul>\n\n\n\n<ul style=\"color:#5b4c0d;background-color:#fff4e0\" class=\"wp-block-list has-text-color has-background has-medium-font-size\">\n<li><a href=\"https:\/\/www.ssaver.gob.mx\/adquisiciones\/licitaciones-2022\/licitaciones-publicas-nacionales-2022\/licitacion-publica-nacional-lpn-103t00000-003-2022\/\" target=\"_blank\" rel=\"noreferrer noopener\">Licitaci\u00f3n P\u00fablica Nacional LPN-103T00000-003-2022<\/a><br>Relativa a la Contrataci\u00f3n Abierta del Servicio Subrogado de Recolecci\u00f3n, Transporte Externo y Disposici\u00f3n Final de Residuos Peligrosos Biol\u00f3gico Infecciosos, Recolecci\u00f3n de L\u00edquidos Cansados de Rayos X, Soluciones Gastadas de Laboratorio, Placas Radiogr\u00e1ficas Usadas, L\u00e1mparas Fluorescentes y de Vapor de Mercurio, Medicamentos Caducos y Personal de Recolecci\u00f3n Interna de los Residuos Peligrosos Generados en los Hospitales de SESVER.<\/li>\n<\/ul>\n\n\n\n<ul style=\"color:#5b4c0d;background-color:#fff4e0\" class=\"wp-block-list has-text-color has-background has-medium-font-size\">\n<li><a href=\"https:\/\/www.ssaver.gob.mx\/adquisiciones\/licitaciones-2022\/licitaciones-publicas-nacionales-2022\/licitacion-publica-nacional-lpn-103t00000-002-2022\/\" target=\"_blank\" rel=\"noreferrer noopener\">Licitaci\u00f3n P\u00fablica Nacional LPN-103T00000-002-2022<\/a><br>Relativa a la Contrataci\u00f3n del Servicio Subrogado de Alimentos y Bebidas para la Red Hospitalaria de Servicios de Salud de Veracruz.<\/li>\n<\/ul>\n\n\n\n<ul style=\"color:#5b4c0d;background-color:#fff4e0\" class=\"wp-block-list has-text-color has-background has-medium-font-size\">\n<li><a href=\"https:\/\/www.ssaver.gob.mx\/adquisiciones\/licitaciones-2022\/licitaciones-publicas-nacionales-2022\/licitacion-publica-nacional-lpn-103t00000-001-2022\/\" target=\"_blank\" rel=\"noreferrer noopener\">Licitaci\u00f3n P\u00fablica Nacional LPN-103T00000-001-2022<\/a> <br>Relativa a la Adquisici\u00f3n, Instalaci\u00f3n, Puesta en Marcha y Capacitaci\u00f3n al Personal Usuario de Equipamiento para el Hospital General de Perote Perteneciente a SESVER.<\/li>\n<\/ul>\n<\/div>\n<\/div>\n<\/div>\n","protected":false},"excerpt":{"rendered":"","protected":false},"author":2,"featured_media":0,"parent":419,"menu_order":5,"comment_status":"closed","ping_status":"closed","template":"","meta":{"colormag_page_container_layout":"default_layout","colormag_page_sidebar_layout":"default_layout","footnotes":""},"class_list":["post-441","page","type-page","status-publish","hentry"],"_links":{"self":[{"href":"https:\/\/www.ssaver.gob.mx\/adquisiciones\/wp-json\/wp\/v2\/pages\/441","targetHints":{"allow":["GET"]}}],"collection":[{"href":"https:\/\/www.ssaver.gob.mx\/adquisiciones\/wp-json\/wp\/v2\/pages"}],"about":[{"href":"https:\/\/www.ssaver.gob.mx\/adquisiciones\/wp-json\/wp\/v2\/types\/page"}],"author":[{"embeddable":true,"href":"https:\/\/www.ssaver.gob.mx\/adquisiciones\/wp-json\/wp\/v2\/users\/2"}],"replies":[{"embeddable":true,"href":"https:\/\/www.ssaver.gob.mx\/adquisiciones\/wp-json\/wp\/v2\/comments?post=441"}],"version-history":[{"count":96,"href":"https:\/\/www.ssaver.gob.mx\/adquisiciones\/wp-json\/wp\/v2\/pages\/441\/revisions"}],"predecessor-version":[{"id":11771,"href":"https:\/\/www.ssaver.gob.mx\/adquisiciones\/wp-json\/wp\/v2\/pages\/441\/revisions\/11771"}],"up":[{"embeddable":true,"href":"https:\/\/www.ssaver.gob.mx\/adquisiciones\/wp-json\/wp\/v2\/pages\/419"}],"wp:attachment":[{"href":"https:\/\/www.ssaver.gob.mx\/adquisiciones\/wp-json\/wp\/v2\/media?parent=441"}],"curies":[{"name":"wp","href":"https:\/\/api.w.org\/{rel}","templated":true}]}}