{"id":4526,"date":"2023-02-08T10:19:43","date_gmt":"2023-02-08T16:19:43","guid":{"rendered":"https:\/\/www.ssaver.gob.mx\/adquisiciones\/?page_id=4526"},"modified":"2026-03-31T10:06:09","modified_gmt":"2026-03-31T16:06:09","slug":"licitaciones-publicas-nacionales-2023","status":"publish","type":"page","link":"https:\/\/www.ssaver.gob.mx\/adquisiciones\/licitaciones-2023\/licitaciones-publicas-nacionales-2023\/","title":{"rendered":"Licitaciones P\u00fablicas Nacionales 2023"},"content":{"rendered":"\n<div class=\"wp-block-group is-layout-constrained wp-container-core-group-is-layout-9517baca wp-block-group-is-layout-constrained\">\n<hr class=\"wp-block-separator has-text-color has-alpha-channel-opacity has-background is-style-wide\" style=\"background-color:#d8bf31;color:#d8bf31\" \/>\n\n\n\n<div class=\"wp-block-columns is-layout-flex wp-container-core-columns-is-layout-28f84493 wp-block-columns-is-layout-flex\">\n<div class=\"wp-block-column has-background is-layout-flow wp-block-column-is-layout-flow\" style=\"background-color:#fff4e0\">\n<ul class=\"wp-block-list\">\n<li><a href=\"https:\/\/www.ssaver.gob.mx\/adquisiciones\/licitaciones-2023\/licitaciones-publicas-nacionales-2023\/licitacion-publica-nacional-lpn-103t00000-034-2023\/\" target=\"_blank\" rel=\"noreferrer noopener\">Licitaci\u00f3n P\u00fablica Nacional LPN-103T00000-034-2023 <\/a><br>Relativa a la \u201cAdquisici\u00f3n de Equipamiento del Hospital de 14 Camas en la Localidad de Nautla\u201d con Recursos FISE 2023<\/li>\n<\/ul>\n\n\n\n<ul class=\"wp-block-list\">\n<li><a href=\"https:\/\/www.ssaver.gob.mx\/adquisiciones\/licitaciones-2023\/licitaciones-publicas-nacionales-2023\/licitacion-publica-nacional-lpn-103t00000-033-2023\/\" target=\"_blank\" rel=\"noreferrer noopener\">Licitaci\u00f3n P\u00fablica Nacional LPN-103T00000-033-2023 <\/a><br>Relativa a la Adquisici\u00f3n de \u201cProductos Qu\u00edmicos, Materiales, Accesorios y Suministros de Laboratorio para el Laboratorio Estatal de Salud P\u00fablica\u201d<\/li>\n<\/ul>\n\n\n\n<ul class=\"wp-block-list\">\n<li><a href=\"https:\/\/www.ssaver.gob.mx\/adquisiciones\/licitaciones-2023\/licitaciones-publicas-nacionales-2023\/licitacion-publica-nacional-lpn-103t00000-032-2023\/\">Licitaci\u00f3n P\u00fablica Nacional LPN-103T00000-032-2023 <\/a><br>Relativa a la Adquisici\u00f3n de Bienes e Insumos Diversos para llevar a cabo las Actividades y Proyectos de la Direcci\u00f3n de Planeaci\u00f3n y Desarrollo, perteneciente a Servicios de Salud de Veracruz.<\/li>\n<\/ul>\n\n\n\n<ul class=\"wp-block-list\">\n<li><a href=\"https:\/\/www.ssaver.gob.mx\/adquisiciones\/licitaciones-2023\/licitaciones-publicas-nacionales-2023\/licitacion-publica-nacional-lpn-103t00000-031-2023\/\" target=\"_blank\" rel=\"noreferrer noopener\">Licitaci\u00f3n P\u00fablica Nacional LPN-103T00000-031-2023 <\/a><br>Relativa&nbsp; a&nbsp; la \u00abAdquisici\u00f3n&nbsp; de&nbsp; Mobiliario, Bienes&nbsp; Inform\u00e1ticos,&nbsp; Equipo&nbsp; e&nbsp; Instrumental M\u00e9dico&nbsp; y&nbsp; de&nbsp; Laboratorio,&nbsp; Equipo Administrativo,&nbsp; as\u00ed&nbsp; como&nbsp; Equipos&nbsp; y Aparatos Audiovisuales&nbsp; a&nbsp; Cargo&nbsp; de&nbsp; la&nbsp; Fuente&nbsp; de Financiamiento&nbsp; Bono&nbsp; Cup\u00f3n&nbsp; Cero&nbsp; 2023,&nbsp; de&nbsp; las Unidades&nbsp; del&nbsp; Primer&nbsp; Nivel&nbsp; y&nbsp; Segundo&nbsp; Nivel&nbsp; de Atenci\u00f3n,&nbsp; pertenecientes&nbsp; a&nbsp; Servicios&nbsp; de Salud&nbsp; de&nbsp; Veracruz\u00bb.<\/li>\n<\/ul>\n\n\n\n<ul class=\"wp-block-list\">\n<li><a href=\"https:\/\/www.ssaver.gob.mx\/adquisiciones\/licitaciones-2023\/licitaciones-publicas-nacionales-2023\/licitacion-publica-nacional-lpn-103t00000-030-2023\/\" target=\"_blank\" rel=\"noreferrer noopener\">Licitaci\u00f3n P\u00fablica Nacional LPN-103T00000-030-2023 <\/a><br>Relativa a la Adquisici\u00f3n de \u201cVeh\u00edculos Terrestres Destinados a Servicios P\u00fablicos y Operaci\u00f3n de Programas P\u00fablicos\u201d, Segunda Convocatoria<\/li>\n<\/ul>\n\n\n\n<ul class=\"wp-block-list\">\n<li><a href=\"https:\/\/www.ssaver.gob.mx\/adquisiciones\/licitaciones-2023\/licitaciones-publicas-nacionales-2023\/licitacion-publica-nacional-lpn-103t00000-029-2023\/\" target=\"_blank\" rel=\"noreferrer noopener\">Licitaci\u00f3n P\u00fablica Nacional LPN-103T00000-029-2023<\/a> <br>Relativa a la Adquisici\u00f3n de Materiales y \u00datiles para el Procesamiento en Equipos y Bienes Inform\u00e1ticos, Refacciones y Accesorios de Equipo de C\u00f3mputo, Bienes Inform\u00e1ticos y Mobiliario, para diversas \u00c1reas de Servicios de Salud de Veracruz.<\/li>\n<\/ul>\n\n\n\n<ul class=\"wp-block-list\">\n<li><a rel=\"noreferrer noopener\" href=\"https:\/\/www.ssaver.gob.mx\/adquisiciones\/licitaciones-2023\/licitaciones-publicas-nacionales-2023\/licitacion-publica-nacional-lpn-103t00000-028-2023\/\" target=\"_blank\">Licitaci\u00f3n P\u00fablica Nacional LPN-103T00000-028-2023 <\/a><br>Relativa a la Adquisici\u00f3n de \u201cVeh\u00edculos Terrestres Destinados a Servicios P\u00fablicos y Operaci\u00f3n de Programas P\u00fablicos\u201d.<\/li>\n<\/ul>\n\n\n\n<ul class=\"wp-block-list\">\n<li><a href=\"https:\/\/www.ssaver.gob.mx\/adquisiciones\/licitaciones-2023\/licitaciones-publicas-nacionales-2023\/licitacion-publica-nacional-lpn-103t00000-027-2023\/\" target=\"_blank\" rel=\"noreferrer noopener\">Licitaci\u00f3n P\u00fablica Nacional LPN-103T00000-027-2023 <\/a><br>Relativa a la contrataci\u00f3n abierta para la Adquisici\u00f3n de Medicamento y Material de Curaci\u00f3n para Unidades M\u00e9dicas de Primer, Segundo y Tercer Nivel de Atenci\u00f3n, Segunda Convocatoria.<\/li>\n<\/ul>\n\n\n\n<ul class=\"wp-block-list\">\n<li><a rel=\"noreferrer noopener\" href=\"https:\/\/www.ssaver.gob.mx\/adquisiciones\/licitaciones-2023\/licitaciones-publicas-nacionales-2023\/licitacion-publica-nacional-lpn-103t00000-026-2023\/\" target=\"_blank\">Licitaci\u00f3n P\u00fablica Nacional LPN-103T00000-026-2023<\/a> <br>Relativa a la Adquisici\u00f3n de Mobiliario, Bienes Inform\u00e1ticos, Equipo Administrativo, Equipo e Instrumental M\u00e9dico y de Laboratorio para las Unidades de Primer y Segundo Nivel que ser\u00e1n sometidas al Proceso de Acreditaci\u00f3n y Reacreditaci\u00f3n&nbsp; 2023, Segunda Convocatoria.<\/li>\n<\/ul>\n\n\n\n<ul class=\"wp-block-list\">\n<li><a href=\"https:\/\/www.ssaver.gob.mx\/adquisiciones\/licitaciones-2023\/licitaciones-publicas-nacionales-2023\/licitacion-publica-nacional-lpn-103t00000-025-2023\/\" target=\"_blank\" rel=\"noreferrer noopener\">Licitaci\u00f3n P\u00fablica Nacional LPN-103T00000-025-2023<\/a> <br>Relativa a la Adquisici\u00f3n de Equipo de Administraci\u00f3n, M\u00e9dico y de Laboratorio e Instrumental para Unidades M\u00e9dicas de Segundo Nivel de Atenci\u00f3n, pertenecientes a Servicios de Salud de Veracruz 2023, con recurso FISE 2023, Segunda Convocatoria.<\/li>\n<\/ul>\n\n\n\n<ul class=\"wp-block-list\">\n<li><a rel=\"noreferrer noopener\" href=\"https:\/\/www.ssaver.gob.mx\/adquisiciones\/licitaciones-2023\/licitaciones-publicas-nacionales-2023\/licitacion-publica-nacional-lpn-103t00000-024-2023\/\" target=\"_blank\">Licitaci\u00f3n P\u00fablica Nacional LPN-103T00000-024-2023 <\/a><br>Relativa&nbsp; a&nbsp; la \u00abAdquisici\u00f3n&nbsp; de&nbsp; Reactivos&nbsp; con&nbsp; Equipo&nbsp; en&nbsp; Comodato para&nbsp; la&nbsp; realizaci\u00f3n&nbsp; de&nbsp; pruebas&nbsp; para&nbsp; la&nbsp; Vigilancia Epidemiologica&nbsp; EFE&#8217;S,&nbsp; Chagas,&nbsp; Deteccion&nbsp; y&nbsp; Control de&nbsp; Enfermedades&nbsp; de&nbsp; pacientes&nbsp; con&nbsp; VIH\/SIDA&nbsp; y&nbsp; otras ITS,&nbsp; enfermedades&nbsp; transmitidas&nbsp; por&nbsp; Vector&nbsp; y Realizaci\u00f3n&nbsp; de&nbsp; Cultivos&nbsp; y&nbsp; Estudios&nbsp; de Farmacosensibilidad&nbsp; de&nbsp; Mycobacterium Tuberculosis\u00bb.<\/li>\n<\/ul>\n\n\n\n<ul class=\"wp-block-list\">\n<li><a href=\"https:\/\/www.ssaver.gob.mx\/adquisiciones\/licitaciones-2023\/licitaciones-publicas-nacionales-2023\/licitacion-publica-nacional-lpn-103t00000-023-2023\/\" target=\"_blank\" rel=\"noreferrer noopener\">Licitaci\u00f3n P\u00fablica Nacional LPN-103T00000-023-2023 <\/a><br>Relativa a la contrataci\u00f3n abierta para la Adquisici\u00f3n de Medicamento y Material de Curaci\u00f3n para Unidades M\u00e9dicas de Primer, Segundo y Tercer Nivel de Atenci\u00f3n<\/li>\n<\/ul>\n\n\n\n<ul class=\"wp-block-list\">\n<li><a href=\"https:\/\/www.ssaver.gob.mx\/adquisiciones\/licitaciones-2023\/licitaciones-publicas-nacionales-2023\/licitacion-publica-nacional-lpn-103t00000-022-2023\/\" target=\"_blank\" rel=\"noreferrer noopener\">Licitaci\u00f3n P\u00fablica Nacional LPN-103T00000-022-2023 <\/a><br>Relativa a la Contrataci\u00f3n Abierta del Servicio M\u00f3vil de Estudios de Gabinete, Laboratorio Cl\u00ednico y Servicio Dental B\u00e1sico.<\/li>\n<\/ul>\n\n\n\n<ul class=\"wp-block-list\">\n<li><a rel=\"noreferrer noopener\" href=\"https:\/\/www.ssaver.gob.mx\/adquisiciones\/licitaciones-2023\/licitaciones-publicas-nacionales-2023\/licitacion-publica-nacional-lpn-103t00000-021-2023\/\" target=\"_blank\">Licitaci\u00f3n P\u00fablica Nacional LPN-103T00000-021-2023<\/a> <br>Relativa a la Adquisici\u00f3n de Mobiliario, Bienes Inform\u00e1ticos, Equipo Administrativo, Equipo E Instrumental M\u00e9dico y de Laboratorio para las Unidades de Primer y Segundo Nivel que ser\u00e1n sometidas al proceso de Acreditaci\u00f3n y Reacreditaci\u00f3n&nbsp; 2023<\/li>\n<\/ul>\n\n\n\n<ul class=\"wp-block-list\">\n<li><a href=\"https:\/\/www.ssaver.gob.mx\/adquisiciones\/licitaciones-2023\/licitaciones-publicas-nacionales-2023\/licitacion-publica-nacional-lpn-103t00000-020-2023\/\" target=\"_blank\" rel=\"noreferrer noopener\">Licitaci\u00f3n P\u00fablica Nacional LPN-103T00000-020-2023 <\/a><br>Relativa al Mantenimiento a Equipos Electrom\u00e9dicos y Electromec\u00e1nicos de la Red Hospitalaria de SESVER 2023<\/li>\n<\/ul>\n\n\n\n<ul class=\"wp-block-list\">\n<li><a href=\"https:\/\/www.ssaver.gob.mx\/adquisiciones\/licitaciones-2023\/licitaciones-publicas-nacionales-2023\/licitacion-publica-nacional-lpn-103t00000-019-2023\/\" target=\"_blank\" rel=\"noreferrer noopener\">Licitaci\u00f3n P\u00fablica Nacional LPN-103T00000-019-2023 <\/a><br>Relativa a la Contrataci\u00f3n Abierta del Servicio de Suministro de Insumos de Laboratorio de Patolog\u00eda y Gen\u00e9tica para diversas Unidades Hospitalarias pertenecientes a Servicios de Salud de Veracruz<\/li>\n<\/ul>\n\n\n\n<ul class=\"wp-block-list\">\n<li><a rel=\"noreferrer noopener\" href=\"https:\/\/www.ssaver.gob.mx\/adquisiciones\/licitaciones-2023\/licitaciones-publicas-nacionales-2023\/licitacion-publica-nacional-lpn-103t00000-018-2023\/\" target=\"_blank\">Licitaci\u00f3n P\u00fablica Nacional LPN-103T00000-018-2023 <\/a><br>Relativa a la adquisici\u00f3n de \u201cProductos Qu\u00edmicos, Materiales, Accesorios y Suministros de Laboratorio para la Direcci\u00f3n de Salud P\u00fablica, 2023\u201d.<\/li>\n<\/ul>\n\n\n\n<ul class=\"wp-block-list\">\n<li><a href=\"https:\/\/www.ssaver.gob.mx\/adquisiciones\/licitaciones-2023\/licitaciones-publicas-nacionales-2023\/licitacion-publica-nacional-lpn-103t00000-017-2023\/\" target=\"_blank\" rel=\"noreferrer noopener\">Licitaci\u00f3n P\u00fablica Nacional LPN-103T00000-017-2023<\/a> <br>Relativa&nbsp; a&nbsp; la&nbsp; Adquisici\u00f3n&nbsp; de&nbsp; Equipo&nbsp; de Administraci\u00f3n,&nbsp; M\u00e9dico&nbsp; y&nbsp; de Laboratorio&nbsp; e Instrumental&nbsp; para&nbsp; Unidades&nbsp; M\u00e9dicas&nbsp; de Segundo&nbsp; Nivel&nbsp; de atenci\u00f3n,&nbsp; pertenecientes&nbsp; a Servicios&nbsp; de Salud&nbsp; de Veracruz,&nbsp; con&nbsp; recurso FISE2023.<\/li>\n<\/ul>\n\n\n\n<ul class=\"wp-block-list\">\n<li><a rel=\"noreferrer noopener\" href=\"https:\/\/www.ssaver.gob.mx\/adquisiciones\/licitaciones-2023\/licitaciones-publicas-nacionales-2023\/licitacion-publica-nacional-lpn-103t00000-016-2023\/\" target=\"_blank\">Licitaci\u00f3n P\u00fablica Nacional LPN-103T00000-016-2023 <\/a><br>Relativa a la Contrataci\u00f3n del Servicio de Fletes y Maniobras, Carga y Descarga<\/li>\n<\/ul>\n\n\n\n<ul class=\"wp-block-list\">\n<li><a href=\"https:\/\/www.ssaver.gob.mx\/adquisiciones\/licitaciones-2023\/licitaciones-publicas-nacionales-2023\/licitacion-publica-nacional-lpn-103t00000-015-2023\/\" target=\"_blank\" rel=\"noreferrer noopener\">Licitaci\u00f3n P\u00fablica Nacional LPN-103T00000-015-2023 <\/a><br>Relativa a la \u201cContrataci\u00f3n del Servicio Subrogado de Lavander\u00eda para la Red Hospitalaria de Servicios de Salud de Veracruz, el cual Comprende el&nbsp; Lavado y Suministro de Ropa\u201d, Segunda Convocatoria<\/li>\n<\/ul>\n\n\n\n<ul class=\"wp-block-list\">\n<li><a href=\"https:\/\/www.ssaver.gob.mx\/adquisiciones\/licitaciones-2023\/licitaciones-publicas-nacionales-2023\/licitacion-publica-nacional-lpn-103t00000-014-2023\/\" target=\"_blank\" rel=\"noreferrer noopener\">Licitaci\u00f3n P\u00fablica Nacional LPN-103T00000-014-2023 <\/a><br>Relativa a la Adquisici\u00f3n de Bienes e Insumos Diversos para la Direcci\u00f3n de Salud P\u00fablica<\/li>\n<\/ul>\n\n\n\n<ul class=\"wp-block-list\">\n<li><a href=\"https:\/\/www.ssaver.gob.mx\/adquisiciones\/licitaciones-2023\/licitaciones-publicas-nacionales-2023\/licitacion-publica-nacional-lpn-103t00000-013-2023\/\" target=\"_blank\" rel=\"noreferrer noopener\">Licitaci\u00f3n P\u00fablica Nacional LPN-103T00000-013-2023<\/a> <br>Relativa a la Contrataci\u00f3n Abierta del Servicio de Arrendamiento de Equipo para las \u00c1reas de Imagenolog\u00eda de las Unidades Hospitalarias de SESVER<\/li>\n<\/ul>\n\n\n\n<ul class=\"wp-block-list\">\n<li><a href=\"https:\/\/www.ssaver.gob.mx\/adquisiciones\/licitaciones-2023\/licitaciones-publicas-nacionales-2023\/licitacion-publica-nacional-lpn-103t00000-012-2023\/\" target=\"_blank\" rel=\"noreferrer noopener\">Licitaci\u00f3n P\u00fablica Nacional LPN-103T00000-012-2023 <\/a><br>Relativa a la Contrataci\u00f3n Abierta del Servicio de Anestesia para las Unidades Hospitalarias Pertenecientes a Servicios de Salud de Veracruz<\/li>\n<\/ul>\n\n\n\n<ul class=\"wp-block-list\">\n<li><a href=\"https:\/\/www.ssaver.gob.mx\/adquisiciones\/licitaciones-2023\/licitaciones-publicas-nacionales-2023\/licitacion-publica-nacional-lpn-103t00000-011-2023\/\" target=\"_blank\" rel=\"noreferrer noopener\">Licitaci\u00f3n P\u00fablica Nacional LPN-103T00000-011-2023 <\/a><br>Relativa a la Contrataci\u00f3n Abierta del \u201cServicio de Laparoscop\u00eda, Endoscop\u00eda y Artroscop\u00eda para Diversas Unidades Hospitalarias pertenecientes a Servicios de Salud de Veracruz\u201d<\/li>\n<\/ul>\n\n\n\n<ul class=\"wp-block-list\">\n<li><a href=\"https:\/\/www.ssaver.gob.mx\/adquisiciones\/licitaciones-2023\/licitaciones-publicas-nacionales-2023\/licitacion-publica-nacional-lpn-103t00000-010-2023\/\" target=\"_blank\" rel=\"noreferrer noopener\">Licitaci\u00f3n P\u00fablica Nacional LPN-103T00000-010-2023<\/a> <br>Relativa a la contrataci\u00f3n abierta del Servicio Integral de Hemodi\u00e1lisis para Hospitales Pertenecientes a los Servicios de Salud de Veracruz<\/li>\n<\/ul>\n\n\n\n<ul class=\"wp-block-list\">\n<li><a href=\"https:\/\/www.ssaver.gob.mx\/adquisiciones\/licitaciones-2023\/licitaciones-publicas-nacionales-2023\/licitacion-publica-nacional-lpn-103t00000-009-2023\/\" target=\"_blank\" rel=\"noreferrer noopener\">Licitaci\u00f3n P\u00fablica Nacional LPN-103T00000-009-2023<\/a> <br>Relativa a la Contrataci\u00f3n Abierta del Suministro de Pruebas de Laboratorio Cl\u00ednico para las Unidades M\u00e9dicas pertenecientes a Servicios de Salud de Veracruz<\/li>\n<\/ul>\n\n\n\n<ul class=\"wp-block-list\">\n<li><a href=\"https:\/\/www.ssaver.gob.mx\/adquisiciones\/licitaciones-2023\/licitaciones-publicas-nacionales-2023\/licitacion-publica-nacional-lpn-103t00000-008-2023\/\" target=\"_blank\" rel=\"noreferrer noopener\">Licitaci\u00f3n P\u00fablica Nacional LPN-103T00000-008-2023<\/a> <br>Relativa a la Contrataci\u00f3n Abierta del Servicio de Suministro de Pruebas de Bancos de Sangre, Centros de Colecta y Servicios de Transfusi\u00f3n Sangu\u00ednea Pertenecientes a los Servicios de Salud de Veracruz<\/li>\n<\/ul>\n\n\n\n<ul class=\"wp-block-list\">\n<li><a href=\"https:\/\/www.ssaver.gob.mx\/adquisiciones\/licitaciones-2023\/licitaciones-publicas-nacionales-2023\/licitacion-publica-nacional-lpn-103t00000-007-2023\/\" target=\"_blank\" rel=\"noreferrer noopener\">Licitaci\u00f3n P\u00fablica Nacional LPN-103T00000-007-2023<\/a> <br>Contrataci\u00f3n Abierta del Servicio de Hemodinamia y Marcapasos para Diversas Unidades Hospitalarias pertenecientes a SESVER para el Periodo Mayo &#8211; Diciembre\u201d.<\/li>\n<\/ul>\n\n\n\n<ul class=\"wp-block-list\">\n<li><a href=\"https:\/\/www.ssaver.gob.mx\/adquisiciones\/licitaciones-2023\/licitaciones-publicas-nacionales-2023\/licitacion-publica-nacional-lpn-103t00000-006-2023\/\" target=\"_blank\" rel=\"noreferrer noopener\">Licitaci\u00f3n P\u00fablica Nacional LPN-103T00000-006-2023 <\/a><br>Relativa a la \u201cContrataci\u00f3n del Servicio de Suministro de Material de Osteos\u00edntesis y Endopr\u00f3tesis para Unidades Hospitalarias Pertenecientes a Servicios de Salud de Veracruz\u201d<\/li>\n<\/ul>\n\n\n\n<ul class=\"wp-block-list\">\n<li><a href=\"https:\/\/www.ssaver.gob.mx\/adquisiciones\/licitaciones-2023\/licitaciones-publicas-nacionales-2023\/licitacion-publica-nacional-lpn-103t00000-005-2023\/\" target=\"_blank\" rel=\"noreferrer noopener\">Licitaci\u00f3n P\u00fablica Nacional LPN-103T00000-005-2023 <\/a><br>Relativa a la \u201cContrataci\u00f3n del Servicio Subrogado de Lavander\u00eda para la Red Hospitalaria de Servicios de Salud de Veracruz, el cual Comprende el&nbsp; Lavado y Suministro de Ropa\u201d<\/li>\n<\/ul>\n\n\n\n<ul class=\"wp-block-list\">\n<li><a href=\"https:\/\/www.ssaver.gob.mx\/adquisiciones\/licitaciones-2023\/licitaciones-publicas-nacionales-2023\/licitacion-publica-nacional-lpn-103t00000-004-2023\/\" target=\"_blank\" rel=\"noreferrer noopener\">Licitaci\u00f3n P\u00fablica Nacional LPN-103T00000-004-2023<\/a> <br>Contrataci\u00f3n abierta del Servicio Subrogado de Recolecci\u00f3n, Transporte Externo,Tratamiento y Disposici\u00f3n Final de Residuos Peligrosos Biol\u00f3gico Infecciosos, Recolecci\u00f3n de L\u00edquidos Cansados de Rayos X, Soluciones Gastadas de Laboratorio, Placas Radiogr\u00e1ficas Usadas, L\u00e1mparas Fluorescentes y de Vapor de Mercurio, Medicamentos Caducos y Personal de Recolecci\u00f3n Interna de los Residuos Peligrosos Generados en los Hospitales de SESVER<\/li>\n<\/ul>\n\n\n\n<ul class=\"wp-block-list\">\n<li><a href=\"https:\/\/www.ssaver.gob.mx\/adquisiciones\/licitaciones-2023\/licitaciones-publicas-nacionales-2023\/licitacion-publica-nacional-lpn-103t00000-003-2023\/\" target=\"_blank\" rel=\"noreferrer noopener\">Licitaci\u00f3n P\u00fablica Nacional LPN-103T00000-003-2023<\/a> <br>Relativa a la Contrataci\u00f3n del Servicio Subrogado de: \u00abLimpieza a Oficinas Centrales, Jurisdicciones Sanitarias, Hospitales, Laboratorio Estatal de Salud P\u00fablica, Centro Estatal de Transfusi\u00f3n Sangu\u00ednea, Asilos, Hogar del Ni\u00f1o, Capasits y Centros de Salud Dependientes de SESVER\u00bb<\/li>\n<\/ul>\n\n\n\n<ul class=\"wp-block-list\">\n<li><a href=\"https:\/\/www.ssaver.gob.mx\/adquisiciones\/licitaciones-2023\/licitaciones-publicas-nacionales-2023\/licitacion-publica-nacional-lpn-103t00000-002-2023-2\/\" target=\"_blank\" rel=\"noreferrer noopener\">Licitaci\u00f3n P\u00fablica Nacional LPN-103T00000-002-2023<\/a> <br>Relativa a la Contrataci\u00f3n del \u201cServicio Subrogado de Alimentos y Bebidas para la Red Hospitalaria de Servicios de Salud de Veracruz\u201d<\/li>\n<\/ul>\n\n\n\n<ul class=\"wp-block-list\">\n<li><a href=\"https:\/\/www.ssaver.gob.mx\/adquisiciones\/licitaciones-2023\/licitaciones-publicas-nacionales-2023\/licitacion-publica-nacional-lpn-103t00000-001-2023\/\" target=\"_blank\" rel=\"noreferrer noopener\">Licitaci\u00f3n P\u00fablica Nacional LPN-103T00000-001-2023<\/a> <br>Relativa a la Contrataci\u00f3n de P\u00f3liza de Seguro \u201cVida B\u00e1sica\u201d (40 Meses de sueldo base) para Trabajadores Adscritos a Servicios de Salud de Veracruz<\/li>\n<\/ul>\n<\/div>\n<\/div>\n\n\n\n<p><\/p>\n<\/div>\n","protected":false},"excerpt":{"rendered":"","protected":false},"author":6,"featured_media":0,"parent":4117,"menu_order":1,"comment_status":"closed","ping_status":"closed","template":"","meta":{"colormag_page_container_layout":"default_layout","colormag_page_sidebar_layout":"default_layout","footnotes":""},"class_list":["post-4526","page","type-page","status-publish","hentry"],"_links":{"self":[{"href":"https:\/\/www.ssaver.gob.mx\/adquisiciones\/wp-json\/wp\/v2\/pages\/4526","targetHints":{"allow":["GET"]}}],"collection":[{"href":"https:\/\/www.ssaver.gob.mx\/adquisiciones\/wp-json\/wp\/v2\/pages"}],"about":[{"href":"https:\/\/www.ssaver.gob.mx\/adquisiciones\/wp-json\/wp\/v2\/types\/page"}],"author":[{"embeddable":true,"href":"https:\/\/www.ssaver.gob.mx\/adquisiciones\/wp-json\/wp\/v2\/users\/6"}],"replies":[{"embeddable":true,"href":"https:\/\/www.ssaver.gob.mx\/adquisiciones\/wp-json\/wp\/v2\/comments?post=4526"}],"version-history":[{"count":54,"href":"https:\/\/www.ssaver.gob.mx\/adquisiciones\/wp-json\/wp\/v2\/pages\/4526\/revisions"}],"predecessor-version":[{"id":11833,"href":"https:\/\/www.ssaver.gob.mx\/adquisiciones\/wp-json\/wp\/v2\/pages\/4526\/revisions\/11833"}],"up":[{"embeddable":true,"href":"https:\/\/www.ssaver.gob.mx\/adquisiciones\/wp-json\/wp\/v2\/pages\/4117"}],"wp:attachment":[{"href":"https:\/\/www.ssaver.gob.mx\/adquisiciones\/wp-json\/wp\/v2\/media?parent=4526"}],"curies":[{"name":"wp","href":"https:\/\/api.w.org\/{rel}","templated":true}]}}