{"id":4750,"date":"2023-04-04T15:10:15","date_gmt":"2023-04-04T20:10:15","guid":{"rendered":"https:\/\/www.ssaver.gob.mx\/adquisiciones\/?page_id=4750"},"modified":"2026-03-31T10:23:46","modified_gmt":"2026-03-31T16:23:46","slug":"adjudicaciones-estatales-directas-por-excepcion-de-ley-001-020","status":"publish","type":"page","link":"https:\/\/www.ssaver.gob.mx\/adquisiciones\/licitaciones-2023\/adjudicaciones-estatales-directas-por-excepcion-de-ley\/adjudicaciones-estatales-directas-por-excepcion-de-ley-001-020\/","title":{"rendered":"Adjudicaciones Estatales Directas por Excepci\u00f3n de Ley 001-020"},"content":{"rendered":"\n<div class=\"wp-block-group is-layout-constrained wp-container-core-group-is-layout-9517baca wp-block-group-is-layout-constrained\">\n<hr class=\"wp-block-separator has-text-color has-alpha-channel-opacity has-background is-style-wide\" style=\"background-color:#d8bf31;color:#d8bf31\" \/>\n\n\n\n<div class=\"wp-block-columns is-layout-flex wp-container-core-columns-is-layout-28f84493 wp-block-columns-is-layout-flex\">\n<div class=\"wp-block-column has-background is-layout-flow wp-block-column-is-layout-flow\" style=\"background-color:#fff4e0;flex-basis:100%\">\n<p class=\"has-text-color has-background has-medium-font-size\" style=\"color:#5b4c0d;background-color:#fff4e0\"><strong><strong><strong>Contratos Adjudicados de acuerdo a la modalida<\/strong><\/strong>d<\/strong><\/p>\n\n\n\n<ul class=\"wp-block-list has-medium-font-size\">\n<li><strong><a href=\"https:\/\/www.ssaver.gob.mx\/adquisiciones\/wp-content\/uploads\/sites\/5\/2023\/07\/SESVER_DA_C-020_2023-AFECTADO-C.pdf\" target=\"_blank\" rel=\"noreferrer noopener\">2023-SESVER_DA_C-020-2023<\/a><\/strong><br>Servicio&nbsp; de&nbsp; Dispersi\u00f3n&nbsp; de&nbsp; Recursos&nbsp; a&nbsp; trav\u00e9s&nbsp; de&nbsp; Monederos Electr\u00f3nicos Utilizados&nbsp; en&nbsp; la&nbsp; Adquisici\u00f3n&nbsp; de&nbsp; Combustible&nbsp; de&nbsp; Veh\u00edculos&nbsp; Terrestres&nbsp; de Servicios&nbsp; de&nbsp; Salud&nbsp; de Veracruz.<\/li>\n<\/ul>\n\n\n\n<ul class=\"wp-block-list has-medium-font-size\">\n<li><strong><a href=\"https:\/\/www.ssaver.gob.mx\/adquisiciones\/wp-content\/uploads\/sites\/5\/2023\/05\/SESVER_DA_C-019_2023-AFECTADO-C.pdf\" target=\"_blank\" rel=\"noreferrer noopener\">2023-SESVER_DA_C-019-2023<\/a><\/strong><br>Servicio&nbsp; Subrogado&nbsp; de&nbsp; Alimentos&nbsp; y Bebidas&nbsp; para&nbsp; la&nbsp; Red&nbsp; Hospitalaria&nbsp; de&nbsp; Servicios&nbsp; de&nbsp; Salud&nbsp; de Veracruz.<\/li>\n<\/ul>\n\n\n\n<ul class=\"wp-block-list has-medium-font-size\">\n<li><strong><a href=\"https:\/\/www.ssaver.gob.mx\/adquisiciones\/wp-content\/uploads\/sites\/5\/2023\/05\/SESVER_DA_C-018_2023-AFECTADO-C.pdf\" target=\"_blank\" rel=\"noreferrer noopener\">2023-SESVER_DA_C-018-2023<\/a><\/strong><br>Servicio&nbsp; Subrogado&nbsp; de&nbsp; Alimentos&nbsp; y Bebidas&nbsp; para&nbsp; la&nbsp; Red&nbsp; Hospitalaria&nbsp; de&nbsp; Servicios&nbsp; de&nbsp; Salud&nbsp; de Veracruz.<\/li>\n<\/ul>\n\n\n\n<ul class=\"wp-block-list has-medium-font-size\">\n<li><strong><a href=\"https:\/\/www.ssaver.gob.mx\/adquisiciones\/wp-content\/uploads\/sites\/5\/2023\/05\/SESVER_DA_C-017_2023-AFECTADO-C.pdf\" target=\"_blank\" rel=\"noreferrer noopener\">2023-SESVER_DA_C-017-2023<\/a><\/strong><br>Contrataci\u00f3n&nbsp; Abierta&nbsp; del Servicio&nbsp; Subrogado&nbsp; de&nbsp; Fotocopiado&nbsp; para Diversas&nbsp; Unidades&nbsp; Aplicativas&nbsp; de&nbsp; Servicios&nbsp; de&nbsp; Salud&nbsp; de&nbsp; Veracruz&nbsp; para&nbsp; el Periodo&nbsp; Comprendido&nbsp; del&nbsp; 1 \u00b0&nbsp; de&nbsp; Enero&nbsp; al&nbsp; 30&nbsp; de&nbsp; Abril&nbsp; de&nbsp; 2023.<\/li>\n<\/ul>\n\n\n\n<ul class=\"wp-block-list has-medium-font-size\">\n<li><strong><a href=\"https:\/\/www.ssaver.gob.mx\/adquisiciones\/wp-content\/uploads\/sites\/5\/2024\/08\/C.ADE-016_2023-AL-C-016_2023-AFECTADO-C.pdf\" target=\"_blank\" rel=\"noreferrer noopener\">SESVER_DA_C.ADE-016_2023<\/a><\/strong><br>Servicio&nbsp; Subrogado&nbsp; de&nbsp; Vigilancia&nbsp; a&nbsp; Hospitales,&nbsp; Jurisdicciones Sanitarias,&nbsp; Centros&nbsp; de&nbsp; Salud,&nbsp; Almacenes,&nbsp; y&nbsp; Oficinas&nbsp; Centrales&nbsp; de&nbsp; Servicios &nbsp;de&nbsp; Salud&nbsp; de Veracruz,&nbsp; as\u00ed&nbsp; como&nbsp; de&nbsp; los&nbsp; Bienes&nbsp; Muebles&nbsp; e&nbsp; Inmuebles&nbsp; que&nbsp; forman&nbsp; parte&nbsp; de&nbsp; la Estructura,&nbsp; Dependientes&nbsp; de&nbsp; Servicios&nbsp; de&nbsp; Salud&nbsp; de&nbsp; Veracruz.<\/li>\n<\/ul>\n\n\n\n<ul class=\"wp-block-list has-medium-font-size\">\n<li><strong><a href=\"https:\/\/www.ssaver.gob.mx\/adquisiciones\/wp-content\/uploads\/sites\/5\/2023\/05\/SESVER_DA_C-016_2023-AFECTADO-C.pdf\" target=\"_blank\" rel=\"noreferrer noopener\">2023-SESVER_DA_C-016-2023<\/a><\/strong><br>Servicio&nbsp; Subrogado&nbsp; de&nbsp; Vigilancia&nbsp; a&nbsp; Hospitales,&nbsp; Jurisdicciones Sanitarias,&nbsp; Centros&nbsp; de&nbsp; Salud,&nbsp; Almacenes,&nbsp; y&nbsp; Oficinas&nbsp; Centrales&nbsp; de&nbsp; Servicios &nbsp;de&nbsp; Salud&nbsp; de Veracruz,&nbsp; as\u00ed&nbsp; como&nbsp; de&nbsp; los&nbsp; Bienes&nbsp; Muebles&nbsp; e&nbsp; Inmuebles&nbsp; que&nbsp; forman&nbsp; parte&nbsp; de&nbsp; la Estructura,&nbsp; Dependientes&nbsp; de&nbsp; Servicios&nbsp; de&nbsp; Salud&nbsp; de&nbsp; Veracruz.<\/li>\n<\/ul>\n\n\n\n<ul class=\"wp-block-list has-medium-font-size\">\n<li><strong><a href=\"https:\/\/www.ssaver.gob.mx\/adquisiciones\/wp-content\/uploads\/sites\/5\/2023\/06\/SESVER_DA_C.ADE-001_2023-AFECTADO-C.pdf\" target=\"_blank\" rel=\"noreferrer noopener\">SESVER\/DA\/C.ADE-001\/2023<\/a><\/strong><br>Servicio&nbsp; de&nbsp; Monederos Electr\u00f3nicos para la&nbsp; Adquisici\u00f3n&nbsp; y&nbsp; Suministro&nbsp; de&nbsp; Combustible&nbsp; de Veh\u00edculos&nbsp; Terrestres de Servicios&nbsp; de Salud&nbsp; de Veracruz.<\/li>\n\n\n\n<li><strong><a href=\"https:\/\/www.ssaver.gob.mx\/adquisiciones\/wp-content\/uploads\/sites\/5\/2023\/06\/SESVER_DA_C-015_2023-AFECTADO-C.pdf\" target=\"_blank\" rel=\"noreferrer noopener\">2023-SESVER_DA_C-015-2023<\/a><\/strong><br>Servicio&nbsp; de&nbsp; Monederos Electr\u00f3nicos para la&nbsp; Adquisici\u00f3n&nbsp; y&nbsp; Suministro&nbsp; de&nbsp; Combustible&nbsp; de Veh\u00edculos&nbsp; Terrestres de Servicios&nbsp; de Salud&nbsp; de Veracruz.<\/li>\n<\/ul>\n\n\n\n<ul class=\"wp-block-list has-medium-font-size\">\n<li><strong><a href=\"https:\/\/www.ssaver.gob.mx\/adquisiciones\/wp-content\/uploads\/sites\/5\/2023\/05\/SESVER_DA_C-013_2023-AFECTADO-C.pdf\" target=\"_blank\" rel=\"noreferrer noopener\">2023-SESVER_DA_C-013-2023<\/a><\/strong><br>Contrataci\u00f3n&nbsp; del&nbsp; Servicio&nbsp; de&nbsp; Suministro&nbsp; de&nbsp; Helio&nbsp; L\u00edquido&nbsp; de Alta Pureza&nbsp; para&nbsp; los&nbsp; Equipos&nbsp; de&nbsp; Resonancia&nbsp; Magn\u00e9tica&nbsp; del&nbsp; Centro&nbsp; de Alta&nbsp; Especialidad \u00bbDr.&nbsp; Rafael&nbsp; Lucio\u00bb&nbsp; y el&nbsp; Centro&nbsp; Estatal&nbsp; de Cancerolog\u00eda&nbsp; \u00abDr. &nbsp;Miguel&nbsp; Dorantes&nbsp; Mesa\u00bb, para&nbsp; el&nbsp; ejercicio&nbsp; 2023.<\/li>\n<\/ul>\n\n\n\n<ul class=\"wp-block-list has-medium-font-size\">\n<li><strong><a href=\"https:\/\/www.ssaver.gob.mx\/adquisiciones\/wp-content\/uploads\/sites\/5\/2023\/06\/SESVER_DA_C.ADE-005_2023-AFECTADO-C.pdf\" target=\"_blank\" rel=\"noreferrer noopener\">SESVER_DA_C.ADE-005_2023<\/a><\/strong><br>Servicio&nbsp; de&nbsp; Fletes&nbsp; y&nbsp; Maniobras,&nbsp; Carga&nbsp; y&nbsp; Descarga.<\/li>\n<\/ul>\n\n\n\n<ul class=\"wp-block-list has-medium-font-size\">\n<li><strong><a href=\"https:\/\/www.ssaver.gob.mx\/adquisiciones\/wp-content\/uploads\/sites\/5\/2023\/04\/SESVER_DA_C-012_2023-AFECTADO-C.pdf\" target=\"_blank\" rel=\"noreferrer noopener\">2023-SESVER_DA_C-012-2023<\/a><\/strong><br>Servicio&nbsp; de&nbsp; Fletes&nbsp; y&nbsp; Maniobras,&nbsp; Carga&nbsp; y&nbsp; Descarga.<\/li>\n<\/ul>\n\n\n\n<ul class=\"wp-block-list has-medium-font-size\">\n<li><strong><a href=\"https:\/\/www.ssaver.gob.mx\/adquisiciones\/wp-content\/uploads\/sites\/5\/2024\/03\/C.ADE-002-BIS_2023-AL-C-011_2023-AFECTADO-C.pdf\" target=\"_blank\" rel=\"noreferrer noopener\">SESVER\/DA\/C.ADE-002-BIS\/2023<\/a><\/strong><br>Servicio&nbsp; de&nbsp; Suministro&nbsp; de&nbsp; Material&nbsp; de&nbsp; Osteos\u00edntesis&nbsp; y Endopr\u00f3tesis&nbsp; para&nbsp; las&nbsp; Unidades&nbsp; Hospitalarias&nbsp; pertenecientes&nbsp; a&nbsp; Servicios&nbsp; de Salud&nbsp; de Veracruz.<\/li>\n<\/ul>\n\n\n\n<ul class=\"wp-block-list has-medium-font-size\">\n<li><strong><a href=\"https:\/\/www.ssaver.gob.mx\/adquisiciones\/wp-content\/uploads\/sites\/5\/2023\/05\/SESVER_DA_C-011_2023-AFECTADO-C.pdf\" target=\"_blank\" rel=\"noreferrer noopener\">2023-SESVER_DA_C-011-2023<\/a><\/strong><br>Servicio&nbsp; de&nbsp; Suministro&nbsp; de&nbsp; Material&nbsp; de&nbsp; Osteos\u00edntesis&nbsp; y Endopr\u00f3tesis&nbsp; para&nbsp; las&nbsp; Unidades&nbsp; Hospitalarias&nbsp; pertenecientes&nbsp; a&nbsp; Servicios&nbsp; de Salud&nbsp; de Veracruz.<\/li>\n<\/ul>\n\n\n\n<ul class=\"wp-block-list has-medium-font-size\">\n<li><strong><a rel=\"noreferrer noopener\" href=\"https:\/\/www.ssaver.gob.mx\/adquisiciones\/wp-content\/uploads\/sites\/5\/2023\/05\/SESVER_DA_C-010_2023-AFECTADO-C.pdf\" target=\"_blank\">2023-SESVER_DA_C-010-2023<\/a><\/strong><br>Servicio&nbsp; de&nbsp; Laparoscop\u00eda,&nbsp; Endoscop\u00eda&nbsp; y Artroscopia&nbsp; para Diversas&nbsp; Unidades&nbsp; Hospitalarias&nbsp; pertenecientes&nbsp; a&nbsp; Servicios&nbsp; de&nbsp; Salud&nbsp; de Veracruz.<\/li>\n<\/ul>\n\n\n\n<ul class=\"wp-block-list has-medium-font-size\">\n<li><strong><a href=\"https:\/\/www.ssaver.gob.mx\/adquisiciones\/wp-content\/uploads\/sites\/5\/2023\/05\/SESVER_DA_C-009_2023-AFECTADO-C.pdf\" target=\"_blank\" rel=\"noreferrer noopener\">2023-SESVER_DA_C-009-2023<\/a><\/strong><br>Servicio&nbsp; de&nbsp; Suministro&nbsp; de&nbsp; Material&nbsp; de&nbsp; Osteos\u00edntesis&nbsp; y Endopr\u00f3tesis&nbsp; para&nbsp; las&nbsp; Unidades&nbsp; Hospitalarias&nbsp; pertenecientes&nbsp; a&nbsp; Servicios&nbsp; de Salud&nbsp; de Veracruz.<\/li>\n<\/ul>\n\n\n\n<ul class=\"wp-block-list has-medium-font-size\">\n<li><strong><a rel=\"noreferrer noopener\" href=\"https:\/\/www.ssaver.gob.mx\/adquisiciones\/wp-content\/uploads\/sites\/5\/2023\/05\/SESVER_DA_C-008_2023-AFECTADO-C.pdf\" target=\"_blank\">2023-SESVER_DA_C-008-2023<\/a><\/strong><br>Servicio&nbsp; de&nbsp; Hemodinamia&nbsp; en&nbsp; el&nbsp; Centro &nbsp;de Alta Especialidad&nbsp; Dr.&nbsp; Rafael&nbsp; Lucio,&nbsp; Hospital&nbsp; de&nbsp; Alta&nbsp; Especialidad&nbsp; de&nbsp; Veracruz&nbsp; y Hospital&nbsp; Regional&nbsp; de&nbsp; Xalapa&nbsp; Dr.&nbsp; Luis&nbsp; F.&nbsp; Nachon,&nbsp; pertenecientes&nbsp; a&nbsp; Servicios de&nbsp; Salud&nbsp; de&nbsp; Veracruz,&nbsp; (Periodo&nbsp; Enero-Abril&nbsp; 2023).<\/li>\n<\/ul>\n\n\n\n<ul class=\"wp-block-list has-medium-font-size\">\n<li><strong><a href=\"https:\/\/www.ssaver.gob.mx\/adquisiciones\/wp-content\/uploads\/sites\/5\/2023\/05\/SESVER_DA_C-007_2023-AFECTADO-C.pdf\">2023-SESVER_DA_C-007-2023<\/a><\/strong><br>Servicio&nbsp; de&nbsp; Laparoscop\u00eda,&nbsp; Endoscop\u00eda&nbsp; y&nbsp; Artroscopia&nbsp; para Diversas&nbsp; Unidades&nbsp; Hospitalarias&nbsp; pertenecientes&nbsp; a&nbsp; Servicios&nbsp; de&nbsp; Salud&nbsp; de&nbsp; Veracruz.<\/li>\n<\/ul>\n\n\n\n<ul class=\"wp-block-list has-medium-font-size\">\n<li><strong><a href=\"https:\/\/www.ssaver.gob.mx\/adquisiciones\/wp-content\/uploads\/sites\/5\/2023\/05\/SESVER_DA_C-006_2023-AFECTADO-C.pdf\" target=\"_blank\" rel=\"noreferrer noopener\">2023-SESVER_DA_C-006-2023<\/a><\/strong><br>Servicio&nbsp; Integral&nbsp; de&nbsp; Hemodi\u00e1lisis&nbsp; para&nbsp; Diversas&nbsp; Unidades Hospitalarias&nbsp; pertenecientes&nbsp; a&nbsp; Servicios&nbsp; de&nbsp; Salud&nbsp; de&nbsp; Veracruz.<\/li>\n<\/ul>\n\n\n\n<ul class=\"wp-block-list has-medium-font-size\">\n<li><strong><a href=\"https:\/\/www.ssaver.gob.mx\/adquisiciones\/wp-content\/uploads\/sites\/5\/2023\/05\/SESVER_DA_C-005_2023-AFECTADO-C.pdf\" target=\"_blank\" rel=\"noreferrer noopener\">2023-SESVER_DA_C-005-2023<\/a><\/strong><br>Servicio&nbsp; de&nbsp; Anestesia&nbsp; para&nbsp; los&nbsp; Hospitales&nbsp; pertenecientes a&nbsp; Servicios&nbsp; de&nbsp; Salud&nbsp; de&nbsp; Veracruz.<\/li>\n<\/ul>\n\n\n\n<ul class=\"wp-block-list has-medium-font-size\">\n<li><strong><a href=\"https:\/\/www.ssaver.gob.mx\/adquisiciones\/wp-content\/uploads\/sites\/5\/2023\/05\/SESVER_DA_C-004_2023-AFECTADO-C.pdf\" target=\"_blank\" rel=\"noreferrer noopener\">2023-SESVER_DA_C-004-2023<\/a><\/strong><br>Servicio&nbsp; de&nbsp; Arrendamiento&nbsp; de&nbsp; Equipo&nbsp; para&nbsp; las \u00e1reas&nbsp; de&nbsp; Imagenolog\u00eda&nbsp; de&nbsp; las&nbsp; Unidades&nbsp; Hospitalarias&nbsp; de&nbsp; SESVER.<\/li>\n<\/ul>\n\n\n\n<ul class=\"wp-block-list has-medium-font-size\">\n<li><strong><a href=\"https:\/\/www.ssaver.gob.mx\/adquisiciones\/wp-content\/uploads\/sites\/5\/2023\/05\/SESVER_DA_C-003_2023-AFECTADO-C.pdf\" target=\"_blank\" rel=\"noreferrer noopener\">2023-SESVER_DA_C-003-2023<\/a><\/strong><br>Servicio&nbsp; de&nbsp; Arrendamiento&nbsp; de&nbsp; Equipo&nbsp; para&nbsp; las \u00e1reas&nbsp; de&nbsp; Imagenolog\u00eda&nbsp; de&nbsp; las&nbsp; Unidades&nbsp; Hospitalarias&nbsp; de&nbsp; SESVER.<\/li>\n<\/ul>\n\n\n\n<ul class=\"wp-block-list has-medium-font-size\">\n<li><strong><a href=\"https:\/\/www.ssaver.gob.mx\/adquisiciones\/wp-content\/uploads\/sites\/5\/2023\/05\/SESVER_DA_C-002_2023-AFECTADO-C.pdf\" target=\"_blank\" rel=\"noreferrer noopener\">2023-SESVER_DA_C-002-2023<\/a><\/strong><br>Suministro&nbsp; de&nbsp; Pruebas&nbsp; de&nbsp; Bancos&nbsp; de&nbsp; Sangre,&nbsp; Centros&nbsp; de Colecta&nbsp; y&nbsp; Servicios&nbsp; de&nbsp; Transfusi\u00f3n&nbsp; de&nbsp; las&nbsp; Unidades&nbsp; M\u00e9dicas&nbsp; y&nbsp; Centro&nbsp; Estatal&nbsp; de Transfusi\u00f3n&nbsp; Sangu\u00ednea&nbsp; pertenecientes&nbsp; a&nbsp; Servicios&nbsp; de&nbsp; Salud&nbsp; de&nbsp; Veracruz<\/li>\n<\/ul>\n\n\n\n<ul class=\"wp-block-list has-medium-font-size\">\n<li><strong><a href=\"https:\/\/www.ssaver.gob.mx\/adquisiciones\/wp-content\/uploads\/sites\/5\/2023\/05\/SESVER_DA_C-001_2023-AFECTADO-C.pdf\" target=\"_blank\" rel=\"noreferrer noopener\">2023-SESVER_DA_C-001-2023<\/a><\/strong><br>Suministro&nbsp; de&nbsp; Pruebas&nbsp; de&nbsp; Laboratorio&nbsp; Cl\u00ednico&nbsp; para&nbsp; las Unidades&nbsp; M\u00e9dicas&nbsp; pertenecientes&nbsp; a Servicios&nbsp; de&nbsp; Salud&nbsp; de Veracruz.<\/li>\n<\/ul>\n<\/div>\n<\/div>\n<\/div>\n","protected":false},"excerpt":{"rendered":"<p>Contratos Adjudicados de acuerdo a la modalidad<\/p>\n","protected":false},"author":6,"featured_media":0,"parent":4748,"menu_order":1,"comment_status":"closed","ping_status":"closed","template":"","meta":{"colormag_page_container_layout":"default_layout","colormag_page_sidebar_layout":"default_layout","footnotes":""},"class_list":["post-4750","page","type-page","status-publish","hentry"],"_links":{"self":[{"href":"https:\/\/www.ssaver.gob.mx\/adquisiciones\/wp-json\/wp\/v2\/pages\/4750","targetHints":{"allow":["GET"]}}],"collection":[{"href":"https:\/\/www.ssaver.gob.mx\/adquisiciones\/wp-json\/wp\/v2\/pages"}],"about":[{"href":"https:\/\/www.ssaver.gob.mx\/adquisiciones\/wp-json\/wp\/v2\/types\/page"}],"author":[{"embeddable":true,"href":"https:\/\/www.ssaver.gob.mx\/adquisiciones\/wp-json\/wp\/v2\/users\/6"}],"replies":[{"embeddable":true,"href":"https:\/\/www.ssaver.gob.mx\/adquisiciones\/wp-json\/wp\/v2\/comments?post=4750"}],"version-history":[{"count":41,"href":"https:\/\/www.ssaver.gob.mx\/adquisiciones\/wp-json\/wp\/v2\/pages\/4750\/revisions"}],"predecessor-version":[{"id":11870,"href":"https:\/\/www.ssaver.gob.mx\/adquisiciones\/wp-json\/wp\/v2\/pages\/4750\/revisions\/11870"}],"up":[{"embeddable":true,"href":"https:\/\/www.ssaver.gob.mx\/adquisiciones\/wp-json\/wp\/v2\/pages\/4748"}],"wp:attachment":[{"href":"https:\/\/www.ssaver.gob.mx\/adquisiciones\/wp-json\/wp\/v2\/media?parent=4750"}],"curies":[{"name":"wp","href":"https:\/\/api.w.org\/{rel}","templated":true}]}}