{"id":4778,"date":"2023-04-04T20:49:53","date_gmt":"2023-04-05T01:49:53","guid":{"rendered":"https:\/\/www.ssaver.gob.mx\/adquisiciones\/?page_id=4778"},"modified":"2026-03-31T10:37:46","modified_gmt":"2026-03-31T16:37:46","slug":"licitaciones-simplificadas-2023-001-020","status":"publish","type":"page","link":"https:\/\/www.ssaver.gob.mx\/adquisiciones\/licitaciones-2023\/licitaciones-simplificadas-2023\/licitaciones-simplificadas-2023-001-020\/","title":{"rendered":"Licitaciones Simplificadas 2023 001-020"},"content":{"rendered":"\n<div class=\"wp-block-group is-layout-constrained wp-container-core-group-is-layout-9517baca wp-block-group-is-layout-constrained\">\n<hr class=\"wp-block-separator has-text-color has-alpha-channel-opacity has-background is-style-wide\" style=\"background-color:#d8bf31;color:#d8bf31\" \/>\n\n\n\n<div class=\"wp-block-columns is-layout-flex wp-container-core-columns-is-layout-28f84493 wp-block-columns-is-layout-flex\">\n<div class=\"wp-block-column has-background is-layout-flow wp-block-column-is-layout-flow\" style=\"background-color:#fff4e0\">\n<ul class=\"wp-block-list has-medium-font-size\">\n<li><a href=\"https:\/\/www.ssaver.gob.mx\/adquisiciones\/licitaciones-2023\/licitaciones-simplificadas-2023\/licitaciones-simplificadas-2023-001-020\/licitacion-simplificada-ls-103t00000-020-2023\/\" target=\"_blank\" rel=\"noreferrer noopener\">Licitaci\u00f3n Simplificada LS-103T00000-020-2023<\/a><br>Relativa&nbsp; a&nbsp; la contrataci\u00f3n&nbsp; abierta&nbsp; del&nbsp; \u00abServicio&nbsp; Subrogado&nbsp; de&nbsp; Fotocopiado para&nbsp; Diversas&nbsp; Unidades&nbsp; Aplicativas&nbsp; de&nbsp; Servicios&nbsp; de&nbsp; Salud&nbsp; de Veracruz\u00bb.<\/li>\n<\/ul>\n\n\n\n<ul class=\"wp-block-list has-medium-font-size\">\n<li><a rel=\"noreferrer noopener\" href=\"https:\/\/www.ssaver.gob.mx\/adquisiciones\/licitaciones-2023\/licitaciones-simplificadas-2023\/licitaciones-simplificadas-2023-001-020\/licitacion-simplificada-ls-103t00000-019-2023\/\" target=\"_blank\">Licitaci\u00f3n Simplificada LS-103T00000-019-2023<\/a><br>Relativa&nbsp; a&nbsp; la \u00bbAdquisici\u00f3n&nbsp; de&nbsp; Uniformes&nbsp; y&nbsp; Equipo&nbsp; de&nbsp; Protecci\u00f3n&nbsp; para&nbsp; el personal&nbsp; del&nbsp; Departamento&nbsp; de&nbsp; Control&nbsp; de&nbsp; Enfermedades Transmitidas&nbsp; por&nbsp; Vector&nbsp; de&nbsp; las&nbsp; 11 Jurisdicciones Sanitarias\u00bb.<\/li>\n<\/ul>\n\n\n\n<ul class=\"wp-block-list has-medium-font-size\">\n<li><a href=\"https:\/\/www.ssaver.gob.mx\/adquisiciones\/licitaciones-2023\/licitaciones-simplificadas-2023\/licitaciones-simplificadas-2023-001-020\/licitacion-simplificada-ls-103t00000-018-2023\/\" target=\"_blank\" rel=\"noreferrer noopener\">Licitaci\u00f3n Simplificada LS-103T00000-018-2023<\/a><br>Relativa&nbsp; a&nbsp; la Adquisici\u00f3n&nbsp; de \u00bbImpresiones&nbsp; de&nbsp; C\u00f3digo&nbsp; de&nbsp; Conducta\u00bb.<\/li>\n<\/ul>\n\n\n\n<ul class=\"wp-block-list has-medium-font-size\">\n<li><a href=\"https:\/\/www.ssaver.gob.mx\/adquisiciones\/licitaciones-2023\/licitaciones-simplificadas-2023\/licitaciones-simplificadas-2023-001-020\/licitacion-simplificada-ls-103t00000-017-2023\/\" target=\"_blank\" rel=\"noreferrer noopener\">Licitaci\u00f3n Simplificada LS-103T00000-017-2023<\/a><br>Relativa&nbsp; a&nbsp; la Adquisici\u00f3n&nbsp; de&nbsp; \u00abMedicamento&nbsp; y&nbsp; Material&nbsp; de&nbsp; Curaci\u00f3n&nbsp; para&nbsp; la&nbsp; Direcci\u00f3n de Salud&nbsp; P\u00fablica&nbsp; 2023\u00bb.<\/li>\n<\/ul>\n\n\n\n<ul class=\"wp-block-list has-medium-font-size\">\n<li><a href=\"https:\/\/www.ssaver.gob.mx\/adquisiciones\/licitaciones-2023\/licitaciones-simplificadas-2023\/licitaciones-simplificadas-2023-001-020\/licitacion-simplificada-ls-103t00000-016-2023\/\" target=\"_blank\" rel=\"noreferrer noopener\">Licitaci\u00f3n Simplificada LS-103T00000-016-2023<\/a><br>Adquisici\u00f3n&nbsp; de&nbsp; Formater\u00eda&nbsp; del&nbsp; Sistema&nbsp; Nacional&nbsp; de&nbsp; Informaci\u00f3n&nbsp; B\u00e1sica&nbsp; en Materia&nbsp; de&nbsp; Salud&nbsp; en&nbsp; su&nbsp; Versi\u00f3n&nbsp; 2023&nbsp; (SINBA-SIS&nbsp; 2023).<\/li>\n<\/ul>\n\n\n\n<ul class=\"wp-block-list has-medium-font-size\">\n<li><a href=\"https:\/\/www.ssaver.gob.mx\/adquisiciones\/licitaciones-2023\/licitaciones-simplificadas-2023\/licitaciones-simplificadas-2023-001-020\/licitacion-simplificada-ls-103t00000-015-2023\/\" target=\"_blank\" rel=\"noreferrer noopener\">Licitaci\u00f3n Simplificada LS-103T00000-015-2023<\/a><br>Relativa&nbsp; a&nbsp; la&nbsp; Adquisici\u00f3n&nbsp; de&nbsp; Licencias&nbsp; y&nbsp; Soporte&nbsp; para&nbsp; Equipos&nbsp; de Seguridad Web&nbsp; y Correo&nbsp; Institucional&nbsp; de Servicios&nbsp; de Salud&nbsp; de Veracruz.<\/li>\n<\/ul>\n\n\n\n<ul class=\"wp-block-list has-medium-font-size\">\n<li><a href=\"https:\/\/www.ssaver.gob.mx\/adquisiciones\/licitaciones-2023\/licitaciones-simplificadas-2023\/licitaciones-simplificadas-2023-001-020\/licitacion-simplificada-ls-103t00000-014-2023\/\">Licitaci\u00f3n Simplificada LS-103T00000-014-2023<\/a><br>Relativa&nbsp; a la Adquisici\u00f3n&nbsp; de Mobiliario, Equipo&nbsp; e Instrumental&nbsp; M\u00e9dico,&nbsp; Mobiliario&nbsp; y Equipo Administrativo y Bienes&nbsp; Inform\u00e1ticos para&nbsp; Unidades&nbsp; M\u00e9dicas&nbsp; de Primer&nbsp; y Segundo Nivel&nbsp; de Atenci\u00f3n,&nbsp; Pertenecientes&nbsp; a Servicios de Salud&nbsp; de Veracruz&nbsp; 2023,&nbsp; con Recursos&nbsp; FISE y FASSA<\/li>\n<\/ul>\n\n\n\n<ul class=\"wp-block-list has-medium-font-size\">\n<li><a href=\"https:\/\/www.ssaver.gob.mx\/adquisiciones\/licitaciones-2023\/licitaciones-simplificadas-2023\/licitaciones-simplificadas-2023-001-020\/licitacion-simplificada-ls-103t00000-013-2023\/\" target=\"_blank\" rel=\"noreferrer noopener\">Licitaci\u00f3n Simplificada LS-103T00000-013-2023<\/a><br>Relativa&nbsp; al&nbsp; Mantenimiento&nbsp; Urgente&nbsp; para Equipos&nbsp; Electrom\u00e9dicos&nbsp; y&nbsp; Electromec\u00e1nicos de las&nbsp; Unidades&nbsp; Hospitalarias&nbsp; de&nbsp; SESVER.<\/li>\n<\/ul>\n\n\n\n<ul class=\"wp-block-list has-medium-font-size\">\n<li><a href=\"https:\/\/www.ssaver.gob.mx\/adquisiciones\/licitaciones-2023\/licitaciones-simplificadas-2023\/licitaciones-simplificadas-2023-001-020\/licitacion-simplificada-ls-103t00000-012-2023\/\" target=\"_blank\" rel=\"noreferrer noopener\">Licitaci\u00f3n Simplificada LS-103T00000-012-2023<\/a><br>Relativa&nbsp; a&nbsp; la Adquisici\u00f3n&nbsp; de&nbsp; \u00abInsumos&nbsp; para&nbsp; Atenci\u00f3n&nbsp; a&nbsp; Pacientes&nbsp; con&nbsp; Enfermedad Renal&nbsp; Cr\u00f3nica\u00bb.<\/li>\n<\/ul>\n\n\n\n<ul class=\"wp-block-list has-medium-font-size\">\n<li><a href=\"https:\/\/www.ssaver.gob.mx\/adquisiciones\/licitaciones-2023\/licitaciones-simplificadas-2023\/licitaciones-simplificadas-2023-001-020\/licitacion-simplificada-ls-103t00000-011-2023\/\" target=\"_blank\" rel=\"noreferrer noopener\">Licitaci\u00f3n Simplificada LS-103T00000-011-2023<\/a><br>Relativa&nbsp; a&nbsp; la \u00abContrataci\u00f3n&nbsp; del&nbsp; Servicio&nbsp; Subrogado&nbsp; de&nbsp; Fumigaci\u00f3n&nbsp; para&nbsp; la&nbsp; Red Hospitalaria,&nbsp; Oficinas&nbsp; Centrales,&nbsp; Unidades&nbsp; Administrativas&nbsp; y Jurisdicciones&nbsp; Sanitarias&nbsp; de&nbsp; SESVER\u00bb.<\/li>\n<\/ul>\n\n\n\n<ul class=\"wp-block-list has-medium-font-size\">\n<li><a href=\"https:\/\/www.ssaver.gob.mx\/adquisiciones\/licitaciones-2023\/licitaciones-simplificadas-2023\/licitaciones-simplificadas-2023-001-020\/licitacion-simplificada-ls-103t00000-010-2023\/\" target=\"_blank\" rel=\"noreferrer noopener\">Licitaci\u00f3n Simplificada LS-103T00000-010-2023<\/a><br>Relativa&nbsp; a&nbsp; la&nbsp; Adquisici\u00f3n&nbsp; de&nbsp; Insumos&nbsp; para&nbsp; la Campa\u00f1a&nbsp; del&nbsp; D\u00eda&nbsp; Mundial&nbsp; de&nbsp; Higiene&nbsp; de&nbsp; Manos 2023,&nbsp; de&nbsp; la&nbsp; Coordinaci\u00f3n&nbsp; de&nbsp; Calidad&nbsp; en&nbsp; Salud de Servicios&nbsp; de Salud&nbsp; de Veracruz.<\/li>\n<\/ul>\n\n\n\n<ul class=\"wp-block-list has-medium-font-size\">\n<li><a href=\"https:\/\/www.ssaver.gob.mx\/adquisiciones\/licitaciones-2023\/licitaciones-simplificadas-2023\/licitaciones-simplificadas-2023-001-020\/licitacion-simplificada-ls-103t00000-009-2023\/\">Licitaci\u00f3n Simplificada LS-103T00000-009-2023<\/a><br>Relativa&nbsp; a&nbsp; la&nbsp; Contrataci\u00f3n&nbsp; del&nbsp; \u00abServicio&nbsp; Subrogado de&nbsp; Limpieza&nbsp; de&nbsp; Cisternas&nbsp; de&nbsp; la&nbsp; Red&nbsp; Hospitalaria&nbsp; de Servicios&nbsp; de&nbsp; Salud&nbsp; de&nbsp; Veracruz\u00bb.<\/li>\n<\/ul>\n\n\n\n<ul class=\"wp-block-list has-medium-font-size\">\n<li><a rel=\"noreferrer noopener\" href=\"https:\/\/www.ssaver.gob.mx\/adquisiciones\/licitaciones-2023\/licitaciones-simplificadas-2023\/licitaciones-simplificadas-2023-001-020\/licitacion-simplificada-ls-103t00000-008-2023\/\" target=\"_blank\">Licitaci\u00f3n Simplificada LS-103T00000-008-2023<\/a><br>Relativa&nbsp; a&nbsp; la Adquisici\u00f3n&nbsp; de&nbsp; Materiales&nbsp; para&nbsp; el&nbsp; Mantenimiento&nbsp; de Unidades&nbsp; M\u00e9dicas&nbsp; propuestas&nbsp; para&nbsp; el&nbsp; Proceso&nbsp; de Acreditaci\u00f3n&nbsp; de Primer&nbsp; y&nbsp; Segundo&nbsp; Nivel&nbsp; 2023.<\/li>\n<\/ul>\n\n\n\n<ul class=\"wp-block-list has-medium-font-size\">\n<li><a href=\"https:\/\/www.ssaver.gob.mx\/adquisiciones\/licitaciones-2023\/licitaciones-simplificadas-2023\/licitaciones-simplificadas-2023-001-020\/licitacion-simplificada-ls-103t00000-007-2023\/\" target=\"_blank\" rel=\"noreferrer noopener\">Licitaci\u00f3n Simplificada LS-103T00000-007-2023<\/a><br>Relativa&nbsp; a&nbsp; la Adquisici\u00f3n&nbsp; de&nbsp; Materiales&nbsp; para&nbsp; realizar&nbsp; el Mantenimiento&nbsp; al&nbsp; Equipo&nbsp; de&nbsp; Aire&nbsp; acondicionado&nbsp; de&nbsp; las&nbsp; Unidades Aplicativas&nbsp; de&nbsp; Servicios&nbsp; de&nbsp; Salud&nbsp; de&nbsp; Veracruz.<\/li>\n<\/ul>\n\n\n\n<ul class=\"wp-block-list has-medium-font-size\">\n<li><a href=\"https:\/\/www.ssaver.gob.mx\/adquisiciones\/licitaciones-2023\/licitaciones-simplificadas-2023\/licitaciones-simplificadas-2023-001-020\/licitacion-simplificada-ls-103t00000-006-2023\/\" target=\"_blank\" rel=\"noreferrer noopener\">Licitaci\u00f3n Simplificada LS-103T00000-006-2023<\/a><br>Relativa&nbsp; a&nbsp; la&nbsp; Contrataci\u00f3n&nbsp; del&nbsp; \u00abServicio&nbsp; Subrogado Especializado&nbsp; de&nbsp; Mensajeria&nbsp; y&nbsp; Paqueteria&nbsp; en&nbsp; Oficina Central&nbsp; de&nbsp; Servicios&nbsp; de&nbsp; Salud&nbsp; de&nbsp; Veracruz\u00bb.<\/li>\n<\/ul>\n\n\n\n<ul class=\"wp-block-list has-medium-font-size\">\n<li><a href=\"https:\/\/www.ssaver.gob.mx\/adquisiciones\/licitaciones-2023\/licitaciones-simplificadas-2023\/licitaciones-simplificadas-2023-001-020\/licitacion-simplificada-ls-103t00000-005-2023\/\" target=\"_blank\" rel=\"noreferrer noopener\">Licitaci\u00f3n Simplificada LS-103T00000-005-2023<\/a><br>Relativa&nbsp; a&nbsp; la&nbsp; contrataci\u00f3n&nbsp; abierta&nbsp; del \u00bbServicio&nbsp; Subrogado de Agua&nbsp; Purificada&nbsp; en&nbsp; Oficinas&nbsp; Centrales, Subdirecci\u00f3n&nbsp; de&nbsp; Ense\u00f1anza,&nbsp; Investigaci\u00f3n&nbsp; y&nbsp; Capacitaci\u00f3n, \u00d3rgano&nbsp; Interno&nbsp; de&nbsp; Control,&nbsp; Plaza&nbsp; Macuilt\u00e9petl, Administraci\u00f3n&nbsp; del &nbsp;Patrimonio&nbsp; de&nbsp; la&nbsp; Beneficencia&nbsp; P\u00fablica (PBP),&nbsp; Departamento&nbsp; de&nbsp; Vigilancia&nbsp; Epidemiol\u00f3gica,&nbsp; Comisi\u00f3n Estatal&nbsp; Contra&nbsp; las&nbsp; Adicciones,&nbsp; Almac\u00e9n&nbsp; \u00bbA\u00bb,&nbsp; Almac\u00e9n&nbsp; \u00bbB\u00bb, Instituto&nbsp; Veracruzano&nbsp; de&nbsp; Salud&nbsp; Mental&nbsp; Dr.&nbsp; Rafael&nbsp; Velasco Fern\u00e1ndez,&nbsp; Centro&nbsp; Estatal&nbsp; de&nbsp; Cancerolog\u00eda&nbsp; Dr.&nbsp; Miguel Dorantes&nbsp; Mesa&nbsp; (CECAN)&nbsp; y&nbsp; Centro&nbsp; de&nbsp; Atenci\u00f3n&nbsp; Infantil&nbsp; (CAI), dependientes&nbsp; de&nbsp; Servicios&nbsp; de&nbsp; Salud&nbsp; de&nbsp; Veracruz\u00bb<\/li>\n<\/ul>\n\n\n\n<ul class=\"wp-block-list has-medium-font-size\">\n<li><a href=\"https:\/\/www.ssaver.gob.mx\/adquisiciones\/licitaciones-2023\/licitaciones-simplificadas-2023\/licitaciones-simplificadas-2023-001-020\/licitacion-simplificada-ls-103t00000-004-2023\/\" target=\"_blank\" rel=\"noreferrer noopener\">Licitaci\u00f3n Simplificada LS-103T00000-004-2023<\/a><br>Relativa&nbsp; a&nbsp; la&nbsp; Contrataci\u00f3n&nbsp; del \u00bbServicio&nbsp; Subrogado&nbsp; de&nbsp; Fotocopiado&nbsp; para&nbsp; Diversas&nbsp; Unidades Hospitalarias&nbsp; de&nbsp; Servicios&nbsp; de&nbsp; Salud&nbsp; de&nbsp; Veracruz\u00bb<\/li>\n<\/ul>\n\n\n\n<ul class=\"wp-block-list has-medium-font-size\">\n<li><a href=\"https:\/\/www.ssaver.gob.mx\/adquisiciones\/licitaciones-2023\/licitaciones-simplificadas-2023\/licitaciones-simplificadas-2023-001-020\/licitacion-simplificada-ls-103t00000-003-2023\/\" target=\"_blank\" rel=\"noreferrer noopener\">Licitaci\u00f3n Simplificada LS-103T00000-003-2023<\/a><br>Relativa&nbsp; a&nbsp; la&nbsp; Contrataci\u00f3n&nbsp; del&nbsp; Servicio&nbsp; Subrogado&nbsp; de Combustible, a&nbsp; Trav\u00e9s&nbsp; de&nbsp; Monederos&nbsp; Electr\u00f3nicos.<\/li>\n<\/ul>\n\n\n\n<ul class=\"wp-block-list has-medium-font-size\">\n<li><a href=\"https:\/\/www.ssaver.gob.mx\/adquisiciones\/licitaciones-2023\/licitaciones-simplificadas-2023\/licitaciones-simplificadas-2023-001-020\/licitacion-simplificada-ls-103t00000-002-2023\/\" target=\"_blank\" rel=\"noreferrer noopener\">Licitaci\u00f3n Simplificada LS-103T00000-002-2023<\/a><br>Relativa&nbsp; a&nbsp; la&nbsp; Contrataci\u00f3n&nbsp; del&nbsp; Servicio&nbsp; Subrogado&nbsp; de Transporte&nbsp; de Personal&nbsp; para&nbsp; el&nbsp; Laboratorio&nbsp; Estatal&nbsp; de&nbsp; Salud&nbsp; P\u00fablica<\/li>\n<\/ul>\n\n\n\n<ul class=\"wp-block-list has-medium-font-size\">\n<li><a href=\"https:\/\/www.ssaver.gob.mx\/adquisiciones\/licitaciones-2023\/licitaciones-simplificadas-2023\/licitaciones-simplificadas-2023-001-020\/licitacion-simplificada-ls-103t00000-001-2023\/\" target=\"_blank\" rel=\"noreferrer noopener\">Licitaci\u00f3n Simplificada LS-103T00000-001-2023<\/a><br>Relativa&nbsp; a la adquisici\u00f3n&nbsp; de hojas&nbsp; Seguridad para&nbsp; la Impresi\u00f3n&nbsp; de Instrumentos&nbsp; Jur\u00eddicos del Departamento&nbsp; de Adquisiciones&nbsp; de Servicios&nbsp; de Salud&nbsp; de Veracruz&nbsp; 2023<\/li>\n<\/ul>\n<\/div>\n<\/div>\n<\/div>\n","protected":false},"excerpt":{"rendered":"","protected":false},"author":6,"featured_media":0,"parent":4776,"menu_order":1,"comment_status":"closed","ping_status":"closed","template":"","meta":{"colormag_page_container_layout":"default_layout","colormag_page_sidebar_layout":"default_layout","footnotes":""},"class_list":["post-4778","page","type-page","status-publish","hentry"],"_links":{"self":[{"href":"https:\/\/www.ssaver.gob.mx\/adquisiciones\/wp-json\/wp\/v2\/pages\/4778","targetHints":{"allow":["GET"]}}],"collection":[{"href":"https:\/\/www.ssaver.gob.mx\/adquisiciones\/wp-json\/wp\/v2\/pages"}],"about":[{"href":"https:\/\/www.ssaver.gob.mx\/adquisiciones\/wp-json\/wp\/v2\/types\/page"}],"author":[{"embeddable":true,"href":"https:\/\/www.ssaver.gob.mx\/adquisiciones\/wp-json\/wp\/v2\/users\/6"}],"replies":[{"embeddable":true,"href":"https:\/\/www.ssaver.gob.mx\/adquisiciones\/wp-json\/wp\/v2\/comments?post=4778"}],"version-history":[{"count":33,"href":"https:\/\/www.ssaver.gob.mx\/adquisiciones\/wp-json\/wp\/v2\/pages\/4778\/revisions"}],"predecessor-version":[{"id":11888,"href":"https:\/\/www.ssaver.gob.mx\/adquisiciones\/wp-json\/wp\/v2\/pages\/4778\/revisions\/11888"}],"up":[{"embeddable":true,"href":"https:\/\/www.ssaver.gob.mx\/adquisiciones\/wp-json\/wp\/v2\/pages\/4776"}],"wp:attachment":[{"href":"https:\/\/www.ssaver.gob.mx\/adquisiciones\/wp-json\/wp\/v2\/media?parent=4778"}],"curies":[{"name":"wp","href":"https:\/\/api.w.org\/{rel}","templated":true}]}}