{"id":4986,"date":"2023-04-24T13:17:47","date_gmt":"2023-04-24T18:17:47","guid":{"rendered":"https:\/\/www.ssaver.gob.mx\/adquisiciones\/?page_id=4986"},"modified":"2026-04-01T10:59:51","modified_gmt":"2026-04-01T16:59:51","slug":"licitacion-publica-nacional-lpn-103t00000-014-2023","status":"publish","type":"page","link":"https:\/\/www.ssaver.gob.mx\/adquisiciones\/licitaciones-2023\/licitaciones-publicas-nacionales-2023\/licitacion-publica-nacional-lpn-103t00000-014-2023\/","title":{"rendered":"Licitaci\u00f3n P\u00fablica Nacional LPN-103T00000-014-2023"},"content":{"rendered":"\n<div class=\"wp-block-group is-layout-constrained wp-container-core-group-is-layout-9517baca wp-block-group-is-layout-constrained\">\n<hr class=\"wp-block-separator has-text-color has-alpha-channel-opacity has-background is-style-wide\" style=\"background-color:#d8bf31;color:#d8bf31\" \/>\n\n\n\n<ul style=\"color:#5b4c0d;background-color:#fff4e0\" class=\"wp-block-list has-text-color has-background\">\n<li><strong>Relativa a la Adquisici\u00f3n de Bienes e Insumos Diversos para la Direcci\u00f3n de Salud P\u00fablica<\/strong>\n\n\n\n\n\n\n\n\n\n\n\n\n\n\n\n\n\n\n\n\n\n\n\n\n\n\n\n\n\n\n\n\n\n\n\n\n\n\n\n\n\n\n\n\n\n\n\n\n\n\n\n\n\n\n\n\n\n\n\n\n\n\n\n\n\n\n\n\n\n\n\n\n\n\n\n\n\n\n\n\n\n\n\n\n\n\n\n\n\n\n<ul class=\"wp-block-list\">\n<li><a href=\"https:\/\/www.ssaver.gob.mx\/adquisiciones\/wp-content\/uploads\/sites\/5\/2023\/04\/CONVOCATORIA-No.-14.pdf\" target=\"_blank\" rel=\"noreferrer noopener\">Convocatoria<\/a><\/li>\n\n\n\n<li><a rel=\"noreferrer noopener\" href=\"https:\/\/www.ssaver.gob.mx\/adquisiciones\/wp-content\/uploads\/sites\/5\/2023\/04\/BASES-Y-ANEXOS-LPN-103T00000-014-2023_compressed.pdf\" target=\"_blank\">Bases y Anexos<\/a><\/li>\n\n\n\n<li><strong>Fichas T\u00e9cnicas  Capitulo 2000<\/strong><\/li>\n<\/ul>\n\n\n\n<ul class=\"wp-block-list\">\n<li><a href=\"https:\/\/www.ssaver.gob.mx\/adquisiciones\/wp-content\/uploads\/sites\/5\/2023\/04\/Partida-21501-Lote-D_compressed.pdf\" target=\"_blank\" rel=\"noreferrer noopener\">Partida 21501 Lote D<\/a><\/li>\n\n\n\n<li><a href=\"https:\/\/www.ssaver.gob.mx\/adquisiciones\/wp-content\/uploads\/sites\/5\/2023\/04\/Partida-21701-Lote-E_compressed.pdf\" target=\"_blank\" rel=\"noreferrer noopener\">Partida 21701 Lote E<\/a><\/li>\n\n\n\n<li><a href=\"https:\/\/www.ssaver.gob.mx\/adquisiciones\/wp-content\/uploads\/sites\/5\/2023\/04\/Partida-22301-Lote-F_compressed.pdf\" target=\"_blank\" rel=\"noreferrer noopener\">Partida 22301 Lote F<\/a><\/li>\n\n\n\n<li><a href=\"https:\/\/www.ssaver.gob.mx\/adquisiciones\/wp-content\/uploads\/sites\/5\/2023\/04\/Partida-27101-Lote-G_compressed.pdf\" target=\"_blank\" rel=\"noreferrer noopener\">Partida 27101 Lote G<\/a><\/li>\n\n\n\n<li><a href=\"https:\/\/www.ssaver.gob.mx\/adquisiciones\/wp-content\/uploads\/sites\/5\/2023\/04\/Partida-29301-Lote-H_compressed.pdf\" target=\"_blank\" rel=\"noreferrer noopener\">Partida 29301 Lote H<\/a><\/li>\n\n\n\n<li><a href=\"https:\/\/www.ssaver.gob.mx\/adquisiciones\/wp-content\/uploads\/sites\/5\/2023\/04\/Partida-29401-Lote-I_compressed.pdf\" target=\"_blank\" rel=\"noreferrer noopener\">Partida 29401 Lote I<\/a><\/li>\n\n\n\n<li><strong>Fichas T\u00e9cnicas  Capitulo 5000<\/strong><\/li>\n\n\n\n<li><a href=\"https:\/\/www.ssaver.gob.mx\/adquisiciones\/wp-content\/uploads\/sites\/5\/2023\/04\/Partida-51101-Lote-J_compressed.pdf\" target=\"_blank\" rel=\"noreferrer noopener\">Partida 51101 Lote J<\/a><\/li>\n\n\n\n<li><a href=\"https:\/\/www.ssaver.gob.mx\/adquisiciones\/wp-content\/uploads\/sites\/5\/2023\/04\/Partida-51501-Lote-K_compressed.pdf\" target=\"_blank\" rel=\"noreferrer noopener\">Partida 51501 Lote K<\/a><\/li>\n\n\n\n<li><a href=\"https:\/\/www.ssaver.gob.mx\/adquisiciones\/wp-content\/uploads\/sites\/5\/2023\/04\/Partida-51901-Lote-L_compressed.pdf\" target=\"_blank\" rel=\"noreferrer noopener\">Partida 51901 Lote L<\/a><\/li>\n\n\n\n<li><a href=\"https:\/\/www.ssaver.gob.mx\/adquisiciones\/wp-content\/uploads\/sites\/5\/2023\/04\/Partida-52101-Lote-M_compressed.pdf\" target=\"_blank\" rel=\"noreferrer noopener\">Partida 52101 Lote M<\/a><\/li>\n\n\n\n<li><a href=\"https:\/\/www.ssaver.gob.mx\/adquisiciones\/wp-content\/uploads\/sites\/5\/2023\/04\/Partida-52301-Lote-N_compressed.pdf\" target=\"_blank\" rel=\"noreferrer noopener\">Partida 52301 Lote N<\/a><\/li>\n\n\n\n<li><a href=\"https:\/\/www.ssaver.gob.mx\/adquisiciones\/wp-content\/uploads\/sites\/5\/2023\/04\/Partida-52901-Lote-O_compressed.pdf\" target=\"_blank\" rel=\"noreferrer noopener\">Partida 52901 Lote O<\/a><\/li>\n\n\n\n<li><a href=\"https:\/\/www.ssaver.gob.mx\/adquisiciones\/wp-content\/uploads\/sites\/5\/2023\/04\/Partida-53101-Lote-P_compressed.pdf\" target=\"_blank\" rel=\"noreferrer noopener\">Partida 53101 Lote P<\/a><\/li>\n\n\n\n<li><a href=\"https:\/\/www.ssaver.gob.mx\/adquisiciones\/wp-content\/uploads\/sites\/5\/2023\/04\/Partida-53201-Lote-Q_compressed.pdf\" target=\"_blank\" rel=\"noreferrer noopener\">Partida 53201 Lote Q<\/a><\/li>\n\n\n\n<li><a rel=\"noreferrer noopener\" href=\"https:\/\/www.ssaver.gob.mx\/adquisiciones\/wp-content\/uploads\/sites\/5\/2023\/04\/Partida-56501-Lote-R_compressed.pdf\" target=\"_blank\">Partida 56501 Lote R<\/a><\/li>\n\n\n\n<li><a href=\"https:\/\/www.ssaver.gob.mx\/adquisiciones\/wp-content\/uploads\/sites\/5\/2023\/05\/Acta-de-junta-de-aclaraciones-LPN-103T00000-014-2023_0001_compressed.pdf\" target=\"_blank\" rel=\"noreferrer noopener\">Acta de junta de aclaraciones<\/a><\/li>\n\n\n\n<li><strong>Fichas T\u00e9cnicas incluidas en junta de aclaraciones<\/strong><\/li>\n\n\n\n<li><a href=\"https:\/\/www.ssaver.gob.mx\/adquisiciones\/wp-content\/uploads\/sites\/5\/2023\/05\/Partida-21101-Lote-S_compressed.pdf\" target=\"_blank\" rel=\"noreferrer noopener\">Partida 21101 Lote S<\/a><\/li>\n\n\n\n<li><a rel=\"noreferrer noopener\" href=\"https:\/\/www.ssaver.gob.mx\/adquisiciones\/wp-content\/uploads\/sites\/5\/2023\/05\/Partida-21401-Lote-T_compressed.pdf\" target=\"_blank\">Partida 21401 Lote T<\/a><\/li>\n\n\n\n<li><a rel=\"noreferrer noopener\" href=\"https:\/\/www.ssaver.gob.mx\/adquisiciones\/wp-content\/uploads\/sites\/5\/2023\/05\/Acta-de-apertura-de-proposiciones-LPN-103T00000-014-2023_0001_compressed.pdf\" target=\"_blank\">Acta de apertura de proposiciones<\/a><\/li>\n\n\n\n<li><a rel=\"noreferrer noopener\" href=\"https:\/\/www.ssaver.gob.mx\/adquisiciones\/wp-content\/uploads\/sites\/5\/2023\/05\/Acta-del-diferimiento-de-la-evaluacion-tecnica-y-economica-y-emision-del-fallo_compressed.pdf\" target=\"_blank\">Acta del diferimiento de la evaluaci\u00f3n t\u00e9cnica y econ\u00f3mica y emisi\u00f3n del fallo<\/a><\/li>\n\n\n\n<li><a rel=\"noreferrer noopener\" href=\"https:\/\/www.ssaver.gob.mx\/adquisiciones\/wp-content\/uploads\/sites\/5\/2023\/06\/Dictamen-tecnico-economico-Acta-de-fallo-LPN-103T00000-014-2023_0001_compressed.pdf\" target=\"_blank\">Dictamen t\u00e9cnico-econ\u00f3mico (Acta de fallo)<\/a><\/li>\n\n\n\n<li><a rel=\"noreferrer noopener\" href=\"https:\/\/www.ssaver.gob.mx\/adquisiciones\/wp-content\/uploads\/sites\/5\/2023\/06\/Fe-de-Erratas-al-Acta-del-Resultado-de-la-Evaluacion-Tecnica-y-Economica-LPN-103T00000-014-2023.pdf\" target=\"_blank\">F\u00e9&nbsp; de&nbsp; Erratas&nbsp; al&nbsp; Acta&nbsp; del&nbsp; Resultado&nbsp; de&nbsp; la&nbsp; Evaluaci\u00f3n&nbsp; T\u00e9cnica&nbsp; y&nbsp; Econ\u00f3mica<\/a><\/li>\n\n\n\n<li>Contratos Nos. <a rel=\"noreferrer noopener\" href=\"https:\/\/www.ssaver.gob.mx\/adquisiciones\/wp-content\/uploads\/sites\/5\/2023\/07\/SESVER_DA_C-084_2023-AFECTADO-C.pdf\" target=\"_blank\">84<\/a>, <a rel=\"noreferrer noopener\" href=\"https:\/\/www.ssaver.gob.mx\/adquisiciones\/wp-content\/uploads\/sites\/5\/2023\/07\/SESVER_DA_C-085_2023-AFECTADO-C.pdf\" target=\"_blank\">85<\/a>, <a rel=\"noreferrer noopener\" href=\"https:\/\/www.ssaver.gob.mx\/adquisiciones\/wp-content\/uploads\/sites\/5\/2023\/07\/SESVER_DA_C-086_2023-AFECTADO-C.pdf\" target=\"_blank\">86<\/a>, <a rel=\"noreferrer noopener\" href=\"https:\/\/www.ssaver.gob.mx\/adquisiciones\/wp-content\/uploads\/sites\/5\/2023\/07\/SESVER_DA_C-087_2023-AFECTADO-C.pdf\" target=\"_blank\">87<\/a>, <a rel=\"noreferrer noopener\" href=\"https:\/\/www.ssaver.gob.mx\/adquisiciones\/wp-content\/uploads\/sites\/5\/2023\/07\/SESVER_DA_C-088_2023-AFECTADO-C.pdf\" target=\"_blank\">88<\/a>, <a rel=\"noreferrer noopener\" href=\"https:\/\/www.ssaver.gob.mx\/adquisiciones\/wp-content\/uploads\/sites\/5\/2023\/07\/SESVER_DA_C-089_2023-AFECTADO-C.pdf\" target=\"_blank\">89<\/a>, <a rel=\"noreferrer noopener\" href=\"https:\/\/www.ssaver.gob.mx\/adquisiciones\/wp-content\/uploads\/sites\/5\/2023\/07\/SESVER_DA_C-090_2023-AFECTADO-C.pdf\" target=\"_blank\">90<\/a>, <a href=\"https:\/\/www.ssaver.gob.mx\/adquisiciones\/wp-content\/uploads\/sites\/5\/2023\/07\/SESVER_DA_C-091_2023-AFECTADO-C.pdf\" target=\"_blank\" rel=\"noreferrer noopener\">91<\/a>, <a rel=\"noreferrer noopener\" href=\"https:\/\/www.ssaver.gob.mx\/adquisiciones\/wp-content\/uploads\/sites\/5\/2023\/07\/SESVER_DA_C-092_2023-AFECTADO-C.pdf\" target=\"_blank\">92<\/a>, <a rel=\"noreferrer noopener\" href=\"https:\/\/www.ssaver.gob.mx\/adquisiciones\/wp-content\/uploads\/sites\/5\/2023\/07\/SESVER_DA_C-093_2023-AFECTADO-C.pdf\" target=\"_blank\">93<\/a> y <a rel=\"noreferrer noopener\" href=\"https:\/\/www.ssaver.gob.mx\/adquisiciones\/wp-content\/uploads\/sites\/5\/2023\/07\/SESVER_DA_C-094_2023-AFECTADO-C.pdf\" target=\"_blank\">94<\/a> de 2023<\/li>\n\n\n\n<li>Pedidos Nos. <a href=\"https:\/\/www.ssaver.gob.mx\/adquisiciones\/wp-content\/uploads\/sites\/5\/2023\/07\/SESVER_DA_P-003_2023-AFECTADO-C.pdf\" target=\"_blank\" rel=\"noreferrer noopener\">3<\/a>, <a rel=\"noreferrer noopener\" href=\"https:\/\/www.ssaver.gob.mx\/adquisiciones\/wp-content\/uploads\/sites\/5\/2023\/07\/SESVER_DA_P-004_2023-AFECTADO-C.pdf\" target=\"_blank\">4<\/a> y <a rel=\"noreferrer noopener\" href=\"https:\/\/www.ssaver.gob.mx\/adquisiciones\/wp-content\/uploads\/sites\/5\/2023\/07\/SESVER_DA_P-006_2023-AFECTADO-C.pdf\" target=\"_blank\">6<\/a> de 2023.<\/li>\n<\/ul>\n<\/li>\n<\/ul>\n<\/div>\n","protected":false},"excerpt":{"rendered":"","protected":false},"author":6,"featured_media":0,"parent":4526,"menu_order":14,"comment_status":"closed","ping_status":"closed","template":"","meta":{"colormag_page_container_layout":"default_layout","colormag_page_sidebar_layout":"default_layout","footnotes":""},"class_list":["post-4986","page","type-page","status-publish","hentry"],"_links":{"self":[{"href":"https:\/\/www.ssaver.gob.mx\/adquisiciones\/wp-json\/wp\/v2\/pages\/4986","targetHints":{"allow":["GET"]}}],"collection":[{"href":"https:\/\/www.ssaver.gob.mx\/adquisiciones\/wp-json\/wp\/v2\/pages"}],"about":[{"href":"https:\/\/www.ssaver.gob.mx\/adquisiciones\/wp-json\/wp\/v2\/types\/page"}],"author":[{"embeddable":true,"href":"https:\/\/www.ssaver.gob.mx\/adquisiciones\/wp-json\/wp\/v2\/users\/6"}],"replies":[{"embeddable":true,"href":"https:\/\/www.ssaver.gob.mx\/adquisiciones\/wp-json\/wp\/v2\/comments?post=4986"}],"version-history":[{"count":47,"href":"https:\/\/www.ssaver.gob.mx\/adquisiciones\/wp-json\/wp\/v2\/pages\/4986\/revisions"}],"predecessor-version":[{"id":12200,"href":"https:\/\/www.ssaver.gob.mx\/adquisiciones\/wp-json\/wp\/v2\/pages\/4986\/revisions\/12200"}],"up":[{"embeddable":true,"href":"https:\/\/www.ssaver.gob.mx\/adquisiciones\/wp-json\/wp\/v2\/pages\/4526"}],"wp:attachment":[{"href":"https:\/\/www.ssaver.gob.mx\/adquisiciones\/wp-json\/wp\/v2\/media?parent=4986"}],"curies":[{"name":"wp","href":"https:\/\/api.w.org\/{rel}","templated":true}]}}