{"id":5314,"date":"2023-05-24T19:35:35","date_gmt":"2023-05-25T00:35:35","guid":{"rendered":"https:\/\/www.ssaver.gob.mx\/adquisiciones\/?page_id=5314"},"modified":"2026-03-31T10:40:49","modified_gmt":"2026-03-31T16:40:49","slug":"licitacion-simplificada-ls-103t00000-008-2023","status":"publish","type":"page","link":"https:\/\/www.ssaver.gob.mx\/adquisiciones\/licitaciones-2023\/licitaciones-simplificadas-2023\/licitaciones-simplificadas-2023-001-020\/licitacion-simplificada-ls-103t00000-008-2023\/","title":{"rendered":"Licitaci\u00f3n Simplificada LS-103T00000-008-2023"},"content":{"rendered":"\n<div class=\"wp-block-group is-layout-constrained wp-container-core-group-is-layout-9517baca wp-block-group-is-layout-constrained\">\n<hr class=\"wp-block-separator has-text-color has-alpha-channel-opacity has-background is-style-wide\" style=\"background-color:#d8bf31;color:#d8bf31\" \/>\n\n\n\n<ul style=\"color:#5b4c0d;background-color:#fff4e0\" class=\"wp-block-list has-text-color has-background has-medium-font-size\">\n<li><strong>Relativa&nbsp; a&nbsp; la Adquisici\u00f3n&nbsp; de&nbsp; Materiales&nbsp; para&nbsp; el&nbsp; Mantenimiento&nbsp; de Unidades&nbsp; M\u00e9dicas&nbsp; propuestas&nbsp; para&nbsp; el&nbsp; Proceso&nbsp; de Acreditaci\u00f3n&nbsp; de Primer&nbsp; y&nbsp; Segundo&nbsp; Nivel&nbsp; 2023.<\/strong>\n<ul class=\"wp-block-list\">\n<li><a href=\"https:\/\/www.ssaver.gob.mx\/adquisiciones\/wp-content\/uploads\/sites\/5\/2023\/05\/Oficios-de-invitacion-LS-103T00000-008-2023_0001_compressed.pdf\" target=\"_blank\" rel=\"noreferrer noopener\">Oficios de Invitaci\u00f3n<\/a><\/li>\n\n\n\n<li><a href=\"https:\/\/www.ssaver.gob.mx\/adquisiciones\/wp-content\/uploads\/sites\/5\/2023\/05\/BASES-Y-ANEXOS-LS-103T00000-008-2023_compressed.pdf\" target=\"_blank\" rel=\"noreferrer noopener\">Bases y Anexos<\/a><\/li>\n\n\n\n<li><a rel=\"noreferrer noopener\" href=\"https:\/\/www.ssaver.gob.mx\/adquisiciones\/wp-content\/uploads\/sites\/5\/2023\/05\/Acta-de-apertura-de-proposiciones-LS-103T00000-008-2023_0001_compressed.pdf\" target=\"_blank\">Acta de apertura de proposiciones<\/a><\/li>\n\n\n\n<li><a rel=\"noreferrer noopener\" href=\"https:\/\/www.ssaver.gob.mx\/adquisiciones\/wp-content\/uploads\/sites\/5\/2023\/05\/FICHAS-TECNICAS-LS-103T00000-008-2023_compressed.pdf\" target=\"_blank\">Fichas t\u00e9cnicas<\/a><\/li>\n\n\n\n<li><a rel=\"noreferrer noopener\" href=\"https:\/\/www.ssaver.gob.mx\/adquisiciones\/wp-content\/uploads\/sites\/5\/2023\/05\/Dictramen-tecnico-economico-Acta-de-fallo-LS-103T00000-008-2023_0001_compressed.pdf\" target=\"_blank\">Dictamen t\u00e9cnico-econ\u00f3mico (Acta de fallo)<\/a><\/li>\n\n\n\n<li><a href=\"https:\/\/www.ssaver.gob.mx\/adquisiciones\/wp-content\/uploads\/sites\/5\/2023\/06\/Notificacion-de-fallo-LS-103T00000-008-2023_0001_compressed.pdf\" target=\"_blank\" rel=\"noreferrer noopener\">Notificaci\u00f3n de fallo<\/a><\/li>\n\n\n\n<li><a rel=\"noreferrer noopener\" href=\"https:\/\/www.ssaver.gob.mx\/adquisiciones\/wp-content\/uploads\/sites\/5\/2023\/06\/SESVER_DA_C-077_2023-AFECTADO-C.pdf\" target=\"_blank\">Contrato No. 77  de 2023<\/a><\/li>\n\n\n\n<li><a href=\"https:\/\/www.ssaver.gob.mx\/adquisiciones\/wp-content\/uploads\/sites\/5\/2023\/09\/C.ADE-007_2023-AL-C-077_2023-J-C.pdf\" target=\"_blank\" rel=\"noreferrer noopener\">Adendum No. 007 de 2023 al contrato<\/a>.<\/li>\n<\/ul>\n<\/li>\n<\/ul>\n<\/div>\n","protected":false},"excerpt":{"rendered":"","protected":false},"author":6,"featured_media":0,"parent":4778,"menu_order":8,"comment_status":"closed","ping_status":"closed","template":"","meta":{"colormag_page_container_layout":"default_layout","colormag_page_sidebar_layout":"default_layout","footnotes":""},"class_list":["post-5314","page","type-page","status-publish","hentry"],"_links":{"self":[{"href":"https:\/\/www.ssaver.gob.mx\/adquisiciones\/wp-json\/wp\/v2\/pages\/5314","targetHints":{"allow":["GET"]}}],"collection":[{"href":"https:\/\/www.ssaver.gob.mx\/adquisiciones\/wp-json\/wp\/v2\/pages"}],"about":[{"href":"https:\/\/www.ssaver.gob.mx\/adquisiciones\/wp-json\/wp\/v2\/types\/page"}],"author":[{"embeddable":true,"href":"https:\/\/www.ssaver.gob.mx\/adquisiciones\/wp-json\/wp\/v2\/users\/6"}],"replies":[{"embeddable":true,"href":"https:\/\/www.ssaver.gob.mx\/adquisiciones\/wp-json\/wp\/v2\/comments?post=5314"}],"version-history":[{"count":11,"href":"https:\/\/www.ssaver.gob.mx\/adquisiciones\/wp-json\/wp\/v2\/pages\/5314\/revisions"}],"predecessor-version":[{"id":11896,"href":"https:\/\/www.ssaver.gob.mx\/adquisiciones\/wp-json\/wp\/v2\/pages\/5314\/revisions\/11896"}],"up":[{"embeddable":true,"href":"https:\/\/www.ssaver.gob.mx\/adquisiciones\/wp-json\/wp\/v2\/pages\/4778"}],"wp:attachment":[{"href":"https:\/\/www.ssaver.gob.mx\/adquisiciones\/wp-json\/wp\/v2\/media?parent=5314"}],"curies":[{"name":"wp","href":"https:\/\/api.w.org\/{rel}","templated":true}]}}