{"id":532,"date":"2022-06-16T18:23:46","date_gmt":"2022-06-16T23:23:46","guid":{"rendered":"https:\/\/www.ssaver.gob.mx\/adquisiciones\/?page_id=532"},"modified":"2026-03-27T12:36:12","modified_gmt":"2026-03-27T18:36:12","slug":"licitacion-publica-nacional-lpn-103t00000-013-2022","status":"publish","type":"page","link":"https:\/\/www.ssaver.gob.mx\/adquisiciones\/licitaciones-2022\/licitaciones-publicas-nacionales-2022\/licitacion-publica-nacional-lpn-103t00000-013-2022\/","title":{"rendered":"Licitaci\u00f3n P\u00fablica Nacional LPN-103T00000-013-2022"},"content":{"rendered":"\n<div class=\"wp-block-group is-layout-constrained wp-container-core-group-is-layout-9517baca wp-block-group-is-layout-constrained\">\n<hr class=\"wp-block-separator has-text-color has-alpha-channel-opacity has-background is-style-wide\" style=\"background-color:#d8bf31;color:#d8bf31\" \/>\n\n\n\n<ul style=\"color:#5b4c0d;background-color:#fff4e0\" class=\"wp-block-list has-text-color has-background has-medium-font-size\">\n<li><strong>Relativa a la Adquisici\u00f3n, Instalaci\u00f3n, Puesta en Marcha y Capacitaci\u00f3n al Personal Usuario de Equipamiento para el Hospital General de Perote perteneciente a SESVER, Segunda Convocatoria<\/strong>\n<ul class=\"wp-block-list\">\n<li><a href=\"https:\/\/www.ssaver.gob.mx\/adquisiciones\/wp-content\/uploads\/sites\/5\/2022\/06\/CONVOCATORIA-13-2022_0001.pdf\" target=\"_blank\" rel=\"noreferrer noopener\">Convocatoria<\/a><\/li>\n\n\n\n<li><a href=\"https:\/\/www.ssaver.gob.mx\/adquisiciones\/wp-content\/uploads\/sites\/5\/2022\/06\/Bases-de-Participacion-y-Anexos-LPN-103T00000-013-2022.pdf\" target=\"_blank\" rel=\"noreferrer noopener\">Bases y Anexos<\/a><\/li>\n\n\n\n<li><a href=\"https:\/\/www.ssaver.gob.mx\/adquisiciones\/wp-content\/uploads\/sites\/5\/2022\/06\/Acta-de-junta-de-aclaraciones-LPN-103T00000-013-2022.pdf\" target=\"_blank\" rel=\"noreferrer noopener\">Acta de Junta de Aclaraciones<\/a><\/li>\n\n\n\n<li><a href=\"https:\/\/www.ssaver.gob.mx\/adquisiciones\/wp-content\/uploads\/sites\/5\/2022\/06\/Acta-de-Apertura-de-Propuestas-LPN-103T00000-013-2022.pdf\" target=\"_blank\" rel=\"noreferrer noopener\">Acta de Apertura de Propuestas<\/a><\/li>\n\n\n\n<li><a href=\"https:\/\/www.ssaver.gob.mx\/adquisiciones\/wp-content\/uploads\/sites\/5\/2022\/06\/Dictamen-Tecnico-Economico-Acta-de-Fallo-LPN-103T00000-013-2022.pdf\" target=\"_blank\" rel=\"noreferrer noopener\">Dictamen T\u00e9cnico Econ\u00f3mico (Acta de Fallo)<\/a><\/li>\n\n\n\n<li><a href=\"https:\/\/www.ssaver.gob.mx\/adquisiciones\/wp-content\/uploads\/sites\/5\/2022\/06\/Notificacion-de-Fallo-LPN-103T00000-013-2022.pdf\" target=\"_blank\" rel=\"noreferrer noopener\">Notificaci\u00f3n de Fallo<\/a><\/li>\n\n\n\n<li>Contratos No.\u00a0<a href=\"https:\/\/www.ssaver.gob.mx\/adquisiciones\/wp-content\/uploads\/sites\/5\/2022\/07\/SESVER_DA_C-124_2022-AFECTADO-C.pdf\" target=\"_blank\" rel=\"noreferrer noopener\">124<\/a>,\u00a0<a href=\"https:\/\/www.ssaver.gob.mx\/adquisiciones\/wp-content\/uploads\/sites\/5\/2022\/07\/SESVER_DA_C-125_2022-AFECTADO-C.pdf\" target=\"_blank\" rel=\"noreferrer noopener\">125<\/a>,\u00a0<a href=\"https:\/\/www.ssaver.gob.mx\/adquisiciones\/wp-content\/uploads\/sites\/5\/2022\/07\/SESVER_DA_C-126_2022-AFECTADO-C.pdf\" target=\"_blank\" rel=\"noreferrer noopener\">126<\/a>,\u00a0<a href=\"https:\/\/www.ssaver.gob.mx\/adquisiciones\/wp-content\/uploads\/sites\/5\/2022\/07\/SESVER_DA_C-127_2022-AFECTADO-C.pdf\" target=\"_blank\" rel=\"noreferrer noopener\">127<\/a>,\u00a0<a href=\"https:\/\/www.ssaver.gob.mx\/adquisiciones\/wp-content\/uploads\/sites\/5\/2022\/07\/SESVER_DA_C-128_2022-AFECTADO-C.pdf\" target=\"_blank\" rel=\"noreferrer noopener\">128<\/a>,\u00a0<a href=\"https:\/\/www.ssaver.gob.mx\/adquisiciones\/wp-content\/uploads\/sites\/5\/2022\/07\/SESVER_DA_C-129_2022-AFECTADO-C.pdf\" target=\"_blank\" rel=\"noreferrer noopener\">129<\/a>,\u00a0<a href=\"https:\/\/www.ssaver.gob.mx\/adquisiciones\/wp-content\/uploads\/sites\/5\/2022\/07\/SESVER_DA_C-130_2022-AFECTADO-C-1.pdf\" target=\"_blank\" rel=\"noreferrer noopener\">130<\/a>,\u00a0<a href=\"https:\/\/www.ssaver.gob.mx\/adquisiciones\/wp-content\/uploads\/sites\/5\/2022\/07\/SESVER_DA_C-131_2022-AFECTADO-C.pdf\" target=\"_blank\" rel=\"noreferrer noopener\">131<\/a>\u00a0y\u00a0<a href=\"https:\/\/www.ssaver.gob.mx\/adquisiciones\/wp-content\/uploads\/sites\/5\/2022\/07\/SESVER_DA_C-132_2022-AFECTADO-C-1.pdf\" target=\"_blank\" rel=\"noreferrer noopener\">132<\/a>\u00a0de 2022<\/li>\n\n\n\n<li>Pedidos No.\u00a0<a href=\"https:\/\/www.ssaver.gob.mx\/adquisiciones\/wp-content\/uploads\/sites\/5\/2022\/07\/SESVER_DA_P-009_2022-AFECTADO-P.pdf\" target=\"_blank\" rel=\"noreferrer noopener\">009<\/a>\u00a0de 2022<\/li>\n<\/ul>\n<\/li>\n<\/ul>\n<\/div>\n","protected":false},"excerpt":{"rendered":"","protected":false},"author":2,"featured_media":0,"parent":441,"menu_order":0,"comment_status":"closed","ping_status":"closed","template":"","meta":{"colormag_page_container_layout":"default_layout","colormag_page_sidebar_layout":"default_layout","footnotes":""},"class_list":["post-532","page","type-page","status-publish","hentry"],"_links":{"self":[{"href":"https:\/\/www.ssaver.gob.mx\/adquisiciones\/wp-json\/wp\/v2\/pages\/532","targetHints":{"allow":["GET"]}}],"collection":[{"href":"https:\/\/www.ssaver.gob.mx\/adquisiciones\/wp-json\/wp\/v2\/pages"}],"about":[{"href":"https:\/\/www.ssaver.gob.mx\/adquisiciones\/wp-json\/wp\/v2\/types\/page"}],"author":[{"embeddable":true,"href":"https:\/\/www.ssaver.gob.mx\/adquisiciones\/wp-json\/wp\/v2\/users\/2"}],"replies":[{"embeddable":true,"href":"https:\/\/www.ssaver.gob.mx\/adquisiciones\/wp-json\/wp\/v2\/comments?post=532"}],"version-history":[{"count":26,"href":"https:\/\/www.ssaver.gob.mx\/adquisiciones\/wp-json\/wp\/v2\/pages\/532\/revisions"}],"predecessor-version":[{"id":11784,"href":"https:\/\/www.ssaver.gob.mx\/adquisiciones\/wp-json\/wp\/v2\/pages\/532\/revisions\/11784"}],"up":[{"embeddable":true,"href":"https:\/\/www.ssaver.gob.mx\/adquisiciones\/wp-json\/wp\/v2\/pages\/441"}],"wp:attachment":[{"href":"https:\/\/www.ssaver.gob.mx\/adquisiciones\/wp-json\/wp\/v2\/media?parent=532"}],"curies":[{"name":"wp","href":"https:\/\/api.w.org\/{rel}","templated":true}]}}