{"id":5361,"date":"2023-05-26T20:54:03","date_gmt":"2023-05-27T01:54:03","guid":{"rendered":"https:\/\/www.ssaver.gob.mx\/adquisiciones\/?page_id=5361"},"modified":"2026-03-31T10:41:50","modified_gmt":"2026-03-31T16:41:50","slug":"licitacion-simplificada-ls-103t00000-010-2023","status":"publish","type":"page","link":"https:\/\/www.ssaver.gob.mx\/adquisiciones\/licitaciones-2023\/licitaciones-simplificadas-2023\/licitaciones-simplificadas-2023-001-020\/licitacion-simplificada-ls-103t00000-010-2023\/","title":{"rendered":"Licitaci\u00f3n Simplificada LS-103T00000-010-2023"},"content":{"rendered":"\n<div class=\"wp-block-group is-layout-constrained wp-container-core-group-is-layout-9517baca wp-block-group-is-layout-constrained\">\n<hr class=\"wp-block-separator has-text-color has-alpha-channel-opacity has-background is-style-wide\" style=\"background-color:#d8bf31;color:#d8bf31\" \/>\n\n\n\n<ul style=\"color:#5b4c0d;background-color:#fff4e0\" class=\"wp-block-list has-text-color has-background has-medium-font-size\">\n<li><strong>Relativa&nbsp; a&nbsp; la&nbsp; Adquisici\u00f3n&nbsp; de&nbsp; Insumos&nbsp; para&nbsp; la Campa\u00f1a&nbsp; del&nbsp; D\u00eda&nbsp; Mundial&nbsp; de&nbsp; Higiene&nbsp; de&nbsp; Manos 2023,&nbsp; de&nbsp; la&nbsp; Coordinaci\u00f3n&nbsp; de&nbsp; Calidad&nbsp; en&nbsp; Salud de Servicios&nbsp; de Salud&nbsp; de Veracruz<\/strong>\n<ul class=\"wp-block-list\">\n<li><a href=\"https:\/\/www.ssaver.gob.mx\/adquisiciones\/wp-content\/uploads\/sites\/5\/2023\/05\/Oficios-de-invitacion-LS-103T00000-010-2023_0001_compressed-1.pdf\" target=\"_blank\" rel=\"noreferrer noopener\">Oficios de Invitaci\u00f3n<\/a><\/li>\n\n\n\n<li><a href=\"https:\/\/www.ssaver.gob.mx\/adquisiciones\/wp-content\/uploads\/sites\/5\/2023\/05\/BASES-Y-ANEXOS-LS-103T00000-010-2023_0001_compressed.pdf\" target=\"_blank\" rel=\"noreferrer noopener\">Bases y Anexos<\/a><\/li>\n\n\n\n<li><a rel=\"noreferrer noopener\" href=\"https:\/\/www.ssaver.gob.mx\/adquisiciones\/wp-content\/uploads\/sites\/5\/2023\/05\/Acta-de-apertura-de-proposiciones-LS-103T00000-010-2023_0001_compressed.pdf\" target=\"_blank\">Acta de apertura de proposiciones<\/a><\/li>\n\n\n\n<li><a rel=\"noreferrer noopener\" href=\"https:\/\/www.ssaver.gob.mx\/adquisiciones\/wp-content\/uploads\/sites\/5\/2023\/05\/Dictamen-tecnico-economico-Acta-de-fallo-LS-103T00000-010-2023_0001_compressed.pdf\" target=\"_blank\">Dictamen t\u00e9cnico &#8211; econ\u00f3mico (Acta de fallo)<\/a><\/li>\n\n\n\n<li><a rel=\"noreferrer noopener\" href=\"https:\/\/www.ssaver.gob.mx\/adquisiciones\/wp-content\/uploads\/sites\/5\/2023\/06\/NOTIFICACION-DE-FALLO-LS-103T00000-010-2023_0001_compressed.pdf\" target=\"_blank\">Notificaci\u00f3n de fallo<\/a><\/li>\n\n\n\n<li><a rel=\"noreferrer noopener\" href=\"https:\/\/www.ssaver.gob.mx\/adquisiciones\/wp-content\/uploads\/sites\/5\/2023\/06\/SESVER_DA_C-080_2023-AFECTADO-C.pdf\" target=\"_blank\">Contrato No. 80 de 2023<\/a><\/li>\n<\/ul>\n<\/li>\n<\/ul>\n<\/div>\n","protected":false},"excerpt":{"rendered":"","protected":false},"author":6,"featured_media":0,"parent":4778,"menu_order":10,"comment_status":"closed","ping_status":"closed","template":"","meta":{"colormag_page_container_layout":"default_layout","colormag_page_sidebar_layout":"default_layout","footnotes":""},"class_list":["post-5361","page","type-page","status-publish","hentry"],"_links":{"self":[{"href":"https:\/\/www.ssaver.gob.mx\/adquisiciones\/wp-json\/wp\/v2\/pages\/5361","targetHints":{"allow":["GET"]}}],"collection":[{"href":"https:\/\/www.ssaver.gob.mx\/adquisiciones\/wp-json\/wp\/v2\/pages"}],"about":[{"href":"https:\/\/www.ssaver.gob.mx\/adquisiciones\/wp-json\/wp\/v2\/types\/page"}],"author":[{"embeddable":true,"href":"https:\/\/www.ssaver.gob.mx\/adquisiciones\/wp-json\/wp\/v2\/users\/6"}],"replies":[{"embeddable":true,"href":"https:\/\/www.ssaver.gob.mx\/adquisiciones\/wp-json\/wp\/v2\/comments?post=5361"}],"version-history":[{"count":9,"href":"https:\/\/www.ssaver.gob.mx\/adquisiciones\/wp-json\/wp\/v2\/pages\/5361\/revisions"}],"predecessor-version":[{"id":11898,"href":"https:\/\/www.ssaver.gob.mx\/adquisiciones\/wp-json\/wp\/v2\/pages\/5361\/revisions\/11898"}],"up":[{"embeddable":true,"href":"https:\/\/www.ssaver.gob.mx\/adquisiciones\/wp-json\/wp\/v2\/pages\/4778"}],"wp:attachment":[{"href":"https:\/\/www.ssaver.gob.mx\/adquisiciones\/wp-json\/wp\/v2\/media?parent=5361"}],"curies":[{"name":"wp","href":"https:\/\/api.w.org\/{rel}","templated":true}]}}