{"id":5652,"date":"2023-06-30T10:47:51","date_gmt":"2023-06-30T15:47:51","guid":{"rendered":"https:\/\/www.ssaver.gob.mx\/adquisiciones\/?page_id=5652"},"modified":"2026-04-01T11:04:56","modified_gmt":"2026-04-01T17:04:56","slug":"licitacion-publica-nacional-lpn-103t00000-017-2023","status":"publish","type":"page","link":"https:\/\/www.ssaver.gob.mx\/adquisiciones\/licitaciones-2023\/licitaciones-publicas-nacionales-2023\/licitacion-publica-nacional-lpn-103t00000-017-2023\/","title":{"rendered":"Licitaci\u00f3n P\u00fablica Nacional LPN-103T00000-017-2023"},"content":{"rendered":"\n<div class=\"wp-block-group is-layout-constrained wp-container-core-group-is-layout-9517baca wp-block-group-is-layout-constrained\">\n<hr class=\"wp-block-separator has-text-color has-alpha-channel-opacity has-background is-style-wide\" style=\"background-color:#d8bf31;color:#d8bf31\" \/>\n\n\n\n<ul style=\"color:#5b4c0d;background-color:#fff4e0\" class=\"wp-block-list has-text-color has-background\">\n<li><strong>Relativa&nbsp; a&nbsp; la&nbsp; Adquisici\u00f3n&nbsp; de&nbsp; Equipo&nbsp; de Administraci\u00f3n,&nbsp; M\u00e9dico&nbsp; y&nbsp; de Laboratorio&nbsp; e Instrumental&nbsp; para&nbsp; Unidades&nbsp; M\u00e9dicas&nbsp; de Segundo&nbsp; Nivel&nbsp; de atenci\u00f3n,&nbsp; pertenecientes&nbsp; a Servicios&nbsp; de Salud&nbsp; de Veracruz,&nbsp; con&nbsp; recurso FISE2023.<\/strong>\n<ul class=\"wp-block-list\">\n<li><a href=\"https:\/\/www.ssaver.gob.mx\/adquisiciones\/wp-content\/uploads\/sites\/5\/2023\/06\/CONVOCATORIA-No.-17.pdf\" target=\"_blank\" rel=\"noreferrer noopener\">Convocatoria<\/a><\/li>\n\n\n\n<li><a href=\"https:\/\/www.ssaver.gob.mx\/adquisiciones\/wp-content\/uploads\/sites\/5\/2023\/06\/BASES-Y-ANEXOS-LPN-103T00000-017-2023_compressed.pdf\" target=\"_blank\" rel=\"noreferrer noopener\">Bases y Anexos<\/a><\/li>\n\n\n\n<li><a rel=\"noreferrer noopener\" href=\"https:\/\/www.ssaver.gob.mx\/adquisiciones\/wp-content\/uploads\/sites\/5\/2023\/06\/FICHAS-TECNICAS-LPN-103T00000-017-2023_compressed.pdf\" target=\"_blank\">Fichas T\u00e9cnicas<\/a><\/li>\n\n\n\n<li><a rel=\"noreferrer noopener\" href=\"https:\/\/www.ssaver.gob.mx\/adquisiciones\/wp-content\/uploads\/sites\/5\/2023\/07\/Acta-de-junta-de-aclaraciones-LPN-103T00000-017-2023_compressed.pdf\" target=\"_blank\">Acta de junta de aclaraciones<\/a><\/li>\n\n\n\n<li><a rel=\"noreferrer noopener\" href=\"https:\/\/www.ssaver.gob.mx\/adquisiciones\/wp-content\/uploads\/sites\/5\/2023\/07\/Acta-de-apertura-de-proposiciones-LPN-103T00000-017-2023_0001_compressed.pdf\" target=\"_blank\">Acta de apertura de proposiciones<\/a><\/li>\n\n\n\n<li><a rel=\"noreferrer noopener\" href=\"https:\/\/www.ssaver.gob.mx\/adquisiciones\/wp-content\/uploads\/sites\/5\/2023\/08\/Acta-del-diferimiento-de-la-evaluacion-tecnica-y-economica-del-fallo-LPN-103T00000-017-2023.pdf\" target=\"_blank\">Acta del diferimiento de la evaluaci\u00f3n t\u00e9cnica y econ\u00f3mica del fallo <\/a><\/li>\n\n\n\n<li><a rel=\"noreferrer noopener\" href=\"https:\/\/www.ssaver.gob.mx\/adquisiciones\/wp-content\/uploads\/sites\/5\/2023\/08\/Dictamen-tecnico-economico-Acta-de-fallo-LPN-103T00000-017-2023_0001_compressed.pdf\" target=\"_blank\">Dictamen t\u00e9cnico-econ\u00f3mico (Acta de fallo)<\/a><\/li>\n\n\n\n<li><a rel=\"noreferrer noopener\" href=\"https:\/\/www.ssaver.gob.mx\/adquisiciones\/wp-content\/uploads\/sites\/5\/2023\/09\/Notificacion-de-fallo-LPN-103T00000-017-2023_0001_compressed.pdf\" target=\"_blank\">Notificaci\u00f3n de fallo<\/a><\/li>\n\n\n\n<li>Contratos Nos. <a href=\"https:\/\/www.ssaver.gob.mx\/adquisiciones\/wp-content\/uploads\/sites\/5\/2023\/09\/SESVER_DA_C-139_2023-AFECTADO-C.pdf\" target=\"_blank\" rel=\"noreferrer noopener\">139<\/a>, <a href=\"https:\/\/www.ssaver.gob.mx\/adquisiciones\/wp-content\/uploads\/sites\/5\/2024\/01\/SESVER_DA_C-140_2023-AFECTADO-C.pdf\" target=\"_blank\" rel=\"noreferrer noopener\">140<\/a>, <a href=\"https:\/\/www.ssaver.gob.mx\/adquisiciones\/wp-content\/uploads\/sites\/5\/2024\/01\/SESVER_DA_C-141_2023-AFECTADO-C.pdf\" target=\"_blank\" rel=\"noreferrer noopener\">141<\/a>, <a href=\"https:\/\/www.ssaver.gob.mx\/adquisiciones\/wp-content\/uploads\/sites\/5\/2023\/09\/SESVER_DA_C-142_2023-AFECTADO-C.pdf\" target=\"_blank\" rel=\"noreferrer noopener\">142<\/a>, <a href=\"https:\/\/www.ssaver.gob.mx\/adquisiciones\/wp-content\/uploads\/sites\/5\/2023\/09\/SESVER_DA_C-143_2023-AFECTADO-C.pdf\" target=\"_blank\" rel=\"noreferrer noopener\">143<\/a>, <a href=\"https:\/\/www.ssaver.gob.mx\/adquisiciones\/wp-content\/uploads\/sites\/5\/2023\/09\/SESVER_DA_C-144_2023-AFECTADO-C.pdf\" target=\"_blank\" rel=\"noreferrer noopener\">144<\/a>, <a href=\"https:\/\/www.ssaver.gob.mx\/adquisiciones\/wp-content\/uploads\/sites\/5\/2024\/01\/SESVER_DA_C-145_2023-AFECTADO-C.pdf\" target=\"_blank\" rel=\"noreferrer noopener\">145<\/a>, <a href=\"https:\/\/www.ssaver.gob.mx\/adquisiciones\/wp-content\/uploads\/sites\/5\/2023\/09\/SESVER_DA_C-146_2023-AFECTADO-C.pdf\" target=\"_blank\" rel=\"noreferrer noopener\">146<\/a>, <a href=\"https:\/\/www.ssaver.gob.mx\/adquisiciones\/wp-content\/uploads\/sites\/5\/2024\/01\/SESVER_DA_C-147_2023-AFECTADO-C.pdf\" target=\"_blank\" rel=\"noreferrer noopener\">147<\/a>, <a href=\"https:\/\/www.ssaver.gob.mx\/adquisiciones\/wp-content\/uploads\/sites\/5\/2024\/01\/SESVER_DA_C-148_2023-AFECTADO-C.pdf\" target=\"_blank\" rel=\"noreferrer noopener\">148<\/a>, <a href=\"https:\/\/www.ssaver.gob.mx\/adquisiciones\/wp-content\/uploads\/sites\/5\/2023\/09\/SESVER_DA_C-149_2023-AFECTADO-C.pdf\" target=\"_blank\" rel=\"noreferrer noopener\">149<\/a>, <a href=\"https:\/\/www.ssaver.gob.mx\/adquisiciones\/wp-content\/uploads\/sites\/5\/2023\/09\/SESVER_DA_C-150_2023-AFECTADO-C.pdf\" target=\"_blank\" rel=\"noreferrer noopener\">150<\/a>, <a href=\"https:\/\/www.ssaver.gob.mx\/adquisiciones\/wp-content\/uploads\/sites\/5\/2024\/01\/SESVER_DA_C-151_2023-AFECTADO-C.pdf\" target=\"_blank\" rel=\"noreferrer noopener\">151<\/a>, <a href=\"https:\/\/www.ssaver.gob.mx\/adquisiciones\/wp-content\/uploads\/sites\/5\/2023\/09\/SESVER_DA_C-152_2023-AFECTADO-C.pdf\" target=\"_blank\" rel=\"noreferrer noopener\">152<\/a>, <a href=\"https:\/\/www.ssaver.gob.mx\/adquisiciones\/wp-content\/uploads\/sites\/5\/2023\/09\/SESVER_DA_C-153_2023-AFECTADO-C.pdf\" target=\"_blank\" rel=\"noreferrer noopener\">153<\/a> y <a href=\"https:\/\/www.ssaver.gob.mx\/adquisiciones\/wp-content\/uploads\/sites\/5\/2023\/09\/SESVER_DA_C-154_2023-AFECTADO-C.pdf\" target=\"_blank\" rel=\"noreferrer noopener\">154<\/a>  de 2023<\/li>\n\n\n\n<li>Pedidos Nos. <a href=\"https:\/\/www.ssaver.gob.mx\/adquisiciones\/wp-content\/uploads\/sites\/5\/2024\/01\/SESVER_DA_P-008_2023-AFECTADO-C.pdf\" target=\"_blank\" rel=\"noreferrer noopener\">008<\/a>, <a href=\"https:\/\/www.ssaver.gob.mx\/adquisiciones\/wp-content\/uploads\/sites\/5\/2024\/01\/SESVER_DA_P-009_2023-AFECTADO-C.pdf\" target=\"_blank\" rel=\"noreferrer noopener\">009<\/a>, <a href=\"https:\/\/www.ssaver.gob.mx\/adquisiciones\/wp-content\/uploads\/sites\/5\/2024\/01\/SESVER_DA_P-010_2023-AFECTADO-C.pdf\" target=\"_blank\" rel=\"noreferrer noopener\">010<\/a>, <a href=\"https:\/\/www.ssaver.gob.mx\/adquisiciones\/wp-content\/uploads\/sites\/5\/2024\/01\/SESVER_DA_P-011_2023-AFECTADO-C.pdf\" target=\"_blank\" rel=\"noreferrer noopener\">011<\/a> de 2023<\/li>\n<\/ul>\n<\/li>\n<\/ul>\n<\/div>\n","protected":false},"excerpt":{"rendered":"","protected":false},"author":6,"featured_media":0,"parent":4526,"menu_order":17,"comment_status":"closed","ping_status":"closed","template":"","meta":{"colormag_page_container_layout":"default_layout","colormag_page_sidebar_layout":"default_layout","footnotes":""},"class_list":["post-5652","page","type-page","status-publish","hentry"],"_links":{"self":[{"href":"https:\/\/www.ssaver.gob.mx\/adquisiciones\/wp-json\/wp\/v2\/pages\/5652","targetHints":{"allow":["GET"]}}],"collection":[{"href":"https:\/\/www.ssaver.gob.mx\/adquisiciones\/wp-json\/wp\/v2\/pages"}],"about":[{"href":"https:\/\/www.ssaver.gob.mx\/adquisiciones\/wp-json\/wp\/v2\/types\/page"}],"author":[{"embeddable":true,"href":"https:\/\/www.ssaver.gob.mx\/adquisiciones\/wp-json\/wp\/v2\/users\/6"}],"replies":[{"embeddable":true,"href":"https:\/\/www.ssaver.gob.mx\/adquisiciones\/wp-json\/wp\/v2\/comments?post=5652"}],"version-history":[{"count":25,"href":"https:\/\/www.ssaver.gob.mx\/adquisiciones\/wp-json\/wp\/v2\/pages\/5652\/revisions"}],"predecessor-version":[{"id":12203,"href":"https:\/\/www.ssaver.gob.mx\/adquisiciones\/wp-json\/wp\/v2\/pages\/5652\/revisions\/12203"}],"up":[{"embeddable":true,"href":"https:\/\/www.ssaver.gob.mx\/adquisiciones\/wp-json\/wp\/v2\/pages\/4526"}],"wp:attachment":[{"href":"https:\/\/www.ssaver.gob.mx\/adquisiciones\/wp-json\/wp\/v2\/media?parent=5652"}],"curies":[{"name":"wp","href":"https:\/\/api.w.org\/{rel}","templated":true}]}}