{"id":5668,"date":"2023-07-05T11:25:18","date_gmt":"2023-07-05T16:25:18","guid":{"rendered":"https:\/\/www.ssaver.gob.mx\/adquisiciones\/?page_id=5668"},"modified":"2026-04-01T11:05:49","modified_gmt":"2026-04-01T17:05:49","slug":"licitacion-publica-nacional-lpn-103t00000-019-2023","status":"publish","type":"page","link":"https:\/\/www.ssaver.gob.mx\/adquisiciones\/licitaciones-2023\/licitaciones-publicas-nacionales-2023\/licitacion-publica-nacional-lpn-103t00000-019-2023\/","title":{"rendered":"Licitaci\u00f3n P\u00fablica Nacional LPN-103T00000-019-2023"},"content":{"rendered":"\n<div class=\"wp-block-group is-layout-constrained wp-container-core-group-is-layout-9517baca wp-block-group-is-layout-constrained\">\n<hr class=\"wp-block-separator has-text-color has-alpha-channel-opacity has-background is-style-wide\" style=\"background-color:#d8bf31;color:#d8bf31\" \/>\n\n\n\n<ul style=\"color:#5b4c0d;background-color:#fff4e0\" class=\"wp-block-list has-text-color has-background\">\n<li><strong><strong>Relativa a la Contrataci\u00f3n Abierta del Servicio de Suministro de Insumos de Laboratorio de Patolog\u00eda y Gen\u00e9tica para diversas Unidades Hospitalarias pertenecientes a Servicios de Salud de Veracruz<\/strong>.<\/strong>\n<ul class=\"wp-block-list\">\n<li><a href=\"https:\/\/www.ssaver.gob.mx\/adquisiciones\/wp-content\/uploads\/sites\/5\/2023\/07\/CONVOCATORIA-No.-19.pdf\" target=\"_blank\" rel=\"noreferrer noopener\">Convocatoria<\/a><\/li>\n\n\n\n<li><a rel=\"noreferrer noopener\" href=\"https:\/\/www.ssaver.gob.mx\/adquisiciones\/wp-content\/uploads\/sites\/5\/2023\/07\/BASES-Y-ANEXOS-LPN-103T00000-019-2023_0001_compressed.pdf\" target=\"_blank\">Bases y Anexos<\/a><\/li>\n\n\n\n<li><a rel=\"noreferrer noopener\" href=\"https:\/\/www.ssaver.gob.mx\/adquisiciones\/wp-content\/uploads\/sites\/5\/2023\/07\/Acta-de-junta-de-aclaraciones-LPN-103T00000-019-2023_0001_compressed.pdf\" target=\"_blank\">Acta de junta de aclaraciones<\/a><\/li>\n\n\n\n<li><a rel=\"noreferrer noopener\" href=\"https:\/\/www.ssaver.gob.mx\/adquisiciones\/wp-content\/uploads\/sites\/5\/2023\/07\/Acta-de-apertura-de-proposiciones-LPN-103T00000-019-2023_0001_compressed.pdf\" target=\"_blank\">Acta de apertura de proposiciones<\/a><\/li>\n\n\n\n<li><a rel=\"noreferrer noopener\" href=\"https:\/\/www.ssaver.gob.mx\/adquisiciones\/wp-content\/uploads\/sites\/5\/2023\/07\/Dictamen-tecnico-economico-Acta-de-fallo-LPN-103T00000-019-2023_0001_compressed.pdf\" target=\"_blank\">Dictamen t\u00e9cnico-econ\u00f3mico (Acta de fallo)<\/a><\/li>\n\n\n\n<li><a rel=\"noreferrer noopener\" href=\"https:\/\/www.ssaver.gob.mx\/adquisiciones\/wp-content\/uploads\/sites\/5\/2023\/07\/Notificacion-de-fallo-LPN-103T00000-019-2023_0001.pdf\" target=\"_blank\">Notificaci\u00f3n de fallo<\/a><\/li>\n\n\n\n<li><a href=\"https:\/\/www.ssaver.gob.mx\/adquisiciones\/wp-content\/uploads\/sites\/5\/2023\/09\/SESVER_DA_C-118_2023-AFECTADO-C.pdf\" target=\"_blank\" rel=\"noreferrer noopener\">Contrato No. 118 de 2023<\/a><\/li>\n<\/ul>\n<\/li>\n<\/ul>\n<\/div>\n","protected":false},"excerpt":{"rendered":"","protected":false},"author":6,"featured_media":0,"parent":4526,"menu_order":19,"comment_status":"closed","ping_status":"closed","template":"","meta":{"colormag_page_container_layout":"default_layout","colormag_page_sidebar_layout":"default_layout","footnotes":""},"class_list":["post-5668","page","type-page","status-publish","hentry"],"_links":{"self":[{"href":"https:\/\/www.ssaver.gob.mx\/adquisiciones\/wp-json\/wp\/v2\/pages\/5668","targetHints":{"allow":["GET"]}}],"collection":[{"href":"https:\/\/www.ssaver.gob.mx\/adquisiciones\/wp-json\/wp\/v2\/pages"}],"about":[{"href":"https:\/\/www.ssaver.gob.mx\/adquisiciones\/wp-json\/wp\/v2\/types\/page"}],"author":[{"embeddable":true,"href":"https:\/\/www.ssaver.gob.mx\/adquisiciones\/wp-json\/wp\/v2\/users\/6"}],"replies":[{"embeddable":true,"href":"https:\/\/www.ssaver.gob.mx\/adquisiciones\/wp-json\/wp\/v2\/comments?post=5668"}],"version-history":[{"count":10,"href":"https:\/\/www.ssaver.gob.mx\/adquisiciones\/wp-json\/wp\/v2\/pages\/5668\/revisions"}],"predecessor-version":[{"id":12205,"href":"https:\/\/www.ssaver.gob.mx\/adquisiciones\/wp-json\/wp\/v2\/pages\/5668\/revisions\/12205"}],"up":[{"embeddable":true,"href":"https:\/\/www.ssaver.gob.mx\/adquisiciones\/wp-json\/wp\/v2\/pages\/4526"}],"wp:attachment":[{"href":"https:\/\/www.ssaver.gob.mx\/adquisiciones\/wp-json\/wp\/v2\/media?parent=5668"}],"curies":[{"name":"wp","href":"https:\/\/api.w.org\/{rel}","templated":true}]}}