{"id":5800,"date":"2023-07-14T20:29:20","date_gmt":"2023-07-15T01:29:20","guid":{"rendered":"https:\/\/www.ssaver.gob.mx\/adquisiciones\/?page_id=5800"},"modified":"2026-03-31T10:45:53","modified_gmt":"2026-03-31T16:45:53","slug":"licitaciones-simplificadas-2023-021-040","status":"publish","type":"page","link":"https:\/\/www.ssaver.gob.mx\/adquisiciones\/licitaciones-2023\/licitaciones-simplificadas-2023\/licitaciones-simplificadas-2023-021-040\/","title":{"rendered":"Licitaciones Simplificadas 2023 021-040"},"content":{"rendered":"\n<div class=\"wp-block-group is-layout-constrained wp-container-core-group-is-layout-9517baca wp-block-group-is-layout-constrained\">\n<hr class=\"wp-block-separator has-text-color has-alpha-channel-opacity has-background is-style-wide\" style=\"background-color:#d8bf31;color:#d8bf31\" \/>\n\n\n\n<div class=\"wp-block-columns is-layout-flex wp-container-core-columns-is-layout-28f84493 wp-block-columns-is-layout-flex\">\n<div class=\"wp-block-column has-background is-layout-flow wp-block-column-is-layout-flow\" style=\"background-color:#fff4e0\">\n<ul class=\"wp-block-list has-medium-font-size\">\n<li><a href=\"https:\/\/www.ssaver.gob.mx\/adquisiciones\/licitaciones-2023\/licitaciones-simplificadas-2023\/licitaciones-simplificadas-2023-021-040\/licitacion-simplificada-ls-103t00000-040-2023\/\" target=\"_blank\" rel=\"noreferrer noopener\">Licitaci\u00f3n Simplificada LS-103T00000-040-2023<\/a><br>Relativa&nbsp; al Mantenimiento&nbsp; Preventivo&nbsp; y&nbsp; Correctivo&nbsp; al&nbsp; Equipo&nbsp; Empleado&nbsp; en&nbsp; la Toma&nbsp; e&nbsp; Interpretaci\u00f3n&nbsp; de&nbsp; Estudios&nbsp; de&nbsp; Mastograf\u00eda&nbsp; del&nbsp; Centro&nbsp; de Alta&nbsp; Especialidad&nbsp; \u00bbDr.&nbsp; Rafael&nbsp; Lucio\u00bb<\/li>\n<\/ul>\n\n\n\n<ul class=\"wp-block-list has-medium-font-size\">\n<li><a href=\"https:\/\/www.ssaver.gob.mx\/adquisiciones\/licitaciones-2023\/licitaciones-simplificadas-2023\/licitaciones-simplificadas-2023-021-040\/licitacion-simplificada-ls-103t00000-039-2023\/\" target=\"_blank\" rel=\"noreferrer noopener\">Licitaci\u00f3n Simplificada LS-103T00000-039-2023<\/a><br>Relativa&nbsp; a&nbsp; la \u00bbContrataci\u00f3n&nbsp; del&nbsp; Servicio&nbsp; de&nbsp; Mantenimiento&nbsp; a&nbsp; la&nbsp; C\u00e1mara&nbsp; Fr\u00eda del&nbsp; Almac\u00e9n&nbsp; Estatal&nbsp; \u00bbA\u00bb&nbsp; y&nbsp; de&nbsp; los&nbsp; Equipos&nbsp; de&nbsp; la&nbsp; Red&nbsp; de&nbsp; Frio&nbsp; de Oficina&nbsp; Central&nbsp; y&nbsp; las&nbsp; 11&nbsp; Jurisdicciones&nbsp; Sanitarias&nbsp; de&nbsp; SESVER\u00bb.<\/li>\n<\/ul>\n\n\n\n<ul class=\"wp-block-list has-medium-font-size\">\n<li><a href=\"https:\/\/www.ssaver.gob.mx\/adquisiciones\/licitaciones-2023\/licitaciones-simplificadas-2023\/licitaciones-simplificadas-2023-021-040\/licitacion-simplificada-ls-103t00000-038-2023\/\" target=\"_blank\" rel=\"noreferrer noopener\">Licitaci\u00f3n Simplificada LS-103T00000-038-2023<\/a><br>Relativa&nbsp; a&nbsp; la Adquisici\u00f3n&nbsp; de Materiales&nbsp; y&nbsp; Suministros&nbsp; para&nbsp; Planteles&nbsp; Educativos ( Maniqu\u00edes&nbsp; Y&nbsp; Simuladores)<\/li>\n<\/ul>\n\n\n\n<ul class=\"wp-block-list has-medium-font-size\">\n<li><a href=\"https:\/\/www.ssaver.gob.mx\/adquisiciones\/licitaciones-2023\/licitaciones-simplificadas-2023\/licitaciones-simplificadas-2023-021-040\/licitacion-simplificada-ls-103t00000-037-2023\/\" target=\"_blank\" rel=\"noreferrer noopener\">Licitaci\u00f3n Simplificada LS-103T00000-037-2023<\/a><br>Relativa&nbsp; a&nbsp; la \u00bbAdquisici\u00f3n&nbsp; de&nbsp; playeras&nbsp; para&nbsp; el&nbsp; programa&nbsp; de enfermedades&nbsp; cardiovasculares&nbsp; de la&nbsp; Direcci\u00f3n&nbsp; de Salud&nbsp; Publica\u00bb<\/li>\n<\/ul>\n\n\n\n<ul class=\"wp-block-list has-medium-font-size\">\n<li><a href=\"https:\/\/www.ssaver.gob.mx\/adquisiciones\/licitaciones-2023\/licitaciones-simplificadas-2023\/licitaciones-simplificadas-2023-021-040\/licitacion-simplificada-ls-103t00000-036-2023\/\">Licitaci\u00f3n Simplificada LS-103T00000-036-2023<\/a><br>Relativa&nbsp; a&nbsp; la&nbsp; Adquisici\u00f3n&nbsp; de&nbsp; Equipo&nbsp; M\u00e9dico&nbsp; y&nbsp; de&nbsp; Laboratorio para&nbsp; las&nbsp; Brigadas&nbsp; M\u00e9dicas&nbsp; de&nbsp; Contingencia&nbsp; para&nbsp; la&nbsp; Zona&nbsp; de&nbsp; las Altas&nbsp; Monta\u00f1as,&nbsp; perteneciente&nbsp; a&nbsp; la&nbsp; Jurisdicci\u00f3n&nbsp; Sanitaria&nbsp; No. VII&nbsp; de&nbsp; Orizaba.<\/li>\n<\/ul>\n\n\n\n<ul class=\"wp-block-list has-medium-font-size\">\n<li><a href=\"https:\/\/www.ssaver.gob.mx\/adquisiciones\/licitaciones-2023\/licitaciones-simplificadas-2023\/licitaciones-simplificadas-2023-021-040\/licitacion-simplificada-ls-103t00000-035-2023\/\" target=\"_blank\" rel=\"noreferrer noopener\">Licitaci\u00f3n Simplificada LS-103T00000-035-2023<\/a><br>Relativa&nbsp; a la&nbsp; Adquisici\u00f3n&nbsp; de Productos Insecticidas&nbsp; (Adulticidas&nbsp; Residuales, Ambientales&nbsp; Y Termonebulizables)&nbsp; para&nbsp; el Control&nbsp; de Enfermedades&nbsp; Transmitidas&nbsp; por Vector&nbsp; en las&nbsp; 11&nbsp; Jurisdicciones&nbsp; Sanitarias pertenecientes&nbsp; a SESVER.<\/li>\n<\/ul>\n\n\n\n<ul class=\"wp-block-list has-medium-font-size\">\n<li><a href=\"https:\/\/www.ssaver.gob.mx\/adquisiciones\/licitaciones-2023\/licitaciones-simplificadas-2023\/licitaciones-simplificadas-2023-021-040\/licitacion-simplificada-ls-103t00000-034-2023\/\" target=\"_blank\" rel=\"noreferrer noopener\">Licitaci\u00f3n Simplificada LS-103T00000-034-2023<\/a><br>Relativa&nbsp; a&nbsp; la Contratacion&nbsp; Abierta&nbsp; del&nbsp; \u00abSuministro&nbsp; de&nbsp; Insumos&nbsp; para&nbsp; el Servicio&nbsp; de&nbsp; Terapia&nbsp; de&nbsp; Cierre&nbsp; Asistido&nbsp; por Vacio&nbsp; (VAC).\u00bb<\/li>\n<\/ul>\n\n\n\n<ul class=\"wp-block-list has-medium-font-size\">\n<li><a href=\"https:\/\/www.ssaver.gob.mx\/adquisiciones\/licitaciones-2023\/licitaciones-simplificadas-2023\/licitaciones-simplificadas-2023-021-040\/licitacion-simplificada-ls-103t00000-033-2023\/\" target=\"_blank\" rel=\"noreferrer noopener\">Licitaci\u00f3n Simplificada LS-103T00000-033-2023<\/a><br>Relativa&nbsp; a&nbsp; la Contrataci\u00f3n&nbsp; del&nbsp; Servicio&nbsp; de&nbsp; Dispersi\u00f3n&nbsp; de&nbsp; Fondos&nbsp; a Trav\u00e9s&nbsp; de Tarjetas&nbsp; Electr\u00f3nicas&nbsp; con&nbsp; Chip,&nbsp; al&nbsp; Personal de Servicios&nbsp; de&nbsp; Salud&nbsp; de Veracruz&nbsp; por&nbsp; Concepto&nbsp; de Otorgamiento&nbsp; de&nbsp; Uniformes.<\/li>\n<\/ul>\n\n\n\n<ul class=\"wp-block-list has-medium-font-size\">\n<li><a href=\"https:\/\/www.ssaver.gob.mx\/adquisiciones\/licitaciones-2023\/licitaciones-simplificadas-2023\/licitaciones-simplificadas-2023-021-040\/licitacion-simplificada-ls-103t00000-032-2023\/\" target=\"_blank\" rel=\"noreferrer noopener\">Licitaci\u00f3n Simplificada LS-103T00000-032-2023<\/a><br>Relativa&nbsp; a&nbsp; la&nbsp; Adquisici\u00f3n&nbsp; de&nbsp; 30&nbsp; Kits&nbsp; con&nbsp; Equipos&nbsp; en Comodato&nbsp; para&nbsp; esterilizaci\u00f3n&nbsp; en&nbsp; plasma&nbsp; en&nbsp; el&nbsp; Hospital&nbsp; de Alta&nbsp; Especialidad&nbsp; de&nbsp; Veracruz,&nbsp; Centro&nbsp; de&nbsp; Alta&nbsp; Especialidad Dr.&nbsp; Rafael Lucio&nbsp; y&nbsp; Hospital&nbsp; Regional&nbsp; Poza&nbsp; Rica&nbsp; de&nbsp; Hidalgo pertenecientes&nbsp; a&nbsp; Servicios&nbsp; de&nbsp; Salud&nbsp; de&nbsp; Veracruz.<\/li>\n<\/ul>\n\n\n\n<ul class=\"wp-block-list has-medium-font-size\">\n<li><a href=\"https:\/\/www.ssaver.gob.mx\/adquisiciones\/licitaciones-2023\/licitaciones-simplificadas-2023\/licitaciones-simplificadas-2023-021-040\/licitacion-simplificada-ls-103t00000-031-2023\/\" target=\"_blank\" rel=\"noreferrer noopener\">Licitaci\u00f3n Simplificada LS-103T00000-031-2023<\/a><br>Relativa&nbsp; a&nbsp; la&nbsp; Adquisici\u00f3n&nbsp; del Sistema&nbsp; de&nbsp; Prevenci\u00f3n,&nbsp; Detecci\u00f3n,&nbsp; Investigaci\u00f3n&nbsp; y Respuesta&nbsp; Unificadas,&nbsp; Soluci\u00f3n&nbsp; Basada&nbsp; en&nbsp; la&nbsp; Nube.<\/li>\n<\/ul>\n\n\n\n<ul class=\"wp-block-list has-medium-font-size\">\n<li><a href=\"https:\/\/www.ssaver.gob.mx\/adquisiciones\/licitaciones-2023\/licitaciones-simplificadas-2023\/licitaciones-simplificadas-2023-021-040\/licitacion-simplificada-ls-103t00000-030-2023\/\" target=\"_blank\" rel=\"noreferrer noopener\">Licitaci\u00f3n Simplificada LS-103T00000-030-2023<\/a><br>Relativa&nbsp; a&nbsp; la adquisici\u00f3n&nbsp; de&nbsp; Materiales y \u00datiles de oficina.<\/li>\n<\/ul>\n\n\n\n<ul class=\"wp-block-list has-medium-font-size\">\n<li><a href=\"https:\/\/www.ssaver.gob.mx\/adquisiciones\/licitaciones-2023\/licitaciones-simplificadas-2023\/licitaciones-simplificadas-2023-021-040\/licitacion-simplificada-ls-103t00000-029-2023\/\" target=\"_blank\" rel=\"noreferrer noopener\">Licitaci\u00f3n Simplificada LS-103T00000-029-2023<\/a><br>Relativa&nbsp; a&nbsp; la \u00bbAdquisici\u00f3n&nbsp; de&nbsp; Textiles&nbsp; para&nbsp; Jurisdicciones&nbsp; Sanitarias que se&nbsp; encuentran&nbsp; en&nbsp; proceso&nbsp; de&nbsp; Acreditaci\u00f3n&nbsp; 2023&nbsp; y&nbsp; para el&nbsp; Hospital&nbsp; General&nbsp; Perote&nbsp; Veracruz\u00bb<\/li>\n<\/ul>\n\n\n\n<ul class=\"wp-block-list has-medium-font-size\">\n<li><a href=\"https:\/\/www.ssaver.gob.mx\/adquisiciones\/licitaciones-2023\/licitaciones-simplificadas-2023\/licitaciones-simplificadas-2023-021-040\/licitacion-simplificada-ls-103t00000-028-2023\/\" target=\"_blank\" rel=\"noreferrer noopener\">Licitaci\u00f3n Simplificada LS-103T00000-028-2023<\/a><br>Relativa&nbsp; a&nbsp; la adquisici\u00f3n&nbsp; de&nbsp; Equipo&nbsp; de&nbsp; Comunicaci\u00f3n&nbsp; y Telecomunicaci\u00f3n,&nbsp; Material&nbsp; El\u00e9ctrico&nbsp; y&nbsp; Electr\u00f3nico, Refacciones&nbsp; y Accesorios&nbsp; Menores&nbsp; de&nbsp; Equipo&nbsp; de Computo&nbsp; y&nbsp; Tecnolog\u00edas&nbsp; de&nbsp; la&nbsp; Informaci\u00f3n.<\/li>\n<\/ul>\n\n\n\n<ul class=\"wp-block-list has-medium-font-size\">\n<li><a href=\"https:\/\/www.ssaver.gob.mx\/adquisiciones\/licitaciones-2023\/licitaciones-simplificadas-2023\/licitaciones-simplificadas-2023-021-040\/licitacion-simplificada-ls-103t00000-027-2023\/\" target=\"_blank\" rel=\"noreferrer noopener\">Licitaci\u00f3n Simplificada LS-103T00000-027-2023<\/a><br>Relativa a la adquisici\u00f3n de bienes e insumos diversos para la Direcci\u00f3n de Salud P\u00fablica correspondiente a los renglones desiertos de la Licitaci\u00f3n P\u00fablica Nacional N\u00famero LPN-103T00000-014-2023<\/li>\n<\/ul>\n\n\n\n<ul class=\"wp-block-list has-medium-font-size\">\n<li><a rel=\"noreferrer noopener\" href=\"https:\/\/www.ssaver.gob.mx\/adquisiciones\/licitaciones-2023\/licitaciones-simplificadas-2023\/licitaciones-simplificadas-2023-021-040\/licitacion-simplificada-ls-103t00000-026-2023\/\" target=\"_blank\">Licitaci\u00f3n Simplificada LS-103T00000-026-2023<\/a><br>Relativa a la adquisici\u00f3n de materiales y \u00fatiles consumibles para el procesamiento en equipos y bienes inform\u00e1ticos para la Direcci\u00f3n de Atenci\u00f3n M\u00e9dica (Ense\u00f1anza, Investigaci\u00f3n y Capacitaci\u00f3n y Subdirecci\u00f3n de Atenci\u00f3n del Primer Nivel) y Direcci\u00f3n Administrativa (Departamento de apoyo a la Gesti\u00f3n Administrativa)<\/li>\n<\/ul>\n\n\n\n<ul class=\"wp-block-list has-medium-font-size\">\n<li><a href=\"https:\/\/www.ssaver.gob.mx\/adquisiciones\/licitaciones-2023\/licitaciones-simplificadas-2023\/licitaciones-simplificadas-2023-021-040\/licitacion-simplificada-ls-103t00000-025-2023\/\" target=\"_blank\" rel=\"noreferrer noopener\">Licitaci\u00f3n Simplificada LS-103T00000-025-2023<\/a><br>Relativa a la contrataci\u00f3n del servicio de impresi\u00f3n y elaboraci\u00f3n de material informativo, campa\u00f1a publicitaria e instalaci\u00f3n de logos institucionales para diversas \u00e1reas de SESVER<\/li>\n<\/ul>\n\n\n\n<ul class=\"wp-block-list has-medium-font-size\">\n<li><a href=\"https:\/\/www.ssaver.gob.mx\/adquisiciones\/licitaciones-2023\/licitaciones-simplificadas-2023\/licitaciones-simplificadas-2023-021-040\/licitacion-simplificada-ls-103t00000-024-2023\/\" target=\"_blank\" rel=\"noreferrer noopener\">Licitaci\u00f3n Simplificada LS-103T00000-024-2023<\/a><br>Relativa&nbsp; a&nbsp; la Adquisici\u00f3n,&nbsp; Instalaci\u00f3n,&nbsp; Puesta&nbsp; en&nbsp; Marcha&nbsp; y&nbsp; Capacitaci\u00f3n al&nbsp; Personal&nbsp; Usuario&nbsp; de&nbsp; Equipo&nbsp; M\u00e9dico&nbsp; para&nbsp; el&nbsp; Centro&nbsp; Estatal de&nbsp; Trasplantes&nbsp; y&nbsp; para&nbsp; el&nbsp; Centro&nbsp; Regulador&nbsp; de&nbsp; Urgencias M\u00e9dicas&nbsp; \u00bbCRUM\u00bb..<\/li>\n<\/ul>\n\n\n\n<ul class=\"wp-block-list has-medium-font-size\">\n<li><a href=\"https:\/\/www.ssaver.gob.mx\/adquisiciones\/licitaciones-2023\/licitaciones-simplificadas-2023\/licitaciones-simplificadas-2023-021-040\/licitacion-simplificada-ls-103t00000-023-2023\/\" target=\"_blank\" rel=\"noreferrer noopener\">Licitaci\u00f3n Simplificada LS-103T00000-023-2023<\/a><br>Relativa&nbsp; a la Adquisici\u00f3n&nbsp; de&nbsp; Vales de Combustibles.<\/li>\n<\/ul>\n\n\n\n<ul class=\"wp-block-list has-medium-font-size\">\n<li><a href=\"https:\/\/www.ssaver.gob.mx\/adquisiciones\/licitaciones-2023\/licitaciones-simplificadas-2023\/licitaciones-simplificadas-2023-021-040\/licitacion-simplificada-ls-103t00000-022-2023\/\" target=\"_blank\" rel=\"noreferrer noopener\">Licitaci\u00f3n Simplificada LS-103T00000-022-2023<\/a><br>Relativa&nbsp; a la \u00bbAdquisici\u00f3n&nbsp; de&nbsp; 220&nbsp; pizarrones&nbsp; de&nbsp; corcho&nbsp; para&nbsp; el&nbsp; proceso&nbsp; de Reacreditacion&nbsp; y&nbsp; 227&nbsp; buzones&nbsp; de acr\u00edlico&nbsp; para&nbsp; las&nbsp; Unidades de&nbsp; Primer&nbsp; y&nbsp; Segundo&nbsp; Nivel&nbsp; de&nbsp; Atenci\u00f3n&nbsp; M\u00e9dica\u00bb.<\/li>\n<\/ul>\n\n\n\n<ul class=\"wp-block-list has-medium-font-size\">\n<li><a rel=\"noreferrer noopener\" href=\"https:\/\/www.ssaver.gob.mx\/adquisiciones\/licitaciones-2023\/licitaciones-simplificadas-2023\/licitaciones-simplificadas-2023-021-040\/licitacion-simplificada-ls-103t00000-021-2023\/\" target=\"_blank\">Licitaci\u00f3n Simplificada LS-103T00000-021-2023<\/a><br>Relativa&nbsp; a&nbsp; la Contrataci\u00f3n&nbsp; del&nbsp; \u00abServicio&nbsp; Subrogado&nbsp; de&nbsp; Recarga&nbsp; de&nbsp; Extintores para&nbsp; Servicios&nbsp; de&nbsp; Salud&nbsp; de&nbsp; Veracruz\u00bb.<\/li>\n<\/ul>\n<\/div>\n<\/div>\n<\/div>\n","protected":false},"excerpt":{"rendered":"","protected":false},"author":6,"featured_media":0,"parent":4776,"menu_order":2,"comment_status":"closed","ping_status":"closed","template":"","meta":{"colormag_page_container_layout":"default_layout","colormag_page_sidebar_layout":"default_layout","footnotes":""},"class_list":["post-5800","page","type-page","status-publish","hentry"],"_links":{"self":[{"href":"https:\/\/www.ssaver.gob.mx\/adquisiciones\/wp-json\/wp\/v2\/pages\/5800","targetHints":{"allow":["GET"]}}],"collection":[{"href":"https:\/\/www.ssaver.gob.mx\/adquisiciones\/wp-json\/wp\/v2\/pages"}],"about":[{"href":"https:\/\/www.ssaver.gob.mx\/adquisiciones\/wp-json\/wp\/v2\/types\/page"}],"author":[{"embeddable":true,"href":"https:\/\/www.ssaver.gob.mx\/adquisiciones\/wp-json\/wp\/v2\/users\/6"}],"replies":[{"embeddable":true,"href":"https:\/\/www.ssaver.gob.mx\/adquisiciones\/wp-json\/wp\/v2\/comments?post=5800"}],"version-history":[{"count":40,"href":"https:\/\/www.ssaver.gob.mx\/adquisiciones\/wp-json\/wp\/v2\/pages\/5800\/revisions"}],"predecessor-version":[{"id":11909,"href":"https:\/\/www.ssaver.gob.mx\/adquisiciones\/wp-json\/wp\/v2\/pages\/5800\/revisions\/11909"}],"up":[{"embeddable":true,"href":"https:\/\/www.ssaver.gob.mx\/adquisiciones\/wp-json\/wp\/v2\/pages\/4776"}],"wp:attachment":[{"href":"https:\/\/www.ssaver.gob.mx\/adquisiciones\/wp-json\/wp\/v2\/media?parent=5800"}],"curies":[{"name":"wp","href":"https:\/\/api.w.org\/{rel}","templated":true}]}}