{"id":6215,"date":"2023-08-25T14:43:04","date_gmt":"2023-08-25T19:43:04","guid":{"rendered":"https:\/\/www.ssaver.gob.mx\/adquisiciones\/?page_id=6215"},"modified":"2026-03-31T10:49:03","modified_gmt":"2026-03-31T16:49:03","slug":"licitacion-simplificada-ls-103t00000-028-2023","status":"publish","type":"page","link":"https:\/\/www.ssaver.gob.mx\/adquisiciones\/licitaciones-2023\/licitaciones-simplificadas-2023\/licitaciones-simplificadas-2023-021-040\/licitacion-simplificada-ls-103t00000-028-2023\/","title":{"rendered":"Licitaci\u00f3n Simplificada LS-103T00000-028-2023"},"content":{"rendered":"\n<div class=\"wp-block-group is-layout-constrained wp-container-core-group-is-layout-9517baca wp-block-group-is-layout-constrained\">\n<hr class=\"wp-block-separator has-text-color has-alpha-channel-opacity has-background is-style-wide\" style=\"background-color:#d8bf31;color:#d8bf31\" \/>\n\n\n\n<ul style=\"color:#5b4c0d;background-color:#fff4e0\" class=\"wp-block-list has-text-color has-background has-medium-font-size\">\n<li><strong>Relativa&nbsp; a&nbsp; la adquisici\u00f3n&nbsp; de&nbsp; Equipo&nbsp; de&nbsp; Comunicaci\u00f3n&nbsp; y Telecomunicaci\u00f3n,&nbsp; Material&nbsp; El\u00e9ctrico&nbsp; y&nbsp; Electr\u00f3nico, Refacciones&nbsp; y Accesorios&nbsp; Menores&nbsp; de&nbsp; Equipo&nbsp; de Computo&nbsp; y&nbsp; Tecnolog\u00edas&nbsp; de&nbsp; la&nbsp; Informaci\u00f3n.<\/strong>\n\n\n\n\n\n\n\n\n\n\n\n\n\n\n\n\n<ul class=\"wp-block-list\">\n<li><a href=\"https:\/\/www.ssaver.gob.mx\/adquisiciones\/wp-content\/uploads\/sites\/5\/2023\/08\/Oficios-de-invitacion-LS-103T00000-028-2023_compressed.pdf\" target=\"_blank\" rel=\"noreferrer noopener\">Oficios de Invitaci\u00f3n<\/a><\/li>\n\n\n\n<li><a href=\"https:\/\/www.ssaver.gob.mx\/adquisiciones\/wp-content\/uploads\/sites\/5\/2023\/08\/BASES-Y-ANEXOS-LS-103T00000-028-2023_compressed.pdf\" target=\"_blank\" rel=\"noreferrer noopener\">Bases y Anexos<\/a><\/li>\n\n\n\n<li><a href=\"https:\/\/www.ssaver.gob.mx\/adquisiciones\/wp-content\/uploads\/sites\/5\/2023\/08\/FICHAS-TECNICAS-LS-103T00000-028-2023_compressed.pdf\" target=\"_blank\" rel=\"noreferrer noopener\">Fichas t\u00e9cnicas<\/a><\/li>\n<\/ul>\n\n\n\n<ul class=\"wp-block-list\">\n<li><a rel=\"noreferrer noopener\" href=\"https:\/\/www.ssaver.gob.mx\/adquisiciones\/wp-content\/uploads\/sites\/5\/2023\/08\/Acta-de-apertura-de-proposiciones-LS-103T00000-028-2023_compressed.pdf\" target=\"_blank\">Acta de apertura de proposiciones<\/a><\/li>\n\n\n\n<li><a rel=\"noreferrer noopener\" href=\"https:\/\/www.ssaver.gob.mx\/adquisiciones\/wp-content\/uploads\/sites\/5\/2023\/08\/Dictamen-tecnico-economico-Acta-de-fallo-LS-103T00000-028-2023_0001_compressed.pdf\" target=\"_blank\">Dictamen t\u00e9cnico-econ\u00f3mico (Acta de fallo)<\/a><\/li>\n\n\n\n<li><a href=\"https:\/\/www.ssaver.gob.mx\/adquisiciones\/wp-content\/uploads\/sites\/5\/2023\/10\/Notificacion-de-fallo-LS-103T00000-028-2023_0001.pdf\" target=\"_blank\" rel=\"noreferrer noopener\">Notificaci\u00f3n de fallo<\/a><\/li>\n\n\n\n<li><a href=\"https:\/\/www.ssaver.gob.mx\/adquisiciones\/wp-content\/uploads\/sites\/5\/2023\/10\/SESVER_DA_C-185_2023-AFECTADO-C.pdf\" target=\"_blank\" rel=\"noreferrer noopener\">Contrato No. 185 de 2023<\/a><\/li>\n<\/ul>\n<\/li>\n<\/ul>\n\n\n\n<p><\/p>\n<\/div>\n","protected":false},"excerpt":{"rendered":"","protected":false},"author":6,"featured_media":0,"parent":5800,"menu_order":28,"comment_status":"closed","ping_status":"closed","template":"","meta":{"colormag_page_container_layout":"default_layout","colormag_page_sidebar_layout":"default_layout","footnotes":""},"class_list":["post-6215","page","type-page","status-publish","hentry"],"_links":{"self":[{"href":"https:\/\/www.ssaver.gob.mx\/adquisiciones\/wp-json\/wp\/v2\/pages\/6215","targetHints":{"allow":["GET"]}}],"collection":[{"href":"https:\/\/www.ssaver.gob.mx\/adquisiciones\/wp-json\/wp\/v2\/pages"}],"about":[{"href":"https:\/\/www.ssaver.gob.mx\/adquisiciones\/wp-json\/wp\/v2\/types\/page"}],"author":[{"embeddable":true,"href":"https:\/\/www.ssaver.gob.mx\/adquisiciones\/wp-json\/wp\/v2\/users\/6"}],"replies":[{"embeddable":true,"href":"https:\/\/www.ssaver.gob.mx\/adquisiciones\/wp-json\/wp\/v2\/comments?post=6215"}],"version-history":[{"count":11,"href":"https:\/\/www.ssaver.gob.mx\/adquisiciones\/wp-json\/wp\/v2\/pages\/6215\/revisions"}],"predecessor-version":[{"id":11917,"href":"https:\/\/www.ssaver.gob.mx\/adquisiciones\/wp-json\/wp\/v2\/pages\/6215\/revisions\/11917"}],"up":[{"embeddable":true,"href":"https:\/\/www.ssaver.gob.mx\/adquisiciones\/wp-json\/wp\/v2\/pages\/5800"}],"wp:attachment":[{"href":"https:\/\/www.ssaver.gob.mx\/adquisiciones\/wp-json\/wp\/v2\/media?parent=6215"}],"curies":[{"name":"wp","href":"https:\/\/api.w.org\/{rel}","templated":true}]}}