{"id":6227,"date":"2023-08-25T19:36:23","date_gmt":"2023-08-26T00:36:23","guid":{"rendered":"https:\/\/www.ssaver.gob.mx\/adquisiciones\/?page_id=6227"},"modified":"2026-04-01T11:08:32","modified_gmt":"2026-04-01T17:08:32","slug":"licitacion-publica-nacional-lpn-103t00000-025-2023","status":"publish","type":"page","link":"https:\/\/www.ssaver.gob.mx\/adquisiciones\/licitaciones-2023\/licitaciones-publicas-nacionales-2023\/licitacion-publica-nacional-lpn-103t00000-025-2023\/","title":{"rendered":"Licitaci\u00f3n P\u00fablica Nacional LPN-103T00000-025-2023"},"content":{"rendered":"\n<div class=\"wp-block-group is-layout-constrained wp-container-core-group-is-layout-9517baca wp-block-group-is-layout-constrained\">\n<hr class=\"wp-block-separator has-text-color has-alpha-channel-opacity has-background is-style-wide\" style=\"background-color:#d8bf31;color:#d8bf31\" \/>\n\n\n\n<ul style=\"color:#5b4c0d;background-color:#fff4e0\" class=\"wp-block-list has-text-color has-background\">\n<li><strong>Relativa a la Adquisici\u00f3n de Equipo de Administraci\u00f3n, M\u00e9dico y de Laboratorio e Instrumental para Unidades M\u00e9dicas de Segundo Nivel de Atenci\u00f3n, pertenecientes a Servicios de Salud de Veracruz 2023, con recurso FISE 2023, Segunda Convocatoria.<\/strong>\n<ul class=\"wp-block-list\">\n<li><a href=\"https:\/\/www.ssaver.gob.mx\/adquisiciones\/wp-content\/uploads\/sites\/5\/2023\/08\/CONVOCATORIA-No.-25.pdf\" target=\"_blank\" rel=\"noreferrer noopener\">Convocatoria<\/a><\/li>\n\n\n\n<li><a href=\"https:\/\/www.ssaver.gob.mx\/adquisiciones\/wp-content\/uploads\/sites\/5\/2023\/08\/BASES-Y-ANEXOS-LPN-103T00000-025-2023_0001_compressed-ok.pdf\" target=\"_blank\" rel=\"noreferrer noopener\">Bases y Anexos<\/a><\/li>\n\n\n\n<li><a rel=\"noreferrer noopener\" href=\"https:\/\/www.ssaver.gob.mx\/adquisiciones\/wp-content\/uploads\/sites\/5\/2023\/08\/FICHAS-TECNICAS-LPN-103T00000-025-2023.pdf\" target=\"_blank\">Fichas T\u00e9cnicas<\/a><\/li>\n\n\n\n<li><a rel=\"noreferrer noopener\" href=\"https:\/\/www.ssaver.gob.mx\/adquisiciones\/wp-content\/uploads\/sites\/5\/2023\/09\/Acta-de-junta-de-aclaraciones-LPN-103T00000-025-2023_0001_compressed.pdf\" target=\"_blank\">Acta de junta de aclaraciones<\/a><\/li>\n\n\n\n<li><a rel=\"noreferrer noopener\" href=\"https:\/\/www.ssaver.gob.mx\/adquisiciones\/wp-content\/uploads\/sites\/5\/2023\/09\/Acta-de-apertura-de-proposiciones-lpn-103T00000-025-2023_0001_compressed.pdf\" target=\"_blank\">Acta de apertura de proposiciones<\/a><\/li>\n\n\n\n<li><a rel=\"noreferrer noopener\" href=\"https:\/\/www.ssaver.gob.mx\/adquisiciones\/wp-content\/uploads\/sites\/5\/2023\/09\/Dictamen-tecnico-economico-Acta-de-fallo-LPN-103T00000-025-2023_0001_compressed.pdf\" target=\"_blank\">Dictamen t\u00e9cnico-econ\u00f3mico (Acta de fallo)<\/a><\/li>\n\n\n\n<li><a href=\"https:\/\/www.ssaver.gob.mx\/adquisiciones\/wp-content\/uploads\/sites\/5\/2023\/10\/Notificacion-de-fallo-LPN-103T00000-025-2023_0001_compressed.pdf\">Notificaci\u00f3n de fallo <\/a><\/li>\n\n\n\n<li>Contratos Nos. <a href=\"https:\/\/www.ssaver.gob.mx\/adquisiciones\/wp-content\/uploads\/sites\/5\/2024\/01\/SESVER_DA_C-195_2023-AFECTADO-C.pdf\" target=\"_blank\" rel=\"noreferrer noopener\">195,<\/a> <a href=\"https:\/\/www.ssaver.gob.mx\/adquisiciones\/wp-content\/uploads\/sites\/5\/2024\/01\/SESVER_DA_C-196_2023-AFECTADO-C.pdf\" target=\"_blank\" rel=\"noreferrer noopener\">196<\/a>, <a href=\"https:\/\/www.ssaver.gob.mx\/adquisiciones\/wp-content\/uploads\/sites\/5\/2024\/01\/SESVER_DA_C-197_2023-AFECTADO-C.pdf\" target=\"_blank\" rel=\"noreferrer noopener\">197<\/a>, <a href=\"https:\/\/www.ssaver.gob.mx\/adquisiciones\/wp-content\/uploads\/sites\/5\/2024\/01\/SESVER_DA_C-198_2023-AFECTADO-C.pdf\" target=\"_blank\" rel=\"noreferrer noopener\">198<\/a>, <a href=\"https:\/\/www.ssaver.gob.mx\/adquisiciones\/wp-content\/uploads\/sites\/5\/2024\/01\/SESVER_DA_C-199_2023-AFECTADO-C.pdf\" target=\"_blank\" rel=\"noreferrer noopener\">199<\/a>, <a href=\"https:\/\/www.ssaver.gob.mx\/adquisiciones\/wp-content\/uploads\/sites\/5\/2024\/01\/SESVER_DA_C-200_2023-AFECTADO-C.pdf\" target=\"_blank\" rel=\"noreferrer noopener\">200<\/a> y <a href=\"https:\/\/www.ssaver.gob.mx\/adquisiciones\/wp-content\/uploads\/sites\/5\/2024\/01\/SESVER_DA_C-201_2023-AFECTADO-C.pdf\" target=\"_blank\" rel=\"noreferrer noopener\">201<\/a> de 2023<\/li>\n<\/ul>\n<\/li>\n<\/ul>\n<\/div>\n","protected":false},"excerpt":{"rendered":"","protected":false},"author":6,"featured_media":0,"parent":4526,"menu_order":25,"comment_status":"closed","ping_status":"closed","template":"","meta":{"colormag_page_container_layout":"default_layout","colormag_page_sidebar_layout":"default_layout","footnotes":""},"class_list":["post-6227","page","type-page","status-publish","hentry"],"_links":{"self":[{"href":"https:\/\/www.ssaver.gob.mx\/adquisiciones\/wp-json\/wp\/v2\/pages\/6227","targetHints":{"allow":["GET"]}}],"collection":[{"href":"https:\/\/www.ssaver.gob.mx\/adquisiciones\/wp-json\/wp\/v2\/pages"}],"about":[{"href":"https:\/\/www.ssaver.gob.mx\/adquisiciones\/wp-json\/wp\/v2\/types\/page"}],"author":[{"embeddable":true,"href":"https:\/\/www.ssaver.gob.mx\/adquisiciones\/wp-json\/wp\/v2\/users\/6"}],"replies":[{"embeddable":true,"href":"https:\/\/www.ssaver.gob.mx\/adquisiciones\/wp-json\/wp\/v2\/comments?post=6227"}],"version-history":[{"count":24,"href":"https:\/\/www.ssaver.gob.mx\/adquisiciones\/wp-json\/wp\/v2\/pages\/6227\/revisions"}],"predecessor-version":[{"id":12211,"href":"https:\/\/www.ssaver.gob.mx\/adquisiciones\/wp-json\/wp\/v2\/pages\/6227\/revisions\/12211"}],"up":[{"embeddable":true,"href":"https:\/\/www.ssaver.gob.mx\/adquisiciones\/wp-json\/wp\/v2\/pages\/4526"}],"wp:attachment":[{"href":"https:\/\/www.ssaver.gob.mx\/adquisiciones\/wp-json\/wp\/v2\/media?parent=6227"}],"curies":[{"name":"wp","href":"https:\/\/api.w.org\/{rel}","templated":true}]}}