{"id":6246,"date":"2023-08-31T19:50:36","date_gmt":"2023-09-01T00:50:36","guid":{"rendered":"https:\/\/www.ssaver.gob.mx\/adquisiciones\/?page_id=6246"},"modified":"2026-04-01T11:08:55","modified_gmt":"2026-04-01T17:08:55","slug":"licitacion-publica-nacional-lpn-103t00000-026-2023","status":"publish","type":"page","link":"https:\/\/www.ssaver.gob.mx\/adquisiciones\/licitaciones-2023\/licitaciones-publicas-nacionales-2023\/licitacion-publica-nacional-lpn-103t00000-026-2023\/","title":{"rendered":"Licitaci\u00f3n P\u00fablica Nacional LPN-103T00000-026-2023"},"content":{"rendered":"\n<div class=\"wp-block-group is-layout-constrained wp-container-core-group-is-layout-9517baca wp-block-group-is-layout-constrained\">\n<hr class=\"wp-block-separator has-text-color has-alpha-channel-opacity has-background is-style-wide\" style=\"background-color:#d8bf31;color:#d8bf31\" \/>\n\n\n\n<ul style=\"color:#5b4c0d;background-color:#fff4e0\" class=\"wp-block-list has-text-color has-background\">\n<li><strong>Relativa a la Adquisici\u00f3n de Mobiliario, Bienes Inform\u00e1ticos, Equipo Administrativo, Equipo e Instrumental M\u00e9dico y de Laboratorio para las Unidades de Primer y Segundo Nivel que ser\u00e1n sometidas al Proceso de Acreditaci\u00f3n y Reacreditaci\u00f3n&nbsp; 2023, Segunda Convocatoria.<\/strong>\n<ul class=\"wp-block-list\">\n<li><a href=\"https:\/\/www.ssaver.gob.mx\/adquisiciones\/wp-content\/uploads\/sites\/5\/2023\/08\/CONVOCATORIA-No.-26.pdf\" target=\"_blank\" rel=\"noreferrer noopener\">Convocatoria<\/a><\/li>\n\n\n\n<li><a href=\"https:\/\/www.ssaver.gob.mx\/adquisiciones\/wp-content\/uploads\/sites\/5\/2023\/08\/BASES-Y-ANEXOS-LPN-103T00000-026-2023_0001_compressed.pdf\" target=\"_blank\" rel=\"noreferrer noopener\">Bases y Anexos<\/a><\/li>\n\n\n\n<li><a rel=\"noreferrer noopener\" href=\"https:\/\/www.ssaver.gob.mx\/adquisiciones\/wp-content\/uploads\/sites\/5\/2023\/08\/FICHAS-TECNICAS-LPN-103T00000-026-2023.pdf\" target=\"_blank\">Fichas T\u00e9cnicas<\/a><\/li>\n\n\n\n<li><a rel=\"noreferrer noopener\" href=\"https:\/\/www.ssaver.gob.mx\/adquisiciones\/wp-content\/uploads\/sites\/5\/2023\/09\/Acta-de-junta-de-aclaraciones-LPN-103T00000-026-2023_0001_compressed.pdf\" target=\"_blank\">Acta de junta de aclaraciones<\/a><\/li>\n\n\n\n<li><a rel=\"noreferrer noopener\" href=\"https:\/\/www.ssaver.gob.mx\/adquisiciones\/wp-content\/uploads\/sites\/5\/2023\/09\/Acta-de-apertura-de-proposiciones-LPN-103T00000-026-2023_0001_compressed.pdf\" target=\"_blank\">Acta de apertura de proposiciones<\/a><\/li>\n\n\n\n<li><a href=\"https:\/\/www.ssaver.gob.mx\/adquisiciones\/wp-content\/uploads\/sites\/5\/2023\/09\/Dictamen-tecnico-economico-Acta-de-fallo-LPN-103T00000-026-2023_0001_compressed.pdf\" target=\"_blank\" rel=\"noreferrer noopener\">Dictamen t\u00e9cnico-econ\u00f3mico (Acta de fallo)<\/a><\/li>\n\n\n\n<li><a href=\"https:\/\/www.ssaver.gob.mx\/adquisiciones\/wp-content\/uploads\/sites\/5\/2024\/01\/Notificacion-de-fallo-LPN-103T00000-026-2023_0001_compressed.pdf\">Oficios de Notificaci\u00f3n<\/a><\/li>\n\n\n\n<li>Contratos Nos. <a href=\"https:\/\/www.ssaver.gob.mx\/adquisiciones\/wp-content\/uploads\/sites\/5\/2024\/01\/SESVER_DA_C-202_2023-AFECTADO-C.pdf\" target=\"_blank\" rel=\"noreferrer noopener\">202<\/a>, <a href=\"https:\/\/www.ssaver.gob.mx\/adquisiciones\/wp-content\/uploads\/sites\/5\/2024\/01\/SESVER_DA_C-203_2023-AFECTADO-C.pdf\" target=\"_blank\" rel=\"noreferrer noopener\">203<\/a>, <a href=\"https:\/\/www.ssaver.gob.mx\/adquisiciones\/wp-content\/uploads\/sites\/5\/2024\/01\/SESVER_DA_C-204_2023-AFECTADO-C.pdf\" target=\"_blank\" rel=\"noreferrer noopener\">204<\/a>, <a href=\"https:\/\/www.ssaver.gob.mx\/adquisiciones\/wp-content\/uploads\/sites\/5\/2024\/01\/SESVER_DA_C-205_2023-AFECTADO-C.pdf\" target=\"_blank\" rel=\"noreferrer noopener\">205<\/a>, <a href=\"https:\/\/www.ssaver.gob.mx\/adquisiciones\/wp-content\/uploads\/sites\/5\/2024\/01\/SESVER_DA_C-206_2023-AFECTADO-C.pdf\">206<\/a> y <a href=\"https:\/\/www.ssaver.gob.mx\/adquisiciones\/wp-content\/uploads\/sites\/5\/2024\/01\/SESVER_DA_C-207_2023-AFECTADO-C.pdf\">207<\/a> de 2023<\/li>\n\n\n\n<li>Pedido No. <a href=\"https:\/\/www.ssaver.gob.mx\/adquisiciones\/wp-content\/uploads\/sites\/5\/2024\/01\/SESVER_DA_P-015_2023-AFECTADO-C.pdf\">15<\/a> de 2023<\/li>\n<\/ul>\n<\/li>\n<\/ul>\n<\/div>\n","protected":false},"excerpt":{"rendered":"","protected":false},"author":6,"featured_media":0,"parent":4526,"menu_order":26,"comment_status":"closed","ping_status":"closed","template":"","meta":{"colormag_page_container_layout":"default_layout","colormag_page_sidebar_layout":"default_layout","footnotes":""},"class_list":["post-6246","page","type-page","status-publish","hentry"],"_links":{"self":[{"href":"https:\/\/www.ssaver.gob.mx\/adquisiciones\/wp-json\/wp\/v2\/pages\/6246","targetHints":{"allow":["GET"]}}],"collection":[{"href":"https:\/\/www.ssaver.gob.mx\/adquisiciones\/wp-json\/wp\/v2\/pages"}],"about":[{"href":"https:\/\/www.ssaver.gob.mx\/adquisiciones\/wp-json\/wp\/v2\/types\/page"}],"author":[{"embeddable":true,"href":"https:\/\/www.ssaver.gob.mx\/adquisiciones\/wp-json\/wp\/v2\/users\/6"}],"replies":[{"embeddable":true,"href":"https:\/\/www.ssaver.gob.mx\/adquisiciones\/wp-json\/wp\/v2\/comments?post=6246"}],"version-history":[{"count":19,"href":"https:\/\/www.ssaver.gob.mx\/adquisiciones\/wp-json\/wp\/v2\/pages\/6246\/revisions"}],"predecessor-version":[{"id":12212,"href":"https:\/\/www.ssaver.gob.mx\/adquisiciones\/wp-json\/wp\/v2\/pages\/6246\/revisions\/12212"}],"up":[{"embeddable":true,"href":"https:\/\/www.ssaver.gob.mx\/adquisiciones\/wp-json\/wp\/v2\/pages\/4526"}],"wp:attachment":[{"href":"https:\/\/www.ssaver.gob.mx\/adquisiciones\/wp-json\/wp\/v2\/media?parent=6246"}],"curies":[{"name":"wp","href":"https:\/\/api.w.org\/{rel}","templated":true}]}}