{"id":6417,"date":"2023-09-12T20:59:55","date_gmt":"2023-09-13T01:59:55","guid":{"rendered":"https:\/\/www.ssaver.gob.mx\/adquisiciones\/?page_id=6417"},"modified":"2026-03-31T10:34:20","modified_gmt":"2026-03-31T16:34:20","slug":"adjudicaciones-estatales-directas-por-excepcion-de-ley-181-200","status":"publish","type":"page","link":"https:\/\/www.ssaver.gob.mx\/adquisiciones\/licitaciones-2023\/adjudicaciones-estatales-directas-por-excepcion-de-ley\/adjudicaciones-estatales-directas-por-excepcion-de-ley-181-200\/","title":{"rendered":"Adjudicaciones Estatales Directas por Excepci\u00f3n de Ley 181-200"},"content":{"rendered":"\n<div class=\"wp-block-group is-layout-constrained wp-container-core-group-is-layout-9517baca wp-block-group-is-layout-constrained\">\n<hr class=\"wp-block-separator has-text-color has-alpha-channel-opacity has-background is-style-wide\" style=\"background-color:#d8bf31;color:#d8bf31\" \/>\n\n\n\n<div class=\"wp-block-columns is-layout-flex wp-container-core-columns-is-layout-28f84493 wp-block-columns-is-layout-flex\">\n<div class=\"wp-block-column has-background is-layout-flow wp-block-column-is-layout-flow\" style=\"background-color:#fff4e0;flex-basis:100%\">\n<p class=\"has-text-color has-background has-medium-font-size\" style=\"color:#5b4c0d;background-color:#fff4e0\"><strong><strong><strong>Contratos Adjudicados de acuerdo a la modalida<\/strong><\/strong>d<\/strong><\/p>\n\n\n\n<ul class=\"wp-block-list has-medium-font-size\">\n<li><strong><a href=\"https:\/\/www.ssaver.gob.mx\/adquisiciones\/wp-content\/uploads\/sites\/5\/2024\/01\/SESVER_DA_C-187_2023-AFECTADO-C.pdf\" target=\"_blank\" rel=\"noreferrer noopener\">2023-SESVER_DA_C-187-2023<\/a><\/strong><br>Adquisici\u00f3n de 859 Medallas con Estuche, para los Trabajadores de Servicios de Salud de Veracruz, Relativa al Programa \u00abPremio de Antig\u00fcedad 2023<\/li>\n<\/ul>\n\n\n\n<ul class=\"wp-block-list has-medium-font-size\">\n<li><strong><a href=\"https:\/\/www.ssaver.gob.mx\/adquisiciones\/wp-content\/uploads\/sites\/5\/2023\/09\/SESVER_DA_C-184_2023-AFECTADO-C.pdf\" target=\"_blank\" rel=\"noreferrer noopener\">2023-SESVER_DA_C-184-2023<\/a><\/strong><br>Adquisici\u00f3n&nbsp; de&nbsp; Equipos&nbsp; de&nbsp; Alta&nbsp; Especialidad&nbsp; para Tratamientos&nbsp; Oncol\u00f3gicos&nbsp; del&nbsp; Centro&nbsp; Estatal&nbsp; de&nbsp; Cancerolog\u00eda&nbsp; Dr. Miguel&nbsp; Dorantes&nbsp; Mesa,&nbsp; perteneciente&nbsp; a&nbsp; Servicios&nbsp; de Salud&nbsp; de Veracruz.<\/li>\n<\/ul>\n\n\n\n<p><br><\/p>\n<\/div>\n<\/div>\n<\/div>\n","protected":false},"excerpt":{"rendered":"<p>Contratos Adjudicados de acuerdo a la modalidad<\/p>\n","protected":false},"author":6,"featured_media":0,"parent":4748,"menu_order":10,"comment_status":"closed","ping_status":"closed","template":"","meta":{"colormag_page_container_layout":"default_layout","colormag_page_sidebar_layout":"default_layout","footnotes":""},"class_list":["post-6417","page","type-page","status-publish","hentry"],"_links":{"self":[{"href":"https:\/\/www.ssaver.gob.mx\/adquisiciones\/wp-json\/wp\/v2\/pages\/6417","targetHints":{"allow":["GET"]}}],"collection":[{"href":"https:\/\/www.ssaver.gob.mx\/adquisiciones\/wp-json\/wp\/v2\/pages"}],"about":[{"href":"https:\/\/www.ssaver.gob.mx\/adquisiciones\/wp-json\/wp\/v2\/types\/page"}],"author":[{"embeddable":true,"href":"https:\/\/www.ssaver.gob.mx\/adquisiciones\/wp-json\/wp\/v2\/users\/6"}],"replies":[{"embeddable":true,"href":"https:\/\/www.ssaver.gob.mx\/adquisiciones\/wp-json\/wp\/v2\/comments?post=6417"}],"version-history":[{"count":7,"href":"https:\/\/www.ssaver.gob.mx\/adquisiciones\/wp-json\/wp\/v2\/pages\/6417\/revisions"}],"predecessor-version":[{"id":11879,"href":"https:\/\/www.ssaver.gob.mx\/adquisiciones\/wp-json\/wp\/v2\/pages\/6417\/revisions\/11879"}],"up":[{"embeddable":true,"href":"https:\/\/www.ssaver.gob.mx\/adquisiciones\/wp-json\/wp\/v2\/pages\/4748"}],"wp:attachment":[{"href":"https:\/\/www.ssaver.gob.mx\/adquisiciones\/wp-json\/wp\/v2\/media?parent=6417"}],"curies":[{"name":"wp","href":"https:\/\/api.w.org\/{rel}","templated":true}]}}