{"id":6637,"date":"2023-10-12T19:45:00","date_gmt":"2023-10-13T00:45:00","guid":{"rendered":"https:\/\/www.ssaver.gob.mx\/adquisiciones\/?page_id=6637"},"modified":"2026-03-31T10:04:19","modified_gmt":"2026-03-31T16:04:19","slug":"licitaciones-invitacion-a-cuando-menos-tres-proveedores-2023","status":"publish","type":"page","link":"https:\/\/www.ssaver.gob.mx\/adquisiciones\/licitaciones-2023\/licitaciones-invitacion-a-cuando-menos-tres-proveedores-2023\/","title":{"rendered":"Licitaciones invitaci\u00f3n a cuando menos tres proveedores 2023"},"content":{"rendered":"\n<div class=\"wp-block-group is-layout-constrained wp-container-core-group-is-layout-9517baca wp-block-group-is-layout-constrained\">\n<hr class=\"wp-block-separator has-text-color has-alpha-channel-opacity has-background is-style-wide\" style=\"background-color:#d8bf31;color:#d8bf31\" \/>\n\n\n\n<div class=\"wp-block-columns is-layout-flex wp-container-core-columns-is-layout-28f84493 wp-block-columns-is-layout-flex\">\n<div class=\"wp-block-column has-background is-layout-flow wp-block-column-is-layout-flow\" style=\"background-color:#fff4e0\">\n<ul class=\"wp-block-list has-medium-font-size\">\n<li><strong><strong><strong><strong><strong><a href=\"https:\/\/www.ssaver.gob.mx\/adquisiciones\/licitaciones-2023\/licitaciones-invitacion-a-cuando-menos-tres-proveedores-2023\/invitacion-a-cuando-menos-tres-personas-ia-89-y23-930010996-n-5-2023\/\" target=\"_blank\" rel=\"noreferrer noopener\"><strong><strong><strong>Licitaci\u00f3n invitaci\u00f3n a cuando menos tres proveedores IA-89-Y23-930010996-N-5-2023<\/strong><\/strong><\/strong> <\/a><\/strong><\/strong><\/strong><\/strong><\/strong><br>Relativa a la Adquisici\u00f3n de Diversos Bienes e Insumos para el Programa Fortalecimiento a la Atenci\u00f3n M\u00e9dica.<\/li>\n<\/ul>\n\n\n\n<ul class=\"wp-block-list has-medium-font-size\">\n<li><strong><strong><strong><strong><strong><strong><strong><strong><a href=\"https:\/\/www.ssaver.gob.mx\/adquisiciones\/licitaciones-2023\/licitaciones-simplificadas-2023\/licitaciones-simplificadas-2023-021-040\/invitacion-a-cuando-menos-tres-personas-ia-89-y23-930010996-n-3-2023\/\">Licitaci\u00f3n invitaci\u00f3n a cuando menos tres proveedores IA-89-Y23-930010996-N-3-2023<\/a><\/strong><\/strong><\/strong> <\/strong><\/strong><\/strong><\/strong><\/strong><br>Relativa a la Contrataci\u00f3n del Servicio Subrogado de Combustible, a trav\u00e9s de Monederos Electr\u00f3nicos para el Programa Fortalecimiento a la Atenci\u00f3n M\u00e9dica.<\/li>\n<\/ul>\n\n\n\n<ul class=\"wp-block-list has-medium-font-size\">\n<li><strong><strong><strong><strong><strong><a href=\"https:\/\/www.ssaver.gob.mx\/adquisiciones\/licitaciones-2023\/licitaciones-simplificadas-2023\/licitaciones-simplificadas-2023-021-040\/invitacion-a-cuando-menos-tres-personas-ia-89-y23-930010996-n-1-2023\/\" target=\"_blank\" rel=\"noreferrer noopener\"><strong><strong><strong>Licitaci\u00f3n invitaci\u00f3n a cuando menos tres proveedores IA-89-Y23-930010996-N-1-2023<\/strong><\/strong><\/strong> <\/a><\/strong><\/strong><\/strong><\/strong><\/strong><br>Relativa a la Adquisici\u00f3n de Diversos Bienes e Insumos para la Comisi\u00f3n Estatal Contra las Adicciones<strong>.<\/strong><\/li>\n<\/ul>\n<\/div>\n<\/div>\n<\/div>\n","protected":false},"excerpt":{"rendered":"","protected":false},"author":6,"featured_media":0,"parent":4117,"menu_order":1,"comment_status":"closed","ping_status":"closed","template":"","meta":{"colormag_page_container_layout":"default_layout","colormag_page_sidebar_layout":"default_layout","footnotes":""},"class_list":["post-6637","page","type-page","status-publish","hentry"],"_links":{"self":[{"href":"https:\/\/www.ssaver.gob.mx\/adquisiciones\/wp-json\/wp\/v2\/pages\/6637","targetHints":{"allow":["GET"]}}],"collection":[{"href":"https:\/\/www.ssaver.gob.mx\/adquisiciones\/wp-json\/wp\/v2\/pages"}],"about":[{"href":"https:\/\/www.ssaver.gob.mx\/adquisiciones\/wp-json\/wp\/v2\/types\/page"}],"author":[{"embeddable":true,"href":"https:\/\/www.ssaver.gob.mx\/adquisiciones\/wp-json\/wp\/v2\/users\/6"}],"replies":[{"embeddable":true,"href":"https:\/\/www.ssaver.gob.mx\/adquisiciones\/wp-json\/wp\/v2\/comments?post=6637"}],"version-history":[{"count":8,"href":"https:\/\/www.ssaver.gob.mx\/adquisiciones\/wp-json\/wp\/v2\/pages\/6637\/revisions"}],"predecessor-version":[{"id":11829,"href":"https:\/\/www.ssaver.gob.mx\/adquisiciones\/wp-json\/wp\/v2\/pages\/6637\/revisions\/11829"}],"up":[{"embeddable":true,"href":"https:\/\/www.ssaver.gob.mx\/adquisiciones\/wp-json\/wp\/v2\/pages\/4117"}],"wp:attachment":[{"href":"https:\/\/www.ssaver.gob.mx\/adquisiciones\/wp-json\/wp\/v2\/media?parent=6637"}],"curies":[{"name":"wp","href":"https:\/\/api.w.org\/{rel}","templated":true}]}}